{"id":365695,"date":"2025-04-04T18:20:55","date_gmt":"2025-04-04T18:20:55","guid":{"rendered":"https:\/\/www.foscarini.us\/product\/anoor-std-wc-es\/"},"modified":"2025-10-17T12:29:08","modified_gmt":"2025-10-17T12:29:08","slug":"anoor-std-wc-es","status":"publish","type":"product","link":"https:\/\/www.foscarini.us\/es\/producto\/anoor-std-wc-es\/","title":{"rendered":"Anoor"},"content":{"rendered":"<p>Un eclipse montado en pared: Anoor combina una luz potente y funcional con un dise\u00f1o de alto impacto decorativo, transformando los espacios con su suave resplandor y una superficie reflectante que encanta con sus distorsiones anam\u00f3rficas.<\/p><section class=\"pdp__slider full-height-vh\">\n    <div class=\"swiper-container swiper__pdp\">\n        <div class=\"swiper-wrapper full-height\">\n                                <div class=\"swiper-slide\">\n                                                    <img decoding=\"async\" class=\"full-cover\" src=\"https:\/\/www.foscarini.us\/wp-content\/uploads\/2025\/04\/3.1_Anoor-150x150.jpg\" srcset=\"https:\/\/www.foscarini.us\/wp-content\/uploads\/2025\/04\/3.1_Anoor-300x200.jpg 300w, https:\/\/www.foscarini.us\/wp-content\/uploads\/2025\/04\/3.1_Anoor-1024x683.jpg 1024w, https:\/\/www.foscarini.us\/wp-content\/uploads\/2025\/04\/3.1_Anoor-768x512.jpg 768w, https:\/\/www.foscarini.us\/wp-content\/uploads\/2025\/04\/3.1_Anoor-1536x1024.jpg 1536w, https:\/\/www.foscarini.us\/wp-content\/uploads\/2025\/04\/3.1_Anoor-2048x1366.jpg 2048w, https:\/\/www.foscarini.us\/wp-content\/uploads\/2025\/04\/3.1_Anoor-800x534.jpg 800w\" alt=\"\" \/>\n                                                                        <\/div>\n                                        <div class=\"swiper-slide\">\n                                                    <img decoding=\"async\" class=\"full-cover\" src=\"https:\/\/www.foscarini.us\/wp-content\/uploads\/2025\/04\/3.6_Anoor-150x150.jpg\" srcset=\"https:\/\/www.foscarini.us\/wp-content\/uploads\/2025\/04\/3.6_Anoor-194x300.jpg 194w, https:\/\/www.foscarini.us\/wp-content\/uploads\/2025\/04\/3.6_Anoor-663x1024.jpg 663w, https:\/\/www.foscarini.us\/wp-content\/uploads\/2025\/04\/3.6_Anoor-768x1186.jpg 768w, https:\/\/www.foscarini.us\/wp-content\/uploads\/2025\/04\/3.6_Anoor-800x1235.jpg 800w, https:\/\/www.foscarini.us\/wp-content\/uploads\/2025\/04\/3.6_Anoor.jpg 960w\" alt=\"\" \/>\n                                                                        <\/div>\n                                        <div class=\"swiper-slide\">\n                                                    <img decoding=\"async\" class=\"full-cover\" src=\"https:\/\/www.foscarini.us\/wp-content\/uploads\/2025\/04\/3.2_Anoor-150x150.jpg\" srcset=\"https:\/\/www.foscarini.us\/wp-content\/uploads\/2025\/04\/3.2_Anoor-200x300.jpg 200w, https:\/\/www.foscarini.us\/wp-content\/uploads\/2025\/04\/3.2_Anoor-683x1024.jpg 683w, https:\/\/www.foscarini.us\/wp-content\/uploads\/2025\/04\/3.2_Anoor-768x1152.jpg 768w, https:\/\/www.foscarini.us\/wp-content\/uploads\/2025\/04\/3.2_Anoor-800x1200.jpg 800w, https:\/\/www.foscarini.us\/wp-content\/uploads\/2025\/04\/3.2_Anoor.jpg 987w\" alt=\"\" \/>\n                                                                        <\/div>\n                                        <div class=\"swiper-slide\">\n                                                    <img decoding=\"async\" class=\"full-cover\" src=\"https:\/\/www.foscarini.us\/wp-content\/uploads\/2025\/04\/3.3_Anoor-150x150.jpg\" srcset=\"https:\/\/www.foscarini.us\/wp-content\/uploads\/2025\/04\/3.3_Anoor-200x300.jpg 200w, https:\/\/www.foscarini.us\/wp-content\/uploads\/2025\/04\/3.3_Anoor-683x1024.jpg 683w, https:\/\/www.foscarini.us\/wp-content\/uploads\/2025\/04\/3.3_Anoor-768x1152.jpg 768w, https:\/\/www.foscarini.us\/wp-content\/uploads\/2025\/04\/3.3_Anoor-800x1200.jpg 800w, https:\/\/www.foscarini.us\/wp-content\/uploads\/2025\/04\/3.3_Anoor.jpg 987w\" alt=\"\" \/>\n                                                                        <\/div>\n                                        <div class=\"swiper-slide\">\n                                                    <img decoding=\"async\" class=\"full-cover\" src=\"https:\/\/www.foscarini.us\/wp-content\/uploads\/2025\/04\/3.4_Anoor-150x150.jpg\" srcset=\"https:\/\/www.foscarini.us\/wp-content\/uploads\/2025\/04\/3.4_Anoor-300x200.jpg 300w, https:\/\/www.foscarini.us\/wp-content\/uploads\/2025\/04\/3.4_Anoor-1024x683.jpg 1024w, https:\/\/www.foscarini.us\/wp-content\/uploads\/2025\/04\/3.4_Anoor-768x512.jpg 768w, https:\/\/www.foscarini.us\/wp-content\/uploads\/2025\/04\/3.4_Anoor-1536x1024.jpg 1536w, https:\/\/www.foscarini.us\/wp-content\/uploads\/2025\/04\/3.4_Anoor-2048x1366.jpg 2048w, https:\/\/www.foscarini.us\/wp-content\/uploads\/2025\/04\/3.4_Anoor-800x534.jpg 800w\" alt=\"\" \/>\n                                                                        <\/div>\n                                        <div class=\"swiper-slide\">\n                                                    <img decoding=\"async\" class=\"full-cover\" src=\"https:\/\/www.foscarini.us\/wp-content\/uploads\/2025\/04\/3.5_Anoor-150x150.jpg\" srcset=\"https:\/\/www.foscarini.us\/wp-content\/uploads\/2025\/04\/3.5_Anoor-300x200.jpg 300w, https:\/\/www.foscarini.us\/wp-content\/uploads\/2025\/04\/3.5_Anoor-1024x683.jpg 1024w, https:\/\/www.foscarini.us\/wp-content\/uploads\/2025\/04\/3.5_Anoor-768x512.jpg 768w, https:\/\/www.foscarini.us\/wp-content\/uploads\/2025\/04\/3.5_Anoor-1536x1024.jpg 1536w, https:\/\/www.foscarini.us\/wp-content\/uploads\/2025\/04\/3.5_Anoor-2048x1366.jpg 2048w, https:\/\/www.foscarini.us\/wp-content\/uploads\/2025\/04\/3.5_Anoor-800x534.jpg 800w\" alt=\"\" \/>\n                                                                        <\/div>\n                            <\/div>\n    <\/div>\n    <div class=\"swiper-scrollbar\"><\/div>\n    <div class=\"ct-arrow\">\n        <div class=\"swiper-button-prev\"><\/div>\n        <div class=\"swiper-button-next\"><\/div>\n    <\/div>\n<\/section><div class=\"wp-block-columns two_image_join two_image_join_affiancate on_off_block is-layout-flex wp-container-core-columns-is-layout-1 wp-block-columns-is-layout-flex\"><div class=\"wp-block-column is-layout-flow wp-block-column-is-layout-flow\"><div class=\"wp-block-getwid-image-hotspot\" data-appearance-animation=\"none\" data-image-points=\"[{&quot;link&quot;:&quot;&quot;,&quot;icon&quot;:&quot;&quot;,&quot;title&quot;:&quot;acceso&quot;,&quot;color&quot;:&quot;&quot;,&quot;content&quot;:&quot;&quot;,&quot;backgroundColor&quot;:&quot;&quot;,&quot;newTab&quot;:false,&quot;popUpOpen&quot;:false,&quot;popUpWidth&quot;:350,&quot;placement&quot;:&quot;top&quot;,&quot;position&quot;:{&quot;x&quot;:&quot;40.89%&quot;,&quot;y&quot;:&quot;25.99%&quot;}}]\" data-trigger=\"click\" data-theme=\"light\" data-tooltip-animation=\"shift-toward\" data-arrow=\"true\"><div class=\"wp-block-getwid-image-hotspot__wrapper\"><img loading=\"lazy\" decoding=\"async\" width=\"2560\" height=\"1591\" src=\"https:\/\/www.foscarini.us\/wp-content\/uploads\/2025\/04\/4.1_Anoor_OFF-scaled.jpg\" alt=\"\" class=\"wp-block-getwid-image-hotspot__image wp-image-395883\" srcset=\"https:\/\/www.foscarini.us\/wp-content\/uploads\/2025\/04\/4.1_Anoor_OFF-scaled.jpg 2560w, https:\/\/www.foscarini.us\/wp-content\/uploads\/2025\/04\/4.1_Anoor_OFF-300x186.jpg 300w, https:\/\/www.foscarini.us\/wp-content\/uploads\/2025\/04\/4.1_Anoor_OFF-1024x636.jpg 1024w, https:\/\/www.foscarini.us\/wp-content\/uploads\/2025\/04\/4.1_Anoor_OFF-768x477.jpg 768w, https:\/\/www.foscarini.us\/wp-content\/uploads\/2025\/04\/4.1_Anoor_OFF-1536x955.jpg 1536w, https:\/\/www.foscarini.us\/wp-content\/uploads\/2025\/04\/4.1_Anoor_OFF-2048x1273.jpg 2048w, https:\/\/www.foscarini.us\/wp-content\/uploads\/2025\/04\/4.1_Anoor_OFF-800x497.jpg 800w\" sizes=\"(max-width: 2560px) 100vw, 2560px\" \/><div data-point-id=\"0\" class=\"wp-block-getwid-image-hotspot__dot has-animation-pulse\" style=\"left:40.89%;top:25.99%\"><div class=\"wp-block-getwid-image-hotspot__dot-wrapper\"><div class=\"wp-block-getwid-image-hotspot__dot-content\"><i class=\"fas fa-plus wp-block-getwid-image-hotspot__dot-icon\"><\/i><\/div><\/div><div class=\"wp-block-getwid-image-hotspot__dot-description\"><div class=\"wp-block-getwid-image-hotspot__dot-title\">acceso<\/div><\/div><\/div><\/div><\/div>\n\n<figure class=\"wp-block-image size-large absolute_image\"><img loading=\"lazy\" decoding=\"async\" width=\"1024\" height=\"636\" src=\"https:\/\/www.foscarini.us\/wp-content\/uploads\/2025\/04\/4.2_Anoor_ON-1024x636.jpg\" alt=\"\" class=\"wp-image-395890\" srcset=\"https:\/\/www.foscarini.us\/wp-content\/uploads\/2025\/04\/4.2_Anoor_ON-1024x636.jpg 1024w, https:\/\/www.foscarini.us\/wp-content\/uploads\/2025\/04\/4.2_Anoor_ON-300x186.jpg 300w, https:\/\/www.foscarini.us\/wp-content\/uploads\/2025\/04\/4.2_Anoor_ON-768x477.jpg 768w, https:\/\/www.foscarini.us\/wp-content\/uploads\/2025\/04\/4.2_Anoor_ON-1536x955.jpg 1536w, https:\/\/www.foscarini.us\/wp-content\/uploads\/2025\/04\/4.2_Anoor_ON-2048x1273.jpg 2048w, https:\/\/www.foscarini.us\/wp-content\/uploads\/2025\/04\/4.2_Anoor_ON-800x497.jpg 800w\" sizes=\"(max-width: 1024px) 100vw, 1024px\" \/><\/figure><\/div><\/div><p><\/p>","protected":false},"excerpt":{"rendered":"<p>Anoor es una l\u00e1mpara de pared y techo para iluminaci\u00f3n indirecta y reflejada que combina funcionalidad con est\u00e9tica. El disco ligeramente c\u00f3ncavo de aluminio cepillado tiene un recubrimiento transparente pigmentado que a\u00f1ade profundidad y sustancia al color, creando un efecto espejo. El componente t\u00e9cnico de iluminaci\u00f3n, situado en la parte trasera del disco lenticular y montado en la pared, est\u00e1 formado por un cilindro de aluminio que soporta el circuito LED, protegido por un cilindro de PMMA opalino satinado antideslumbrante. Encendida, emite una luz potente que ilumina grandes superficies sin causar deslumbramiento; apagada, refleja su entorno y cautiva con distorsiones anam\u00f3rficas. Tambi\u00e9n est\u00e1 disponible en una versi\u00f3n blanca pintada en polvo que puede ser pintada a gusto seg\u00fan la decoraci\u00f3n.<\/p>\n","protected":false},"featured_media":444200,"comment_status":"open","ping_status":"closed","template":"","meta":{"_acf_changed":true},"product_cat":[6889,13538,653,719,708,738],"product_tag":[],"materiale":[8428],"altezza":[7196],"larghezza":[10473],"profondita":[10432],"peso":[8858],"designer-prodotto":[11926],"class_list":{"0":"post-365695","1":"product","2":"type-product","3":"status-publish","4":"has-post-thumbnail","6":"product_cat-anoor-concetto-es","7":"product_cat-anoor-famiglia-es","8":"product_cat-concetto-es","9":"product_cat-funzione-es","10":"product_cat-parete-es","11":"product_cat-soffitto-es","12":"materiale-acciaio-e-metallo-es","13":"altezza-10-es","14":"larghezza-48-es","15":"profondita-48-es","16":"peso-21-es","17":"designer-prodotto-gabriele-e-oscar-buratti-es","19":"first","20":"instock","21":"shipping-taxable","22":"purchasable","23":"product-type-variable"},"acf":{"preview_slider":{"titolo":"","testo":"","video_domanda":false,"link_video":""},"prodotto__immagine_preview":{"immagine":365716},"prodotto__slider":{"sottotitolo":"Gabriele e Oscar Buratti (2023)","titolo":"Un eclipse montado en pared: Anoor combina una luz potente y funcional con un dise\u00f1o de alto impacto decorativo, transformando los espacios con su suave resplandor y una superficie reflectante que encanta con sus distorsiones anam\u00f3rficas.","immagini":[{"immagine":414780,"immagine_mobile":""},{"immagine":414759,"immagine_mobile":""},{"immagine":414773,"immagine_mobile":""},{"immagine":414766,"immagine_mobile":""}]},"prodotto__slider_preview":null,"prodotto__specifiche":{"selezione":[{"scheda_tecnica":481958},{"scheda_tecnica":486757}]}},"yoast_head":"<!-- This site is optimized with the Yoast SEO Premium plugin v22.4 (Yoast SEO v23.7) - https:\/\/yoast.com\/wordpress\/plugins\/seo\/ -->\n<title>Anoor - Foscarini<\/title>\n<meta name=\"robots\" content=\"index, follow, max-snippet:-1, max-image-preview:large, max-video-preview:-1\" \/>\n<meta property=\"og:locale\" content=\"es_ES\" \/>\n<meta property=\"og:type\" content=\"article\" \/>\n<meta property=\"og:title\" content=\"Anoor\" \/>\n<meta property=\"og:description\" content=\"Anoor es una l\u00e1mpara de pared y techo para iluminaci\u00f3n indirecta y reflejada que combina funcionalidad con est\u00e9tica. El disco ligeramente c\u00f3ncavo de aluminio cepillado tiene un recubrimiento transparente pigmentado que a\u00f1ade profundidad y sustancia al color, creando un efecto espejo. El componente t\u00e9cnico de iluminaci\u00f3n, situado en la parte trasera del disco lenticular y montado en la pared, est\u00e1 formado por un cilindro de aluminio que soporta el circuito LED, protegido por un cilindro de PMMA opalino satinado antideslumbrante. Encendida, emite una luz potente que ilumina grandes superficies sin causar deslumbramiento; apagada, refleja su entorno y cautiva con distorsiones anam\u00f3rficas. Tambi\u00e9n est\u00e1 disponible en una versi\u00f3n blanca pintada en polvo que puede ser pintada a gusto seg\u00fan la decoraci\u00f3n.\" \/>\n<meta property=\"og:url\" content=\"https:\/\/www.foscarini.us\/es\/producto\/anoor-std-wc-es\/\" \/>\n<meta property=\"og:site_name\" content=\"Foscarini\" \/>\n<meta property=\"article:modified_time\" content=\"2025-10-17T12:29:08+00:00\" \/>\n<meta property=\"og:image\" content=\"https:\/\/www.foscarini.us\/wp-content\/uploads\/2025\/06\/anoor_w_red_22_786x865-1.jpg\" \/>\n\t<meta property=\"og:image:width\" content=\"786\" \/>\n\t<meta property=\"og:image:height\" content=\"865\" \/>\n\t<meta property=\"og:image:type\" content=\"image\/jpeg\" \/>\n<meta name=\"twitter:card\" content=\"summary_large_image\" \/>\n<meta name=\"twitter:label1\" content=\"Tiempo de lectura\" \/>\n\t<meta name=\"twitter:data1\" content=\"1 minuto\" \/>\n<script type=\"application\/ld+json\" class=\"yoast-schema-graph\">{\"@context\":\"https:\/\/schema.org\",\"@graph\":[{\"@type\":\"WebPage\",\"@id\":\"https:\/\/www.foscarini.us\/es\/producto\/anoor-std-wc-es\/\",\"url\":\"https:\/\/www.foscarini.us\/es\/producto\/anoor-std-wc-es\/\",\"name\":\"Anoor - Foscarini\",\"isPartOf\":{\"@id\":\"https:\/\/www.foscarini.us\/#website\"},\"primaryImageOfPage\":{\"@id\":\"https:\/\/www.foscarini.us\/es\/producto\/anoor-std-wc-es\/#primaryimage\"},\"image\":{\"@id\":\"https:\/\/www.foscarini.us\/es\/producto\/anoor-std-wc-es\/#primaryimage\"},\"thumbnailUrl\":\"https:\/\/www.foscarini.us\/wp-content\/uploads\/2025\/06\/anoor_w_red_22_786x865-1.jpg\",\"datePublished\":\"2025-04-04T18:20:55+00:00\",\"dateModified\":\"2025-10-17T12:29:08+00:00\",\"breadcrumb\":{\"@id\":\"https:\/\/www.foscarini.us\/es\/producto\/anoor-std-wc-es\/#breadcrumb\"},\"inLanguage\":\"es-AR\",\"potentialAction\":[{\"@type\":\"ReadAction\",\"target\":[\"https:\/\/www.foscarini.us\/es\/producto\/anoor-std-wc-es\/\"]}]},{\"@type\":\"ImageObject\",\"inLanguage\":\"es-AR\",\"@id\":\"https:\/\/www.foscarini.us\/es\/producto\/anoor-std-wc-es\/#primaryimage\",\"url\":\"https:\/\/www.foscarini.us\/wp-content\/uploads\/2025\/06\/anoor_w_red_22_786x865-1.jpg\",\"contentUrl\":\"https:\/\/www.foscarini.us\/wp-content\/uploads\/2025\/06\/anoor_w_red_22_786x865-1.jpg\",\"width\":786,\"height\":865},{\"@type\":\"BreadcrumbList\",\"@id\":\"https:\/\/www.foscarini.us\/es\/producto\/anoor-std-wc-es\/#breadcrumb\",\"itemListElement\":[{\"@type\":\"ListItem\",\"position\":1,\"name\":\"Home\",\"item\":\"https:\/\/www.foscarini.us\/es\/\"},{\"@type\":\"ListItem\",\"position\":2,\"name\":\"Tienda\",\"item\":\"https:\/\/www.foscarini.us\/es\/tienda\/\"},{\"@type\":\"ListItem\",\"position\":3,\"name\":\"Anoor\"}]},{\"@type\":\"WebSite\",\"@id\":\"https:\/\/www.foscarini.us\/#website\",\"url\":\"https:\/\/www.foscarini.us\/\",\"name\":\"Foscarini\",\"description\":\"\",\"potentialAction\":[{\"@type\":\"SearchAction\",\"target\":{\"@type\":\"EntryPoint\",\"urlTemplate\":\"https:\/\/www.foscarini.us\/?s={search_term_string}\"},\"query-input\":{\"@type\":\"PropertyValueSpecification\",\"valueRequired\":true,\"valueName\":\"search_term_string\"}}],\"inLanguage\":\"es-AR\"}]}<\/script>\n<!-- \/ Yoast SEO Premium plugin. -->","yoast_head_json":{"title":"Anoor - Foscarini","robots":{"index":"index","follow":"follow","max-snippet":"max-snippet:-1","max-image-preview":"max-image-preview:large","max-video-preview":"max-video-preview:-1"},"og_locale":"es_ES","og_type":"article","og_title":"Anoor","og_description":"Anoor es una l\u00e1mpara de pared y techo para iluminaci\u00f3n indirecta y reflejada que combina funcionalidad con est\u00e9tica. El disco ligeramente c\u00f3ncavo de aluminio cepillado tiene un recubrimiento transparente pigmentado que a\u00f1ade profundidad y sustancia al color, creando un efecto espejo. El componente t\u00e9cnico de iluminaci\u00f3n, situado en la parte trasera del disco lenticular y montado en la pared, est\u00e1 formado por un cilindro de aluminio que soporta el circuito LED, protegido por un cilindro de PMMA opalino satinado antideslumbrante. Encendida, emite una luz potente que ilumina grandes superficies sin causar deslumbramiento; apagada, refleja su entorno y cautiva con distorsiones anam\u00f3rficas. Tambi\u00e9n est\u00e1 disponible en una versi\u00f3n blanca pintada en polvo que puede ser pintada a gusto seg\u00fan la decoraci\u00f3n.","og_url":"https:\/\/www.foscarini.us\/es\/producto\/anoor-std-wc-es\/","og_site_name":"Foscarini","article_modified_time":"2025-10-17T12:29:08+00:00","og_image":[{"width":786,"height":865,"url":"https:\/\/www.foscarini.us\/wp-content\/uploads\/2025\/06\/anoor_w_red_22_786x865-1.jpg","type":"image\/jpeg"}],"twitter_card":"summary_large_image","twitter_misc":{"Tiempo de lectura":"1 minuto"},"schema":{"@context":"https:\/\/schema.org","@graph":[{"@type":"WebPage","@id":"https:\/\/www.foscarini.us\/es\/producto\/anoor-std-wc-es\/","url":"https:\/\/www.foscarini.us\/es\/producto\/anoor-std-wc-es\/","name":"Anoor - Foscarini","isPartOf":{"@id":"https:\/\/www.foscarini.us\/#website"},"primaryImageOfPage":{"@id":"https:\/\/www.foscarini.us\/es\/producto\/anoor-std-wc-es\/#primaryimage"},"image":{"@id":"https:\/\/www.foscarini.us\/es\/producto\/anoor-std-wc-es\/#primaryimage"},"thumbnailUrl":"https:\/\/www.foscarini.us\/wp-content\/uploads\/2025\/06\/anoor_w_red_22_786x865-1.jpg","datePublished":"2025-04-04T18:20:55+00:00","dateModified":"2025-10-17T12:29:08+00:00","breadcrumb":{"@id":"https:\/\/www.foscarini.us\/es\/producto\/anoor-std-wc-es\/#breadcrumb"},"inLanguage":"es-AR","potentialAction":[{"@type":"ReadAction","target":["https:\/\/www.foscarini.us\/es\/producto\/anoor-std-wc-es\/"]}]},{"@type":"ImageObject","inLanguage":"es-AR","@id":"https:\/\/www.foscarini.us\/es\/producto\/anoor-std-wc-es\/#primaryimage","url":"https:\/\/www.foscarini.us\/wp-content\/uploads\/2025\/06\/anoor_w_red_22_786x865-1.jpg","contentUrl":"https:\/\/www.foscarini.us\/wp-content\/uploads\/2025\/06\/anoor_w_red_22_786x865-1.jpg","width":786,"height":865},{"@type":"BreadcrumbList","@id":"https:\/\/www.foscarini.us\/es\/producto\/anoor-std-wc-es\/#breadcrumb","itemListElement":[{"@type":"ListItem","position":1,"name":"Home","item":"https:\/\/www.foscarini.us\/es\/"},{"@type":"ListItem","position":2,"name":"Tienda","item":"https:\/\/www.foscarini.us\/es\/tienda\/"},{"@type":"ListItem","position":3,"name":"Anoor"}]},{"@type":"WebSite","@id":"https:\/\/www.foscarini.us\/#website","url":"https:\/\/www.foscarini.us\/","name":"Foscarini","description":"","potentialAction":[{"@type":"SearchAction","target":{"@type":"EntryPoint","urlTemplate":"https:\/\/www.foscarini.us\/?s={search_term_string}"},"query-input":{"@type":"PropertyValueSpecification","valueRequired":true,"valueName":"search_term_string"}}],"inLanguage":"es-AR"}]}},"_links":{"self":[{"href":"https:\/\/www.foscarini.us\/es\/wp-json\/wp\/v2\/product\/365695"}],"collection":[{"href":"https:\/\/www.foscarini.us\/es\/wp-json\/wp\/v2\/product"}],"about":[{"href":"https:\/\/www.foscarini.us\/es\/wp-json\/wp\/v2\/types\/product"}],"replies":[{"embeddable":true,"href":"https:\/\/www.foscarini.us\/es\/wp-json\/wp\/v2\/comments?post=365695"}],"wp:featuredmedia":[{"embeddable":true,"href":"https:\/\/www.foscarini.us\/es\/wp-json\/wp\/v2\/media\/444200"}],"wp:attachment":[{"href":"https:\/\/www.foscarini.us\/es\/wp-json\/wp\/v2\/media?parent=365695"}],"wp:term":[{"taxonomy":"product_cat","embeddable":true,"href":"https:\/\/www.foscarini.us\/es\/wp-json\/wp\/v2\/product_cat?post=365695"},{"taxonomy":"product_tag","embeddable":true,"href":"https:\/\/www.foscarini.us\/es\/wp-json\/wp\/v2\/product_tag?post=365695"},{"taxonomy":"materiale","embeddable":true,"href":"https:\/\/www.foscarini.us\/es\/wp-json\/wp\/v2\/materiale?post=365695"},{"taxonomy":"altezza","embeddable":true,"href":"https:\/\/www.foscarini.us\/es\/wp-json\/wp\/v2\/altezza?post=365695"},{"taxonomy":"larghezza","embeddable":true,"href":"https:\/\/www.foscarini.us\/es\/wp-json\/wp\/v2\/larghezza?post=365695"},{"taxonomy":"profondita","embeddable":true,"href":"https:\/\/www.foscarini.us\/es\/wp-json\/wp\/v2\/profondita?post=365695"},{"taxonomy":"peso","embeddable":true,"href":"https:\/\/www.foscarini.us\/es\/wp-json\/wp\/v2\/peso?post=365695"},{"taxonomy":"designer-prodotto","embeddable":true,"href":"https:\/\/www.foscarini.us\/es\/wp-json\/wp\/v2\/designer-prodotto?post=365695"}],"curies":[{"name":"wp","href":"https:\/\/api.w.org\/{rel}","templated":true}]}}