{"id":236260,"date":"2024-04-10T10:01:58","date_gmt":"2024-04-10T10:01:58","guid":{"rendered":"https:\/\/www.foscarini.us\/product\/hoba-std-s\/"},"modified":"2025-10-17T13:50:56","modified_gmt":"2025-10-17T13:50:56","slug":"hoba-std-s-es","status":"publish","type":"product","link":"https:\/\/www.foscarini.us\/es\/producto\/hoba-std-s-es\/","title":{"rendered":"Hoba"},"content":{"rendered":"<section class=\"pdp__slider full-height-vh\">\n    <div class=\"swiper-container swiper__pdp\">\n        <div class=\"swiper-wrapper full-height\">\n                                <div class=\"swiper-slide\">\n                                                    <img decoding=\"async\" class=\"full-cover\" src=\"https:\/\/www.foscarini.us\/wp-content\/uploads\/2024\/04\/3.4_Hoba-1-150x150.jpg\" srcset=\"https:\/\/www.foscarini.us\/wp-content\/uploads\/2024\/04\/3.4_Hoba-1-199x300.jpg 199w, https:\/\/www.foscarini.us\/wp-content\/uploads\/2024\/04\/3.4_Hoba-1-678x1024.jpg 678w, https:\/\/www.foscarini.us\/wp-content\/uploads\/2024\/04\/3.4_Hoba-1-768x1160.jpg 768w, https:\/\/www.foscarini.us\/wp-content\/uploads\/2024\/04\/3.4_Hoba-1-800x1208.jpg 800w, https:\/\/www.foscarini.us\/wp-content\/uploads\/2024\/04\/3.4_Hoba-1.jpg 980w\" alt=\"\" \/>\n                                                                        <\/div>\n                                        <div class=\"swiper-slide\">\n                                                    <img decoding=\"async\" class=\"full-cover\" src=\"https:\/\/www.foscarini.us\/wp-content\/uploads\/2024\/04\/3.5_Hoba-1-150x150.jpg\" srcset=\"https:\/\/www.foscarini.us\/wp-content\/uploads\/2024\/04\/3.5_Hoba-1-199x300.jpg 199w, https:\/\/www.foscarini.us\/wp-content\/uploads\/2024\/04\/3.5_Hoba-1-678x1024.jpg 678w, https:\/\/www.foscarini.us\/wp-content\/uploads\/2024\/04\/3.5_Hoba-1-768x1160.jpg 768w, https:\/\/www.foscarini.us\/wp-content\/uploads\/2024\/04\/3.5_Hoba-1-800x1208.jpg 800w, https:\/\/www.foscarini.us\/wp-content\/uploads\/2024\/04\/3.5_Hoba-1.jpg 980w\" alt=\"\" \/>\n                                                                        <\/div>\n                                        <div class=\"swiper-slide\">\n                                                    <img decoding=\"async\" class=\"full-cover\" src=\"https:\/\/www.foscarini.us\/wp-content\/uploads\/2024\/04\/3.6_Hoba-1-150x150.jpg\" srcset=\"https:\/\/www.foscarini.us\/wp-content\/uploads\/2024\/04\/3.6_Hoba-1-199x300.jpg 199w, https:\/\/www.foscarini.us\/wp-content\/uploads\/2024\/04\/3.6_Hoba-1-678x1024.jpg 678w, https:\/\/www.foscarini.us\/wp-content\/uploads\/2024\/04\/3.6_Hoba-1-768x1160.jpg 768w, https:\/\/www.foscarini.us\/wp-content\/uploads\/2024\/04\/3.6_Hoba-1-800x1208.jpg 800w, https:\/\/www.foscarini.us\/wp-content\/uploads\/2024\/04\/3.6_Hoba-1.jpg 980w\" alt=\"\" \/>\n                                                                        <\/div>\n                                        <div class=\"swiper-slide\">\n                                                    <img decoding=\"async\" class=\"full-cover\" src=\"https:\/\/www.foscarini.us\/wp-content\/uploads\/2024\/04\/3.9_Hoba-150x150.jpg\" srcset=\"https:\/\/www.foscarini.us\/wp-content\/uploads\/2024\/04\/3.9_Hoba-199x300.jpg 199w, https:\/\/www.foscarini.us\/wp-content\/uploads\/2024\/04\/3.9_Hoba-678x1024.jpg 678w, https:\/\/www.foscarini.us\/wp-content\/uploads\/2024\/04\/3.9_Hoba-768x1160.jpg 768w, https:\/\/www.foscarini.us\/wp-content\/uploads\/2024\/04\/3.9_Hoba-800x1208.jpg 800w, https:\/\/www.foscarini.us\/wp-content\/uploads\/2024\/04\/3.9_Hoba.jpg 980w\" alt=\"\" \/>\n                                                                        <\/div>\n                                        <div class=\"swiper-slide\">\n                                                    <img decoding=\"async\" class=\"full-cover\" src=\"https:\/\/www.foscarini.us\/wp-content\/uploads\/2024\/04\/3.10_Hoba-1-150x150.jpg\" srcset=\"https:\/\/www.foscarini.us\/wp-content\/uploads\/2024\/04\/3.10_Hoba-1-199x300.jpg 199w, https:\/\/www.foscarini.us\/wp-content\/uploads\/2024\/04\/3.10_Hoba-1-678x1024.jpg 678w, https:\/\/www.foscarini.us\/wp-content\/uploads\/2024\/04\/3.10_Hoba-1-768x1160.jpg 768w, https:\/\/www.foscarini.us\/wp-content\/uploads\/2024\/04\/3.10_Hoba-1-800x1208.jpg 800w, https:\/\/www.foscarini.us\/wp-content\/uploads\/2024\/04\/3.10_Hoba-1.jpg 980w\" alt=\"\" \/>\n                                                                        <\/div>\n                            <\/div>\n    <\/div>\n    <div class=\"swiper-scrollbar\"><\/div>\n    <div class=\"ct-arrow\">\n        <div class=\"swiper-button-prev\"><\/div>\n        <div class=\"swiper-button-next\"><\/div>\n    <\/div>\n<\/section><div class=\"wp-block-columns two_image_join two_image_join_affiancate on_off_block is-layout-flex wp-container-core-columns-is-layout-1 wp-block-columns-is-layout-flex\"><div class=\"wp-block-column is-layout-flow wp-block-column-is-layout-flow\"><div class=\"wp-block-getwid-image-hotspot\" data-appearance-animation=\"none\" data-image-points=\"[{&quot;link&quot;:&quot;&quot;,&quot;icon&quot;:&quot;&quot;,&quot;title&quot;:&quot;acceso&quot;,&quot;color&quot;:&quot;&quot;,&quot;content&quot;:&quot;&quot;,&quot;backgroundColor&quot;:&quot;&quot;,&quot;newTab&quot;:false,&quot;popUpOpen&quot;:false,&quot;popUpWidth&quot;:350,&quot;placement&quot;:&quot;top&quot;,&quot;position&quot;:{&quot;x&quot;:&quot;40.89%&quot;,&quot;y&quot;:&quot;25.99%&quot;}}]\" data-trigger=\"click\" data-theme=\"light\" data-tooltip-animation=\"shift-toward\" data-arrow=\"true\"><div class=\"wp-block-getwid-image-hotspot__wrapper\"><img loading=\"lazy\" decoding=\"async\" width=\"2560\" height=\"1591\" src=\"https:\/\/www.foscarini.us\/wp-content\/uploads\/2024\/04\/4.1-OFF_Hoba-1-scaled.jpg\" alt=\"\" class=\"wp-block-getwid-image-hotspot__image wp-image-236218\" srcset=\"https:\/\/www.foscarini.us\/wp-content\/uploads\/2024\/04\/4.1-OFF_Hoba-1-scaled.jpg 2560w, https:\/\/www.foscarini.us\/wp-content\/uploads\/2024\/04\/4.1-OFF_Hoba-1-300x186.jpg 300w, https:\/\/www.foscarini.us\/wp-content\/uploads\/2024\/04\/4.1-OFF_Hoba-1-1024x636.jpg 1024w, https:\/\/www.foscarini.us\/wp-content\/uploads\/2024\/04\/4.1-OFF_Hoba-1-768x477.jpg 768w, https:\/\/www.foscarini.us\/wp-content\/uploads\/2024\/04\/4.1-OFF_Hoba-1-1536x955.jpg 1536w, https:\/\/www.foscarini.us\/wp-content\/uploads\/2024\/04\/4.1-OFF_Hoba-1-2048x1273.jpg 2048w, https:\/\/www.foscarini.us\/wp-content\/uploads\/2024\/04\/4.1-OFF_Hoba-1-800x497.jpg 800w\" sizes=\"(max-width: 2560px) 100vw, 2560px\" \/><div data-point-id=\"0\" class=\"wp-block-getwid-image-hotspot__dot has-animation-pulse\" style=\"left:40.89%;top:25.99%\"><div class=\"wp-block-getwid-image-hotspot__dot-wrapper\"><div class=\"wp-block-getwid-image-hotspot__dot-content\"><i class=\"fas fa-plus wp-block-getwid-image-hotspot__dot-icon\"><\/i><\/div><\/div><div class=\"wp-block-getwid-image-hotspot__dot-description\"><div class=\"wp-block-getwid-image-hotspot__dot-title\">acceso<\/div><\/div><\/div><\/div><\/div>\n\n<figure class=\"wp-block-image size-large absolute_image\"><img loading=\"lazy\" decoding=\"async\" width=\"1024\" height=\"636\" src=\"https:\/\/www.foscarini.us\/wp-content\/uploads\/2024\/04\/4.2-ON_Hoba-1-1024x636.jpg\" alt=\"\" class=\"wp-image-236225\" srcset=\"https:\/\/www.foscarini.us\/wp-content\/uploads\/2024\/04\/4.2-ON_Hoba-1-1024x636.jpg 1024w, https:\/\/www.foscarini.us\/wp-content\/uploads\/2024\/04\/4.2-ON_Hoba-1-300x186.jpg 300w, https:\/\/www.foscarini.us\/wp-content\/uploads\/2024\/04\/4.2-ON_Hoba-1-768x477.jpg 768w, https:\/\/www.foscarini.us\/wp-content\/uploads\/2024\/04\/4.2-ON_Hoba-1-1536x955.jpg 1536w, https:\/\/www.foscarini.us\/wp-content\/uploads\/2024\/04\/4.2-ON_Hoba-1-2048x1273.jpg 2048w, https:\/\/www.foscarini.us\/wp-content\/uploads\/2024\/04\/4.2-ON_Hoba-1-800x497.jpg 800w\" sizes=\"(max-width: 1024px) 100vw, 1024px\" \/><\/figure><\/div><\/div>","protected":false},"excerpt":{"rendered":"<p>Una l\u00e1mpara de mesa antigeom\u00e9trica para iluminaci\u00f3n ambiental, fabricada en vidrio opalino soplado a boca y grabado con \u00e1cido. El procedimiento especial de soplado de vidrio sin rotaci\u00f3n en un molde abierto permite obtener piezas ligeramente variadas, creando una colecci\u00f3n de l\u00e1mparas constantemente diferentes, producidas en serie pero con las caracter\u00edsticas \u00fanicas de las cosas hechas a mano. Observada desde todos los lados, Hoba parece cambiar constantemente gracias a su superficie v\u00edtrea con suaves huecos. Base de metal recubierta de polvo epox\u00eddico.<\/p>\n","protected":false},"featured_media":447007,"comment_status":"open","ping_status":"closed","template":"","meta":{"_acf_changed":true},"product_cat":[653,719,941,6794,744],"product_tag":[],"materiale":[8157],"altezza":[10039],"larghezza":[9255],"profondita":[9122],"peso":[9413],"designer-prodotto":[7978],"class_list":{"0":"post-236260","1":"product","2":"type-product","3":"status-publish","4":"has-post-thumbnail","6":"product_cat-concetto-es","7":"product_cat-funzione-es","8":"product_cat-hoba-concetto-es","9":"product_cat-hoba-famiglia-es","10":"product_cat-sospensione-es","11":"materiale-vetro-e-vetro-soffiato-es","12":"altezza-25-es","13":"larghezza-24-es","14":"profondita-23-es","15":"peso-3-es","16":"designer-prodotto-luca-nichetto-es","18":"first","19":"instock","20":"shipping-taxable","21":"purchasable","22":"product-type-variable"},"acf":{"preview_slider":{"titolo":"","testo":"","video_domanda":false,"link_video":""},"prodotto__immagine_preview":{"immagine":305358},"prodotto__slider":{"sottotitolo":"Ludovica+Roberto Palomba (2023)","titolo":"Inspirada en un meteorito, Hoba es una l\u00e1mpara de mesa asim\u00e9trica de vidrio soplado mate que difunde una luminosidad c\u00e1lida y suave en el ambiente. Se fabrica mediante un original proceso de producci\u00f3n de molde abierto que permite obtener formas similares pero siempre variables, \u00fanicas pero repetibles.","immagini":[{"immagine":308816,"immagine_mobile":""}]},"prodotto__slider_preview":null,"prodotto__specifiche":{"selezione":[{"scheda_tecnica":483226},{"scheda_tecnica":483234},{"scheda_tecnica":483235},{"scheda_tecnica":483236},{"scheda_tecnica":483244},{"scheda_tecnica":483245},{"scheda_tecnica":483253}]}},"yoast_head":"<!-- This site is optimized with the Yoast SEO Premium plugin v22.4 (Yoast SEO v23.7) - https:\/\/yoast.com\/wordpress\/plugins\/seo\/ -->\n<title>Hoba - Foscarini<\/title>\n<meta name=\"robots\" content=\"index, follow, max-snippet:-1, max-image-preview:large, max-video-preview:-1\" \/>\n<meta property=\"og:locale\" content=\"es_ES\" \/>\n<meta property=\"og:type\" content=\"article\" \/>\n<meta property=\"og:title\" content=\"Hoba\" \/>\n<meta property=\"og:description\" content=\"Una l\u00e1mpara de mesa antigeom\u00e9trica para iluminaci\u00f3n ambiental, fabricada en vidrio opalino soplado a boca y grabado con \u00e1cido. El procedimiento especial de soplado de vidrio sin rotaci\u00f3n en un molde abierto permite obtener piezas ligeramente variadas, creando una colecci\u00f3n de l\u00e1mparas constantemente diferentes, producidas en serie pero con las caracter\u00edsticas \u00fanicas de las cosas hechas a mano. Observada desde todos los lados, Hoba parece cambiar constantemente gracias a su superficie v\u00edtrea con suaves huecos. Base de metal recubierta de polvo epox\u00eddico.\" \/>\n<meta property=\"og:url\" content=\"https:\/\/www.foscarini.us\/es\/producto\/hoba-std-s-es\/\" \/>\n<meta property=\"og:site_name\" content=\"Foscarini\" \/>\n<meta property=\"article:modified_time\" content=\"2025-10-17T13:50:56+00:00\" \/>\n<meta property=\"og:image\" content=\"https:\/\/www.foscarini.us\/wp-content\/uploads\/2025\/06\/hoba_s_white_22_786x865-1.jpg\" \/>\n\t<meta property=\"og:image:width\" content=\"786\" \/>\n\t<meta property=\"og:image:height\" content=\"865\" \/>\n\t<meta property=\"og:image:type\" content=\"image\/jpeg\" \/>\n<meta name=\"twitter:card\" content=\"summary_large_image\" \/>\n<meta name=\"twitter:label1\" content=\"Tiempo de lectura\" \/>\n\t<meta name=\"twitter:data1\" content=\"1 minuto\" \/>\n<script type=\"application\/ld+json\" class=\"yoast-schema-graph\">{\"@context\":\"https:\/\/schema.org\",\"@graph\":[{\"@type\":\"WebPage\",\"@id\":\"https:\/\/www.foscarini.us\/es\/producto\/hoba-std-s-es\/\",\"url\":\"https:\/\/www.foscarini.us\/es\/producto\/hoba-std-s-es\/\",\"name\":\"Hoba - Foscarini\",\"isPartOf\":{\"@id\":\"https:\/\/www.foscarini.us\/#website\"},\"primaryImageOfPage\":{\"@id\":\"https:\/\/www.foscarini.us\/es\/producto\/hoba-std-s-es\/#primaryimage\"},\"image\":{\"@id\":\"https:\/\/www.foscarini.us\/es\/producto\/hoba-std-s-es\/#primaryimage\"},\"thumbnailUrl\":\"https:\/\/www.foscarini.us\/wp-content\/uploads\/2025\/06\/hoba_s_white_22_786x865-1.jpg\",\"datePublished\":\"2024-04-10T10:01:58+00:00\",\"dateModified\":\"2025-10-17T13:50:56+00:00\",\"breadcrumb\":{\"@id\":\"https:\/\/www.foscarini.us\/es\/producto\/hoba-std-s-es\/#breadcrumb\"},\"inLanguage\":\"es-AR\",\"potentialAction\":[{\"@type\":\"ReadAction\",\"target\":[\"https:\/\/www.foscarini.us\/es\/producto\/hoba-std-s-es\/\"]}]},{\"@type\":\"ImageObject\",\"inLanguage\":\"es-AR\",\"@id\":\"https:\/\/www.foscarini.us\/es\/producto\/hoba-std-s-es\/#primaryimage\",\"url\":\"https:\/\/www.foscarini.us\/wp-content\/uploads\/2025\/06\/hoba_s_white_22_786x865-1.jpg\",\"contentUrl\":\"https:\/\/www.foscarini.us\/wp-content\/uploads\/2025\/06\/hoba_s_white_22_786x865-1.jpg\",\"width\":786,\"height\":865},{\"@type\":\"BreadcrumbList\",\"@id\":\"https:\/\/www.foscarini.us\/es\/producto\/hoba-std-s-es\/#breadcrumb\",\"itemListElement\":[{\"@type\":\"ListItem\",\"position\":1,\"name\":\"Home\",\"item\":\"https:\/\/www.foscarini.us\/es\/\"},{\"@type\":\"ListItem\",\"position\":2,\"name\":\"Tienda\",\"item\":\"https:\/\/www.foscarini.us\/es\/tienda\/\"},{\"@type\":\"ListItem\",\"position\":3,\"name\":\"Hoba\"}]},{\"@type\":\"WebSite\",\"@id\":\"https:\/\/www.foscarini.us\/#website\",\"url\":\"https:\/\/www.foscarini.us\/\",\"name\":\"Foscarini\",\"description\":\"\",\"potentialAction\":[{\"@type\":\"SearchAction\",\"target\":{\"@type\":\"EntryPoint\",\"urlTemplate\":\"https:\/\/www.foscarini.us\/?s={search_term_string}\"},\"query-input\":{\"@type\":\"PropertyValueSpecification\",\"valueRequired\":true,\"valueName\":\"search_term_string\"}}],\"inLanguage\":\"es-AR\"}]}<\/script>\n<!-- \/ Yoast SEO Premium plugin. -->","yoast_head_json":{"title":"Hoba - Foscarini","robots":{"index":"index","follow":"follow","max-snippet":"max-snippet:-1","max-image-preview":"max-image-preview:large","max-video-preview":"max-video-preview:-1"},"og_locale":"es_ES","og_type":"article","og_title":"Hoba","og_description":"Una l\u00e1mpara de mesa antigeom\u00e9trica para iluminaci\u00f3n ambiental, fabricada en vidrio opalino soplado a boca y grabado con \u00e1cido. El procedimiento especial de soplado de vidrio sin rotaci\u00f3n en un molde abierto permite obtener piezas ligeramente variadas, creando una colecci\u00f3n de l\u00e1mparas constantemente diferentes, producidas en serie pero con las caracter\u00edsticas \u00fanicas de las cosas hechas a mano. Observada desde todos los lados, Hoba parece cambiar constantemente gracias a su superficie v\u00edtrea con suaves huecos. Base de metal recubierta de polvo epox\u00eddico.","og_url":"https:\/\/www.foscarini.us\/es\/producto\/hoba-std-s-es\/","og_site_name":"Foscarini","article_modified_time":"2025-10-17T13:50:56+00:00","og_image":[{"width":786,"height":865,"url":"https:\/\/www.foscarini.us\/wp-content\/uploads\/2025\/06\/hoba_s_white_22_786x865-1.jpg","type":"image\/jpeg"}],"twitter_card":"summary_large_image","twitter_misc":{"Tiempo de lectura":"1 minuto"},"schema":{"@context":"https:\/\/schema.org","@graph":[{"@type":"WebPage","@id":"https:\/\/www.foscarini.us\/es\/producto\/hoba-std-s-es\/","url":"https:\/\/www.foscarini.us\/es\/producto\/hoba-std-s-es\/","name":"Hoba - Foscarini","isPartOf":{"@id":"https:\/\/www.foscarini.us\/#website"},"primaryImageOfPage":{"@id":"https:\/\/www.foscarini.us\/es\/producto\/hoba-std-s-es\/#primaryimage"},"image":{"@id":"https:\/\/www.foscarini.us\/es\/producto\/hoba-std-s-es\/#primaryimage"},"thumbnailUrl":"https:\/\/www.foscarini.us\/wp-content\/uploads\/2025\/06\/hoba_s_white_22_786x865-1.jpg","datePublished":"2024-04-10T10:01:58+00:00","dateModified":"2025-10-17T13:50:56+00:00","breadcrumb":{"@id":"https:\/\/www.foscarini.us\/es\/producto\/hoba-std-s-es\/#breadcrumb"},"inLanguage":"es-AR","potentialAction":[{"@type":"ReadAction","target":["https:\/\/www.foscarini.us\/es\/producto\/hoba-std-s-es\/"]}]},{"@type":"ImageObject","inLanguage":"es-AR","@id":"https:\/\/www.foscarini.us\/es\/producto\/hoba-std-s-es\/#primaryimage","url":"https:\/\/www.foscarini.us\/wp-content\/uploads\/2025\/06\/hoba_s_white_22_786x865-1.jpg","contentUrl":"https:\/\/www.foscarini.us\/wp-content\/uploads\/2025\/06\/hoba_s_white_22_786x865-1.jpg","width":786,"height":865},{"@type":"BreadcrumbList","@id":"https:\/\/www.foscarini.us\/es\/producto\/hoba-std-s-es\/#breadcrumb","itemListElement":[{"@type":"ListItem","position":1,"name":"Home","item":"https:\/\/www.foscarini.us\/es\/"},{"@type":"ListItem","position":2,"name":"Tienda","item":"https:\/\/www.foscarini.us\/es\/tienda\/"},{"@type":"ListItem","position":3,"name":"Hoba"}]},{"@type":"WebSite","@id":"https:\/\/www.foscarini.us\/#website","url":"https:\/\/www.foscarini.us\/","name":"Foscarini","description":"","potentialAction":[{"@type":"SearchAction","target":{"@type":"EntryPoint","urlTemplate":"https:\/\/www.foscarini.us\/?s={search_term_string}"},"query-input":{"@type":"PropertyValueSpecification","valueRequired":true,"valueName":"search_term_string"}}],"inLanguage":"es-AR"}]}},"_links":{"self":[{"href":"https:\/\/www.foscarini.us\/es\/wp-json\/wp\/v2\/product\/236260"}],"collection":[{"href":"https:\/\/www.foscarini.us\/es\/wp-json\/wp\/v2\/product"}],"about":[{"href":"https:\/\/www.foscarini.us\/es\/wp-json\/wp\/v2\/types\/product"}],"replies":[{"embeddable":true,"href":"https:\/\/www.foscarini.us\/es\/wp-json\/wp\/v2\/comments?post=236260"}],"wp:featuredmedia":[{"embeddable":true,"href":"https:\/\/www.foscarini.us\/es\/wp-json\/wp\/v2\/media\/447007"}],"wp:attachment":[{"href":"https:\/\/www.foscarini.us\/es\/wp-json\/wp\/v2\/media?parent=236260"}],"wp:term":[{"taxonomy":"product_cat","embeddable":true,"href":"https:\/\/www.foscarini.us\/es\/wp-json\/wp\/v2\/product_cat?post=236260"},{"taxonomy":"product_tag","embeddable":true,"href":"https:\/\/www.foscarini.us\/es\/wp-json\/wp\/v2\/product_tag?post=236260"},{"taxonomy":"materiale","embeddable":true,"href":"https:\/\/www.foscarini.us\/es\/wp-json\/wp\/v2\/materiale?post=236260"},{"taxonomy":"altezza","embeddable":true,"href":"https:\/\/www.foscarini.us\/es\/wp-json\/wp\/v2\/altezza?post=236260"},{"taxonomy":"larghezza","embeddable":true,"href":"https:\/\/www.foscarini.us\/es\/wp-json\/wp\/v2\/larghezza?post=236260"},{"taxonomy":"profondita","embeddable":true,"href":"https:\/\/www.foscarini.us\/es\/wp-json\/wp\/v2\/profondita?post=236260"},{"taxonomy":"peso","embeddable":true,"href":"https:\/\/www.foscarini.us\/es\/wp-json\/wp\/v2\/peso?post=236260"},{"taxonomy":"designer-prodotto","embeddable":true,"href":"https:\/\/www.foscarini.us\/es\/wp-json\/wp\/v2\/designer-prodotto?post=236260"}],"curies":[{"name":"wp","href":"https:\/\/api.w.org\/{rel}","templated":true}]}}