{"id":217549,"date":"2024-04-08T14:48:11","date_gmt":"2024-04-08T14:48:11","guid":{"rendered":"https:\/\/www.foscarini.us\/product\/fleur-std-t\/"},"modified":"2025-10-17T13:24:36","modified_gmt":"2025-10-17T13:24:36","slug":"fleur-std-t-es","status":"publish","type":"product","link":"https:\/\/www.foscarini.us\/es\/producto\/fleur-std-t-es\/","title":{"rendered":"Fleur"},"content":{"rendered":"<section class=\"pdp__slider full-height-vh\">\n    <div class=\"swiper-container swiper__pdp\">\n        <div class=\"swiper-wrapper full-height\">\n                                <div class=\"swiper-slide\">\n                                                    <img decoding=\"async\" class=\"full-cover\" src=\"https:\/\/www.foscarini.us\/wp-content\/uploads\/2024\/04\/3.1_Fleur-150x150.jpg\" srcset=\"https:\/\/www.foscarini.us\/wp-content\/uploads\/2024\/04\/3.1_Fleur-199x300.jpg 199w, https:\/\/www.foscarini.us\/wp-content\/uploads\/2024\/04\/3.1_Fleur-678x1024.jpg 678w, https:\/\/www.foscarini.us\/wp-content\/uploads\/2024\/04\/3.1_Fleur-768x1160.jpg 768w, https:\/\/www.foscarini.us\/wp-content\/uploads\/2024\/04\/3.1_Fleur-800x1208.jpg 800w, https:\/\/www.foscarini.us\/wp-content\/uploads\/2024\/04\/3.1_Fleur.jpg 980w\" alt=\"\" \/>\n                                                                        <\/div>\n                                        <div class=\"swiper-slide\">\n                                                    <img decoding=\"async\" class=\"full-cover\" src=\"https:\/\/www.foscarini.us\/wp-content\/uploads\/2024\/04\/3.2_Fleur-150x150.jpg\" srcset=\"https:\/\/www.foscarini.us\/wp-content\/uploads\/2024\/04\/3.2_Fleur-199x300.jpg 199w, https:\/\/www.foscarini.us\/wp-content\/uploads\/2024\/04\/3.2_Fleur-678x1024.jpg 678w, https:\/\/www.foscarini.us\/wp-content\/uploads\/2024\/04\/3.2_Fleur-768x1160.jpg 768w, https:\/\/www.foscarini.us\/wp-content\/uploads\/2024\/04\/3.2_Fleur-800x1208.jpg 800w, https:\/\/www.foscarini.us\/wp-content\/uploads\/2024\/04\/3.2_Fleur.jpg 980w\" alt=\"\" \/>\n                                                                        <\/div>\n                                        <div class=\"swiper-slide\">\n                                                    <img decoding=\"async\" class=\"full-cover\" src=\"https:\/\/www.foscarini.us\/wp-content\/uploads\/2024\/04\/3.3_Fleur-150x150.jpg\" srcset=\"https:\/\/www.foscarini.us\/wp-content\/uploads\/2024\/04\/3.3_Fleur-300x200.jpg 300w, https:\/\/www.foscarini.us\/wp-content\/uploads\/2024\/04\/3.3_Fleur-1024x683.jpg 1024w, https:\/\/www.foscarini.us\/wp-content\/uploads\/2024\/04\/3.3_Fleur-768x512.jpg 768w, https:\/\/www.foscarini.us\/wp-content\/uploads\/2024\/04\/3.3_Fleur-1536x1024.jpg 1536w, https:\/\/www.foscarini.us\/wp-content\/uploads\/2024\/04\/3.3_Fleur-2048x1365.jpg 2048w, https:\/\/www.foscarini.us\/wp-content\/uploads\/2024\/04\/3.3_Fleur-800x533.jpg 800w\" alt=\"\" \/>\n                                                                        <\/div>\n                                        <div class=\"swiper-slide\">\n                                                    <img decoding=\"async\" class=\"full-cover\" src=\"https:\/\/www.foscarini.us\/wp-content\/uploads\/2024\/04\/3.4_Fleur-150x150.jpg\" srcset=\"https:\/\/www.foscarini.us\/wp-content\/uploads\/2024\/04\/3.4_Fleur-199x300.jpg 199w, https:\/\/www.foscarini.us\/wp-content\/uploads\/2024\/04\/3.4_Fleur-678x1024.jpg 678w, https:\/\/www.foscarini.us\/wp-content\/uploads\/2024\/04\/3.4_Fleur-768x1160.jpg 768w, https:\/\/www.foscarini.us\/wp-content\/uploads\/2024\/04\/3.4_Fleur-800x1208.jpg 800w, https:\/\/www.foscarini.us\/wp-content\/uploads\/2024\/04\/3.4_Fleur.jpg 980w\" alt=\"\" \/>\n                                                                        <\/div>\n                                        <div class=\"swiper-slide\">\n                                                    <img decoding=\"async\" class=\"full-cover\" src=\"https:\/\/www.foscarini.us\/wp-content\/uploads\/2024\/04\/3.5_Fleur-150x150.jpg\" srcset=\"https:\/\/www.foscarini.us\/wp-content\/uploads\/2024\/04\/3.5_Fleur-199x300.jpg 199w, https:\/\/www.foscarini.us\/wp-content\/uploads\/2024\/04\/3.5_Fleur-678x1024.jpg 678w, https:\/\/www.foscarini.us\/wp-content\/uploads\/2024\/04\/3.5_Fleur-768x1160.jpg 768w, https:\/\/www.foscarini.us\/wp-content\/uploads\/2024\/04\/3.5_Fleur-800x1208.jpg 800w, https:\/\/www.foscarini.us\/wp-content\/uploads\/2024\/04\/3.5_Fleur.jpg 980w\" alt=\"\" \/>\n                                                                        <\/div>\n                                        <div class=\"swiper-slide\">\n                                                    <img decoding=\"async\" class=\"full-cover\" src=\"https:\/\/www.foscarini.us\/wp-content\/uploads\/2024\/04\/3.6_Fleur-150x150.jpg\" srcset=\"https:\/\/www.foscarini.us\/wp-content\/uploads\/2024\/04\/3.6_Fleur-199x300.jpg 199w, https:\/\/www.foscarini.us\/wp-content\/uploads\/2024\/04\/3.6_Fleur-678x1024.jpg 678w, https:\/\/www.foscarini.us\/wp-content\/uploads\/2024\/04\/3.6_Fleur-768x1160.jpg 768w, https:\/\/www.foscarini.us\/wp-content\/uploads\/2024\/04\/3.6_Fleur-800x1208.jpg 800w, https:\/\/www.foscarini.us\/wp-content\/uploads\/2024\/04\/3.6_Fleur.jpg 980w\" alt=\"\" \/>\n                                                                        <\/div>\n                                        <div class=\"swiper-slide\">\n                                                    <img decoding=\"async\" class=\"full-cover\" src=\"https:\/\/www.foscarini.us\/wp-content\/uploads\/2024\/04\/3.7_Fleur-150x150.jpg\" srcset=\"https:\/\/www.foscarini.us\/wp-content\/uploads\/2024\/04\/3.7_Fleur-199x300.jpg 199w, https:\/\/www.foscarini.us\/wp-content\/uploads\/2024\/04\/3.7_Fleur-678x1024.jpg 678w, https:\/\/www.foscarini.us\/wp-content\/uploads\/2024\/04\/3.7_Fleur-768x1160.jpg 768w, https:\/\/www.foscarini.us\/wp-content\/uploads\/2024\/04\/3.7_Fleur-800x1208.jpg 800w, https:\/\/www.foscarini.us\/wp-content\/uploads\/2024\/04\/3.7_Fleur.jpg 980w\" alt=\"\" \/>\n                                                                        <\/div>\n                                        <div class=\"swiper-slide\">\n                                                    <img decoding=\"async\" class=\"full-cover\" src=\"https:\/\/www.foscarini.us\/wp-content\/uploads\/2024\/04\/3.8_Fleur-150x150.jpg\" srcset=\"https:\/\/www.foscarini.us\/wp-content\/uploads\/2024\/04\/3.8_Fleur-300x200.jpg 300w, https:\/\/www.foscarini.us\/wp-content\/uploads\/2024\/04\/3.8_Fleur-1024x683.jpg 1024w, https:\/\/www.foscarini.us\/wp-content\/uploads\/2024\/04\/3.8_Fleur-768x512.jpg 768w, https:\/\/www.foscarini.us\/wp-content\/uploads\/2024\/04\/3.8_Fleur-1536x1024.jpg 1536w, https:\/\/www.foscarini.us\/wp-content\/uploads\/2024\/04\/3.8_Fleur-2048x1365.jpg 2048w, https:\/\/www.foscarini.us\/wp-content\/uploads\/2024\/04\/3.8_Fleur-800x533.jpg 800w\" alt=\"\" \/>\n                                                                        <\/div>\n                                        <div class=\"swiper-slide\">\n                                                    <img decoding=\"async\" class=\"full-cover\" src=\"https:\/\/www.foscarini.us\/wp-content\/uploads\/2024\/04\/3.9_Fleur-150x150.jpg\" srcset=\"https:\/\/www.foscarini.us\/wp-content\/uploads\/2024\/04\/3.9_Fleur-199x300.jpg 199w, https:\/\/www.foscarini.us\/wp-content\/uploads\/2024\/04\/3.9_Fleur-678x1024.jpg 678w, https:\/\/www.foscarini.us\/wp-content\/uploads\/2024\/04\/3.9_Fleur-768x1160.jpg 768w, https:\/\/www.foscarini.us\/wp-content\/uploads\/2024\/04\/3.9_Fleur-800x1208.jpg 800w, https:\/\/www.foscarini.us\/wp-content\/uploads\/2024\/04\/3.9_Fleur.jpg 980w\" alt=\"\" \/>\n                                                                        <\/div>\n                                        <div class=\"swiper-slide\">\n                                                    <img decoding=\"async\" class=\"full-cover\" src=\"https:\/\/www.foscarini.us\/wp-content\/uploads\/2024\/04\/3.10_Fleur-150x150.jpg\" srcset=\"https:\/\/www.foscarini.us\/wp-content\/uploads\/2024\/04\/3.10_Fleur-199x300.jpg 199w, https:\/\/www.foscarini.us\/wp-content\/uploads\/2024\/04\/3.10_Fleur-678x1024.jpg 678w, https:\/\/www.foscarini.us\/wp-content\/uploads\/2024\/04\/3.10_Fleur-768x1160.jpg 768w, https:\/\/www.foscarini.us\/wp-content\/uploads\/2024\/04\/3.10_Fleur-800x1208.jpg 800w, https:\/\/www.foscarini.us\/wp-content\/uploads\/2024\/04\/3.10_Fleur.jpg 980w\" alt=\"\" \/>\n                                                                        <\/div>\n                            <\/div>\n    <\/div>\n    <div class=\"swiper-scrollbar\"><\/div>\n    <div class=\"ct-arrow\">\n        <div class=\"swiper-button-prev\"><\/div>\n        <div class=\"swiper-button-next\"><\/div>\n    <\/div>\n<\/section><section class=\"concept__project_comunication full-height-vh\">\n    <div class=\"row row-large\">\n        <div class=\"medium-12 small-12 columns full-height no-padding-right-mobile\">\n            <div class=\"ct-image-text-lateral\">\n                <div class=\"ct-arrow\">\n                    <div class=\"swiper-button-prev\" aria-label=\"previous slide\"><\/div>\n                    <div class=\"swiper-button-next\" aria-label=\"next slide\"><\/div>\n                <\/div>\n                <span class=\"section-name-lateral\">Contenidos editoriales<\/span>\n                <!-- Swiper -->\n                <div class=\"swiper-container swiper__concept__comunication\">\n                    <div class=\"swiper-wrapper\">\n                                                            <div class=\"swiper-slide\">\n                                        <div class=\"ct-slide\">\n                                                                                                <img decoding=\"async\" class=\"full-cover\" src=\"https:\/\/www.foscarini.us\/wp-content\/uploads\/2024\/08\/BANNER_NEWSinventario-150x150.jpg\" srcset=\"https:\/\/www.foscarini.us\/wp-content\/uploads\/2024\/08\/BANNER_NEWSinventario-300x220.jpg 300w, https:\/\/www.foscarini.us\/wp-content\/uploads\/2024\/08\/BANNER_NEWSinventario-1024x752.jpg 1024w, https:\/\/www.foscarini.us\/wp-content\/uploads\/2024\/08\/BANNER_NEWSinventario-768x564.jpg 768w, https:\/\/www.foscarini.us\/wp-content\/uploads\/2024\/08\/BANNER_NEWSinventario-1536x1128.jpg 1536w, https:\/\/www.foscarini.us\/wp-content\/uploads\/2024\/08\/BANNER_NEWSinventario-800x587.jpg 800w, https:\/\/www.foscarini.us\/wp-content\/uploads\/2024\/08\/BANNER_NEWSinventario.jpg 1640w\" alt=\"\" \/>\n                                                                                                <div class=\"ct-col-right\">\n                                                <div class=\"ct-link\">\n                                                    <a class=\"link-arrow\" href=\"https:\/\/www.foscarini.us\/es\/dioramas-antje-damm-foscarini\/\">Peque\u00f1as historias iluminadas<\/a>\n                                                    <div class=\"text-1\"><p>Antje Damm enriquece el proyecto &#8220;What&#8217;s in a Lamp?&#8221; con encantadores dioramas en los que las l\u00e1mparas son protagonistas de narraciones sugerentes, que cobran vida dentro de cajas de cerillas.<\/p>\n<\/div>\n                                                <\/div>\n                                            <\/div>\n                                        <\/div>\n                                    <\/div>\n                                                                        <div class=\"swiper-slide\">\n                                        <div class=\"ct-slide\">\n                                                                                                <img decoding=\"async\" class=\"full-cover\" src=\"https:\/\/www.foscarini.us\/wp-content\/uploads\/2024\/05\/gastone-foscarini-whats-in-a-lamp-150x150.jpg\" srcset=\"https:\/\/www.foscarini.us\/wp-content\/uploads\/2024\/05\/gastone-foscarini-whats-in-a-lamp-300x220.jpg 300w, https:\/\/www.foscarini.us\/wp-content\/uploads\/2024\/05\/gastone-foscarini-whats-in-a-lamp-1024x752.jpg 1024w, https:\/\/www.foscarini.us\/wp-content\/uploads\/2024\/05\/gastone-foscarini-whats-in-a-lamp-768x564.jpg 768w, https:\/\/www.foscarini.us\/wp-content\/uploads\/2024\/05\/gastone-foscarini-whats-in-a-lamp-1536x1128.jpg 1536w, https:\/\/www.foscarini.us\/wp-content\/uploads\/2024\/05\/gastone-foscarini-whats-in-a-lamp-800x587.jpg 800w, https:\/\/www.foscarini.us\/wp-content\/uploads\/2024\/05\/gastone-foscarini-whats-in-a-lamp.jpg 1640w\" alt=\"\" \/>\n                                                                                                <div class=\"ct-col-right\">\n                                                <div class=\"ct-link\">\n                                                    <a class=\"link-arrow\" href=\"https:\/\/www.foscarini.us\/es\/francesca-gastone-whatsinalamp\/\">Los Microcosmos Surrealistas de Francesca Gastone con L\u00e1mparas Foscarini<\/a>\n                                                    <div class=\"text-1\"><p>Francesca Gastone mezcla elementos de la realidad en obras de collage digital que inspiran asombro y alegr\u00eda. En su serie para &#8220;What&#8217;s in a lamp?&#8221;, las l\u00e1mparas Foscarini se convierten en el impulso de sugestivos micro-mundos, donde se crean y animan escenas de la vida cotidiana.<\/p>\n<\/div>\n                                                <\/div>\n                                            <\/div>\n                                        <\/div>\n                                    <\/div>\n                                                        <\/div>\n                <\/div>\n            <\/div>\n        <\/div>\n    <\/div>\n<\/section>","protected":false},"excerpt":{"rendered":"<p>Una peque\u00f1a l\u00e1mpara de mesa port\u00e1til, recargable y regulable, que emite luz hacia abajo. Fleur se caracteriza por una elegante y cuidada proporci\u00f3n entre los dos vol\u00famenes que la componen: a la ligereza de la base de cristal transparente, que tiende a desaparecer de la vista, corresponde un cuerpo ligero y de fuerte presencia realizado en ABS pulido coloreado. Sofisticados colores dise\u00f1ados para combinar con distintas superficies.<br \/>\nCuando Fleur est\u00e1 encendida, la luz resalta el perfil del tallo de cristal y se difunde por la parte superior, iluminando la superficie alrededor de su base, al tiempo que crea un haz de luz m\u00e1s amplio que el de las l\u00e1mparas de pilas convencionales, gracias a la placa LED especialmente dise\u00f1ada. Fleur tambi\u00e9n es muy eficiente: solo consume 1 vatio, pero sus LED -de carga r\u00e1pida mediante toma USB-C- son capaces de emitir una luz brillante y variable gracias a un regulador t\u00e1ctil. La luz se puede ajustar en tres niveles o encender\/apagar. El producto viene con un cable USB-C para la carga de la bater\u00eda, cargador no incluido. Caja de embalaje con personalizaci\u00f3n gr\u00e1fica.<\/p>\n","protected":false},"featured_media":446174,"comment_status":"open","ping_status":"closed","template":"","meta":{"_acf_changed":true},"product_cat":[653,977,719,6820,753],"product_tag":[],"materiale":[8316],"altezza":[9939],"larghezza":[7314],"profondita":[7585],"peso":[7350],"designer-prodotto":[7565],"class_list":{"0":"post-217549","1":"product","2":"type-product","3":"status-publish","4":"has-post-thumbnail","6":"product_cat-concetto-es","7":"product_cat-fleur-concetto-es","8":"product_cat-funzione-es","9":"product_cat-fleur-famiglia-es-fleur-concetto-es","10":"product_cat-tavolo-es","11":"materiale-materiale-plastico-es","12":"altezza-24-es","13":"larghezza-11-es","14":"profondita-11-es","15":"peso-035-es","16":"designer-prodotto-rodolfo-dordoni-es","18":"first","19":"instock","20":"shipping-taxable","21":"purchasable","22":"product-type-variable"},"acf":{"preview_slider":{"titolo":"","testo":"","video_domanda":false,"link_video":""},"prodotto__immagine_preview":{"immagine":223295},"prodotto__slider":{"sottotitolo":"Rodolfo Dordoni (2023)","titolo":"L\u00e1mpara de mesa port\u00e1til que combina poes\u00eda, funcionalidad y eficiencia energ\u00e9tica. La transparencia y ligereza del soporte de vidrio transparente, apto para contener agua y flores, se combinan con los refinados colores del cuerpo iluminador, dise\u00f1ado para emitir un amplio haz de luz sobre la base.","immagini":[{"immagine":310232,"immagine_mobile":""},{"immagine":310246,"immagine_mobile":""},{"immagine":310239,"immagine_mobile":""}]},"prodotto__slider_preview":null,"prodotto__specifiche":{"selezione":[{"scheda_tecnica":482815}]}},"yoast_head":"<!-- This site is optimized with the Yoast SEO Premium plugin v22.4 (Yoast SEO v23.7) - https:\/\/yoast.com\/wordpress\/plugins\/seo\/ -->\n<title>Fleur - Foscarini<\/title>\n<meta name=\"robots\" content=\"index, follow, max-snippet:-1, max-image-preview:large, max-video-preview:-1\" \/>\n<meta property=\"og:locale\" content=\"es_ES\" \/>\n<meta property=\"og:type\" content=\"article\" \/>\n<meta property=\"og:title\" content=\"Fleur\" \/>\n<meta property=\"og:description\" content=\"Una peque\u00f1a l\u00e1mpara de mesa port\u00e1til, recargable y regulable, que emite luz hacia abajo. Fleur se caracteriza por una elegante y cuidada proporci\u00f3n entre los dos vol\u00famenes que la componen: a la ligereza de la base de cristal transparente, que tiende a desaparecer de la vista, corresponde un cuerpo ligero y de fuerte presencia realizado en ABS pulido coloreado. Sofisticados colores dise\u00f1ados para combinar con distintas superficies. Cuando Fleur est\u00e1 encendida, la luz resalta el perfil del tallo de cristal y se difunde por la parte superior, iluminando la superficie alrededor de su base, al tiempo que crea un haz de luz m\u00e1s amplio que el de las l\u00e1mparas de pilas convencionales, gracias a la placa LED especialmente dise\u00f1ada. Fleur tambi\u00e9n es muy eficiente: solo consume 1 vatio, pero sus LED -de carga r\u00e1pida mediante toma USB-C- son capaces de emitir una luz brillante y variable gracias a un regulador t\u00e1ctil. La luz se puede ajustar en tres niveles o encender\/apagar. El producto viene con un cable USB-C para la carga de la bater\u00eda, cargador no incluido. Caja de embalaje con personalizaci\u00f3n gr\u00e1fica.\" \/>\n<meta property=\"og:url\" content=\"https:\/\/www.foscarini.us\/es\/producto\/fleur-std-t-es\/\" \/>\n<meta property=\"og:site_name\" content=\"Foscarini\" \/>\n<meta property=\"article:modified_time\" content=\"2025-10-17T13:24:36+00:00\" \/>\n<meta property=\"og:image\" content=\"https:\/\/www.foscarini.us\/wp-content\/uploads\/2025\/06\/fleur_t_burgundy_22_786x865-1.jpg\" \/>\n\t<meta property=\"og:image:width\" content=\"786\" \/>\n\t<meta property=\"og:image:height\" content=\"865\" \/>\n\t<meta property=\"og:image:type\" content=\"image\/jpeg\" \/>\n<meta name=\"twitter:card\" content=\"summary_large_image\" \/>\n<meta name=\"twitter:label1\" content=\"Tiempo de lectura\" \/>\n\t<meta name=\"twitter:data1\" content=\"1 minuto\" \/>\n<script type=\"application\/ld+json\" class=\"yoast-schema-graph\">{\"@context\":\"https:\/\/schema.org\",\"@graph\":[{\"@type\":\"WebPage\",\"@id\":\"https:\/\/www.foscarini.us\/es\/producto\/fleur-std-t-es\/\",\"url\":\"https:\/\/www.foscarini.us\/es\/producto\/fleur-std-t-es\/\",\"name\":\"Fleur - Foscarini\",\"isPartOf\":{\"@id\":\"https:\/\/www.foscarini.us\/#website\"},\"primaryImageOfPage\":{\"@id\":\"https:\/\/www.foscarini.us\/es\/producto\/fleur-std-t-es\/#primaryimage\"},\"image\":{\"@id\":\"https:\/\/www.foscarini.us\/es\/producto\/fleur-std-t-es\/#primaryimage\"},\"thumbnailUrl\":\"https:\/\/www.foscarini.us\/wp-content\/uploads\/2025\/06\/fleur_t_burgundy_22_786x865-1.jpg\",\"datePublished\":\"2024-04-08T14:48:11+00:00\",\"dateModified\":\"2025-10-17T13:24:36+00:00\",\"breadcrumb\":{\"@id\":\"https:\/\/www.foscarini.us\/es\/producto\/fleur-std-t-es\/#breadcrumb\"},\"inLanguage\":\"es-AR\",\"potentialAction\":[{\"@type\":\"ReadAction\",\"target\":[\"https:\/\/www.foscarini.us\/es\/producto\/fleur-std-t-es\/\"]}]},{\"@type\":\"ImageObject\",\"inLanguage\":\"es-AR\",\"@id\":\"https:\/\/www.foscarini.us\/es\/producto\/fleur-std-t-es\/#primaryimage\",\"url\":\"https:\/\/www.foscarini.us\/wp-content\/uploads\/2025\/06\/fleur_t_burgundy_22_786x865-1.jpg\",\"contentUrl\":\"https:\/\/www.foscarini.us\/wp-content\/uploads\/2025\/06\/fleur_t_burgundy_22_786x865-1.jpg\",\"width\":786,\"height\":865},{\"@type\":\"BreadcrumbList\",\"@id\":\"https:\/\/www.foscarini.us\/es\/producto\/fleur-std-t-es\/#breadcrumb\",\"itemListElement\":[{\"@type\":\"ListItem\",\"position\":1,\"name\":\"Home\",\"item\":\"https:\/\/www.foscarini.us\/es\/\"},{\"@type\":\"ListItem\",\"position\":2,\"name\":\"Tienda\",\"item\":\"https:\/\/www.foscarini.us\/es\/tienda\/\"},{\"@type\":\"ListItem\",\"position\":3,\"name\":\"Fleur\"}]},{\"@type\":\"WebSite\",\"@id\":\"https:\/\/www.foscarini.us\/#website\",\"url\":\"https:\/\/www.foscarini.us\/\",\"name\":\"Foscarini\",\"description\":\"\",\"potentialAction\":[{\"@type\":\"SearchAction\",\"target\":{\"@type\":\"EntryPoint\",\"urlTemplate\":\"https:\/\/www.foscarini.us\/?s={search_term_string}\"},\"query-input\":{\"@type\":\"PropertyValueSpecification\",\"valueRequired\":true,\"valueName\":\"search_term_string\"}}],\"inLanguage\":\"es-AR\"}]}<\/script>\n<!-- \/ Yoast SEO Premium plugin. -->","yoast_head_json":{"title":"Fleur - Foscarini","robots":{"index":"index","follow":"follow","max-snippet":"max-snippet:-1","max-image-preview":"max-image-preview:large","max-video-preview":"max-video-preview:-1"},"og_locale":"es_ES","og_type":"article","og_title":"Fleur","og_description":"Una peque\u00f1a l\u00e1mpara de mesa port\u00e1til, recargable y regulable, que emite luz hacia abajo. Fleur se caracteriza por una elegante y cuidada proporci\u00f3n entre los dos vol\u00famenes que la componen: a la ligereza de la base de cristal transparente, que tiende a desaparecer de la vista, corresponde un cuerpo ligero y de fuerte presencia realizado en ABS pulido coloreado. Sofisticados colores dise\u00f1ados para combinar con distintas superficies. Cuando Fleur est\u00e1 encendida, la luz resalta el perfil del tallo de cristal y se difunde por la parte superior, iluminando la superficie alrededor de su base, al tiempo que crea un haz de luz m\u00e1s amplio que el de las l\u00e1mparas de pilas convencionales, gracias a la placa LED especialmente dise\u00f1ada. Fleur tambi\u00e9n es muy eficiente: solo consume 1 vatio, pero sus LED -de carga r\u00e1pida mediante toma USB-C- son capaces de emitir una luz brillante y variable gracias a un regulador t\u00e1ctil. La luz se puede ajustar en tres niveles o encender\/apagar. El producto viene con un cable USB-C para la carga de la bater\u00eda, cargador no incluido. Caja de embalaje con personalizaci\u00f3n gr\u00e1fica.","og_url":"https:\/\/www.foscarini.us\/es\/producto\/fleur-std-t-es\/","og_site_name":"Foscarini","article_modified_time":"2025-10-17T13:24:36+00:00","og_image":[{"width":786,"height":865,"url":"https:\/\/www.foscarini.us\/wp-content\/uploads\/2025\/06\/fleur_t_burgundy_22_786x865-1.jpg","type":"image\/jpeg"}],"twitter_card":"summary_large_image","twitter_misc":{"Tiempo de lectura":"1 minuto"},"schema":{"@context":"https:\/\/schema.org","@graph":[{"@type":"WebPage","@id":"https:\/\/www.foscarini.us\/es\/producto\/fleur-std-t-es\/","url":"https:\/\/www.foscarini.us\/es\/producto\/fleur-std-t-es\/","name":"Fleur - Foscarini","isPartOf":{"@id":"https:\/\/www.foscarini.us\/#website"},"primaryImageOfPage":{"@id":"https:\/\/www.foscarini.us\/es\/producto\/fleur-std-t-es\/#primaryimage"},"image":{"@id":"https:\/\/www.foscarini.us\/es\/producto\/fleur-std-t-es\/#primaryimage"},"thumbnailUrl":"https:\/\/www.foscarini.us\/wp-content\/uploads\/2025\/06\/fleur_t_burgundy_22_786x865-1.jpg","datePublished":"2024-04-08T14:48:11+00:00","dateModified":"2025-10-17T13:24:36+00:00","breadcrumb":{"@id":"https:\/\/www.foscarini.us\/es\/producto\/fleur-std-t-es\/#breadcrumb"},"inLanguage":"es-AR","potentialAction":[{"@type":"ReadAction","target":["https:\/\/www.foscarini.us\/es\/producto\/fleur-std-t-es\/"]}]},{"@type":"ImageObject","inLanguage":"es-AR","@id":"https:\/\/www.foscarini.us\/es\/producto\/fleur-std-t-es\/#primaryimage","url":"https:\/\/www.foscarini.us\/wp-content\/uploads\/2025\/06\/fleur_t_burgundy_22_786x865-1.jpg","contentUrl":"https:\/\/www.foscarini.us\/wp-content\/uploads\/2025\/06\/fleur_t_burgundy_22_786x865-1.jpg","width":786,"height":865},{"@type":"BreadcrumbList","@id":"https:\/\/www.foscarini.us\/es\/producto\/fleur-std-t-es\/#breadcrumb","itemListElement":[{"@type":"ListItem","position":1,"name":"Home","item":"https:\/\/www.foscarini.us\/es\/"},{"@type":"ListItem","position":2,"name":"Tienda","item":"https:\/\/www.foscarini.us\/es\/tienda\/"},{"@type":"ListItem","position":3,"name":"Fleur"}]},{"@type":"WebSite","@id":"https:\/\/www.foscarini.us\/#website","url":"https:\/\/www.foscarini.us\/","name":"Foscarini","description":"","potentialAction":[{"@type":"SearchAction","target":{"@type":"EntryPoint","urlTemplate":"https:\/\/www.foscarini.us\/?s={search_term_string}"},"query-input":{"@type":"PropertyValueSpecification","valueRequired":true,"valueName":"search_term_string"}}],"inLanguage":"es-AR"}]}},"_links":{"self":[{"href":"https:\/\/www.foscarini.us\/es\/wp-json\/wp\/v2\/product\/217549"}],"collection":[{"href":"https:\/\/www.foscarini.us\/es\/wp-json\/wp\/v2\/product"}],"about":[{"href":"https:\/\/www.foscarini.us\/es\/wp-json\/wp\/v2\/types\/product"}],"replies":[{"embeddable":true,"href":"https:\/\/www.foscarini.us\/es\/wp-json\/wp\/v2\/comments?post=217549"}],"wp:featuredmedia":[{"embeddable":true,"href":"https:\/\/www.foscarini.us\/es\/wp-json\/wp\/v2\/media\/446174"}],"wp:attachment":[{"href":"https:\/\/www.foscarini.us\/es\/wp-json\/wp\/v2\/media?parent=217549"}],"wp:term":[{"taxonomy":"product_cat","embeddable":true,"href":"https:\/\/www.foscarini.us\/es\/wp-json\/wp\/v2\/product_cat?post=217549"},{"taxonomy":"product_tag","embeddable":true,"href":"https:\/\/www.foscarini.us\/es\/wp-json\/wp\/v2\/product_tag?post=217549"},{"taxonomy":"materiale","embeddable":true,"href":"https:\/\/www.foscarini.us\/es\/wp-json\/wp\/v2\/materiale?post=217549"},{"taxonomy":"altezza","embeddable":true,"href":"https:\/\/www.foscarini.us\/es\/wp-json\/wp\/v2\/altezza?post=217549"},{"taxonomy":"larghezza","embeddable":true,"href":"https:\/\/www.foscarini.us\/es\/wp-json\/wp\/v2\/larghezza?post=217549"},{"taxonomy":"profondita","embeddable":true,"href":"https:\/\/www.foscarini.us\/es\/wp-json\/wp\/v2\/profondita?post=217549"},{"taxonomy":"peso","embeddable":true,"href":"https:\/\/www.foscarini.us\/es\/wp-json\/wp\/v2\/peso?post=217549"},{"taxonomy":"designer-prodotto","embeddable":true,"href":"https:\/\/www.foscarini.us\/es\/wp-json\/wp\/v2\/designer-prodotto?post=217549"}],"curies":[{"name":"wp","href":"https:\/\/api.w.org\/{rel}","templated":true}]}}