{"id":195312,"date":"2024-03-28T17:54:05","date_gmt":"2024-03-28T17:54:05","guid":{"rendered":"https:\/\/www.foscarini.us\/product\/chouchin-1-chouchin-s\/"},"modified":"2025-10-17T13:12:19","modified_gmt":"2025-10-17T13:12:19","slug":"chouchin-1-chouchin-s-es","status":"publish","type":"product","link":"https:\/\/www.foscarini.us\/es\/producto\/chouchin-1-chouchin-s-es\/","title":{"rendered":"Chouchin 1"},"content":{"rendered":"<p>Lampade a sospensione in vetro soffiato che richiamano le tipiche lanterne giapponesi, rivisitate in chiave contemporanea. Chouchin 1 ha un caldo colore arancio, impermeabile alla luce, mentre la parte inferiore bianca si illumina creando un anello di luce.<\/p><section class=\"pdp__slider full-height-vh\">\n    <div class=\"swiper-container swiper__pdp\">\n        <div class=\"swiper-wrapper full-height\">\n                                <div class=\"swiper-slide\">\n                                                    <img decoding=\"async\" class=\"full-cover\" src=\"https:\/\/www.foscarini.us\/wp-content\/uploads\/2024\/03\/3.1_Chouchin1-1-150x150.jpg\" srcset=\"https:\/\/www.foscarini.us\/wp-content\/uploads\/2024\/03\/3.1_Chouchin1-1-300x200.jpg 300w, https:\/\/www.foscarini.us\/wp-content\/uploads\/2024\/03\/3.1_Chouchin1-1-1024x683.jpg 1024w, https:\/\/www.foscarini.us\/wp-content\/uploads\/2024\/03\/3.1_Chouchin1-1-768x512.jpg 768w, https:\/\/www.foscarini.us\/wp-content\/uploads\/2024\/03\/3.1_Chouchin1-1-1536x1024.jpg 1536w, https:\/\/www.foscarini.us\/wp-content\/uploads\/2024\/03\/3.1_Chouchin1-1-2048x1365.jpg 2048w, https:\/\/www.foscarini.us\/wp-content\/uploads\/2024\/03\/3.1_Chouchin1-1-800x533.jpg 800w\" alt=\"\" \/>\n                                                                        <\/div>\n                                        <div class=\"swiper-slide\">\n                                                    <img decoding=\"async\" class=\"full-cover\" src=\"https:\/\/www.foscarini.us\/wp-content\/uploads\/2024\/03\/3.2_Chouchin1-1-150x150.jpg\" srcset=\"https:\/\/www.foscarini.us\/wp-content\/uploads\/2024\/03\/3.2_Chouchin1-1-300x200.jpg 300w, https:\/\/www.foscarini.us\/wp-content\/uploads\/2024\/03\/3.2_Chouchin1-1-1024x683.jpg 1024w, https:\/\/www.foscarini.us\/wp-content\/uploads\/2024\/03\/3.2_Chouchin1-1-768x512.jpg 768w, https:\/\/www.foscarini.us\/wp-content\/uploads\/2024\/03\/3.2_Chouchin1-1-1536x1024.jpg 1536w, https:\/\/www.foscarini.us\/wp-content\/uploads\/2024\/03\/3.2_Chouchin1-1-2048x1365.jpg 2048w, https:\/\/www.foscarini.us\/wp-content\/uploads\/2024\/03\/3.2_Chouchin1-1-800x533.jpg 800w\" alt=\"\" \/>\n                                                                        <\/div>\n                                        <div class=\"swiper-slide\">\n                                                    <img decoding=\"async\" class=\"full-cover\" src=\"https:\/\/www.foscarini.us\/wp-content\/uploads\/2024\/03\/3.4_Chouchin1-1-150x150.jpg\" srcset=\"https:\/\/www.foscarini.us\/wp-content\/uploads\/2024\/03\/3.4_Chouchin1-1-199x300.jpg 199w, https:\/\/www.foscarini.us\/wp-content\/uploads\/2024\/03\/3.4_Chouchin1-1-678x1024.jpg 678w, https:\/\/www.foscarini.us\/wp-content\/uploads\/2024\/03\/3.4_Chouchin1-1-768x1160.jpg 768w, https:\/\/www.foscarini.us\/wp-content\/uploads\/2024\/03\/3.4_Chouchin1-1-800x1208.jpg 800w, https:\/\/www.foscarini.us\/wp-content\/uploads\/2024\/03\/3.4_Chouchin1-1.jpg 980w\" alt=\"\" \/>\n                                                                        <\/div>\n                                        <div class=\"swiper-slide\">\n                                                    <img decoding=\"async\" class=\"full-cover\" src=\"https:\/\/www.foscarini.us\/wp-content\/uploads\/2024\/03\/3.9_Chouchin1-1-150x150.jpg\" srcset=\"https:\/\/www.foscarini.us\/wp-content\/uploads\/2024\/03\/3.9_Chouchin1-1-199x300.jpg 199w, https:\/\/www.foscarini.us\/wp-content\/uploads\/2024\/03\/3.9_Chouchin1-1-678x1024.jpg 678w, https:\/\/www.foscarini.us\/wp-content\/uploads\/2024\/03\/3.9_Chouchin1-1-768x1160.jpg 768w, https:\/\/www.foscarini.us\/wp-content\/uploads\/2024\/03\/3.9_Chouchin1-1-800x1208.jpg 800w, https:\/\/www.foscarini.us\/wp-content\/uploads\/2024\/03\/3.9_Chouchin1-1.jpg 980w\" alt=\"\" \/>\n                                                                        <\/div>\n                                        <div class=\"swiper-slide\">\n                                                    <img decoding=\"async\" class=\"full-cover\" src=\"https:\/\/www.foscarini.us\/wp-content\/uploads\/2024\/03\/3.10_Chouchin1-1-150x150.jpg\" srcset=\"https:\/\/www.foscarini.us\/wp-content\/uploads\/2024\/03\/3.10_Chouchin1-1-199x300.jpg 199w, https:\/\/www.foscarini.us\/wp-content\/uploads\/2024\/03\/3.10_Chouchin1-1-678x1024.jpg 678w, https:\/\/www.foscarini.us\/wp-content\/uploads\/2024\/03\/3.10_Chouchin1-1-768x1160.jpg 768w, https:\/\/www.foscarini.us\/wp-content\/uploads\/2024\/03\/3.10_Chouchin1-1-800x1208.jpg 800w, https:\/\/www.foscarini.us\/wp-content\/uploads\/2024\/03\/3.10_Chouchin1-1.jpg 980w\" alt=\"\" \/>\n                                                                        <\/div>\n                            <\/div>\n    <\/div>\n    <div class=\"swiper-scrollbar\"><\/div>\n    <div class=\"ct-arrow\">\n        <div class=\"swiper-button-prev\"><\/div>\n        <div class=\"swiper-button-next\"><\/div>\n    <\/div>\n<\/section><section class=\"concept__project_comunication full-height-vh\">\n    <div class=\"row row-large\">\n        <div class=\"medium-12 small-12 columns full-height no-padding-right-mobile\">\n            <div class=\"ct-image-text-lateral\">\n                <div class=\"ct-arrow\">\n                    <div class=\"swiper-button-prev\" aria-label=\"previous slide\"><\/div>\n                    <div class=\"swiper-button-next\" aria-label=\"next slide\"><\/div>\n                <\/div>\n                <span class=\"section-name-lateral\">Contenidos Editoriales<\/span>\n                <!-- Swiper -->\n                <div class=\"swiper-container swiper__concept__comunication\">\n                    <div class=\"swiper-wrapper\">\n                                                            <div class=\"swiper-slide\">\n                                        <div class=\"ct-slide\">\n                                                                                                <img decoding=\"async\" class=\"full-cover\" src=\"https:\/\/www.foscarini.us\/wp-content\/uploads\/2024\/12\/BANNER_NEWS-150x150.jpg\" srcset=\"https:\/\/www.foscarini.us\/wp-content\/uploads\/2024\/12\/BANNER_NEWS-300x220.jpg 300w, https:\/\/www.foscarini.us\/wp-content\/uploads\/2024\/12\/BANNER_NEWS-1024x752.jpg 1024w, https:\/\/www.foscarini.us\/wp-content\/uploads\/2024\/12\/BANNER_NEWS-768x564.jpg 768w, https:\/\/www.foscarini.us\/wp-content\/uploads\/2024\/12\/BANNER_NEWS-1536x1128.jpg 1536w, https:\/\/www.foscarini.us\/wp-content\/uploads\/2024\/12\/BANNER_NEWS-800x587.jpg 800w, https:\/\/www.foscarini.us\/wp-content\/uploads\/2024\/12\/BANNER_NEWS.jpg 1640w\" alt=\"\" \/>\n                                                                                                <div class=\"ct-col-right\">\n                                                <div class=\"ct-link\">\n                                                    <a class=\"link-arrow\" href=\"https:\/\/www.foscarini.us\/es\/giona-maiarelli-foscarini\/\">Collages que reensamblan la realidad para tocar las emociones<\/a>\n                                                    <div class=\"text-1\"><p>La \u00faltima serie de Giona Maiarelli para What\u2019s in a Lamp? combina culturas italianas y estadounidenses, utilizando collages para reinterpretar las ic\u00f3nicas l\u00e1mparas de Foscarini. Mezcla im\u00e1genes de revistas antiguas, libros y fotograf\u00edas, reimaginadas a trav\u00e9s del lente de la memoria y la imaginaci\u00f3n.<\/p>\n<\/div>\n                                                <\/div>\n                                            <\/div>\n                                        <\/div>\n                                    <\/div>\n                                                                        <div class=\"swiper-slide\">\n                                        <div class=\"ct-slide\">\n                                                                                                <img decoding=\"async\" class=\"full-cover\" src=\"https:\/\/www.foscarini.us\/wp-content\/uploads\/2024\/08\/BANNER_NEWSinventario-150x150.jpg\" srcset=\"https:\/\/www.foscarini.us\/wp-content\/uploads\/2024\/08\/BANNER_NEWSinventario-300x220.jpg 300w, https:\/\/www.foscarini.us\/wp-content\/uploads\/2024\/08\/BANNER_NEWSinventario-1024x752.jpg 1024w, https:\/\/www.foscarini.us\/wp-content\/uploads\/2024\/08\/BANNER_NEWSinventario-768x564.jpg 768w, https:\/\/www.foscarini.us\/wp-content\/uploads\/2024\/08\/BANNER_NEWSinventario-1536x1128.jpg 1536w, https:\/\/www.foscarini.us\/wp-content\/uploads\/2024\/08\/BANNER_NEWSinventario-800x587.jpg 800w, https:\/\/www.foscarini.us\/wp-content\/uploads\/2024\/08\/BANNER_NEWSinventario.jpg 1640w\" alt=\"\" \/>\n                                                                                                <div class=\"ct-col-right\">\n                                                <div class=\"ct-link\">\n                                                    <a class=\"link-arrow\" href=\"https:\/\/www.foscarini.us\/es\/dioramas-antje-damm-foscarini\/\">Peque\u00f1as historias iluminadas<\/a>\n                                                    <div class=\"text-1\"><p>Antje Damm enriquece el proyecto &#8220;What&#8217;s in a Lamp?&#8221; con encantadores dioramas en los que las l\u00e1mparas son protagonistas de narraciones sugerentes, que cobran vida dentro de cajas de cerillas.<\/p>\n<\/div>\n                                                <\/div>\n                                            <\/div>\n                                        <\/div>\n                                    <\/div>\n                                                                        <div class=\"swiper-slide\">\n                                        <div class=\"ct-slide\">\n                                                                                                <img decoding=\"async\" class=\"full-cover\" src=\"https:\/\/www.foscarini.us\/wp-content\/uploads\/2023\/12\/Inventario05-150x150.jpg\" srcset=\"https:\/\/www.foscarini.us\/wp-content\/uploads\/2023\/12\/Inventario05-232x300.jpg 232w, https:\/\/www.foscarini.us\/wp-content\/uploads\/2023\/12\/Inventario05-768x992.jpg 768w, https:\/\/www.foscarini.us\/wp-content\/uploads\/2023\/12\/Inventario05-600x775.jpg 600w, https:\/\/www.foscarini.us\/wp-content\/uploads\/2023\/12\/Inventario05.jpg 776w\" alt=\"\" \/>\n                                                                                                <div class=\"ct-col-right\">\n                                                <div class=\"ct-link\">\n                                                    <a class=\"link-arrow\" href=\"https:\/\/www.foscarini.us\/es\/inventario\/inventario-05\/\">Inventario \u00b005<\/a>\n                                                    <div class=\"text-1\"><p>Un n\u00famero que se centra en la ligereza, ox\u00edgeno para la mente y don para la creatividad, como ense\u00f1aba Bruno Munari.<\/p>\n<\/div>\n                                                <\/div>\n                                            <\/div>\n                                        <\/div>\n                                    <\/div>\n                                                        <\/div>\n                <\/div>\n            <\/div>\n        <\/div>\n    <\/div>\n<\/section><section class=\"bg__subtitle_and_link_and_text bg-full\" style=\"background-image: url(https:\/\/www.foscarini.us\/wp-content\/uploads\/2024\/03\/4.1_Chouchin1-scaled.jpg);\">\n    <div class=\"row full-height-vh\">\n        <div class=\"medium-6 medium-offset-6 small-12 columns\">\n            <span class=\"subtitle\">VISUALIZA ENCENDIDA Y APAGADA<\/span>\n        <\/div>\n        <div class=\"medium-6 medium-offset-6 small-12 columns align-self-bottom\">\n            <div class=\"ct-text\">\n                <a class=\"link-arrow title-little no-link\" href=\"\"><\/a>\n                <div class=\"text-2 js-heading\"><\/div>\n            <\/div>\n        <\/div>\n    <\/div>\n<\/section>","protected":false},"excerpt":{"rendered":"<p>L\u00e1mpara de suspensi\u00f3n de luz directa. Tres modelos, coordinables entre ellos, que juegan sobre el contraste entre el vidrio soplado pintado brillante, con colores c\u00e1lidos y pastosos impermeables a la luz, y la parte inferior blanca que se ilumina y propaga la luz hacia abajo. El difusor en vidrio encamisado soplado a boca est\u00e1 pintado con l\u00edquido que cubre con acabado brillante. Soporte del difusor en policarbonato transparente moldeado por inyecci\u00f3n, cable de suspensi\u00f3n en acero inoxidable y cable el\u00e9ctrico transparente. Flor\u00f3n de techo con estribo de metal cincado y cobertura en ABS coloreado en el compuesto de moldeo blanco brillante. Disponible kit para la descentralizaci\u00f3n del flor\u00f3n.<\/p>\n","protected":false},"featured_media":484757,"comment_status":"open","ping_status":"closed","template":"","meta":{"_acf_changed":true},"product_cat":[1016,5381,653,719,744],"product_tag":[],"materiale":[8157],"altezza":[7519],"larghezza":[8183],"profondita":[8437],"peso":[9981],"designer-prodotto":[7814],"class_list":{"0":"post-195312","1":"product","2":"type-product","3":"status-publish","4":"has-post-thumbnail","6":"product_cat-chouchin-concetto-es","7":"product_cat-chouchin-famiglia-es","8":"product_cat-concetto-es","9":"product_cat-funzione-es","10":"product_cat-sospensione-es","11":"materiale-vetro-e-vetro-soffiato-es","12":"altezza-12-14-es","13":"larghezza-15-78-es","14":"profondita-15-78-es","15":"peso-44-es","16":"designer-prodotto-ionna-vautrin-es","18":"first","19":"instock","20":"shipping-taxable","21":"purchasable","22":"product-type-variable"},"acf":{"preview_slider":{"titolo":"","testo":"","video_domanda":false,"link_video":""},"prodotto__immagine_preview":{"immagine":222621},"prodotto__slider":{"sottotitolo":"Ionna Vautrin (2011)","titolo":"L\u00e1mparas de suspensi\u00f3n en vidrio soplado que recuerdan las t\u00edpicas linternas japonesas, actualizadas en clave contempor\u00e1nea. Chouchin 1 se caracteriza por un c\u00e1lido color naranja, impermeable a la luz, mientras la parte inferior blanca se ilumina creando un anillo de luz.","immagini":[{"immagine":309670,"immagine_mobile":""}]},"prodotto__slider_preview":null,"prodotto__specifiche":{"selezione":[{"scheda_tecnica":482592},{"scheda_tecnica":482593}]}},"yoast_head":"<!-- This site is optimized with the Yoast SEO Premium plugin v22.4 (Yoast SEO v23.7) - https:\/\/yoast.com\/wordpress\/plugins\/seo\/ -->\n<title>Chouchin 1 - Foscarini<\/title>\n<meta name=\"robots\" content=\"index, follow, max-snippet:-1, max-image-preview:large, max-video-preview:-1\" \/>\n<meta property=\"og:locale\" content=\"es_ES\" \/>\n<meta property=\"og:type\" content=\"article\" \/>\n<meta property=\"og:title\" content=\"Chouchin 1\" \/>\n<meta property=\"og:description\" content=\"L\u00e1mpara de suspensi\u00f3n de luz directa. Tres modelos, coordinables entre ellos, que juegan sobre el contraste entre el vidrio soplado pintado brillante, con colores c\u00e1lidos y pastosos impermeables a la luz, y la parte inferior blanca que se ilumina y propaga la luz hacia abajo. El difusor en vidrio encamisado soplado a boca est\u00e1 pintado con l\u00edquido que cubre con acabado brillante. Soporte del difusor en policarbonato transparente moldeado por inyecci\u00f3n, cable de suspensi\u00f3n en acero inoxidable y cable el\u00e9ctrico transparente. Flor\u00f3n de techo con estribo de metal cincado y cobertura en ABS coloreado en el compuesto de moldeo blanco brillante. Disponible kit para la descentralizaci\u00f3n del flor\u00f3n.\" \/>\n<meta property=\"og:url\" content=\"https:\/\/www.foscarini.us\/es\/producto\/chouchin-1-chouchin-s-es\/\" \/>\n<meta property=\"og:site_name\" content=\"Foscarini\" \/>\n<meta property=\"article:modified_time\" content=\"2025-10-17T13:12:19+00:00\" \/>\n<meta property=\"og:image\" content=\"https:\/\/www.foscarini.us\/wp-content\/uploads\/2025\/06\/chouchin-1_s_orange_22_786x865-3.jpg\" \/>\n\t<meta property=\"og:image:width\" content=\"786\" \/>\n\t<meta property=\"og:image:height\" content=\"865\" \/>\n\t<meta property=\"og:image:type\" content=\"image\/jpeg\" \/>\n<meta name=\"twitter:card\" content=\"summary_large_image\" \/>\n<meta name=\"twitter:label1\" content=\"Tiempo de lectura\" \/>\n\t<meta name=\"twitter:data1\" content=\"1 minuto\" \/>\n<script type=\"application\/ld+json\" class=\"yoast-schema-graph\">{\"@context\":\"https:\/\/schema.org\",\"@graph\":[{\"@type\":\"WebPage\",\"@id\":\"https:\/\/www.foscarini.us\/es\/producto\/chouchin-1-chouchin-s-es\/\",\"url\":\"https:\/\/www.foscarini.us\/es\/producto\/chouchin-1-chouchin-s-es\/\",\"name\":\"Chouchin 1 - Foscarini\",\"isPartOf\":{\"@id\":\"https:\/\/www.foscarini.us\/#website\"},\"primaryImageOfPage\":{\"@id\":\"https:\/\/www.foscarini.us\/es\/producto\/chouchin-1-chouchin-s-es\/#primaryimage\"},\"image\":{\"@id\":\"https:\/\/www.foscarini.us\/es\/producto\/chouchin-1-chouchin-s-es\/#primaryimage\"},\"thumbnailUrl\":\"https:\/\/www.foscarini.us\/wp-content\/uploads\/2025\/06\/chouchin-1_s_orange_22_786x865-3.jpg\",\"datePublished\":\"2024-03-28T17:54:05+00:00\",\"dateModified\":\"2025-10-17T13:12:19+00:00\",\"breadcrumb\":{\"@id\":\"https:\/\/www.foscarini.us\/es\/producto\/chouchin-1-chouchin-s-es\/#breadcrumb\"},\"inLanguage\":\"es-AR\",\"potentialAction\":[{\"@type\":\"ReadAction\",\"target\":[\"https:\/\/www.foscarini.us\/es\/producto\/chouchin-1-chouchin-s-es\/\"]}]},{\"@type\":\"ImageObject\",\"inLanguage\":\"es-AR\",\"@id\":\"https:\/\/www.foscarini.us\/es\/producto\/chouchin-1-chouchin-s-es\/#primaryimage\",\"url\":\"https:\/\/www.foscarini.us\/wp-content\/uploads\/2025\/06\/chouchin-1_s_orange_22_786x865-3.jpg\",\"contentUrl\":\"https:\/\/www.foscarini.us\/wp-content\/uploads\/2025\/06\/chouchin-1_s_orange_22_786x865-3.jpg\",\"width\":786,\"height\":865},{\"@type\":\"BreadcrumbList\",\"@id\":\"https:\/\/www.foscarini.us\/es\/producto\/chouchin-1-chouchin-s-es\/#breadcrumb\",\"itemListElement\":[{\"@type\":\"ListItem\",\"position\":1,\"name\":\"Home\",\"item\":\"https:\/\/www.foscarini.us\/es\/\"},{\"@type\":\"ListItem\",\"position\":2,\"name\":\"Tienda\",\"item\":\"https:\/\/www.foscarini.us\/es\/tienda\/\"},{\"@type\":\"ListItem\",\"position\":3,\"name\":\"Chouchin 1\"}]},{\"@type\":\"WebSite\",\"@id\":\"https:\/\/www.foscarini.us\/#website\",\"url\":\"https:\/\/www.foscarini.us\/\",\"name\":\"Foscarini\",\"description\":\"\",\"potentialAction\":[{\"@type\":\"SearchAction\",\"target\":{\"@type\":\"EntryPoint\",\"urlTemplate\":\"https:\/\/www.foscarini.us\/?s={search_term_string}\"},\"query-input\":{\"@type\":\"PropertyValueSpecification\",\"valueRequired\":true,\"valueName\":\"search_term_string\"}}],\"inLanguage\":\"es-AR\"}]}<\/script>\n<!-- \/ Yoast SEO Premium plugin. -->","yoast_head_json":{"title":"Chouchin 1 - Foscarini","robots":{"index":"index","follow":"follow","max-snippet":"max-snippet:-1","max-image-preview":"max-image-preview:large","max-video-preview":"max-video-preview:-1"},"og_locale":"es_ES","og_type":"article","og_title":"Chouchin 1","og_description":"L\u00e1mpara de suspensi\u00f3n de luz directa. Tres modelos, coordinables entre ellos, que juegan sobre el contraste entre el vidrio soplado pintado brillante, con colores c\u00e1lidos y pastosos impermeables a la luz, y la parte inferior blanca que se ilumina y propaga la luz hacia abajo. El difusor en vidrio encamisado soplado a boca est\u00e1 pintado con l\u00edquido que cubre con acabado brillante. Soporte del difusor en policarbonato transparente moldeado por inyecci\u00f3n, cable de suspensi\u00f3n en acero inoxidable y cable el\u00e9ctrico transparente. Flor\u00f3n de techo con estribo de metal cincado y cobertura en ABS coloreado en el compuesto de moldeo blanco brillante. Disponible kit para la descentralizaci\u00f3n del flor\u00f3n.","og_url":"https:\/\/www.foscarini.us\/es\/producto\/chouchin-1-chouchin-s-es\/","og_site_name":"Foscarini","article_modified_time":"2025-10-17T13:12:19+00:00","og_image":[{"width":786,"height":865,"url":"https:\/\/www.foscarini.us\/wp-content\/uploads\/2025\/06\/chouchin-1_s_orange_22_786x865-3.jpg","type":"image\/jpeg"}],"twitter_card":"summary_large_image","twitter_misc":{"Tiempo de lectura":"1 minuto"},"schema":{"@context":"https:\/\/schema.org","@graph":[{"@type":"WebPage","@id":"https:\/\/www.foscarini.us\/es\/producto\/chouchin-1-chouchin-s-es\/","url":"https:\/\/www.foscarini.us\/es\/producto\/chouchin-1-chouchin-s-es\/","name":"Chouchin 1 - Foscarini","isPartOf":{"@id":"https:\/\/www.foscarini.us\/#website"},"primaryImageOfPage":{"@id":"https:\/\/www.foscarini.us\/es\/producto\/chouchin-1-chouchin-s-es\/#primaryimage"},"image":{"@id":"https:\/\/www.foscarini.us\/es\/producto\/chouchin-1-chouchin-s-es\/#primaryimage"},"thumbnailUrl":"https:\/\/www.foscarini.us\/wp-content\/uploads\/2025\/06\/chouchin-1_s_orange_22_786x865-3.jpg","datePublished":"2024-03-28T17:54:05+00:00","dateModified":"2025-10-17T13:12:19+00:00","breadcrumb":{"@id":"https:\/\/www.foscarini.us\/es\/producto\/chouchin-1-chouchin-s-es\/#breadcrumb"},"inLanguage":"es-AR","potentialAction":[{"@type":"ReadAction","target":["https:\/\/www.foscarini.us\/es\/producto\/chouchin-1-chouchin-s-es\/"]}]},{"@type":"ImageObject","inLanguage":"es-AR","@id":"https:\/\/www.foscarini.us\/es\/producto\/chouchin-1-chouchin-s-es\/#primaryimage","url":"https:\/\/www.foscarini.us\/wp-content\/uploads\/2025\/06\/chouchin-1_s_orange_22_786x865-3.jpg","contentUrl":"https:\/\/www.foscarini.us\/wp-content\/uploads\/2025\/06\/chouchin-1_s_orange_22_786x865-3.jpg","width":786,"height":865},{"@type":"BreadcrumbList","@id":"https:\/\/www.foscarini.us\/es\/producto\/chouchin-1-chouchin-s-es\/#breadcrumb","itemListElement":[{"@type":"ListItem","position":1,"name":"Home","item":"https:\/\/www.foscarini.us\/es\/"},{"@type":"ListItem","position":2,"name":"Tienda","item":"https:\/\/www.foscarini.us\/es\/tienda\/"},{"@type":"ListItem","position":3,"name":"Chouchin 1"}]},{"@type":"WebSite","@id":"https:\/\/www.foscarini.us\/#website","url":"https:\/\/www.foscarini.us\/","name":"Foscarini","description":"","potentialAction":[{"@type":"SearchAction","target":{"@type":"EntryPoint","urlTemplate":"https:\/\/www.foscarini.us\/?s={search_term_string}"},"query-input":{"@type":"PropertyValueSpecification","valueRequired":true,"valueName":"search_term_string"}}],"inLanguage":"es-AR"}]}},"_links":{"self":[{"href":"https:\/\/www.foscarini.us\/es\/wp-json\/wp\/v2\/product\/195312"}],"collection":[{"href":"https:\/\/www.foscarini.us\/es\/wp-json\/wp\/v2\/product"}],"about":[{"href":"https:\/\/www.foscarini.us\/es\/wp-json\/wp\/v2\/types\/product"}],"replies":[{"embeddable":true,"href":"https:\/\/www.foscarini.us\/es\/wp-json\/wp\/v2\/comments?post=195312"}],"wp:featuredmedia":[{"embeddable":true,"href":"https:\/\/www.foscarini.us\/es\/wp-json\/wp\/v2\/media\/484757"}],"wp:attachment":[{"href":"https:\/\/www.foscarini.us\/es\/wp-json\/wp\/v2\/media?parent=195312"}],"wp:term":[{"taxonomy":"product_cat","embeddable":true,"href":"https:\/\/www.foscarini.us\/es\/wp-json\/wp\/v2\/product_cat?post=195312"},{"taxonomy":"product_tag","embeddable":true,"href":"https:\/\/www.foscarini.us\/es\/wp-json\/wp\/v2\/product_tag?post=195312"},{"taxonomy":"materiale","embeddable":true,"href":"https:\/\/www.foscarini.us\/es\/wp-json\/wp\/v2\/materiale?post=195312"},{"taxonomy":"altezza","embeddable":true,"href":"https:\/\/www.foscarini.us\/es\/wp-json\/wp\/v2\/altezza?post=195312"},{"taxonomy":"larghezza","embeddable":true,"href":"https:\/\/www.foscarini.us\/es\/wp-json\/wp\/v2\/larghezza?post=195312"},{"taxonomy":"profondita","embeddable":true,"href":"https:\/\/www.foscarini.us\/es\/wp-json\/wp\/v2\/profondita?post=195312"},{"taxonomy":"peso","embeddable":true,"href":"https:\/\/www.foscarini.us\/es\/wp-json\/wp\/v2\/peso?post=195312"},{"taxonomy":"designer-prodotto","embeddable":true,"href":"https:\/\/www.foscarini.us\/es\/wp-json\/wp\/v2\/designer-prodotto?post=195312"}],"curies":[{"name":"wp","href":"https:\/\/api.w.org\/{rel}","templated":true}]}}