{"id":195262,"date":"2024-03-28T17:56:00","date_gmt":"2024-03-28T17:56:00","guid":{"rendered":"https:\/\/www.foscarini.us\/product\/chouchin-3-semi-chouchin-w\/"},"modified":"2025-10-17T13:19:48","modified_gmt":"2025-10-17T13:19:48","slug":"chouchin-3-semi-chouchin-w-es","status":"publish","type":"product","link":"https:\/\/www.foscarini.us\/es\/producto\/chouchin-3-semi-chouchin-w-es\/","title":{"rendered":"Chouchin Semi"},"content":{"rendered":"<section class=\"pdp__slider full-height-vh\">\n    <div class=\"swiper-container swiper__pdp\">\n        <div class=\"swiper-wrapper full-height\">\n                                <div class=\"swiper-slide\">\n                                                    <img decoding=\"async\" class=\"full-cover\" src=\"https:\/\/www.foscarini.us\/wp-content\/uploads\/2024\/03\/3.9_ChouchinSemi-150x150.jpg\" srcset=\"https:\/\/www.foscarini.us\/wp-content\/uploads\/2024\/03\/3.9_ChouchinSemi-194x300.jpg 194w, https:\/\/www.foscarini.us\/wp-content\/uploads\/2024\/03\/3.9_ChouchinSemi-663x1024.jpg 663w, https:\/\/www.foscarini.us\/wp-content\/uploads\/2024\/03\/3.9_ChouchinSemi-768x1186.jpg 768w, https:\/\/www.foscarini.us\/wp-content\/uploads\/2024\/03\/3.9_ChouchinSemi-800x1235.jpg 800w, https:\/\/www.foscarini.us\/wp-content\/uploads\/2024\/03\/3.9_ChouchinSemi.jpg 960w\" alt=\"\" \/>\n                                                                        <\/div>\n                                        <div class=\"swiper-slide\">\n                                                    <img decoding=\"async\" class=\"full-cover\" src=\"https:\/\/www.foscarini.us\/wp-content\/uploads\/2024\/03\/3.2_ChouchinSemi-150x150.jpg\" srcset=\"https:\/\/www.foscarini.us\/wp-content\/uploads\/2024\/03\/3.2_ChouchinSemi-194x300.jpg 194w, https:\/\/www.foscarini.us\/wp-content\/uploads\/2024\/03\/3.2_ChouchinSemi-663x1024.jpg 663w, https:\/\/www.foscarini.us\/wp-content\/uploads\/2024\/03\/3.2_ChouchinSemi-768x1186.jpg 768w, https:\/\/www.foscarini.us\/wp-content\/uploads\/2024\/03\/3.2_ChouchinSemi-800x1235.jpg 800w, https:\/\/www.foscarini.us\/wp-content\/uploads\/2024\/03\/3.2_ChouchinSemi.jpg 960w\" alt=\"\" \/>\n                                                                        <\/div>\n                                        <div class=\"swiper-slide\">\n                                                    <img decoding=\"async\" class=\"full-cover\" src=\"https:\/\/www.foscarini.us\/wp-content\/uploads\/2024\/03\/3.1_ChouchinSemi-1-150x150.jpg\" srcset=\"https:\/\/www.foscarini.us\/wp-content\/uploads\/2024\/03\/3.1_ChouchinSemi-1-194x300.jpg 194w, https:\/\/www.foscarini.us\/wp-content\/uploads\/2024\/03\/3.1_ChouchinSemi-1-663x1024.jpg 663w, https:\/\/www.foscarini.us\/wp-content\/uploads\/2024\/03\/3.1_ChouchinSemi-1-768x1186.jpg 768w, https:\/\/www.foscarini.us\/wp-content\/uploads\/2024\/03\/3.1_ChouchinSemi-1-800x1235.jpg 800w, https:\/\/www.foscarini.us\/wp-content\/uploads\/2024\/03\/3.1_ChouchinSemi-1.jpg 960w\" alt=\"\" \/>\n                                                                        <\/div>\n                            <\/div>\n    <\/div>\n    <div class=\"swiper-scrollbar\"><\/div>\n    <div class=\"ct-arrow\">\n        <div class=\"swiper-button-prev\"><\/div>\n        <div class=\"swiper-button-next\"><\/div>\n    <\/div>\n<\/section>","protected":false},"excerpt":{"rendered":"<p>L\u00e1mpara de pared de luz indirecta y difusa. Difusor en vidrio encamisado soplado a boca con acabado brillante. Montura disponible en color blanco, oro y grafito. Fijaci\u00f3n de pared en metal pintado y ABS.<\/p>\n","protected":false},"featured_media":445887,"comment_status":"open","ping_status":"closed","template":"","meta":{"_acf_changed":true},"product_cat":[1016,13530,653,719,708],"product_tag":[],"materiale":[8157],"altezza":[7999],"larghezza":[9776],"profondita":[9246],"peso":[8822],"designer-prodotto":[7814],"class_list":{"0":"post-195262","1":"product","2":"type-product","3":"status-publish","4":"has-post-thumbnail","6":"product_cat-chouchin-concetto-es","7":"product_cat-chouchin-semi-famiglia-es","8":"product_cat-concetto-es","9":"product_cat-funzione-es","10":"product_cat-parete-es","11":"materiale-vetro-e-vetro-soffiato-es","12":"altezza-15-es","13":"larghezza-30-es","14":"profondita-25-es","15":"peso-2-es","16":"designer-prodotto-ionna-vautrin-es","18":"first","19":"instock","20":"shipping-taxable","21":"purchasable","22":"product-type-variable"},"acf":{"preview_slider":{"titolo":"","testo":"","video_domanda":false,"link_video":""},"prodotto__immagine_preview":{"immagine":120927},"prodotto__slider":{"sottotitolo":"Ionna Vautrin (2021)","titolo":"Aplique en vidrio soplado de dise\u00f1o original, propaga una luminosidad c\u00e1lida y suave. Es perfecta para instalar incluso en paredes de color que resaltan su rasgo gr\u00e1fico. El cierre del vidrio en forma de collar\u00edn proyecta un tri\u00e1ngulo de luz m\u00e1s intenso hacia abajo.","immagini":[{"immagine":124962,"immagine_mobile":""},{"immagine":124955,"immagine_mobile":""},{"immagine":124969,"immagine_mobile":""}]},"prodotto__slider_preview":null,"prodotto__specifiche":{"selezione":[{"scheda_tecnica":482712}]}},"yoast_head":"<!-- This site is optimized with the Yoast SEO Premium plugin v22.4 (Yoast SEO v23.7) - https:\/\/yoast.com\/wordpress\/plugins\/seo\/ -->\n<title>Chouchin Semi - Foscarini<\/title>\n<meta name=\"robots\" content=\"index, follow, max-snippet:-1, max-image-preview:large, max-video-preview:-1\" \/>\n<meta property=\"og:locale\" content=\"es_ES\" \/>\n<meta property=\"og:type\" content=\"article\" \/>\n<meta property=\"og:title\" content=\"Chouchin Semi\" \/>\n<meta property=\"og:description\" content=\"L\u00e1mpara de pared de luz indirecta y difusa. Difusor en vidrio encamisado soplado a boca con acabado brillante. Montura disponible en color blanco, oro y grafito. Fijaci\u00f3n de pared en metal pintado y ABS.\" \/>\n<meta property=\"og:url\" content=\"https:\/\/www.foscarini.us\/es\/producto\/chouchin-3-semi-chouchin-w-es\/\" \/>\n<meta property=\"og:site_name\" content=\"Foscarini\" \/>\n<meta property=\"article:modified_time\" content=\"2025-10-17T13:19:48+00:00\" \/>\n<meta property=\"og:image\" content=\"https:\/\/www.foscarini.us\/wp-content\/uploads\/2025\/06\/chouchin-semi_w_white-gold_22_786x865-1.jpg\" \/>\n\t<meta property=\"og:image:width\" content=\"786\" \/>\n\t<meta property=\"og:image:height\" content=\"865\" \/>\n\t<meta property=\"og:image:type\" content=\"image\/jpeg\" \/>\n<meta name=\"twitter:card\" content=\"summary_large_image\" \/>\n<meta name=\"twitter:label1\" content=\"Tiempo de lectura\" \/>\n\t<meta name=\"twitter:data1\" content=\"1 minuto\" \/>\n<script type=\"application\/ld+json\" class=\"yoast-schema-graph\">{\"@context\":\"https:\/\/schema.org\",\"@graph\":[{\"@type\":\"WebPage\",\"@id\":\"https:\/\/www.foscarini.us\/es\/producto\/chouchin-3-semi-chouchin-w-es\/\",\"url\":\"https:\/\/www.foscarini.us\/es\/producto\/chouchin-3-semi-chouchin-w-es\/\",\"name\":\"Chouchin Semi - Foscarini\",\"isPartOf\":{\"@id\":\"https:\/\/www.foscarini.us\/#website\"},\"primaryImageOfPage\":{\"@id\":\"https:\/\/www.foscarini.us\/es\/producto\/chouchin-3-semi-chouchin-w-es\/#primaryimage\"},\"image\":{\"@id\":\"https:\/\/www.foscarini.us\/es\/producto\/chouchin-3-semi-chouchin-w-es\/#primaryimage\"},\"thumbnailUrl\":\"https:\/\/www.foscarini.us\/wp-content\/uploads\/2025\/06\/chouchin-semi_w_white-gold_22_786x865-1.jpg\",\"datePublished\":\"2024-03-28T17:56:00+00:00\",\"dateModified\":\"2025-10-17T13:19:48+00:00\",\"breadcrumb\":{\"@id\":\"https:\/\/www.foscarini.us\/es\/producto\/chouchin-3-semi-chouchin-w-es\/#breadcrumb\"},\"inLanguage\":\"es-AR\",\"potentialAction\":[{\"@type\":\"ReadAction\",\"target\":[\"https:\/\/www.foscarini.us\/es\/producto\/chouchin-3-semi-chouchin-w-es\/\"]}]},{\"@type\":\"ImageObject\",\"inLanguage\":\"es-AR\",\"@id\":\"https:\/\/www.foscarini.us\/es\/producto\/chouchin-3-semi-chouchin-w-es\/#primaryimage\",\"url\":\"https:\/\/www.foscarini.us\/wp-content\/uploads\/2025\/06\/chouchin-semi_w_white-gold_22_786x865-1.jpg\",\"contentUrl\":\"https:\/\/www.foscarini.us\/wp-content\/uploads\/2025\/06\/chouchin-semi_w_white-gold_22_786x865-1.jpg\",\"width\":786,\"height\":865},{\"@type\":\"BreadcrumbList\",\"@id\":\"https:\/\/www.foscarini.us\/es\/producto\/chouchin-3-semi-chouchin-w-es\/#breadcrumb\",\"itemListElement\":[{\"@type\":\"ListItem\",\"position\":1,\"name\":\"Home\",\"item\":\"https:\/\/www.foscarini.us\/es\/\"},{\"@type\":\"ListItem\",\"position\":2,\"name\":\"Tienda\",\"item\":\"https:\/\/www.foscarini.us\/es\/tienda\/\"},{\"@type\":\"ListItem\",\"position\":3,\"name\":\"Chouchin Semi\"}]},{\"@type\":\"WebSite\",\"@id\":\"https:\/\/www.foscarini.us\/#website\",\"url\":\"https:\/\/www.foscarini.us\/\",\"name\":\"Foscarini\",\"description\":\"\",\"potentialAction\":[{\"@type\":\"SearchAction\",\"target\":{\"@type\":\"EntryPoint\",\"urlTemplate\":\"https:\/\/www.foscarini.us\/?s={search_term_string}\"},\"query-input\":{\"@type\":\"PropertyValueSpecification\",\"valueRequired\":true,\"valueName\":\"search_term_string\"}}],\"inLanguage\":\"es-AR\"}]}<\/script>\n<!-- \/ Yoast SEO Premium plugin. -->","yoast_head_json":{"title":"Chouchin Semi - Foscarini","robots":{"index":"index","follow":"follow","max-snippet":"max-snippet:-1","max-image-preview":"max-image-preview:large","max-video-preview":"max-video-preview:-1"},"og_locale":"es_ES","og_type":"article","og_title":"Chouchin Semi","og_description":"L\u00e1mpara de pared de luz indirecta y difusa. Difusor en vidrio encamisado soplado a boca con acabado brillante. Montura disponible en color blanco, oro y grafito. Fijaci\u00f3n de pared en metal pintado y ABS.","og_url":"https:\/\/www.foscarini.us\/es\/producto\/chouchin-3-semi-chouchin-w-es\/","og_site_name":"Foscarini","article_modified_time":"2025-10-17T13:19:48+00:00","og_image":[{"width":786,"height":865,"url":"https:\/\/www.foscarini.us\/wp-content\/uploads\/2025\/06\/chouchin-semi_w_white-gold_22_786x865-1.jpg","type":"image\/jpeg"}],"twitter_card":"summary_large_image","twitter_misc":{"Tiempo de lectura":"1 minuto"},"schema":{"@context":"https:\/\/schema.org","@graph":[{"@type":"WebPage","@id":"https:\/\/www.foscarini.us\/es\/producto\/chouchin-3-semi-chouchin-w-es\/","url":"https:\/\/www.foscarini.us\/es\/producto\/chouchin-3-semi-chouchin-w-es\/","name":"Chouchin Semi - Foscarini","isPartOf":{"@id":"https:\/\/www.foscarini.us\/#website"},"primaryImageOfPage":{"@id":"https:\/\/www.foscarini.us\/es\/producto\/chouchin-3-semi-chouchin-w-es\/#primaryimage"},"image":{"@id":"https:\/\/www.foscarini.us\/es\/producto\/chouchin-3-semi-chouchin-w-es\/#primaryimage"},"thumbnailUrl":"https:\/\/www.foscarini.us\/wp-content\/uploads\/2025\/06\/chouchin-semi_w_white-gold_22_786x865-1.jpg","datePublished":"2024-03-28T17:56:00+00:00","dateModified":"2025-10-17T13:19:48+00:00","breadcrumb":{"@id":"https:\/\/www.foscarini.us\/es\/producto\/chouchin-3-semi-chouchin-w-es\/#breadcrumb"},"inLanguage":"es-AR","potentialAction":[{"@type":"ReadAction","target":["https:\/\/www.foscarini.us\/es\/producto\/chouchin-3-semi-chouchin-w-es\/"]}]},{"@type":"ImageObject","inLanguage":"es-AR","@id":"https:\/\/www.foscarini.us\/es\/producto\/chouchin-3-semi-chouchin-w-es\/#primaryimage","url":"https:\/\/www.foscarini.us\/wp-content\/uploads\/2025\/06\/chouchin-semi_w_white-gold_22_786x865-1.jpg","contentUrl":"https:\/\/www.foscarini.us\/wp-content\/uploads\/2025\/06\/chouchin-semi_w_white-gold_22_786x865-1.jpg","width":786,"height":865},{"@type":"BreadcrumbList","@id":"https:\/\/www.foscarini.us\/es\/producto\/chouchin-3-semi-chouchin-w-es\/#breadcrumb","itemListElement":[{"@type":"ListItem","position":1,"name":"Home","item":"https:\/\/www.foscarini.us\/es\/"},{"@type":"ListItem","position":2,"name":"Tienda","item":"https:\/\/www.foscarini.us\/es\/tienda\/"},{"@type":"ListItem","position":3,"name":"Chouchin Semi"}]},{"@type":"WebSite","@id":"https:\/\/www.foscarini.us\/#website","url":"https:\/\/www.foscarini.us\/","name":"Foscarini","description":"","potentialAction":[{"@type":"SearchAction","target":{"@type":"EntryPoint","urlTemplate":"https:\/\/www.foscarini.us\/?s={search_term_string}"},"query-input":{"@type":"PropertyValueSpecification","valueRequired":true,"valueName":"search_term_string"}}],"inLanguage":"es-AR"}]}},"_links":{"self":[{"href":"https:\/\/www.foscarini.us\/es\/wp-json\/wp\/v2\/product\/195262"}],"collection":[{"href":"https:\/\/www.foscarini.us\/es\/wp-json\/wp\/v2\/product"}],"about":[{"href":"https:\/\/www.foscarini.us\/es\/wp-json\/wp\/v2\/types\/product"}],"replies":[{"embeddable":true,"href":"https:\/\/www.foscarini.us\/es\/wp-json\/wp\/v2\/comments?post=195262"}],"wp:featuredmedia":[{"embeddable":true,"href":"https:\/\/www.foscarini.us\/es\/wp-json\/wp\/v2\/media\/445887"}],"wp:attachment":[{"href":"https:\/\/www.foscarini.us\/es\/wp-json\/wp\/v2\/media?parent=195262"}],"wp:term":[{"taxonomy":"product_cat","embeddable":true,"href":"https:\/\/www.foscarini.us\/es\/wp-json\/wp\/v2\/product_cat?post=195262"},{"taxonomy":"product_tag","embeddable":true,"href":"https:\/\/www.foscarini.us\/es\/wp-json\/wp\/v2\/product_tag?post=195262"},{"taxonomy":"materiale","embeddable":true,"href":"https:\/\/www.foscarini.us\/es\/wp-json\/wp\/v2\/materiale?post=195262"},{"taxonomy":"altezza","embeddable":true,"href":"https:\/\/www.foscarini.us\/es\/wp-json\/wp\/v2\/altezza?post=195262"},{"taxonomy":"larghezza","embeddable":true,"href":"https:\/\/www.foscarini.us\/es\/wp-json\/wp\/v2\/larghezza?post=195262"},{"taxonomy":"profondita","embeddable":true,"href":"https:\/\/www.foscarini.us\/es\/wp-json\/wp\/v2\/profondita?post=195262"},{"taxonomy":"peso","embeddable":true,"href":"https:\/\/www.foscarini.us\/es\/wp-json\/wp\/v2\/peso?post=195262"},{"taxonomy":"designer-prodotto","embeddable":true,"href":"https:\/\/www.foscarini.us\/es\/wp-json\/wp\/v2\/designer-prodotto?post=195262"}],"curies":[{"name":"wp","href":"https:\/\/api.w.org\/{rel}","templated":true}]}}