{"id":195088,"date":"2024-03-28T17:53:06","date_gmt":"2024-03-28T17:53:06","guid":{"rendered":"https:\/\/www.foscarini.us\/product\/caboche-plus-std-w\/"},"modified":"2025-06-16T14:09:23","modified_gmt":"2025-06-16T14:09:23","slug":"caboche-plus-std-w-es","status":"publish","type":"product","link":"https:\/\/www.foscarini.us\/es\/producto\/caboche-plus-std-w-es\/","title":{"rendered":"Caboche Plus"},"content":{"rendered":"<p>Un cuore caldo e luminoso, avvolto da uno scintillare di sfere trasparenti: \u00e8 l&#8217;applique da parete Caboche Plus, un gioiello di design incastonato nell&#8217;architettura. Una presenza elegante che offre una luce radente a parete.<\/p><section class=\"pdp__slider full-height-vh\">\n    <div class=\"swiper-container swiper__pdp\">\n        <div class=\"swiper-wrapper full-height\">\n                                <div class=\"swiper-slide\">\n                                                    <img decoding=\"async\" class=\"full-cover\" src=\"https:\/\/www.foscarini.us\/wp-content\/uploads\/2024\/03\/3.1_CabochePlus-2-150x150.jpg\" srcset=\"https:\/\/www.foscarini.us\/wp-content\/uploads\/2024\/03\/3.1_CabochePlus-2-300x200.jpg 300w, https:\/\/www.foscarini.us\/wp-content\/uploads\/2024\/03\/3.1_CabochePlus-2-1024x683.jpg 1024w, https:\/\/www.foscarini.us\/wp-content\/uploads\/2024\/03\/3.1_CabochePlus-2-768x512.jpg 768w, https:\/\/www.foscarini.us\/wp-content\/uploads\/2024\/03\/3.1_CabochePlus-2-1536x1024.jpg 1536w, https:\/\/www.foscarini.us\/wp-content\/uploads\/2024\/03\/3.1_CabochePlus-2-2048x1365.jpg 2048w, https:\/\/www.foscarini.us\/wp-content\/uploads\/2024\/03\/3.1_CabochePlus-2-800x533.jpg 800w\" alt=\"\" \/>\n                                                                        <\/div>\n                                        <div class=\"swiper-slide\">\n                                                    <img decoding=\"async\" class=\"full-cover\" src=\"https:\/\/www.foscarini.us\/wp-content\/uploads\/2024\/03\/3.2_CabochePlus-2-150x150.jpg\" srcset=\"https:\/\/www.foscarini.us\/wp-content\/uploads\/2024\/03\/3.2_CabochePlus-2-300x200.jpg 300w, https:\/\/www.foscarini.us\/wp-content\/uploads\/2024\/03\/3.2_CabochePlus-2-1024x683.jpg 1024w, https:\/\/www.foscarini.us\/wp-content\/uploads\/2024\/03\/3.2_CabochePlus-2-768x512.jpg 768w, https:\/\/www.foscarini.us\/wp-content\/uploads\/2024\/03\/3.2_CabochePlus-2-1536x1024.jpg 1536w, https:\/\/www.foscarini.us\/wp-content\/uploads\/2024\/03\/3.2_CabochePlus-2-2048x1365.jpg 2048w, https:\/\/www.foscarini.us\/wp-content\/uploads\/2024\/03\/3.2_CabochePlus-2-800x533.jpg 800w\" alt=\"\" \/>\n                                                                        <\/div>\n                                        <div class=\"swiper-slide\">\n                                                    <img decoding=\"async\" class=\"full-cover\" src=\"https:\/\/www.foscarini.us\/wp-content\/uploads\/2024\/03\/3.4_CabochePlus-5-150x150.jpg\" srcset=\"https:\/\/www.foscarini.us\/wp-content\/uploads\/2024\/03\/3.4_CabochePlus-5-199x300.jpg 199w, https:\/\/www.foscarini.us\/wp-content\/uploads\/2024\/03\/3.4_CabochePlus-5-678x1024.jpg 678w, https:\/\/www.foscarini.us\/wp-content\/uploads\/2024\/03\/3.4_CabochePlus-5-768x1160.jpg 768w, https:\/\/www.foscarini.us\/wp-content\/uploads\/2024\/03\/3.4_CabochePlus-5-800x1208.jpg 800w, https:\/\/www.foscarini.us\/wp-content\/uploads\/2024\/03\/3.4_CabochePlus-5.jpg 980w\" alt=\"\" \/>\n                                                                        <\/div>\n                                        <div class=\"swiper-slide\">\n                                                    <img decoding=\"async\" class=\"full-cover\" src=\"https:\/\/www.foscarini.us\/wp-content\/uploads\/2024\/03\/3.3_CabochePlus-5-150x150.jpg\" srcset=\"https:\/\/www.foscarini.us\/wp-content\/uploads\/2024\/03\/3.3_CabochePlus-5-300x200.jpg 300w, https:\/\/www.foscarini.us\/wp-content\/uploads\/2024\/03\/3.3_CabochePlus-5-1024x683.jpg 1024w, https:\/\/www.foscarini.us\/wp-content\/uploads\/2024\/03\/3.3_CabochePlus-5-768x512.jpg 768w, https:\/\/www.foscarini.us\/wp-content\/uploads\/2024\/03\/3.3_CabochePlus-5-1536x1024.jpg 1536w, https:\/\/www.foscarini.us\/wp-content\/uploads\/2024\/03\/3.3_CabochePlus-5-2048x1365.jpg 2048w, https:\/\/www.foscarini.us\/wp-content\/uploads\/2024\/03\/3.3_CabochePlus-5-800x533.jpg 800w\" alt=\"\" \/>\n                                                                        <\/div>\n                                        <div class=\"swiper-slide\">\n                                                    <img decoding=\"async\" class=\"full-cover\" src=\"https:\/\/www.foscarini.us\/wp-content\/uploads\/2024\/03\/3.9_CabochePlus-3-150x150.jpg\" srcset=\"https:\/\/www.foscarini.us\/wp-content\/uploads\/2024\/03\/3.9_CabochePlus-3-199x300.jpg 199w, https:\/\/www.foscarini.us\/wp-content\/uploads\/2024\/03\/3.9_CabochePlus-3-678x1024.jpg 678w, https:\/\/www.foscarini.us\/wp-content\/uploads\/2024\/03\/3.9_CabochePlus-3-768x1160.jpg 768w, https:\/\/www.foscarini.us\/wp-content\/uploads\/2024\/03\/3.9_CabochePlus-3-800x1208.jpg 800w, https:\/\/www.foscarini.us\/wp-content\/uploads\/2024\/03\/3.9_CabochePlus-3.jpg 980w\" alt=\"\" \/>\n                                                                        <\/div>\n                            <\/div>\n    <\/div>\n    <div class=\"swiper-scrollbar\"><\/div>\n    <div class=\"ct-arrow\">\n        <div class=\"swiper-button-prev\"><\/div>\n        <div class=\"swiper-button-next\"><\/div>\n    <\/div>\n<\/section><section class=\"concept__project_comunication full-height-vh\">\n    <div class=\"row row-large\">\n        <div class=\"medium-12 small-12 columns full-height no-padding-right-mobile\">\n            <div class=\"ct-image-text-lateral\">\n                <div class=\"ct-arrow\">\n                    <div class=\"swiper-button-prev\" aria-label=\"previous slide\"><\/div>\n                    <div class=\"swiper-button-next\" aria-label=\"next slide\"><\/div>\n                <\/div>\n                <span class=\"section-name-lateral\">Contenidos Editoriales<\/span>\n                <!-- Swiper -->\n                <div class=\"swiper-container swiper__concept__comunication\">\n                    <div class=\"swiper-wrapper\">\n                                                            <div class=\"swiper-slide\">\n                                        <div class=\"ct-slide\">\n                                                                                                <img decoding=\"async\" class=\"full-cover\" src=\"https:\/\/www.foscarini.us\/wp-content\/uploads\/2024\/03\/cabocheplus-landing-150x150.jpg\" srcset=\"https:\/\/www.foscarini.us\/wp-content\/uploads\/2024\/03\/cabocheplus-landing-300x231.jpg 300w, https:\/\/www.foscarini.us\/wp-content\/uploads\/2024\/03\/cabocheplus-landing-1024x788.jpg 1024w, https:\/\/www.foscarini.us\/wp-content\/uploads\/2024\/03\/cabocheplus-landing-768x591.jpg 768w, https:\/\/www.foscarini.us\/wp-content\/uploads\/2024\/03\/cabocheplus-landing-800x615.jpg 800w, https:\/\/www.foscarini.us\/wp-content\/uploads\/2024\/03\/cabocheplus-landing.jpg 1170w\" alt=\"\" \/>\n                                                                                                <div class=\"ct-col-right\">\n                                                <div class=\"ct-link\">\n                                                    <a class=\"link-arrow \" href=\"https:\/\/cabocheplus.foscarini.com\/index_en.html\">La Caboche m\u00e1s brillante de siempre<\/a>\n                                                    <div class=\"text-1\"><p>Redise\u00f1ada por completo en la nueva versi\u00f3n Caboche Plus<\/p>\n<\/div>\n                                                <\/div>\n                                            <\/div>\n                                        <\/div>\n                                    <\/div>\n                                                                        <div class=\"swiper-slide\">\n                                        <div class=\"ct-slide\">\n                                                                                            <video class=\"video-controls\" autoplay loop muted playsinline>\n                                                    <source src=\"https:\/\/cdn1.foscarini.com\/Product-Video\/Caboche_Plus.mp4\" type=\"video\/mp4\">\n                                                    Your browser does not support the video tag.\n                                                <\/video>\n                                                                                            <div class=\"ct-col-right\">\n                                                <div class=\"ct-link\">\n                                                    <a class=\"link-arrow no-link\" href=\"\">Una joya de creatividad y tecnolog\u00eda<\/a>\n                                                    <div class=\"text-1\"><p>Una idea brillante para un montaje m\u00e1s sencillo y estable.<\/p>\n<\/div>\n                                                <\/div>\n                                            <\/div>\n                                        <\/div>\n                                    <\/div>\n                                                        <\/div>\n                <\/div>\n            <\/div>\n        <\/div>\n    <\/div>\n<\/section>","protected":false},"excerpt":{"rendered":"<p>L\u00e1mpara de pared de luz difusa. Nuevos arcos, un nuevo sistema de fijaci\u00f3n \u00abde bayoneta\u00bb y nuevas esferas, que parecen flotar en el vac\u00edo despu\u00e9s del montaje, garantizan un efecto de transparencia total muy sugestivo. Con el nuevo grupo de luz LED, ofrece una luz oblicua en la pared. Embellece cada ambiente con su extraordinario efecto iluminador. Estructura en aluminio anodizado. Estructura formada por arcos en PC transparente, sobre los que se aplican una serie de esferas en<br \/>\n PMMA, mediante el nuevo sistema twist lock. El cuerpo luminoso est\u00e1 formado por dos LED con tensi\u00f3n de red. Difusor en vidrio soplado opalino acidificado.<\/p>\n","protected":false},"featured_media":445348,"comment_status":"open","ping_status":"closed","template":"","meta":{"_acf_changed":false},"product_cat":[1037,5369,653,719,708],"product_tag":[],"materiale":[8316],"altezza":[9939],"larghezza":[10473],"profondita":[8896],"peso":[9918],"designer-prodotto":[8692],"class_list":{"0":"post-195088","1":"product","2":"type-product","3":"status-publish","4":"has-post-thumbnail","6":"product_cat-caboche-plus-concetto-es","7":"product_cat-caboche-plus-famiglia-es","8":"product_cat-concetto-es","9":"product_cat-funzione-es","10":"product_cat-parete-es","11":"materiale-materiale-plastico-es","12":"altezza-24-es","13":"larghezza-48-es","14":"profondita-20-es","15":"peso-43-es","16":"designer-prodotto-patricia-urquiola-eliana-gerotto-es","18":"first","19":"instock","20":"shipping-taxable","21":"purchasable","22":"product-type-variable"},"acf":{"preview_slider":{"titolo":"","testo":"","video_domanda":false,"link_video":""},"prodotto__immagine_preview":{"immagine":222404},"prodotto__slider":{"sottotitolo":"Patricia Urquiola, Eliana Gerotto (2006)","titolo":"El aplique de pared Caboche Plus, con un coraz\u00f3n c\u00e1lido y luminoso, rodeado por un centellear de esferas transparentes, es una joya de dise\u00f1o engarzado en la arquitectura. Una presencia elegante que ofrece una luz rasante de pared.","immagini":[{"immagine":414879,"immagine_mobile":""},{"immagine":414886,"immagine_mobile":""}]},"prodotto__slider_preview":null,"prodotto__specifiche":{"selezione":[{"scheda_tecnica":461731},{"scheda_tecnica":461732}]}},"yoast_head":"<!-- This site is optimized with the Yoast SEO Premium plugin v22.4 (Yoast SEO v23.7) - https:\/\/yoast.com\/wordpress\/plugins\/seo\/ -->\n<title>Caboche Plus - Foscarini<\/title>\n<meta name=\"robots\" content=\"index, follow, max-snippet:-1, max-image-preview:large, max-video-preview:-1\" \/>\n<meta property=\"og:locale\" content=\"es_ES\" \/>\n<meta property=\"og:type\" content=\"article\" \/>\n<meta property=\"og:title\" content=\"Caboche Plus\" \/>\n<meta property=\"og:description\" content=\"L\u00e1mpara de pared de luz difusa. Nuevos arcos, un nuevo sistema de fijaci\u00f3n \u00abde bayoneta\u00bb y nuevas esferas, que parecen flotar en el vac\u00edo despu\u00e9s del montaje, garantizan un efecto de transparencia total muy sugestivo. Con el nuevo grupo de luz LED, ofrece una luz oblicua en la pared. Embellece cada ambiente con su extraordinario efecto iluminador. Estructura en aluminio anodizado. Estructura formada por arcos en PC transparente, sobre los que se aplican una serie de esferas en  PMMA, mediante el nuevo sistema twist lock. El cuerpo luminoso est\u00e1 formado por dos LED con tensi\u00f3n de red. Difusor en vidrio soplado opalino acidificado.\" \/>\n<meta property=\"og:url\" content=\"https:\/\/www.foscarini.us\/es\/producto\/caboche-plus-std-w-es\/\" \/>\n<meta property=\"og:site_name\" content=\"Foscarini\" \/>\n<meta property=\"article:modified_time\" content=\"2025-06-16T14:09:23+00:00\" \/>\n<meta property=\"og:image\" content=\"https:\/\/www.foscarini.us\/wp-content\/uploads\/2025\/06\/caboche-plus_w_grey_22_786x865-1.jpg\" \/>\n\t<meta property=\"og:image:width\" content=\"786\" \/>\n\t<meta property=\"og:image:height\" content=\"865\" \/>\n\t<meta property=\"og:image:type\" content=\"image\/jpeg\" \/>\n<meta name=\"twitter:card\" content=\"summary_large_image\" \/>\n<meta name=\"twitter:label1\" content=\"Tiempo de lectura\" \/>\n\t<meta name=\"twitter:data1\" content=\"1 minuto\" \/>\n<script type=\"application\/ld+json\" class=\"yoast-schema-graph\">{\"@context\":\"https:\/\/schema.org\",\"@graph\":[{\"@type\":\"WebPage\",\"@id\":\"https:\/\/www.foscarini.us\/es\/producto\/caboche-plus-std-w-es\/\",\"url\":\"https:\/\/www.foscarini.us\/es\/producto\/caboche-plus-std-w-es\/\",\"name\":\"Caboche Plus - Foscarini\",\"isPartOf\":{\"@id\":\"https:\/\/www.foscarini.us\/#website\"},\"primaryImageOfPage\":{\"@id\":\"https:\/\/www.foscarini.us\/es\/producto\/caboche-plus-std-w-es\/#primaryimage\"},\"image\":{\"@id\":\"https:\/\/www.foscarini.us\/es\/producto\/caboche-plus-std-w-es\/#primaryimage\"},\"thumbnailUrl\":\"https:\/\/www.foscarini.us\/wp-content\/uploads\/2025\/06\/caboche-plus_w_grey_22_786x865-1.jpg\",\"datePublished\":\"2024-03-28T17:53:06+00:00\",\"dateModified\":\"2025-06-16T14:09:23+00:00\",\"breadcrumb\":{\"@id\":\"https:\/\/www.foscarini.us\/es\/producto\/caboche-plus-std-w-es\/#breadcrumb\"},\"inLanguage\":\"es-AR\",\"potentialAction\":[{\"@type\":\"ReadAction\",\"target\":[\"https:\/\/www.foscarini.us\/es\/producto\/caboche-plus-std-w-es\/\"]}]},{\"@type\":\"ImageObject\",\"inLanguage\":\"es-AR\",\"@id\":\"https:\/\/www.foscarini.us\/es\/producto\/caboche-plus-std-w-es\/#primaryimage\",\"url\":\"https:\/\/www.foscarini.us\/wp-content\/uploads\/2025\/06\/caboche-plus_w_grey_22_786x865-1.jpg\",\"contentUrl\":\"https:\/\/www.foscarini.us\/wp-content\/uploads\/2025\/06\/caboche-plus_w_grey_22_786x865-1.jpg\",\"width\":786,\"height\":865},{\"@type\":\"BreadcrumbList\",\"@id\":\"https:\/\/www.foscarini.us\/es\/producto\/caboche-plus-std-w-es\/#breadcrumb\",\"itemListElement\":[{\"@type\":\"ListItem\",\"position\":1,\"name\":\"Home\",\"item\":\"https:\/\/www.foscarini.us\/es\/\"},{\"@type\":\"ListItem\",\"position\":2,\"name\":\"Tienda\",\"item\":\"https:\/\/www.foscarini.us\/es\/tienda\/\"},{\"@type\":\"ListItem\",\"position\":3,\"name\":\"Caboche Plus\"}]},{\"@type\":\"WebSite\",\"@id\":\"https:\/\/www.foscarini.us\/#website\",\"url\":\"https:\/\/www.foscarini.us\/\",\"name\":\"Foscarini\",\"description\":\"\",\"potentialAction\":[{\"@type\":\"SearchAction\",\"target\":{\"@type\":\"EntryPoint\",\"urlTemplate\":\"https:\/\/www.foscarini.us\/?s={search_term_string}\"},\"query-input\":{\"@type\":\"PropertyValueSpecification\",\"valueRequired\":true,\"valueName\":\"search_term_string\"}}],\"inLanguage\":\"es-AR\"}]}<\/script>\n<!-- \/ Yoast SEO Premium plugin. -->","yoast_head_json":{"title":"Caboche Plus - Foscarini","robots":{"index":"index","follow":"follow","max-snippet":"max-snippet:-1","max-image-preview":"max-image-preview:large","max-video-preview":"max-video-preview:-1"},"og_locale":"es_ES","og_type":"article","og_title":"Caboche Plus","og_description":"L\u00e1mpara de pared de luz difusa. Nuevos arcos, un nuevo sistema de fijaci\u00f3n \u00abde bayoneta\u00bb y nuevas esferas, que parecen flotar en el vac\u00edo despu\u00e9s del montaje, garantizan un efecto de transparencia total muy sugestivo. Con el nuevo grupo de luz LED, ofrece una luz oblicua en la pared. Embellece cada ambiente con su extraordinario efecto iluminador. Estructura en aluminio anodizado. Estructura formada por arcos en PC transparente, sobre los que se aplican una serie de esferas en  PMMA, mediante el nuevo sistema twist lock. El cuerpo luminoso est\u00e1 formado por dos LED con tensi\u00f3n de red. Difusor en vidrio soplado opalino acidificado.","og_url":"https:\/\/www.foscarini.us\/es\/producto\/caboche-plus-std-w-es\/","og_site_name":"Foscarini","article_modified_time":"2025-06-16T14:09:23+00:00","og_image":[{"width":786,"height":865,"url":"https:\/\/www.foscarini.us\/wp-content\/uploads\/2025\/06\/caboche-plus_w_grey_22_786x865-1.jpg","type":"image\/jpeg"}],"twitter_card":"summary_large_image","twitter_misc":{"Tiempo de lectura":"1 minuto"},"schema":{"@context":"https:\/\/schema.org","@graph":[{"@type":"WebPage","@id":"https:\/\/www.foscarini.us\/es\/producto\/caboche-plus-std-w-es\/","url":"https:\/\/www.foscarini.us\/es\/producto\/caboche-plus-std-w-es\/","name":"Caboche Plus - Foscarini","isPartOf":{"@id":"https:\/\/www.foscarini.us\/#website"},"primaryImageOfPage":{"@id":"https:\/\/www.foscarini.us\/es\/producto\/caboche-plus-std-w-es\/#primaryimage"},"image":{"@id":"https:\/\/www.foscarini.us\/es\/producto\/caboche-plus-std-w-es\/#primaryimage"},"thumbnailUrl":"https:\/\/www.foscarini.us\/wp-content\/uploads\/2025\/06\/caboche-plus_w_grey_22_786x865-1.jpg","datePublished":"2024-03-28T17:53:06+00:00","dateModified":"2025-06-16T14:09:23+00:00","breadcrumb":{"@id":"https:\/\/www.foscarini.us\/es\/producto\/caboche-plus-std-w-es\/#breadcrumb"},"inLanguage":"es-AR","potentialAction":[{"@type":"ReadAction","target":["https:\/\/www.foscarini.us\/es\/producto\/caboche-plus-std-w-es\/"]}]},{"@type":"ImageObject","inLanguage":"es-AR","@id":"https:\/\/www.foscarini.us\/es\/producto\/caboche-plus-std-w-es\/#primaryimage","url":"https:\/\/www.foscarini.us\/wp-content\/uploads\/2025\/06\/caboche-plus_w_grey_22_786x865-1.jpg","contentUrl":"https:\/\/www.foscarini.us\/wp-content\/uploads\/2025\/06\/caboche-plus_w_grey_22_786x865-1.jpg","width":786,"height":865},{"@type":"BreadcrumbList","@id":"https:\/\/www.foscarini.us\/es\/producto\/caboche-plus-std-w-es\/#breadcrumb","itemListElement":[{"@type":"ListItem","position":1,"name":"Home","item":"https:\/\/www.foscarini.us\/es\/"},{"@type":"ListItem","position":2,"name":"Tienda","item":"https:\/\/www.foscarini.us\/es\/tienda\/"},{"@type":"ListItem","position":3,"name":"Caboche Plus"}]},{"@type":"WebSite","@id":"https:\/\/www.foscarini.us\/#website","url":"https:\/\/www.foscarini.us\/","name":"Foscarini","description":"","potentialAction":[{"@type":"SearchAction","target":{"@type":"EntryPoint","urlTemplate":"https:\/\/www.foscarini.us\/?s={search_term_string}"},"query-input":{"@type":"PropertyValueSpecification","valueRequired":true,"valueName":"search_term_string"}}],"inLanguage":"es-AR"}]}},"_links":{"self":[{"href":"https:\/\/www.foscarini.us\/es\/wp-json\/wp\/v2\/product\/195088"}],"collection":[{"href":"https:\/\/www.foscarini.us\/es\/wp-json\/wp\/v2\/product"}],"about":[{"href":"https:\/\/www.foscarini.us\/es\/wp-json\/wp\/v2\/types\/product"}],"replies":[{"embeddable":true,"href":"https:\/\/www.foscarini.us\/es\/wp-json\/wp\/v2\/comments?post=195088"}],"wp:featuredmedia":[{"embeddable":true,"href":"https:\/\/www.foscarini.us\/es\/wp-json\/wp\/v2\/media\/445348"}],"wp:attachment":[{"href":"https:\/\/www.foscarini.us\/es\/wp-json\/wp\/v2\/media?parent=195088"}],"wp:term":[{"taxonomy":"product_cat","embeddable":true,"href":"https:\/\/www.foscarini.us\/es\/wp-json\/wp\/v2\/product_cat?post=195088"},{"taxonomy":"product_tag","embeddable":true,"href":"https:\/\/www.foscarini.us\/es\/wp-json\/wp\/v2\/product_tag?post=195088"},{"taxonomy":"materiale","embeddable":true,"href":"https:\/\/www.foscarini.us\/es\/wp-json\/wp\/v2\/materiale?post=195088"},{"taxonomy":"altezza","embeddable":true,"href":"https:\/\/www.foscarini.us\/es\/wp-json\/wp\/v2\/altezza?post=195088"},{"taxonomy":"larghezza","embeddable":true,"href":"https:\/\/www.foscarini.us\/es\/wp-json\/wp\/v2\/larghezza?post=195088"},{"taxonomy":"profondita","embeddable":true,"href":"https:\/\/www.foscarini.us\/es\/wp-json\/wp\/v2\/profondita?post=195088"},{"taxonomy":"peso","embeddable":true,"href":"https:\/\/www.foscarini.us\/es\/wp-json\/wp\/v2\/peso?post=195088"},{"taxonomy":"designer-prodotto","embeddable":true,"href":"https:\/\/www.foscarini.us\/es\/wp-json\/wp\/v2\/designer-prodotto?post=195088"}],"curies":[{"name":"wp","href":"https:\/\/api.w.org\/{rel}","templated":true}]}}