{"id":194819,"date":"2024-03-28T18:18:01","date_gmt":"2024-03-28T18:18:01","guid":{"rendered":"https:\/\/www.foscarini.us\/product\/supernova-std-s\/"},"modified":"2025-10-17T14:43:47","modified_gmt":"2025-10-17T14:43:47","slug":"supernova-std-s-es","status":"publish","type":"product","link":"https:\/\/www.foscarini.us\/es\/producto\/supernova-std-s-es\/","title":{"rendered":"Supernova"},"content":{"rendered":"<section class=\"pdp__slider full-height-vh\">\n    <div class=\"swiper-container swiper__pdp\">\n        <div class=\"swiper-wrapper full-height\">\n                                <div class=\"swiper-slide\">\n                                                    <img decoding=\"async\" class=\"full-cover\" src=\"https:\/\/www.foscarini.us\/wp-content\/uploads\/2024\/03\/3.1_Supernova-150x150.jpg\" srcset=\"https:\/\/www.foscarini.us\/wp-content\/uploads\/2024\/03\/3.1_Supernova-300x200.jpg 300w, https:\/\/www.foscarini.us\/wp-content\/uploads\/2024\/03\/3.1_Supernova-1024x683.jpg 1024w, https:\/\/www.foscarini.us\/wp-content\/uploads\/2024\/03\/3.1_Supernova-768x512.jpg 768w, https:\/\/www.foscarini.us\/wp-content\/uploads\/2024\/03\/3.1_Supernova-1536x1024.jpg 1536w, https:\/\/www.foscarini.us\/wp-content\/uploads\/2024\/03\/3.1_Supernova-2048x1365.jpg 2048w, https:\/\/www.foscarini.us\/wp-content\/uploads\/2024\/03\/3.1_Supernova-800x533.jpg 800w\" alt=\"\" \/>\n                                                                        <\/div>\n                                        <div class=\"swiper-slide\">\n                                                    <img decoding=\"async\" class=\"full-cover\" src=\"https:\/\/www.foscarini.us\/wp-content\/uploads\/2024\/03\/3.2_Supernova-150x150.jpg\" srcset=\"https:\/\/www.foscarini.us\/wp-content\/uploads\/2024\/03\/3.2_Supernova-300x200.jpg 300w, https:\/\/www.foscarini.us\/wp-content\/uploads\/2024\/03\/3.2_Supernova-1024x683.jpg 1024w, https:\/\/www.foscarini.us\/wp-content\/uploads\/2024\/03\/3.2_Supernova-768x512.jpg 768w, https:\/\/www.foscarini.us\/wp-content\/uploads\/2024\/03\/3.2_Supernova-1536x1024.jpg 1536w, https:\/\/www.foscarini.us\/wp-content\/uploads\/2024\/03\/3.2_Supernova-2048x1365.jpg 2048w, https:\/\/www.foscarini.us\/wp-content\/uploads\/2024\/03\/3.2_Supernova-800x533.jpg 800w\" alt=\"\" \/>\n                                                                        <\/div>\n                                        <div class=\"swiper-slide\">\n                                                    <img decoding=\"async\" class=\"full-cover\" src=\"https:\/\/www.foscarini.us\/wp-content\/uploads\/2024\/03\/3.4_Supernova-150x150.jpg\" srcset=\"https:\/\/www.foscarini.us\/wp-content\/uploads\/2024\/03\/3.4_Supernova-199x300.jpg 199w, https:\/\/www.foscarini.us\/wp-content\/uploads\/2024\/03\/3.4_Supernova-678x1024.jpg 678w, https:\/\/www.foscarini.us\/wp-content\/uploads\/2024\/03\/3.4_Supernova-768x1160.jpg 768w, https:\/\/www.foscarini.us\/wp-content\/uploads\/2024\/03\/3.4_Supernova-800x1208.jpg 800w, https:\/\/www.foscarini.us\/wp-content\/uploads\/2024\/03\/3.4_Supernova.jpg 980w\" alt=\"\" \/>\n                                                                        <\/div>\n                                        <div class=\"swiper-slide\">\n                                                    <img decoding=\"async\" class=\"full-cover\" src=\"https:\/\/www.foscarini.us\/wp-content\/uploads\/2024\/03\/3.5_Supernova-150x150.jpg\" srcset=\"https:\/\/www.foscarini.us\/wp-content\/uploads\/2024\/03\/3.5_Supernova-199x300.jpg 199w, https:\/\/www.foscarini.us\/wp-content\/uploads\/2024\/03\/3.5_Supernova-678x1024.jpg 678w, https:\/\/www.foscarini.us\/wp-content\/uploads\/2024\/03\/3.5_Supernova-768x1160.jpg 768w, https:\/\/www.foscarini.us\/wp-content\/uploads\/2024\/03\/3.5_Supernova-800x1208.jpg 800w, https:\/\/www.foscarini.us\/wp-content\/uploads\/2024\/03\/3.5_Supernova.jpg 980w\" alt=\"\" \/>\n                                                                        <\/div>\n                                        <div class=\"swiper-slide\">\n                                                    <img decoding=\"async\" class=\"full-cover\" src=\"https:\/\/www.foscarini.us\/wp-content\/uploads\/2024\/03\/3.6_Supernova-150x150.jpg\" srcset=\"https:\/\/www.foscarini.us\/wp-content\/uploads\/2024\/03\/3.6_Supernova-199x300.jpg 199w, https:\/\/www.foscarini.us\/wp-content\/uploads\/2024\/03\/3.6_Supernova-678x1024.jpg 678w, https:\/\/www.foscarini.us\/wp-content\/uploads\/2024\/03\/3.6_Supernova-768x1160.jpg 768w, https:\/\/www.foscarini.us\/wp-content\/uploads\/2024\/03\/3.6_Supernova-800x1208.jpg 800w, https:\/\/www.foscarini.us\/wp-content\/uploads\/2024\/03\/3.6_Supernova.jpg 980w\" alt=\"\" \/>\n                                                                        <\/div>\n                                        <div class=\"swiper-slide\">\n                                                    <img decoding=\"async\" class=\"full-cover\" src=\"https:\/\/www.foscarini.us\/wp-content\/uploads\/2024\/03\/3.7_Supernova-150x150.jpg\" srcset=\"https:\/\/www.foscarini.us\/wp-content\/uploads\/2024\/03\/3.7_Supernova-300x200.jpg 300w, https:\/\/www.foscarini.us\/wp-content\/uploads\/2024\/03\/3.7_Supernova-1024x683.jpg 1024w, https:\/\/www.foscarini.us\/wp-content\/uploads\/2024\/03\/3.7_Supernova-768x512.jpg 768w, https:\/\/www.foscarini.us\/wp-content\/uploads\/2024\/03\/3.7_Supernova-1536x1024.jpg 1536w, https:\/\/www.foscarini.us\/wp-content\/uploads\/2024\/03\/3.7_Supernova-2048x1365.jpg 2048w, https:\/\/www.foscarini.us\/wp-content\/uploads\/2024\/03\/3.7_Supernova-800x533.jpg 800w\" alt=\"\" \/>\n                                                                        <\/div>\n                                        <div class=\"swiper-slide\">\n                                                    <img decoding=\"async\" class=\"full-cover\" src=\"https:\/\/www.foscarini.us\/wp-content\/uploads\/2024\/03\/3.10_Supernova-150x150.jpg\" srcset=\"https:\/\/www.foscarini.us\/wp-content\/uploads\/2024\/03\/3.10_Supernova-300x300.jpg 300w, https:\/\/www.foscarini.us\/wp-content\/uploads\/2024\/03\/3.10_Supernova-1024x1024.jpg 1024w, https:\/\/www.foscarini.us\/wp-content\/uploads\/2024\/03\/3.10_Supernova-150x150.jpg 150w, https:\/\/www.foscarini.us\/wp-content\/uploads\/2024\/03\/3.10_Supernova-768x768.jpg 768w, https:\/\/www.foscarini.us\/wp-content\/uploads\/2024\/03\/3.10_Supernova-400x400.jpg 400w, https:\/\/www.foscarini.us\/wp-content\/uploads\/2024\/03\/3.10_Supernova-800x800.jpg 800w, https:\/\/www.foscarini.us\/wp-content\/uploads\/2024\/03\/3.10_Supernova-100x100.jpg 100w, https:\/\/www.foscarini.us\/wp-content\/uploads\/2024\/03\/3.10_Supernova.jpg 1480w\" alt=\"\" \/>\n                                                                        <\/div>\n                            <\/div>\n    <\/div>\n    <div class=\"swiper-scrollbar\"><\/div>\n    <div class=\"ct-arrow\">\n        <div class=\"swiper-button-prev\"><\/div>\n        <div class=\"swiper-button-next\"><\/div>\n    <\/div>\n<\/section><section class=\"concept__project_comunication full-height-vh\">\n    <div class=\"row row-large\">\n        <div class=\"medium-12 small-12 columns full-height no-padding-right-mobile\">\n            <div class=\"ct-image-text-lateral\">\n                <div class=\"ct-arrow\">\n                    <div class=\"swiper-button-prev\" aria-label=\"previous slide\"><\/div>\n                    <div class=\"swiper-button-next\" aria-label=\"next slide\"><\/div>\n                <\/div>\n                <span class=\"section-name-lateral\">Contenidos Editoriales<\/span>\n                <!-- Swiper -->\n                <div class=\"swiper-container swiper__concept__comunication\">\n                    <div class=\"swiper-wrapper\">\n                                                            <div class=\"swiper-slide\">\n                                        <div class=\"ct-slide\">\n                                                                                                <img decoding=\"async\" class=\"full-cover\" src=\"https:\/\/www.foscarini.us\/wp-content\/uploads\/2023\/12\/cover-notturno-laviani-150x150.jpeg\" srcset=\"https:\/\/www.foscarini.us\/wp-content\/uploads\/2023\/12\/cover-notturno-laviani-300x167.jpeg 300w, https:\/\/www.foscarini.us\/wp-content\/uploads\/2023\/12\/cover-notturno-laviani-scaled-800x444.jpeg 800w, https:\/\/www.foscarini.us\/wp-content\/uploads\/2023\/12\/cover-notturno-laviani-1024x569.jpeg 1024w, https:\/\/www.foscarini.us\/wp-content\/uploads\/2023\/12\/cover-notturno-laviani-768x427.jpeg 768w, https:\/\/www.foscarini.us\/wp-content\/uploads\/2023\/12\/cover-notturno-laviani-1536x853.jpeg 1536w, https:\/\/www.foscarini.us\/wp-content\/uploads\/2023\/12\/cover-notturno-laviani-2048x1138.jpeg 2048w\" alt=\"\" \/>\n                                                                                                <div class=\"ct-col-right\">\n                                                <div class=\"ct-link\">\n                                                    <a class=\"link-arrow\" href=\"https:\/\/www.foscarini.us\/es\/notturno-laviani\/\">Notturno Laviani: Gianluca Vassallo interpreta a Ferruccio Laviani<\/a>\n                                                    <div class=\"text-1\"><p>Catorce fotos en los que las l\u00e1mparas-escultura que Ferruccio Laviani dise\u00f1\u00f3 para Foscarini de 1992 a 2022 habitan espacios ajenos.<\/p>\n<\/div>\n                                                <\/div>\n                                            <\/div>\n                                        <\/div>\n                                    <\/div>\n                                                                        <div class=\"swiper-slide\">\n                                        <div class=\"ct-slide\">\n                                                                                                <img decoding=\"async\" class=\"full-cover\" src=\"https:\/\/www.foscarini.us\/wp-content\/uploads\/2023\/12\/Modulo1_30Laviani-150x150.jpg\" srcset=\"https:\/\/www.foscarini.us\/wp-content\/uploads\/2023\/12\/Modulo1_30Laviani-300x194.jpg 300w, https:\/\/www.foscarini.us\/wp-content\/uploads\/2023\/12\/Modulo1_30Laviani-800x518.jpg 800w, https:\/\/www.foscarini.us\/wp-content\/uploads\/2023\/12\/Modulo1_30Laviani-1024x663.jpg 1024w, https:\/\/www.foscarini.us\/wp-content\/uploads\/2023\/12\/Modulo1_30Laviani-768x498.jpg 768w, https:\/\/www.foscarini.us\/wp-content\/uploads\/2023\/12\/Modulo1_30Laviani-1536x995.jpg 1536w, https:\/\/www.foscarini.us\/wp-content\/uploads\/2023\/12\/Modulo1_30Laviani-2048x1327.jpg 2048w\" alt=\"\" \/>\n                                                                                                <div class=\"ct-col-right\">\n                                                <div class=\"ct-link\">\n                                                    <a class=\"link-arrow\" href=\"https:\/\/www.foscarini.us\/es\/30-anos-de-libertad-creativa\/\">30 a\u00f1os de libertad creativa<\/a>\n                                                    <div class=\"text-1\"><p>Una entrevista con Ferruccio Laviani celebra los treinta a\u00f1os de colaboraci\u00f3n entre producto, dise\u00f1o de tiendas e instalaciones<\/p>\n<\/div>\n                                                <\/div>\n                                            <\/div>\n                                        <\/div>\n                                    <\/div>\n                                                        <\/div>\n                <\/div>\n            <\/div>\n        <\/div>\n    <\/div>\n<\/section><div class=\"wp-block-columns two_image_join two_image_join_affiancate on_off_block is-layout-flex wp-container-core-columns-is-layout-1 wp-block-columns-is-layout-flex\"><div class=\"wp-block-column is-layout-flow wp-block-column-is-layout-flow\"><div class=\"wp-block-getwid-image-hotspot\" data-appearance-animation=\"none\" data-image-points=\"[{&quot;link&quot;:&quot;&quot;,&quot;icon&quot;:&quot;&quot;,&quot;title&quot;:&quot;acceso&quot;,&quot;color&quot;:&quot;&quot;,&quot;content&quot;:&quot;&quot;,&quot;backgroundColor&quot;:&quot;&quot;,&quot;newTab&quot;:false,&quot;popUpOpen&quot;:false,&quot;popUpWidth&quot;:350,&quot;placement&quot;:&quot;top&quot;,&quot;position&quot;:{&quot;x&quot;:&quot;58.88%&quot;,&quot;y&quot;:&quot;25.70%&quot;}}]\" data-trigger=\"click\" data-theme=\"light\" data-tooltip-animation=\"shift-toward\" data-arrow=\"true\"><div class=\"wp-block-getwid-image-hotspot__wrapper\"><img loading=\"lazy\" decoding=\"async\" width=\"2560\" height=\"1591\" src=\"https:\/\/www.foscarini.us\/wp-content\/uploads\/2024\/03\/4.1-OFF_Supernova-scaled.jpg\" alt=\"\" class=\"wp-block-getwid-image-hotspot__image wp-image-129867\" srcset=\"https:\/\/www.foscarini.us\/wp-content\/uploads\/2024\/03\/4.1-OFF_Supernova-scaled.jpg 2560w, https:\/\/www.foscarini.us\/wp-content\/uploads\/2024\/03\/4.1-OFF_Supernova-300x186.jpg 300w, https:\/\/www.foscarini.us\/wp-content\/uploads\/2024\/03\/4.1-OFF_Supernova-1024x636.jpg 1024w, https:\/\/www.foscarini.us\/wp-content\/uploads\/2024\/03\/4.1-OFF_Supernova-768x477.jpg 768w, https:\/\/www.foscarini.us\/wp-content\/uploads\/2024\/03\/4.1-OFF_Supernova-1536x955.jpg 1536w, https:\/\/www.foscarini.us\/wp-content\/uploads\/2024\/03\/4.1-OFF_Supernova-2048x1273.jpg 2048w, https:\/\/www.foscarini.us\/wp-content\/uploads\/2024\/03\/4.1-OFF_Supernova-800x497.jpg 800w\" sizes=\"(max-width: 2560px) 100vw, 2560px\" \/><div data-point-id=\"0\" class=\"wp-block-getwid-image-hotspot__dot has-animation-pulse\" style=\"left:58.88%;top:25.70%\"><div class=\"wp-block-getwid-image-hotspot__dot-wrapper\"><div class=\"wp-block-getwid-image-hotspot__dot-content\"><i class=\"fas fa-plus wp-block-getwid-image-hotspot__dot-icon\"><\/i><\/div><\/div><div class=\"wp-block-getwid-image-hotspot__dot-description\"><div class=\"wp-block-getwid-image-hotspot__dot-title\">acceso<\/div><\/div><\/div><\/div><\/div>\n\n<figure class=\"wp-block-image size-large absolute_image\"><img loading=\"lazy\" decoding=\"async\" width=\"1024\" height=\"636\" src=\"https:\/\/www.foscarini.us\/wp-content\/uploads\/2024\/03\/4.2-ON_Supernova-1024x636.jpg\" alt=\"\" class=\"wp-image-129874\" srcset=\"https:\/\/www.foscarini.us\/wp-content\/uploads\/2024\/03\/4.2-ON_Supernova-1024x636.jpg 1024w, https:\/\/www.foscarini.us\/wp-content\/uploads\/2024\/03\/4.2-ON_Supernova-300x186.jpg 300w, https:\/\/www.foscarini.us\/wp-content\/uploads\/2024\/03\/4.2-ON_Supernova-768x477.jpg 768w, https:\/\/www.foscarini.us\/wp-content\/uploads\/2024\/03\/4.2-ON_Supernova-1536x955.jpg 1536w, https:\/\/www.foscarini.us\/wp-content\/uploads\/2024\/03\/4.2-ON_Supernova-2048x1273.jpg 2048w, https:\/\/www.foscarini.us\/wp-content\/uploads\/2024\/03\/4.2-ON_Supernova-800x497.jpg 800w\" sizes=\"(max-width: 1024px) 100vw, 1024px\" \/><\/figure><\/div><\/div>","protected":false},"excerpt":{"rendered":"<p>L\u00e1mpara de suspensi\u00f3n de luz difusa. Volumen esf\u00e9rico sorprendente creado por la composici\u00f3n de planos bidimensionales, formado por 14 planchas cortadas con l\u00e1ser de 7 formas diversas en aluminio natural mate o pintado con polvo epox\u00eddico. La especial forma de los discos internos garantiza el m\u00e1ximo de la reflexi\u00f3n y, de forma contempor\u00e1nea, evita el deslumbramiento. La bombilla central es como el n\u00facleo incandescente de un planeta. Estructura de apoyo en metal cromado mate, cable de suspensi\u00f3n en acero inoxidable y cable el\u00e9ctrico transparente. Flor\u00f3n de techo con estribo de metal cincado y cobertura en metal cromado mate. Disponible kit para la descentralizaci\u00f3n del flor\u00f3n.<\/p>\n","protected":false},"featured_media":449093,"comment_status":"open","ping_status":"closed","template":"","meta":{"_acf_changed":true},"product_cat":[653,719,799,5609,744],"product_tag":[],"materiale":[8428],"altezza":[11737],"larghezza":[10833],"profondita":[10544],"peso":[10689],"designer-prodotto":[7158],"class_list":{"0":"post-194819","1":"product","2":"type-product","3":"status-publish","4":"has-post-thumbnail","6":"product_cat-concetto-es","7":"product_cat-funzione-es","8":"product_cat-supernova-concetto-es","9":"product_cat-supernova-famiglia-es","10":"product_cat-sospensione-es","11":"materiale-acciaio-e-metallo-es","12":"altezza-60-es","13":"larghezza-56-es","14":"profondita-51-es","15":"peso-8-es","16":"designer-prodotto-ferruccio-laviani-es","18":"first","19":"instock","20":"shipping-taxable","21":"purchasable","22":"product-type-variable"},"acf":{"preview_slider":{"titolo":"","testo":"","video_domanda":false,"link_video":""},"prodotto__immagine_preview":{"immagine":225972},"prodotto__slider":{"sottotitolo":"Ferruccio Laviani (2000)","titolo":"La l\u00e1mpara de suspensi\u00f3n Supernova, un volumen creado por planos bidimensionales, un claroscuro de sombras con un n\u00facleo luminoso en el centro, es una fascinante paradoja. El especial dise\u00f1o de los discos met\u00e1licos que la componen crea un m\u00e1gico efecto de luz reflejada.","immagini":[{"immagine":309462,"immagine_mobile":""},{"immagine":309469,"immagine_mobile":""}]},"prodotto__slider_preview":null,"prodotto__specifiche":{"selezione":[{"scheda_tecnica":483998}]}},"yoast_head":"<!-- This site is optimized with the Yoast SEO Premium plugin v22.4 (Yoast SEO v23.7) - https:\/\/yoast.com\/wordpress\/plugins\/seo\/ -->\n<title>Supernova - Foscarini<\/title>\n<meta name=\"robots\" content=\"index, follow, max-snippet:-1, max-image-preview:large, max-video-preview:-1\" \/>\n<meta property=\"og:locale\" content=\"es_ES\" \/>\n<meta property=\"og:type\" content=\"article\" \/>\n<meta property=\"og:title\" content=\"Supernova\" \/>\n<meta property=\"og:description\" content=\"L\u00e1mpara de suspensi\u00f3n de luz difusa. Volumen esf\u00e9rico sorprendente creado por la composici\u00f3n de planos bidimensionales, formado por 14 planchas cortadas con l\u00e1ser de 7 formas diversas en aluminio natural mate o pintado con polvo epox\u00eddico. La especial forma de los discos internos garantiza el m\u00e1ximo de la reflexi\u00f3n y, de forma contempor\u00e1nea, evita el deslumbramiento. La bombilla central es como el n\u00facleo incandescente de un planeta. Estructura de apoyo en metal cromado mate, cable de suspensi\u00f3n en acero inoxidable y cable el\u00e9ctrico transparente. Flor\u00f3n de techo con estribo de metal cincado y cobertura en metal cromado mate. Disponible kit para la descentralizaci\u00f3n del flor\u00f3n.\" \/>\n<meta property=\"og:url\" content=\"https:\/\/www.foscarini.us\/es\/producto\/supernova-std-s-es\/\" \/>\n<meta property=\"og:site_name\" content=\"Foscarini\" \/>\n<meta property=\"article:modified_time\" content=\"2025-10-17T14:43:47+00:00\" \/>\n<meta property=\"og:image\" content=\"https:\/\/www.foscarini.us\/wp-content\/uploads\/2025\/06\/supernova_s_fuschia_22_786x865-1.jpg\" \/>\n\t<meta property=\"og:image:width\" content=\"786\" \/>\n\t<meta property=\"og:image:height\" content=\"865\" \/>\n\t<meta property=\"og:image:type\" content=\"image\/jpeg\" \/>\n<meta name=\"twitter:card\" content=\"summary_large_image\" \/>\n<meta name=\"twitter:label1\" content=\"Tiempo de lectura\" \/>\n\t<meta name=\"twitter:data1\" content=\"1 minuto\" \/>\n<script type=\"application\/ld+json\" class=\"yoast-schema-graph\">{\"@context\":\"https:\/\/schema.org\",\"@graph\":[{\"@type\":\"WebPage\",\"@id\":\"https:\/\/www.foscarini.us\/es\/producto\/supernova-std-s-es\/\",\"url\":\"https:\/\/www.foscarini.us\/es\/producto\/supernova-std-s-es\/\",\"name\":\"Supernova - Foscarini\",\"isPartOf\":{\"@id\":\"https:\/\/www.foscarini.us\/#website\"},\"primaryImageOfPage\":{\"@id\":\"https:\/\/www.foscarini.us\/es\/producto\/supernova-std-s-es\/#primaryimage\"},\"image\":{\"@id\":\"https:\/\/www.foscarini.us\/es\/producto\/supernova-std-s-es\/#primaryimage\"},\"thumbnailUrl\":\"https:\/\/www.foscarini.us\/wp-content\/uploads\/2025\/06\/supernova_s_fuschia_22_786x865-1.jpg\",\"datePublished\":\"2024-03-28T18:18:01+00:00\",\"dateModified\":\"2025-10-17T14:43:47+00:00\",\"breadcrumb\":{\"@id\":\"https:\/\/www.foscarini.us\/es\/producto\/supernova-std-s-es\/#breadcrumb\"},\"inLanguage\":\"es-AR\",\"potentialAction\":[{\"@type\":\"ReadAction\",\"target\":[\"https:\/\/www.foscarini.us\/es\/producto\/supernova-std-s-es\/\"]}]},{\"@type\":\"ImageObject\",\"inLanguage\":\"es-AR\",\"@id\":\"https:\/\/www.foscarini.us\/es\/producto\/supernova-std-s-es\/#primaryimage\",\"url\":\"https:\/\/www.foscarini.us\/wp-content\/uploads\/2025\/06\/supernova_s_fuschia_22_786x865-1.jpg\",\"contentUrl\":\"https:\/\/www.foscarini.us\/wp-content\/uploads\/2025\/06\/supernova_s_fuschia_22_786x865-1.jpg\",\"width\":786,\"height\":865},{\"@type\":\"BreadcrumbList\",\"@id\":\"https:\/\/www.foscarini.us\/es\/producto\/supernova-std-s-es\/#breadcrumb\",\"itemListElement\":[{\"@type\":\"ListItem\",\"position\":1,\"name\":\"Home\",\"item\":\"https:\/\/www.foscarini.us\/es\/\"},{\"@type\":\"ListItem\",\"position\":2,\"name\":\"Tienda\",\"item\":\"https:\/\/www.foscarini.us\/es\/tienda\/\"},{\"@type\":\"ListItem\",\"position\":3,\"name\":\"Supernova\"}]},{\"@type\":\"WebSite\",\"@id\":\"https:\/\/www.foscarini.us\/#website\",\"url\":\"https:\/\/www.foscarini.us\/\",\"name\":\"Foscarini\",\"description\":\"\",\"potentialAction\":[{\"@type\":\"SearchAction\",\"target\":{\"@type\":\"EntryPoint\",\"urlTemplate\":\"https:\/\/www.foscarini.us\/?s={search_term_string}\"},\"query-input\":{\"@type\":\"PropertyValueSpecification\",\"valueRequired\":true,\"valueName\":\"search_term_string\"}}],\"inLanguage\":\"es-AR\"}]}<\/script>\n<!-- \/ Yoast SEO Premium plugin. -->","yoast_head_json":{"title":"Supernova - Foscarini","robots":{"index":"index","follow":"follow","max-snippet":"max-snippet:-1","max-image-preview":"max-image-preview:large","max-video-preview":"max-video-preview:-1"},"og_locale":"es_ES","og_type":"article","og_title":"Supernova","og_description":"L\u00e1mpara de suspensi\u00f3n de luz difusa. Volumen esf\u00e9rico sorprendente creado por la composici\u00f3n de planos bidimensionales, formado por 14 planchas cortadas con l\u00e1ser de 7 formas diversas en aluminio natural mate o pintado con polvo epox\u00eddico. La especial forma de los discos internos garantiza el m\u00e1ximo de la reflexi\u00f3n y, de forma contempor\u00e1nea, evita el deslumbramiento. La bombilla central es como el n\u00facleo incandescente de un planeta. Estructura de apoyo en metal cromado mate, cable de suspensi\u00f3n en acero inoxidable y cable el\u00e9ctrico transparente. Flor\u00f3n de techo con estribo de metal cincado y cobertura en metal cromado mate. Disponible kit para la descentralizaci\u00f3n del flor\u00f3n.","og_url":"https:\/\/www.foscarini.us\/es\/producto\/supernova-std-s-es\/","og_site_name":"Foscarini","article_modified_time":"2025-10-17T14:43:47+00:00","og_image":[{"width":786,"height":865,"url":"https:\/\/www.foscarini.us\/wp-content\/uploads\/2025\/06\/supernova_s_fuschia_22_786x865-1.jpg","type":"image\/jpeg"}],"twitter_card":"summary_large_image","twitter_misc":{"Tiempo de lectura":"1 minuto"},"schema":{"@context":"https:\/\/schema.org","@graph":[{"@type":"WebPage","@id":"https:\/\/www.foscarini.us\/es\/producto\/supernova-std-s-es\/","url":"https:\/\/www.foscarini.us\/es\/producto\/supernova-std-s-es\/","name":"Supernova - Foscarini","isPartOf":{"@id":"https:\/\/www.foscarini.us\/#website"},"primaryImageOfPage":{"@id":"https:\/\/www.foscarini.us\/es\/producto\/supernova-std-s-es\/#primaryimage"},"image":{"@id":"https:\/\/www.foscarini.us\/es\/producto\/supernova-std-s-es\/#primaryimage"},"thumbnailUrl":"https:\/\/www.foscarini.us\/wp-content\/uploads\/2025\/06\/supernova_s_fuschia_22_786x865-1.jpg","datePublished":"2024-03-28T18:18:01+00:00","dateModified":"2025-10-17T14:43:47+00:00","breadcrumb":{"@id":"https:\/\/www.foscarini.us\/es\/producto\/supernova-std-s-es\/#breadcrumb"},"inLanguage":"es-AR","potentialAction":[{"@type":"ReadAction","target":["https:\/\/www.foscarini.us\/es\/producto\/supernova-std-s-es\/"]}]},{"@type":"ImageObject","inLanguage":"es-AR","@id":"https:\/\/www.foscarini.us\/es\/producto\/supernova-std-s-es\/#primaryimage","url":"https:\/\/www.foscarini.us\/wp-content\/uploads\/2025\/06\/supernova_s_fuschia_22_786x865-1.jpg","contentUrl":"https:\/\/www.foscarini.us\/wp-content\/uploads\/2025\/06\/supernova_s_fuschia_22_786x865-1.jpg","width":786,"height":865},{"@type":"BreadcrumbList","@id":"https:\/\/www.foscarini.us\/es\/producto\/supernova-std-s-es\/#breadcrumb","itemListElement":[{"@type":"ListItem","position":1,"name":"Home","item":"https:\/\/www.foscarini.us\/es\/"},{"@type":"ListItem","position":2,"name":"Tienda","item":"https:\/\/www.foscarini.us\/es\/tienda\/"},{"@type":"ListItem","position":3,"name":"Supernova"}]},{"@type":"WebSite","@id":"https:\/\/www.foscarini.us\/#website","url":"https:\/\/www.foscarini.us\/","name":"Foscarini","description":"","potentialAction":[{"@type":"SearchAction","target":{"@type":"EntryPoint","urlTemplate":"https:\/\/www.foscarini.us\/?s={search_term_string}"},"query-input":{"@type":"PropertyValueSpecification","valueRequired":true,"valueName":"search_term_string"}}],"inLanguage":"es-AR"}]}},"_links":{"self":[{"href":"https:\/\/www.foscarini.us\/es\/wp-json\/wp\/v2\/product\/194819"}],"collection":[{"href":"https:\/\/www.foscarini.us\/es\/wp-json\/wp\/v2\/product"}],"about":[{"href":"https:\/\/www.foscarini.us\/es\/wp-json\/wp\/v2\/types\/product"}],"replies":[{"embeddable":true,"href":"https:\/\/www.foscarini.us\/es\/wp-json\/wp\/v2\/comments?post=194819"}],"wp:featuredmedia":[{"embeddable":true,"href":"https:\/\/www.foscarini.us\/es\/wp-json\/wp\/v2\/media\/449093"}],"wp:attachment":[{"href":"https:\/\/www.foscarini.us\/es\/wp-json\/wp\/v2\/media?parent=194819"}],"wp:term":[{"taxonomy":"product_cat","embeddable":true,"href":"https:\/\/www.foscarini.us\/es\/wp-json\/wp\/v2\/product_cat?post=194819"},{"taxonomy":"product_tag","embeddable":true,"href":"https:\/\/www.foscarini.us\/es\/wp-json\/wp\/v2\/product_tag?post=194819"},{"taxonomy":"materiale","embeddable":true,"href":"https:\/\/www.foscarini.us\/es\/wp-json\/wp\/v2\/materiale?post=194819"},{"taxonomy":"altezza","embeddable":true,"href":"https:\/\/www.foscarini.us\/es\/wp-json\/wp\/v2\/altezza?post=194819"},{"taxonomy":"larghezza","embeddable":true,"href":"https:\/\/www.foscarini.us\/es\/wp-json\/wp\/v2\/larghezza?post=194819"},{"taxonomy":"profondita","embeddable":true,"href":"https:\/\/www.foscarini.us\/es\/wp-json\/wp\/v2\/profondita?post=194819"},{"taxonomy":"peso","embeddable":true,"href":"https:\/\/www.foscarini.us\/es\/wp-json\/wp\/v2\/peso?post=194819"},{"taxonomy":"designer-prodotto","embeddable":true,"href":"https:\/\/www.foscarini.us\/es\/wp-json\/wp\/v2\/designer-prodotto?post=194819"}],"curies":[{"name":"wp","href":"https:\/\/api.w.org\/{rel}","templated":true}]}}