{"id":194542,"date":"2024-03-28T18:12:34","date_gmt":"2024-03-28T18:12:34","guid":{"rendered":"https:\/\/www.foscarini.us\/product\/rituals-2-rituals-t\/"},"modified":"2025-10-17T14:26:02","modified_gmt":"2025-10-17T14:26:02","slug":"rituals-2-rituals-t-es","status":"publish","type":"product","link":"https:\/\/www.foscarini.us\/es\/producto\/rituals-2-rituals-t-es\/","title":{"rendered":"Rituals 2"},"content":{"rendered":"<p>La forma bassa e ampia della lampada da tavolo Rituals 2 crea una luce intima, ammorbidita dalla superficie increspata del vetro soffiato arricchito da sottili incisioni, che ricordano il gesto della molatura, frutto di un sapiente lavoro artigiano. Una collezione ricca di matericit\u00e0, in equilibrio tra oriente e occidente.<\/p><section class=\"pdp__slider full-height-vh\">\n    <div class=\"swiper-container swiper__pdp\">\n        <div class=\"swiper-wrapper full-height\">\n                                <div class=\"swiper-slide\">\n                                                    <img decoding=\"async\" class=\"full-cover\" src=\"https:\/\/www.foscarini.us\/wp-content\/uploads\/2024\/03\/3.1_Rituals2-1-150x150.jpg\" srcset=\"https:\/\/www.foscarini.us\/wp-content\/uploads\/2024\/03\/3.1_Rituals2-1-300x200.jpg 300w, https:\/\/www.foscarini.us\/wp-content\/uploads\/2024\/03\/3.1_Rituals2-1-1024x683.jpg 1024w, https:\/\/www.foscarini.us\/wp-content\/uploads\/2024\/03\/3.1_Rituals2-1-768x512.jpg 768w, https:\/\/www.foscarini.us\/wp-content\/uploads\/2024\/03\/3.1_Rituals2-1-1536x1024.jpg 1536w, https:\/\/www.foscarini.us\/wp-content\/uploads\/2024\/03\/3.1_Rituals2-1-2048x1365.jpg 2048w, https:\/\/www.foscarini.us\/wp-content\/uploads\/2024\/03\/3.1_Rituals2-1-800x533.jpg 800w\" alt=\"\" \/>\n                                                                        <\/div>\n                                        <div class=\"swiper-slide\">\n                                                    <img decoding=\"async\" class=\"full-cover\" src=\"https:\/\/www.foscarini.us\/wp-content\/uploads\/2024\/03\/3.2_Rituals2-1-150x150.jpg\" srcset=\"https:\/\/www.foscarini.us\/wp-content\/uploads\/2024\/03\/3.2_Rituals2-1-199x300.jpg 199w, https:\/\/www.foscarini.us\/wp-content\/uploads\/2024\/03\/3.2_Rituals2-1-678x1024.jpg 678w, https:\/\/www.foscarini.us\/wp-content\/uploads\/2024\/03\/3.2_Rituals2-1-768x1160.jpg 768w, https:\/\/www.foscarini.us\/wp-content\/uploads\/2024\/03\/3.2_Rituals2-1-800x1208.jpg 800w, https:\/\/www.foscarini.us\/wp-content\/uploads\/2024\/03\/3.2_Rituals2-1.jpg 980w\" alt=\"\" \/>\n                                                                        <\/div>\n                                        <div class=\"swiper-slide\">\n                                                    <img decoding=\"async\" class=\"full-cover\" src=\"https:\/\/www.foscarini.us\/wp-content\/uploads\/2024\/03\/3.3_Rituals2-1-150x150.jpg\" srcset=\"https:\/\/www.foscarini.us\/wp-content\/uploads\/2024\/03\/3.3_Rituals2-1-300x200.jpg 300w, https:\/\/www.foscarini.us\/wp-content\/uploads\/2024\/03\/3.3_Rituals2-1-1024x683.jpg 1024w, https:\/\/www.foscarini.us\/wp-content\/uploads\/2024\/03\/3.3_Rituals2-1-768x512.jpg 768w, https:\/\/www.foscarini.us\/wp-content\/uploads\/2024\/03\/3.3_Rituals2-1-1536x1024.jpg 1536w, https:\/\/www.foscarini.us\/wp-content\/uploads\/2024\/03\/3.3_Rituals2-1-2048x1365.jpg 2048w, https:\/\/www.foscarini.us\/wp-content\/uploads\/2024\/03\/3.3_Rituals2-1-800x533.jpg 800w\" alt=\"\" \/>\n                                                                        <\/div>\n                                        <div class=\"swiper-slide\">\n                                                    <img decoding=\"async\" class=\"full-cover\" src=\"https:\/\/www.foscarini.us\/wp-content\/uploads\/2024\/03\/3.4_Rituals2-1-150x150.jpg\" srcset=\"https:\/\/www.foscarini.us\/wp-content\/uploads\/2024\/03\/3.4_Rituals2-1-199x300.jpg 199w, https:\/\/www.foscarini.us\/wp-content\/uploads\/2024\/03\/3.4_Rituals2-1-678x1024.jpg 678w, https:\/\/www.foscarini.us\/wp-content\/uploads\/2024\/03\/3.4_Rituals2-1-768x1160.jpg 768w, https:\/\/www.foscarini.us\/wp-content\/uploads\/2024\/03\/3.4_Rituals2-1-800x1208.jpg 800w, https:\/\/www.foscarini.us\/wp-content\/uploads\/2024\/03\/3.4_Rituals2-1.jpg 980w\" alt=\"\" \/>\n                                                                        <\/div>\n                                        <div class=\"swiper-slide\">\n                                                    <img decoding=\"async\" class=\"full-cover\" src=\"https:\/\/www.foscarini.us\/wp-content\/uploads\/2024\/03\/3.5_Rituals2-150x150.jpg\" srcset=\"https:\/\/www.foscarini.us\/wp-content\/uploads\/2024\/03\/3.5_Rituals2-300x200.jpg 300w, https:\/\/www.foscarini.us\/wp-content\/uploads\/2024\/03\/3.5_Rituals2-1024x683.jpg 1024w, https:\/\/www.foscarini.us\/wp-content\/uploads\/2024\/03\/3.5_Rituals2-768x512.jpg 768w, https:\/\/www.foscarini.us\/wp-content\/uploads\/2024\/03\/3.5_Rituals2-1536x1024.jpg 1536w, https:\/\/www.foscarini.us\/wp-content\/uploads\/2024\/03\/3.5_Rituals2-2048x1365.jpg 2048w, https:\/\/www.foscarini.us\/wp-content\/uploads\/2024\/03\/3.5_Rituals2-800x533.jpg 800w\" alt=\"\" \/>\n                                                                        <\/div>\n                                        <div class=\"swiper-slide\">\n                                                    <img decoding=\"async\" class=\"full-cover\" src=\"https:\/\/www.foscarini.us\/wp-content\/uploads\/2024\/03\/3.8_Rituals-1-150x150.jpg\" srcset=\"https:\/\/www.foscarini.us\/wp-content\/uploads\/2024\/03\/3.8_Rituals-1-199x300.jpg 199w, https:\/\/www.foscarini.us\/wp-content\/uploads\/2024\/03\/3.8_Rituals-1-678x1024.jpg 678w, https:\/\/www.foscarini.us\/wp-content\/uploads\/2024\/03\/3.8_Rituals-1-768x1160.jpg 768w, https:\/\/www.foscarini.us\/wp-content\/uploads\/2024\/03\/3.8_Rituals-1-800x1208.jpg 800w, https:\/\/www.foscarini.us\/wp-content\/uploads\/2024\/03\/3.8_Rituals-1.jpg 980w\" alt=\"\" \/>\n                                                                        <\/div>\n                                        <div class=\"swiper-slide\">\n                                                    <img decoding=\"async\" class=\"full-cover\" src=\"https:\/\/www.foscarini.us\/wp-content\/uploads\/2024\/03\/3.9_Rituals2-1-150x150.jpg\" srcset=\"https:\/\/www.foscarini.us\/wp-content\/uploads\/2024\/03\/3.9_Rituals2-1-199x300.jpg 199w, https:\/\/www.foscarini.us\/wp-content\/uploads\/2024\/03\/3.9_Rituals2-1-678x1024.jpg 678w, https:\/\/www.foscarini.us\/wp-content\/uploads\/2024\/03\/3.9_Rituals2-1-768x1160.jpg 768w, https:\/\/www.foscarini.us\/wp-content\/uploads\/2024\/03\/3.9_Rituals2-1-800x1208.jpg 800w, https:\/\/www.foscarini.us\/wp-content\/uploads\/2024\/03\/3.9_Rituals2-1.jpg 980w\" alt=\"\" \/>\n                                                                        <\/div>\n                                        <div class=\"swiper-slide\">\n                                                    <img decoding=\"async\" class=\"full-cover\" src=\"https:\/\/www.foscarini.us\/wp-content\/uploads\/2024\/03\/3.10_Rituals-4-150x150.jpg\" srcset=\"https:\/\/www.foscarini.us\/wp-content\/uploads\/2024\/03\/3.10_Rituals-4-254x300.jpg 254w, https:\/\/www.foscarini.us\/wp-content\/uploads\/2024\/03\/3.10_Rituals-4-866x1024.jpg 866w, https:\/\/www.foscarini.us\/wp-content\/uploads\/2024\/03\/3.10_Rituals-4-768x908.jpg 768w, https:\/\/www.foscarini.us\/wp-content\/uploads\/2024\/03\/3.10_Rituals-4-800x946.jpg 800w, https:\/\/www.foscarini.us\/wp-content\/uploads\/2024\/03\/3.10_Rituals-4.jpg 1252w\" alt=\"\" \/>\n                                                                        <\/div>\n                            <\/div>\n    <\/div>\n    <div class=\"swiper-scrollbar\"><\/div>\n    <div class=\"ct-arrow\">\n        <div class=\"swiper-button-prev\"><\/div>\n        <div class=\"swiper-button-next\"><\/div>\n    <\/div>\n<\/section><section class=\"concept__project_comunication full-height-vh\">\n    <div class=\"row row-large\">\n        <div class=\"medium-12 small-12 columns full-height no-padding-right-mobile\">\n            <div class=\"ct-image-text-lateral\">\n                <div class=\"ct-arrow\">\n                    <div class=\"swiper-button-prev\" aria-label=\"previous slide\"><\/div>\n                    <div class=\"swiper-button-next\" aria-label=\"next slide\"><\/div>\n                <\/div>\n                <span class=\"section-name-lateral\">Contenidos Editoriales<\/span>\n                <!-- Swiper -->\n                <div class=\"swiper-container swiper__concept__comunication\">\n                    <div class=\"swiper-wrapper\">\n                                                            <div class=\"swiper-slide\">\n                                        <div class=\"ct-slide\">\n                                                                                                <img decoding=\"async\" class=\"full-cover\" src=\"https:\/\/www.foscarini.us\/wp-content\/uploads\/2023\/11\/main_banner_postcard-of-light-150x150.jpeg\" srcset=\"https:\/\/www.foscarini.us\/wp-content\/uploads\/2023\/11\/main_banner_postcard-of-light-300x194.jpeg 300w, https:\/\/www.foscarini.us\/wp-content\/uploads\/2023\/11\/main_banner_postcard-of-light-800x518.jpeg 800w, https:\/\/www.foscarini.us\/wp-content\/uploads\/2023\/11\/main_banner_postcard-of-light-1024x663.jpeg 1024w, https:\/\/www.foscarini.us\/wp-content\/uploads\/2023\/11\/main_banner_postcard-of-light-768x498.jpeg 768w, https:\/\/www.foscarini.us\/wp-content\/uploads\/2023\/11\/main_banner_postcard-of-light-1536x995.jpeg 1536w, https:\/\/www.foscarini.us\/wp-content\/uploads\/2023\/11\/main_banner_postcard-of-light-2048x1327.jpeg 2048w\" alt=\"\" \/>\n                                                                                                <div class=\"ct-col-right\">\n                                                <div class=\"ct-link\">\n                                                    <a class=\"link-arrow\" href=\"https:\/\/www.foscarini.us\/es\/postcards-of-light\/\">Postcards of Light<\/a>\n                                                    <div class=\"text-1\"><p>Las l\u00e1mparas, llevadas por las calles del mundo, se convierten en protagonistas y testimonios de fragmentos de vida.<\/p>\n<\/div>\n                                                <\/div>\n                                            <\/div>\n                                        <\/div>\n                                    <\/div>\n                                                                        <div class=\"swiper-slide\">\n                                        <div class=\"ct-slide\">\n                                                                                                <img decoding=\"async\" class=\"full-cover\" src=\"https:\/\/www.foscarini.us\/wp-content\/uploads\/2023\/12\/Inventario10_1_-150x150.jpeg\" srcset=\"https:\/\/www.foscarini.us\/wp-content\/uploads\/2023\/12\/Inventario10_1_-232x300.jpeg 232w, https:\/\/www.foscarini.us\/wp-content\/uploads\/2023\/12\/Inventario10_1_-768x992.jpeg 768w, https:\/\/www.foscarini.us\/wp-content\/uploads\/2023\/12\/Inventario10_1_-600x775.jpeg 600w, https:\/\/www.foscarini.us\/wp-content\/uploads\/2023\/12\/Inventario10_1_.jpeg 776w\" alt=\"\" \/>\n                                                                                                <div class=\"ct-col-right\">\n                                                <div class=\"ct-link\">\n                                                    <a class=\"link-arrow\" href=\"https:\/\/www.foscarini.us\/es\/inventario\/inventario-10\/\">Inventario \u00b010<\/a>\n                                                    <div class=\"text-1\"><p>El n\u00famero 10 representa un hito importante para el bookzine, con el reciente Compasso d\u2019Oro recibido y espacio independiente de ideas, est\u00edmulos y curiosidades.<\/p>\n<\/div>\n                                                <\/div>\n                                            <\/div>\n                                        <\/div>\n                                    <\/div>\n                                                        <\/div>\n                <\/div>\n            <\/div>\n        <\/div>\n    <\/div>\n<\/section><div class=\"wp-block-columns two_image_join two_image_join_affiancate on_off_block is-layout-flex wp-container-core-columns-is-layout-1 wp-block-columns-is-layout-flex\"><div class=\"wp-block-column is-layout-flow wp-block-column-is-layout-flow\"><div class=\"wp-block-getwid-image-hotspot\" data-appearance-animation=\"none\" data-image-points=\"[{&quot;link&quot;:&quot;&quot;,&quot;icon&quot;:&quot;&quot;,&quot;title&quot;:&quot;acceso&quot;,&quot;color&quot;:&quot;&quot;,&quot;content&quot;:&quot;&quot;,&quot;backgroundColor&quot;:&quot;&quot;,&quot;newTab&quot;:false,&quot;popUpOpen&quot;:false,&quot;popUpWidth&quot;:350,&quot;placement&quot;:&quot;top&quot;,&quot;position&quot;:{&quot;x&quot;:&quot;40.89%&quot;,&quot;y&quot;:&quot;25.99%&quot;}}]\" data-trigger=\"click\" data-theme=\"light\" data-tooltip-animation=\"shift-toward\" data-arrow=\"true\"><div class=\"wp-block-getwid-image-hotspot__wrapper\"><img loading=\"lazy\" decoding=\"async\" width=\"2560\" height=\"1591\" src=\"https:\/\/www.foscarini.us\/wp-content\/uploads\/2024\/03\/4.1-OFF_Rituals1-1-scaled.jpg\" alt=\"\" class=\"wp-block-getwid-image-hotspot__image wp-image-129149\" srcset=\"https:\/\/www.foscarini.us\/wp-content\/uploads\/2024\/03\/4.1-OFF_Rituals1-1-scaled.jpg 2560w, https:\/\/www.foscarini.us\/wp-content\/uploads\/2024\/03\/4.1-OFF_Rituals1-1-300x186.jpg 300w, https:\/\/www.foscarini.us\/wp-content\/uploads\/2024\/03\/4.1-OFF_Rituals1-1-1024x636.jpg 1024w, https:\/\/www.foscarini.us\/wp-content\/uploads\/2024\/03\/4.1-OFF_Rituals1-1-768x477.jpg 768w, https:\/\/www.foscarini.us\/wp-content\/uploads\/2024\/03\/4.1-OFF_Rituals1-1-1536x955.jpg 1536w, https:\/\/www.foscarini.us\/wp-content\/uploads\/2024\/03\/4.1-OFF_Rituals1-1-2048x1273.jpg 2048w, https:\/\/www.foscarini.us\/wp-content\/uploads\/2024\/03\/4.1-OFF_Rituals1-1-800x497.jpg 800w\" sizes=\"(max-width: 2560px) 100vw, 2560px\" \/><div data-point-id=\"0\" class=\"wp-block-getwid-image-hotspot__dot has-animation-pulse\" style=\"left:40.89%;top:25.99%\"><div class=\"wp-block-getwid-image-hotspot__dot-wrapper\"><div class=\"wp-block-getwid-image-hotspot__dot-content\"><i class=\"fas fa-plus wp-block-getwid-image-hotspot__dot-icon\"><\/i><\/div><\/div><div class=\"wp-block-getwid-image-hotspot__dot-description\"><div class=\"wp-block-getwid-image-hotspot__dot-title\">acceso<\/div><\/div><\/div><\/div><\/div>\n\n<figure class=\"wp-block-image size-large absolute_image\"><img loading=\"lazy\" decoding=\"async\" width=\"1024\" height=\"636\" src=\"https:\/\/www.foscarini.us\/wp-content\/uploads\/2024\/03\/4.2-ON_Rituals1-1-1024x636.jpg\" alt=\"\" class=\"wp-image-129156\" srcset=\"https:\/\/www.foscarini.us\/wp-content\/uploads\/2024\/03\/4.2-ON_Rituals1-1-1024x636.jpg 1024w, https:\/\/www.foscarini.us\/wp-content\/uploads\/2024\/03\/4.2-ON_Rituals1-1-300x186.jpg 300w, https:\/\/www.foscarini.us\/wp-content\/uploads\/2024\/03\/4.2-ON_Rituals1-1-768x477.jpg 768w, https:\/\/www.foscarini.us\/wp-content\/uploads\/2024\/03\/4.2-ON_Rituals1-1-1536x955.jpg 1536w, https:\/\/www.foscarini.us\/wp-content\/uploads\/2024\/03\/4.2-ON_Rituals1-1-2048x1273.jpg 2048w, https:\/\/www.foscarini.us\/wp-content\/uploads\/2024\/03\/4.2-ON_Rituals1-1-800x497.jpg 800w\" sizes=\"(max-width: 1024px) 100vw, 1024px\" \/><\/figure><\/div><\/div>","protected":false},"excerpt":{"rendered":"<p>L\u00e1mparas de mesa de luz difusa. Colecci\u00f3n de tres formas de difusor en vidrio soplado a boca con procedimiento de soplado del vidrio sin girar en el molde (\u201cparado\u201d), el efecto a rayas se obtiene con un molde con decoraciones en negativo que se repiten en la superficie del vidrio, a continuaci\u00f3n el vidrio se esmerila manualmente \u201ccon cinta\u201d y se somete a un procedimiento de inmersi\u00f3n en \u00e1cido para marcar el efecto yesoso. El difusor se apoya sobre un tr\u00edpode moldeado bajo presi\u00f3n en aleaci\u00f3n de zinc pintado con polvos epox\u00eddicos con efecto rugoso en la superficie met\u00e1lica. Interruptor on\/off en el cable transparente con dimmer que permite una regulaci\u00f3n gradual.<\/p>\n","protected":false},"featured_media":448325,"comment_status":"open","ping_status":"closed","template":"","meta":{"_acf_changed":true},"product_cat":[653,719,753,837,5573],"product_tag":[],"materiale":[8157],"altezza":[10039],"larghezza":[9938],"profondita":[9855],"peso":[9839],"designer-prodotto":[7884],"class_list":{"0":"post-194542","1":"product","2":"type-product","3":"status-publish","4":"has-post-thumbnail","6":"product_cat-concetto-es","7":"product_cat-funzione-es","8":"product_cat-tavolo-es","9":"product_cat-rituals-concetto-es","10":"product_cat-rituals-famiglia-es","11":"materiale-vetro-e-vetro-soffiato-es","12":"altezza-25-es","13":"larghezza-34-es","14":"profondita-34-es","15":"peso-41-es","16":"designer-prodotto-ludovica-e-roberto-palomba-es","18":"first","19":"instock","20":"shipping-taxable","21":"purchasable","22":"product-type-variable"},"acf":{"preview_slider":{"titolo":"","testo":"","video_domanda":false,"link_video":""},"prodotto__immagine_preview":{"immagine":225230},"prodotto__slider":{"sottotitolo":"Ludovica+Roberto Palomba (2013)","titolo":"La forma baja y amplia de la l\u00e1mpara de mesa Rituals 2 crea una luz \u00edntima, suavizada por la superficie ondulada del vidrio soplado enriquecido con finas incisiones, que recuerdan el gesto del pulido, resultado de una gran habilidad artesanal. Una colecci\u00f3n rica de matericidad, en equilibrio entre oriente y occidente.","immagini":[{"immagine":308025,"immagine_mobile":null}]},"prodotto__slider_preview":[{"immagine":448312}],"prodotto__specifiche":{"selezione":[{"scheda_tecnica":483721}]}},"yoast_head":"<!-- This site is optimized with the Yoast SEO Premium plugin v22.4 (Yoast SEO v23.7) - https:\/\/yoast.com\/wordpress\/plugins\/seo\/ -->\n<title>Rituals 2 - Foscarini<\/title>\n<meta name=\"robots\" content=\"index, follow, max-snippet:-1, max-image-preview:large, max-video-preview:-1\" \/>\n<meta property=\"og:locale\" content=\"es_ES\" \/>\n<meta property=\"og:type\" content=\"article\" \/>\n<meta property=\"og:title\" content=\"Rituals 2\" \/>\n<meta property=\"og:description\" content=\"L\u00e1mparas de mesa de luz difusa. Colecci\u00f3n de tres formas de difusor en vidrio soplado a boca con procedimiento de soplado del vidrio sin girar en el molde (\u201cparado\u201d), el efecto a rayas se obtiene con un molde con decoraciones en negativo que se repiten en la superficie del vidrio, a continuaci\u00f3n el vidrio se esmerila manualmente \u201ccon cinta\u201d y se somete a un procedimiento de inmersi\u00f3n en \u00e1cido para marcar el efecto yesoso. El difusor se apoya sobre un tr\u00edpode moldeado bajo presi\u00f3n en aleaci\u00f3n de zinc pintado con polvos epox\u00eddicos con efecto rugoso en la superficie met\u00e1lica. Interruptor on\/off en el cable transparente con dimmer que permite una regulaci\u00f3n gradual.\" \/>\n<meta property=\"og:url\" content=\"https:\/\/www.foscarini.us\/es\/producto\/rituals-2-rituals-t-es\/\" \/>\n<meta property=\"og:site_name\" content=\"Foscarini\" \/>\n<meta property=\"article:modified_time\" content=\"2025-10-17T14:26:02+00:00\" \/>\n<meta property=\"og:image\" content=\"https:\/\/www.foscarini.us\/wp-content\/uploads\/2025\/06\/rituals-2_t_white_22_786x865-1.jpg\" \/>\n\t<meta property=\"og:image:width\" content=\"786\" \/>\n\t<meta property=\"og:image:height\" content=\"865\" \/>\n\t<meta property=\"og:image:type\" content=\"image\/jpeg\" \/>\n<meta name=\"twitter:card\" content=\"summary_large_image\" \/>\n<meta name=\"twitter:label1\" content=\"Tiempo de lectura\" \/>\n\t<meta name=\"twitter:data1\" content=\"1 minuto\" \/>\n<script type=\"application\/ld+json\" class=\"yoast-schema-graph\">{\"@context\":\"https:\/\/schema.org\",\"@graph\":[{\"@type\":\"WebPage\",\"@id\":\"https:\/\/www.foscarini.us\/es\/producto\/rituals-2-rituals-t-es\/\",\"url\":\"https:\/\/www.foscarini.us\/es\/producto\/rituals-2-rituals-t-es\/\",\"name\":\"Rituals 2 - Foscarini\",\"isPartOf\":{\"@id\":\"https:\/\/www.foscarini.us\/#website\"},\"primaryImageOfPage\":{\"@id\":\"https:\/\/www.foscarini.us\/es\/producto\/rituals-2-rituals-t-es\/#primaryimage\"},\"image\":{\"@id\":\"https:\/\/www.foscarini.us\/es\/producto\/rituals-2-rituals-t-es\/#primaryimage\"},\"thumbnailUrl\":\"https:\/\/www.foscarini.us\/wp-content\/uploads\/2025\/06\/rituals-2_t_white_22_786x865-1.jpg\",\"datePublished\":\"2024-03-28T18:12:34+00:00\",\"dateModified\":\"2025-10-17T14:26:02+00:00\",\"breadcrumb\":{\"@id\":\"https:\/\/www.foscarini.us\/es\/producto\/rituals-2-rituals-t-es\/#breadcrumb\"},\"inLanguage\":\"es-AR\",\"potentialAction\":[{\"@type\":\"ReadAction\",\"target\":[\"https:\/\/www.foscarini.us\/es\/producto\/rituals-2-rituals-t-es\/\"]}]},{\"@type\":\"ImageObject\",\"inLanguage\":\"es-AR\",\"@id\":\"https:\/\/www.foscarini.us\/es\/producto\/rituals-2-rituals-t-es\/#primaryimage\",\"url\":\"https:\/\/www.foscarini.us\/wp-content\/uploads\/2025\/06\/rituals-2_t_white_22_786x865-1.jpg\",\"contentUrl\":\"https:\/\/www.foscarini.us\/wp-content\/uploads\/2025\/06\/rituals-2_t_white_22_786x865-1.jpg\",\"width\":786,\"height\":865},{\"@type\":\"BreadcrumbList\",\"@id\":\"https:\/\/www.foscarini.us\/es\/producto\/rituals-2-rituals-t-es\/#breadcrumb\",\"itemListElement\":[{\"@type\":\"ListItem\",\"position\":1,\"name\":\"Home\",\"item\":\"https:\/\/www.foscarini.us\/es\/\"},{\"@type\":\"ListItem\",\"position\":2,\"name\":\"Tienda\",\"item\":\"https:\/\/www.foscarini.us\/es\/tienda\/\"},{\"@type\":\"ListItem\",\"position\":3,\"name\":\"Rituals 2\"}]},{\"@type\":\"WebSite\",\"@id\":\"https:\/\/www.foscarini.us\/#website\",\"url\":\"https:\/\/www.foscarini.us\/\",\"name\":\"Foscarini\",\"description\":\"\",\"potentialAction\":[{\"@type\":\"SearchAction\",\"target\":{\"@type\":\"EntryPoint\",\"urlTemplate\":\"https:\/\/www.foscarini.us\/?s={search_term_string}\"},\"query-input\":{\"@type\":\"PropertyValueSpecification\",\"valueRequired\":true,\"valueName\":\"search_term_string\"}}],\"inLanguage\":\"es-AR\"}]}<\/script>\n<!-- \/ Yoast SEO Premium plugin. -->","yoast_head_json":{"title":"Rituals 2 - Foscarini","robots":{"index":"index","follow":"follow","max-snippet":"max-snippet:-1","max-image-preview":"max-image-preview:large","max-video-preview":"max-video-preview:-1"},"og_locale":"es_ES","og_type":"article","og_title":"Rituals 2","og_description":"L\u00e1mparas de mesa de luz difusa. Colecci\u00f3n de tres formas de difusor en vidrio soplado a boca con procedimiento de soplado del vidrio sin girar en el molde (\u201cparado\u201d), el efecto a rayas se obtiene con un molde con decoraciones en negativo que se repiten en la superficie del vidrio, a continuaci\u00f3n el vidrio se esmerila manualmente \u201ccon cinta\u201d y se somete a un procedimiento de inmersi\u00f3n en \u00e1cido para marcar el efecto yesoso. El difusor se apoya sobre un tr\u00edpode moldeado bajo presi\u00f3n en aleaci\u00f3n de zinc pintado con polvos epox\u00eddicos con efecto rugoso en la superficie met\u00e1lica. Interruptor on\/off en el cable transparente con dimmer que permite una regulaci\u00f3n gradual.","og_url":"https:\/\/www.foscarini.us\/es\/producto\/rituals-2-rituals-t-es\/","og_site_name":"Foscarini","article_modified_time":"2025-10-17T14:26:02+00:00","og_image":[{"width":786,"height":865,"url":"https:\/\/www.foscarini.us\/wp-content\/uploads\/2025\/06\/rituals-2_t_white_22_786x865-1.jpg","type":"image\/jpeg"}],"twitter_card":"summary_large_image","twitter_misc":{"Tiempo de lectura":"1 minuto"},"schema":{"@context":"https:\/\/schema.org","@graph":[{"@type":"WebPage","@id":"https:\/\/www.foscarini.us\/es\/producto\/rituals-2-rituals-t-es\/","url":"https:\/\/www.foscarini.us\/es\/producto\/rituals-2-rituals-t-es\/","name":"Rituals 2 - Foscarini","isPartOf":{"@id":"https:\/\/www.foscarini.us\/#website"},"primaryImageOfPage":{"@id":"https:\/\/www.foscarini.us\/es\/producto\/rituals-2-rituals-t-es\/#primaryimage"},"image":{"@id":"https:\/\/www.foscarini.us\/es\/producto\/rituals-2-rituals-t-es\/#primaryimage"},"thumbnailUrl":"https:\/\/www.foscarini.us\/wp-content\/uploads\/2025\/06\/rituals-2_t_white_22_786x865-1.jpg","datePublished":"2024-03-28T18:12:34+00:00","dateModified":"2025-10-17T14:26:02+00:00","breadcrumb":{"@id":"https:\/\/www.foscarini.us\/es\/producto\/rituals-2-rituals-t-es\/#breadcrumb"},"inLanguage":"es-AR","potentialAction":[{"@type":"ReadAction","target":["https:\/\/www.foscarini.us\/es\/producto\/rituals-2-rituals-t-es\/"]}]},{"@type":"ImageObject","inLanguage":"es-AR","@id":"https:\/\/www.foscarini.us\/es\/producto\/rituals-2-rituals-t-es\/#primaryimage","url":"https:\/\/www.foscarini.us\/wp-content\/uploads\/2025\/06\/rituals-2_t_white_22_786x865-1.jpg","contentUrl":"https:\/\/www.foscarini.us\/wp-content\/uploads\/2025\/06\/rituals-2_t_white_22_786x865-1.jpg","width":786,"height":865},{"@type":"BreadcrumbList","@id":"https:\/\/www.foscarini.us\/es\/producto\/rituals-2-rituals-t-es\/#breadcrumb","itemListElement":[{"@type":"ListItem","position":1,"name":"Home","item":"https:\/\/www.foscarini.us\/es\/"},{"@type":"ListItem","position":2,"name":"Tienda","item":"https:\/\/www.foscarini.us\/es\/tienda\/"},{"@type":"ListItem","position":3,"name":"Rituals 2"}]},{"@type":"WebSite","@id":"https:\/\/www.foscarini.us\/#website","url":"https:\/\/www.foscarini.us\/","name":"Foscarini","description":"","potentialAction":[{"@type":"SearchAction","target":{"@type":"EntryPoint","urlTemplate":"https:\/\/www.foscarini.us\/?s={search_term_string}"},"query-input":{"@type":"PropertyValueSpecification","valueRequired":true,"valueName":"search_term_string"}}],"inLanguage":"es-AR"}]}},"_links":{"self":[{"href":"https:\/\/www.foscarini.us\/es\/wp-json\/wp\/v2\/product\/194542"}],"collection":[{"href":"https:\/\/www.foscarini.us\/es\/wp-json\/wp\/v2\/product"}],"about":[{"href":"https:\/\/www.foscarini.us\/es\/wp-json\/wp\/v2\/types\/product"}],"replies":[{"embeddable":true,"href":"https:\/\/www.foscarini.us\/es\/wp-json\/wp\/v2\/comments?post=194542"}],"wp:featuredmedia":[{"embeddable":true,"href":"https:\/\/www.foscarini.us\/es\/wp-json\/wp\/v2\/media\/448325"}],"wp:attachment":[{"href":"https:\/\/www.foscarini.us\/es\/wp-json\/wp\/v2\/media?parent=194542"}],"wp:term":[{"taxonomy":"product_cat","embeddable":true,"href":"https:\/\/www.foscarini.us\/es\/wp-json\/wp\/v2\/product_cat?post=194542"},{"taxonomy":"product_tag","embeddable":true,"href":"https:\/\/www.foscarini.us\/es\/wp-json\/wp\/v2\/product_tag?post=194542"},{"taxonomy":"materiale","embeddable":true,"href":"https:\/\/www.foscarini.us\/es\/wp-json\/wp\/v2\/materiale?post=194542"},{"taxonomy":"altezza","embeddable":true,"href":"https:\/\/www.foscarini.us\/es\/wp-json\/wp\/v2\/altezza?post=194542"},{"taxonomy":"larghezza","embeddable":true,"href":"https:\/\/www.foscarini.us\/es\/wp-json\/wp\/v2\/larghezza?post=194542"},{"taxonomy":"profondita","embeddable":true,"href":"https:\/\/www.foscarini.us\/es\/wp-json\/wp\/v2\/profondita?post=194542"},{"taxonomy":"peso","embeddable":true,"href":"https:\/\/www.foscarini.us\/es\/wp-json\/wp\/v2\/peso?post=194542"},{"taxonomy":"designer-prodotto","embeddable":true,"href":"https:\/\/www.foscarini.us\/es\/wp-json\/wp\/v2\/designer-prodotto?post=194542"}],"curies":[{"name":"wp","href":"https:\/\/api.w.org\/{rel}","templated":true}]}}