{"id":193999,"date":"2024-03-28T18:20:52","date_gmt":"2024-03-28T18:20:52","guid":{"rendered":"https:\/\/www.foscarini.us\/product\/troag-std-s\/"},"modified":"2025-10-17T14:53:46","modified_gmt":"2025-10-17T14:53:46","slug":"troag-std-s-es","status":"publish","type":"product","link":"https:\/\/www.foscarini.us\/es\/producto\/troag-std-s-es\/","title":{"rendered":"Troag"},"content":{"rendered":"<p>Inedita lampada a sospensione in legno a LED, Troag \u00e8 un segno leggero e lineare nello spazio. Per lanciare un originale segnale di stile e calore in ogni ambiente. Adatta a contesti domestici e lavorativi, oltre che agli spazi di home working.  Concentra la luce verso il piano sottostante.<\/p><section class=\"pdp__slider full-height-vh\">\n    <div class=\"swiper-container swiper__pdp\">\n        <div class=\"swiper-wrapper full-height\">\n                                <div class=\"swiper-slide\">\n                                                    <img decoding=\"async\" class=\"full-cover\" src=\"https:\/\/www.foscarini.us\/wp-content\/uploads\/2024\/03\/3.1_Troag-150x150.jpg\" srcset=\"https:\/\/www.foscarini.us\/wp-content\/uploads\/2024\/03\/3.1_Troag-300x200.jpg 300w, https:\/\/www.foscarini.us\/wp-content\/uploads\/2024\/03\/3.1_Troag-1024x683.jpg 1024w, https:\/\/www.foscarini.us\/wp-content\/uploads\/2024\/03\/3.1_Troag-768x512.jpg 768w, https:\/\/www.foscarini.us\/wp-content\/uploads\/2024\/03\/3.1_Troag-1536x1024.jpg 1536w, https:\/\/www.foscarini.us\/wp-content\/uploads\/2024\/03\/3.1_Troag-2048x1365.jpg 2048w, https:\/\/www.foscarini.us\/wp-content\/uploads\/2024\/03\/3.1_Troag-800x533.jpg 800w\" alt=\"\" \/>\n                                                                        <\/div>\n                                        <div class=\"swiper-slide\">\n                                                    <img decoding=\"async\" class=\"full-cover\" src=\"https:\/\/www.foscarini.us\/wp-content\/uploads\/2024\/03\/3.2_Troag-150x150.jpg\" srcset=\"https:\/\/www.foscarini.us\/wp-content\/uploads\/2024\/03\/3.2_Troag-199x300.jpg 199w, https:\/\/www.foscarini.us\/wp-content\/uploads\/2024\/03\/3.2_Troag-678x1024.jpg 678w, https:\/\/www.foscarini.us\/wp-content\/uploads\/2024\/03\/3.2_Troag-768x1160.jpg 768w, https:\/\/www.foscarini.us\/wp-content\/uploads\/2024\/03\/3.2_Troag-800x1208.jpg 800w, https:\/\/www.foscarini.us\/wp-content\/uploads\/2024\/03\/3.2_Troag.jpg 980w\" alt=\"\" \/>\n                                                                        <\/div>\n                                        <div class=\"swiper-slide\">\n                                                    <img decoding=\"async\" class=\"full-cover\" src=\"https:\/\/www.foscarini.us\/wp-content\/uploads\/2024\/03\/3.3_Troag-150x150.jpg\" srcset=\"https:\/\/www.foscarini.us\/wp-content\/uploads\/2024\/03\/3.3_Troag-300x200.jpg 300w, https:\/\/www.foscarini.us\/wp-content\/uploads\/2024\/03\/3.3_Troag-1024x683.jpg 1024w, https:\/\/www.foscarini.us\/wp-content\/uploads\/2024\/03\/3.3_Troag-768x512.jpg 768w, https:\/\/www.foscarini.us\/wp-content\/uploads\/2024\/03\/3.3_Troag-1536x1024.jpg 1536w, https:\/\/www.foscarini.us\/wp-content\/uploads\/2024\/03\/3.3_Troag-2048x1365.jpg 2048w, https:\/\/www.foscarini.us\/wp-content\/uploads\/2024\/03\/3.3_Troag-800x533.jpg 800w\" alt=\"\" \/>\n                                                                        <\/div>\n                                        <div class=\"swiper-slide\">\n                                                    <img decoding=\"async\" class=\"full-cover\" src=\"https:\/\/www.foscarini.us\/wp-content\/uploads\/2024\/03\/3.6_Troag-150x150.jpg\" srcset=\"https:\/\/www.foscarini.us\/wp-content\/uploads\/2024\/03\/3.6_Troag-199x300.jpg 199w, https:\/\/www.foscarini.us\/wp-content\/uploads\/2024\/03\/3.6_Troag-678x1024.jpg 678w, https:\/\/www.foscarini.us\/wp-content\/uploads\/2024\/03\/3.6_Troag-768x1160.jpg 768w, https:\/\/www.foscarini.us\/wp-content\/uploads\/2024\/03\/3.6_Troag-800x1208.jpg 800w, https:\/\/www.foscarini.us\/wp-content\/uploads\/2024\/03\/3.6_Troag.jpg 980w\" alt=\"\" \/>\n                                                                        <\/div>\n                                        <div class=\"swiper-slide\">\n                                                    <img decoding=\"async\" class=\"full-cover\" src=\"https:\/\/www.foscarini.us\/wp-content\/uploads\/2024\/03\/3.7_Troag-150x150.jpg\" srcset=\"https:\/\/www.foscarini.us\/wp-content\/uploads\/2024\/03\/3.7_Troag-300x200.jpg 300w, https:\/\/www.foscarini.us\/wp-content\/uploads\/2024\/03\/3.7_Troag-1024x683.jpg 1024w, https:\/\/www.foscarini.us\/wp-content\/uploads\/2024\/03\/3.7_Troag-768x512.jpg 768w, https:\/\/www.foscarini.us\/wp-content\/uploads\/2024\/03\/3.7_Troag-1536x1024.jpg 1536w, https:\/\/www.foscarini.us\/wp-content\/uploads\/2024\/03\/3.7_Troag-2048x1365.jpg 2048w, https:\/\/www.foscarini.us\/wp-content\/uploads\/2024\/03\/3.7_Troag-800x533.jpg 800w\" alt=\"\" \/>\n                                                                        <\/div>\n                                        <div class=\"swiper-slide\">\n                                                    <img decoding=\"async\" class=\"full-cover\" src=\"https:\/\/www.foscarini.us\/wp-content\/uploads\/2024\/03\/3.8_Troag-150x150.jpg\" srcset=\"https:\/\/www.foscarini.us\/wp-content\/uploads\/2024\/03\/3.8_Troag-300x200.jpg 300w, https:\/\/www.foscarini.us\/wp-content\/uploads\/2024\/03\/3.8_Troag-1024x683.jpg 1024w, https:\/\/www.foscarini.us\/wp-content\/uploads\/2024\/03\/3.8_Troag-768x512.jpg 768w, https:\/\/www.foscarini.us\/wp-content\/uploads\/2024\/03\/3.8_Troag-1536x1024.jpg 1536w, https:\/\/www.foscarini.us\/wp-content\/uploads\/2024\/03\/3.8_Troag-2048x1365.jpg 2048w, https:\/\/www.foscarini.us\/wp-content\/uploads\/2024\/03\/3.8_Troag-800x533.jpg 800w\" alt=\"\" \/>\n                                                                        <\/div>\n                                        <div class=\"swiper-slide\">\n                                                    <img decoding=\"async\" class=\"full-cover\" src=\"https:\/\/www.foscarini.us\/wp-content\/uploads\/2024\/03\/3.9_Troag-150x150.jpg\" srcset=\"https:\/\/www.foscarini.us\/wp-content\/uploads\/2024\/03\/3.9_Troag-199x300.jpg 199w, https:\/\/www.foscarini.us\/wp-content\/uploads\/2024\/03\/3.9_Troag-678x1024.jpg 678w, https:\/\/www.foscarini.us\/wp-content\/uploads\/2024\/03\/3.9_Troag-768x1160.jpg 768w, https:\/\/www.foscarini.us\/wp-content\/uploads\/2024\/03\/3.9_Troag-800x1208.jpg 800w, https:\/\/www.foscarini.us\/wp-content\/uploads\/2024\/03\/3.9_Troag.jpg 980w\" alt=\"\" \/>\n                                                                        <\/div>\n                                        <div class=\"swiper-slide\">\n                                                    <img decoding=\"async\" class=\"full-cover\" src=\"https:\/\/www.foscarini.us\/wp-content\/uploads\/2024\/03\/3.10_Troag-150x150.jpg\" srcset=\"https:\/\/www.foscarini.us\/wp-content\/uploads\/2024\/03\/3.10_Troag-199x300.jpg 199w, https:\/\/www.foscarini.us\/wp-content\/uploads\/2024\/03\/3.10_Troag-678x1024.jpg 678w, https:\/\/www.foscarini.us\/wp-content\/uploads\/2024\/03\/3.10_Troag-768x1160.jpg 768w, https:\/\/www.foscarini.us\/wp-content\/uploads\/2024\/03\/3.10_Troag-800x1208.jpg 800w, https:\/\/www.foscarini.us\/wp-content\/uploads\/2024\/03\/3.10_Troag.jpg 980w\" alt=\"\" \/>\n                                                                        <\/div>\n                            <\/div>\n    <\/div>\n    <div class=\"swiper-scrollbar\"><\/div>\n    <div class=\"ct-arrow\">\n        <div class=\"swiper-button-prev\"><\/div>\n        <div class=\"swiper-button-next\"><\/div>\n    <\/div>\n<\/section><section class=\"concept__project_comunication full-height-vh\">\n    <div class=\"row row-large\">\n        <div class=\"medium-12 small-12 columns full-height no-padding-right-mobile\">\n            <div class=\"ct-image-text-lateral\">\n                <div class=\"ct-arrow\">\n                    <div class=\"swiper-button-prev\" aria-label=\"previous slide\"><\/div>\n                    <div class=\"swiper-button-next\" aria-label=\"next slide\"><\/div>\n                <\/div>\n                <span class=\"section-name-lateral\">Contenidos Editoriales<\/span>\n                <!-- Swiper -->\n                <div class=\"swiper-container swiper__concept__comunication\">\n                    <div class=\"swiper-wrapper\">\n                                                            <div class=\"swiper-slide\">\n                                        <div class=\"ct-slide\">\n                                                                                                <img decoding=\"async\" class=\"full-cover\" src=\"https:\/\/www.foscarini.us\/wp-content\/uploads\/2023\/12\/PE05_FOTOINSERIMENTI_GARDONE_immagine_principale-150x150.jpg\" srcset=\"https:\/\/www.foscarini.us\/wp-content\/uploads\/2023\/12\/PE05_FOTOINSERIMENTI_GARDONE_immagine_principale-300x194.jpg 300w, https:\/\/www.foscarini.us\/wp-content\/uploads\/2023\/12\/PE05_FOTOINSERIMENTI_GARDONE_immagine_principale-800x518.jpg 800w, https:\/\/www.foscarini.us\/wp-content\/uploads\/2023\/12\/PE05_FOTOINSERIMENTI_GARDONE_immagine_principale-1024x663.jpg 1024w, https:\/\/www.foscarini.us\/wp-content\/uploads\/2023\/12\/PE05_FOTOINSERIMENTI_GARDONE_immagine_principale-768x498.jpg 768w, https:\/\/www.foscarini.us\/wp-content\/uploads\/2023\/12\/PE05_FOTOINSERIMENTI_GARDONE_immagine_principale-1536x995.jpg 1536w, https:\/\/www.foscarini.us\/wp-content\/uploads\/2023\/12\/PE05_FOTOINSERIMENTI_GARDONE_immagine_principale-2048x1327.jpg 2048w\" alt=\"\" \/>\n                                                                                                <div class=\"ct-col-right\">\n                                                <div class=\"ct-link\">\n                                                    <a class=\"link-arrow\" href=\"https:\/\/www.foscarini.us\/es\/un-viaje-en-el-tiempo\/\">Un viaje en el tiempo<\/a>\n                                                    <div class=\"text-1\"><p>Im\u00e1genes de \u00e9poca encuentran una nueva vida. La luz ilumina la escena y los colores se abren camino entre los grises.<\/p>\n<\/div>\n                                                <\/div>\n                                            <\/div>\n                                        <\/div>\n                                    <\/div>\n                                                        <\/div>\n                <\/div>\n            <\/div>\n        <\/div>\n    <\/div>\n<\/section>","protected":false},"excerpt":{"rendered":"<p>L\u00e1mpara de suspensi\u00f3n de luz directa. Completamente reproyectada en la parte iluminot\u00e9cnica y propuesta ahora en versi\u00f3n de LED, Troag asocia una luz de elevado rendimiento con la refinada elegancia de la madera. Difusor realizado en multicapa de madera curvada en caliente y trabajada en los bordes con una fresa y 5 ejes, difusor interno en extrudido de PMMA mate. Dos cables de suspensi\u00f3n en acero inoxidable, con fijaci\u00f3n mec\u00e1nica de techo en acero satinado, y cable el\u00e9ctrico transparente. Flor\u00f3n de techo blanco.<\/p>\n","protected":false},"featured_media":449457,"comment_status":"open","ping_status":"closed","template":"","meta":{"_acf_changed":true},"product_cat":[653,719,744,5639,779],"product_tag":[],"materiale":[8508],"altezza":[12214],"larghezza":[8742],"profondita":[11218],"peso":[9134],"designer-prodotto":[7978],"class_list":{"0":"post-193999","1":"product","2":"type-product","3":"status-publish","4":"has-post-thumbnail","6":"product_cat-concetto-es","7":"product_cat-funzione-es","8":"product_cat-sospensione-es","9":"product_cat-troag-famiglia-es","10":"product_cat-troag-concetto-es","11":"materiale-legno-es","12":"altezza-9-es","13":"larghezza-185-es","14":"profondita-8-es","15":"peso-28-es","16":"designer-prodotto-luca-nichetto-es","18":"first","19":"instock","20":"shipping-taxable","21":"purchasable","22":"product-type-variable"},"acf":{"preview_slider":{"titolo":"","testo":"","video_domanda":false,"link_video":""},"prodotto__immagine_preview":{"immagine":226315},"prodotto__slider":{"sottotitolo":"Luca Nichetto (2010)","titolo":"In\u00e9dita l\u00e1mpara de suspensi\u00f3n de LED en madera, Troag es un rasgo ligero y lineal en el espacio. Para lanzar una original se\u00f1al de estilo y calor en cada ambiente. Adecuada para contextos dom\u00e9sticos y laborales, adem\u00e1s de para espacios de trabajo en casa. Concentra la luz hacia la parte inferior.","immagini":[{"immagine":309833,"immagine_mobile":null},{"immagine":309826,"immagine_mobile":null}]},"prodotto__slider_preview":null,"prodotto__specifiche":{"selezione":[{"scheda_tecnica":484171}]}},"yoast_head":"<!-- This site is optimized with the Yoast SEO Premium plugin v22.4 (Yoast SEO v23.7) - https:\/\/yoast.com\/wordpress\/plugins\/seo\/ -->\n<title>Troag - Foscarini<\/title>\n<meta name=\"robots\" content=\"index, follow, max-snippet:-1, max-image-preview:large, max-video-preview:-1\" \/>\n<meta property=\"og:locale\" content=\"es_ES\" \/>\n<meta property=\"og:type\" content=\"article\" \/>\n<meta property=\"og:title\" content=\"Troag\" \/>\n<meta property=\"og:description\" content=\"L\u00e1mpara de suspensi\u00f3n de luz directa. Completamente reproyectada en la parte iluminot\u00e9cnica y propuesta ahora en versi\u00f3n de LED, Troag asocia una luz de elevado rendimiento con la refinada elegancia de la madera. Difusor realizado en multicapa de madera curvada en caliente y trabajada en los bordes con una fresa y 5 ejes, difusor interno en extrudido de PMMA mate. Dos cables de suspensi\u00f3n en acero inoxidable, con fijaci\u00f3n mec\u00e1nica de techo en acero satinado, y cable el\u00e9ctrico transparente. Flor\u00f3n de techo blanco.\" \/>\n<meta property=\"og:url\" content=\"https:\/\/www.foscarini.us\/es\/producto\/troag-std-s-es\/\" \/>\n<meta property=\"og:site_name\" content=\"Foscarini\" \/>\n<meta property=\"article:modified_time\" content=\"2025-10-17T14:53:46+00:00\" \/>\n<meta property=\"og:image\" content=\"https:\/\/www.foscarini.us\/wp-content\/uploads\/2025\/06\/troag_s_natural_22_786x865-1.jpg\" \/>\n\t<meta property=\"og:image:width\" content=\"786\" \/>\n\t<meta property=\"og:image:height\" content=\"865\" \/>\n\t<meta property=\"og:image:type\" content=\"image\/jpeg\" \/>\n<meta name=\"twitter:card\" content=\"summary_large_image\" \/>\n<meta name=\"twitter:label1\" content=\"Tiempo de lectura\" \/>\n\t<meta name=\"twitter:data1\" content=\"1 minuto\" \/>\n<script type=\"application\/ld+json\" class=\"yoast-schema-graph\">{\"@context\":\"https:\/\/schema.org\",\"@graph\":[{\"@type\":\"WebPage\",\"@id\":\"https:\/\/www.foscarini.us\/es\/producto\/troag-std-s-es\/\",\"url\":\"https:\/\/www.foscarini.us\/es\/producto\/troag-std-s-es\/\",\"name\":\"Troag - Foscarini\",\"isPartOf\":{\"@id\":\"https:\/\/www.foscarini.us\/#website\"},\"primaryImageOfPage\":{\"@id\":\"https:\/\/www.foscarini.us\/es\/producto\/troag-std-s-es\/#primaryimage\"},\"image\":{\"@id\":\"https:\/\/www.foscarini.us\/es\/producto\/troag-std-s-es\/#primaryimage\"},\"thumbnailUrl\":\"https:\/\/www.foscarini.us\/wp-content\/uploads\/2025\/06\/troag_s_natural_22_786x865-1.jpg\",\"datePublished\":\"2024-03-28T18:20:52+00:00\",\"dateModified\":\"2025-10-17T14:53:46+00:00\",\"breadcrumb\":{\"@id\":\"https:\/\/www.foscarini.us\/es\/producto\/troag-std-s-es\/#breadcrumb\"},\"inLanguage\":\"es-AR\",\"potentialAction\":[{\"@type\":\"ReadAction\",\"target\":[\"https:\/\/www.foscarini.us\/es\/producto\/troag-std-s-es\/\"]}]},{\"@type\":\"ImageObject\",\"inLanguage\":\"es-AR\",\"@id\":\"https:\/\/www.foscarini.us\/es\/producto\/troag-std-s-es\/#primaryimage\",\"url\":\"https:\/\/www.foscarini.us\/wp-content\/uploads\/2025\/06\/troag_s_natural_22_786x865-1.jpg\",\"contentUrl\":\"https:\/\/www.foscarini.us\/wp-content\/uploads\/2025\/06\/troag_s_natural_22_786x865-1.jpg\",\"width\":786,\"height\":865},{\"@type\":\"BreadcrumbList\",\"@id\":\"https:\/\/www.foscarini.us\/es\/producto\/troag-std-s-es\/#breadcrumb\",\"itemListElement\":[{\"@type\":\"ListItem\",\"position\":1,\"name\":\"Home\",\"item\":\"https:\/\/www.foscarini.us\/es\/\"},{\"@type\":\"ListItem\",\"position\":2,\"name\":\"Tienda\",\"item\":\"https:\/\/www.foscarini.us\/es\/tienda\/\"},{\"@type\":\"ListItem\",\"position\":3,\"name\":\"Troag\"}]},{\"@type\":\"WebSite\",\"@id\":\"https:\/\/www.foscarini.us\/#website\",\"url\":\"https:\/\/www.foscarini.us\/\",\"name\":\"Foscarini\",\"description\":\"\",\"potentialAction\":[{\"@type\":\"SearchAction\",\"target\":{\"@type\":\"EntryPoint\",\"urlTemplate\":\"https:\/\/www.foscarini.us\/?s={search_term_string}\"},\"query-input\":{\"@type\":\"PropertyValueSpecification\",\"valueRequired\":true,\"valueName\":\"search_term_string\"}}],\"inLanguage\":\"es-AR\"}]}<\/script>\n<!-- \/ Yoast SEO Premium plugin. -->","yoast_head_json":{"title":"Troag - Foscarini","robots":{"index":"index","follow":"follow","max-snippet":"max-snippet:-1","max-image-preview":"max-image-preview:large","max-video-preview":"max-video-preview:-1"},"og_locale":"es_ES","og_type":"article","og_title":"Troag","og_description":"L\u00e1mpara de suspensi\u00f3n de luz directa. Completamente reproyectada en la parte iluminot\u00e9cnica y propuesta ahora en versi\u00f3n de LED, Troag asocia una luz de elevado rendimiento con la refinada elegancia de la madera. Difusor realizado en multicapa de madera curvada en caliente y trabajada en los bordes con una fresa y 5 ejes, difusor interno en extrudido de PMMA mate. Dos cables de suspensi\u00f3n en acero inoxidable, con fijaci\u00f3n mec\u00e1nica de techo en acero satinado, y cable el\u00e9ctrico transparente. Flor\u00f3n de techo blanco.","og_url":"https:\/\/www.foscarini.us\/es\/producto\/troag-std-s-es\/","og_site_name":"Foscarini","article_modified_time":"2025-10-17T14:53:46+00:00","og_image":[{"width":786,"height":865,"url":"https:\/\/www.foscarini.us\/wp-content\/uploads\/2025\/06\/troag_s_natural_22_786x865-1.jpg","type":"image\/jpeg"}],"twitter_card":"summary_large_image","twitter_misc":{"Tiempo de lectura":"1 minuto"},"schema":{"@context":"https:\/\/schema.org","@graph":[{"@type":"WebPage","@id":"https:\/\/www.foscarini.us\/es\/producto\/troag-std-s-es\/","url":"https:\/\/www.foscarini.us\/es\/producto\/troag-std-s-es\/","name":"Troag - Foscarini","isPartOf":{"@id":"https:\/\/www.foscarini.us\/#website"},"primaryImageOfPage":{"@id":"https:\/\/www.foscarini.us\/es\/producto\/troag-std-s-es\/#primaryimage"},"image":{"@id":"https:\/\/www.foscarini.us\/es\/producto\/troag-std-s-es\/#primaryimage"},"thumbnailUrl":"https:\/\/www.foscarini.us\/wp-content\/uploads\/2025\/06\/troag_s_natural_22_786x865-1.jpg","datePublished":"2024-03-28T18:20:52+00:00","dateModified":"2025-10-17T14:53:46+00:00","breadcrumb":{"@id":"https:\/\/www.foscarini.us\/es\/producto\/troag-std-s-es\/#breadcrumb"},"inLanguage":"es-AR","potentialAction":[{"@type":"ReadAction","target":["https:\/\/www.foscarini.us\/es\/producto\/troag-std-s-es\/"]}]},{"@type":"ImageObject","inLanguage":"es-AR","@id":"https:\/\/www.foscarini.us\/es\/producto\/troag-std-s-es\/#primaryimage","url":"https:\/\/www.foscarini.us\/wp-content\/uploads\/2025\/06\/troag_s_natural_22_786x865-1.jpg","contentUrl":"https:\/\/www.foscarini.us\/wp-content\/uploads\/2025\/06\/troag_s_natural_22_786x865-1.jpg","width":786,"height":865},{"@type":"BreadcrumbList","@id":"https:\/\/www.foscarini.us\/es\/producto\/troag-std-s-es\/#breadcrumb","itemListElement":[{"@type":"ListItem","position":1,"name":"Home","item":"https:\/\/www.foscarini.us\/es\/"},{"@type":"ListItem","position":2,"name":"Tienda","item":"https:\/\/www.foscarini.us\/es\/tienda\/"},{"@type":"ListItem","position":3,"name":"Troag"}]},{"@type":"WebSite","@id":"https:\/\/www.foscarini.us\/#website","url":"https:\/\/www.foscarini.us\/","name":"Foscarini","description":"","potentialAction":[{"@type":"SearchAction","target":{"@type":"EntryPoint","urlTemplate":"https:\/\/www.foscarini.us\/?s={search_term_string}"},"query-input":{"@type":"PropertyValueSpecification","valueRequired":true,"valueName":"search_term_string"}}],"inLanguage":"es-AR"}]}},"_links":{"self":[{"href":"https:\/\/www.foscarini.us\/es\/wp-json\/wp\/v2\/product\/193999"}],"collection":[{"href":"https:\/\/www.foscarini.us\/es\/wp-json\/wp\/v2\/product"}],"about":[{"href":"https:\/\/www.foscarini.us\/es\/wp-json\/wp\/v2\/types\/product"}],"replies":[{"embeddable":true,"href":"https:\/\/www.foscarini.us\/es\/wp-json\/wp\/v2\/comments?post=193999"}],"wp:featuredmedia":[{"embeddable":true,"href":"https:\/\/www.foscarini.us\/es\/wp-json\/wp\/v2\/media\/449457"}],"wp:attachment":[{"href":"https:\/\/www.foscarini.us\/es\/wp-json\/wp\/v2\/media?parent=193999"}],"wp:term":[{"taxonomy":"product_cat","embeddable":true,"href":"https:\/\/www.foscarini.us\/es\/wp-json\/wp\/v2\/product_cat?post=193999"},{"taxonomy":"product_tag","embeddable":true,"href":"https:\/\/www.foscarini.us\/es\/wp-json\/wp\/v2\/product_tag?post=193999"},{"taxonomy":"materiale","embeddable":true,"href":"https:\/\/www.foscarini.us\/es\/wp-json\/wp\/v2\/materiale?post=193999"},{"taxonomy":"altezza","embeddable":true,"href":"https:\/\/www.foscarini.us\/es\/wp-json\/wp\/v2\/altezza?post=193999"},{"taxonomy":"larghezza","embeddable":true,"href":"https:\/\/www.foscarini.us\/es\/wp-json\/wp\/v2\/larghezza?post=193999"},{"taxonomy":"profondita","embeddable":true,"href":"https:\/\/www.foscarini.us\/es\/wp-json\/wp\/v2\/profondita?post=193999"},{"taxonomy":"peso","embeddable":true,"href":"https:\/\/www.foscarini.us\/es\/wp-json\/wp\/v2\/peso?post=193999"},{"taxonomy":"designer-prodotto","embeddable":true,"href":"https:\/\/www.foscarini.us\/es\/wp-json\/wp\/v2\/designer-prodotto?post=193999"}],"curies":[{"name":"wp","href":"https:\/\/api.w.org\/{rel}","templated":true}]}}