{"id":193968,"date":"2024-03-28T18:21:39","date_gmt":"2024-03-28T18:21:39","guid":{"rendered":"https:\/\/www.foscarini.us\/product\/twice-as-twiggy-std-f\/"},"modified":"2025-10-17T14:57:20","modified_gmt":"2025-10-17T14:57:20","slug":"twice-as-twiggy-std-f-es","status":"publish","type":"product","link":"https:\/\/www.foscarini.us\/es\/producto\/twice-as-twiggy-std-f-es\/","title":{"rendered":"Twice as Twiggy"},"content":{"rendered":"<section class=\"pdp__slider full-height-vh\">\n    <div class=\"swiper-container swiper__pdp\">\n        <div class=\"swiper-wrapper full-height\">\n                                <div class=\"swiper-slide\">\n                                                    <img decoding=\"async\" class=\"full-cover\" src=\"https:\/\/www.foscarini.us\/wp-content\/uploads\/2024\/03\/3.1_TwiceasTwiggy-150x150.jpg\" srcset=\"https:\/\/www.foscarini.us\/wp-content\/uploads\/2024\/03\/3.1_TwiceasTwiggy-300x250.jpg 300w, https:\/\/www.foscarini.us\/wp-content\/uploads\/2024\/03\/3.1_TwiceasTwiggy-1024x854.jpg 1024w, https:\/\/www.foscarini.us\/wp-content\/uploads\/2024\/03\/3.1_TwiceasTwiggy-768x641.jpg 768w, https:\/\/www.foscarini.us\/wp-content\/uploads\/2024\/03\/3.1_TwiceasTwiggy-1536x1282.jpg 1536w, https:\/\/www.foscarini.us\/wp-content\/uploads\/2024\/03\/3.1_TwiceasTwiggy-800x668.jpg 800w, https:\/\/www.foscarini.us\/wp-content\/uploads\/2024\/03\/3.1_TwiceasTwiggy.jpg 1776w\" alt=\"\" \/>\n                                                                        <\/div>\n                                        <div class=\"swiper-slide\">\n                                                    <img decoding=\"async\" class=\"full-cover\" src=\"https:\/\/www.foscarini.us\/wp-content\/uploads\/2024\/03\/3.2_TwiceasTwiggy-150x150.jpg\" srcset=\"https:\/\/www.foscarini.us\/wp-content\/uploads\/2024\/03\/3.2_TwiceasTwiggy-300x250.jpg 300w, https:\/\/www.foscarini.us\/wp-content\/uploads\/2024\/03\/3.2_TwiceasTwiggy-1024x854.jpg 1024w, https:\/\/www.foscarini.us\/wp-content\/uploads\/2024\/03\/3.2_TwiceasTwiggy-768x641.jpg 768w, https:\/\/www.foscarini.us\/wp-content\/uploads\/2024\/03\/3.2_TwiceasTwiggy-1536x1282.jpg 1536w, https:\/\/www.foscarini.us\/wp-content\/uploads\/2024\/03\/3.2_TwiceasTwiggy-800x668.jpg 800w, https:\/\/www.foscarini.us\/wp-content\/uploads\/2024\/03\/3.2_TwiceasTwiggy.jpg 1776w\" alt=\"\" \/>\n                                                                        <\/div>\n                                        <div class=\"swiper-slide\">\n                                                    <img decoding=\"async\" class=\"full-cover\" src=\"https:\/\/www.foscarini.us\/wp-content\/uploads\/2024\/03\/3.4_TwiceasTwiggy-150x150.jpg\" srcset=\"https:\/\/www.foscarini.us\/wp-content\/uploads\/2024\/03\/3.4_TwiceasTwiggy-199x300.jpg 199w, https:\/\/www.foscarini.us\/wp-content\/uploads\/2024\/03\/3.4_TwiceasTwiggy-678x1024.jpg 678w, https:\/\/www.foscarini.us\/wp-content\/uploads\/2024\/03\/3.4_TwiceasTwiggy-768x1160.jpg 768w, https:\/\/www.foscarini.us\/wp-content\/uploads\/2024\/03\/3.4_TwiceasTwiggy-800x1208.jpg 800w, https:\/\/www.foscarini.us\/wp-content\/uploads\/2024\/03\/3.4_TwiceasTwiggy.jpg 980w\" alt=\"\" \/>\n                                                                        <\/div>\n                                        <div class=\"swiper-slide\">\n                                                    <img decoding=\"async\" class=\"full-cover\" src=\"https:\/\/www.foscarini.us\/wp-content\/uploads\/2024\/03\/3.5_TwiceasTwiggy-150x150.jpg\" srcset=\"https:\/\/www.foscarini.us\/wp-content\/uploads\/2024\/03\/3.5_TwiceasTwiggy-300x169.jpg 300w, https:\/\/www.foscarini.us\/wp-content\/uploads\/2024\/03\/3.5_TwiceasTwiggy-1024x576.jpg 1024w, https:\/\/www.foscarini.us\/wp-content\/uploads\/2024\/03\/3.5_TwiceasTwiggy-768x432.jpg 768w, https:\/\/www.foscarini.us\/wp-content\/uploads\/2024\/03\/3.5_TwiceasTwiggy-1536x864.jpg 1536w, https:\/\/www.foscarini.us\/wp-content\/uploads\/2024\/03\/3.5_TwiceasTwiggy-2048x1152.jpg 2048w, https:\/\/www.foscarini.us\/wp-content\/uploads\/2024\/03\/3.5_TwiceasTwiggy-800x450.jpg 800w\" alt=\"\" \/>\n                                                                        <\/div>\n                            <\/div>\n    <\/div>\n    <div class=\"swiper-scrollbar\"><\/div>\n    <div class=\"ct-arrow\">\n        <div class=\"swiper-button-prev\"><\/div>\n        <div class=\"swiper-button-next\"><\/div>\n    <\/div>\n<\/section><section class=\"concept__project_comunication full-height-vh\">\n    <div class=\"row row-large\">\n        <div class=\"medium-12 small-12 columns full-height no-padding-right-mobile\">\n            <div class=\"ct-image-text-lateral\">\n                <div class=\"ct-arrow\">\n                    <div class=\"swiper-button-prev\" aria-label=\"previous slide\"><\/div>\n                    <div class=\"swiper-button-next\" aria-label=\"next slide\"><\/div>\n                <\/div>\n                <span class=\"section-name-lateral\">Contenidos Editoriales<\/span>\n                <!-- Swiper -->\n                <div class=\"swiper-container swiper__concept__comunication\">\n                    <div class=\"swiper-wrapper\">\n                                                            <div class=\"swiper-slide\">\n                                        <div class=\"ct-slide\">\n                                                                                                <img decoding=\"async\" class=\"full-cover\" src=\"https:\/\/www.foscarini.us\/wp-content\/uploads\/2015\/10\/main_banner_twice_light-150x150.jpeg\" srcset=\"https:\/\/www.foscarini.us\/wp-content\/uploads\/2015\/10\/main_banner_twice_light-300x194.jpeg 300w, https:\/\/www.foscarini.us\/wp-content\/uploads\/2015\/10\/main_banner_twice_light-800x518.jpeg 800w, https:\/\/www.foscarini.us\/wp-content\/uploads\/2015\/10\/main_banner_twice_light-1024x663.jpeg 1024w, https:\/\/www.foscarini.us\/wp-content\/uploads\/2015\/10\/main_banner_twice_light-768x498.jpeg 768w, https:\/\/www.foscarini.us\/wp-content\/uploads\/2015\/10\/main_banner_twice_light-1536x995.jpeg 1536w, https:\/\/www.foscarini.us\/wp-content\/uploads\/2015\/10\/main_banner_twice_light-2048x1327.jpeg 2048w\" alt=\"\" \/>\n                                                                                                <div class=\"ct-col-right\">\n                                                <div class=\"ct-link\">\n                                                    <a class=\"link-arrow\" href=\"https:\/\/www.foscarini.us\/es\/twice-light-new-york\/\">Twice Light<\/a>\n                                                    <div class=\"text-1\"><p>En las calles de Nueva York, Twice as Twiggy resalta conexiones impredecibles entre desconocidos.<\/p>\n<\/div>\n                                                <\/div>\n                                            <\/div>\n                                        <\/div>\n                                    <\/div>\n                                                                        <div class=\"swiper-slide\">\n                                        <div class=\"ct-slide\">\n                                                                                                <img decoding=\"async\" class=\"full-cover\" src=\"https:\/\/www.foscarini.us\/wp-content\/uploads\/2024\/01\/Modulo1_1-2-150x150.jpg\" srcset=\"https:\/\/www.foscarini.us\/wp-content\/uploads\/2024\/01\/Modulo1_1-2-300x167.jpg 300w, https:\/\/www.foscarini.us\/wp-content\/uploads\/2024\/01\/Modulo1_1-2-scaled-800x444.jpg 800w, https:\/\/www.foscarini.us\/wp-content\/uploads\/2024\/01\/Modulo1_1-2-1024x569.jpg 1024w, https:\/\/www.foscarini.us\/wp-content\/uploads\/2024\/01\/Modulo1_1-2-768x427.jpg 768w, https:\/\/www.foscarini.us\/wp-content\/uploads\/2024\/01\/Modulo1_1-2-1536x853.jpg 1536w, https:\/\/www.foscarini.us\/wp-content\/uploads\/2024\/01\/Modulo1_1-2-2048x1138.jpg 2048w\" alt=\"\" \/>\n                                                                                                <div class=\"ct-col-right\">\n                                                <div class=\"ct-link\">\n                                                    <a class=\"link-arrow\" href=\"https:\/\/www.foscarini.us\/es\/maestrie\/fibras\/\">MAESTRIE: Fibre<\/a>\n                                                    <div class=\"text-1\"><p>Materiali compositi che diventano corpi luminosi. Tessuti tech stesi da mani gentili sulle macchine che daranno loro forma. Ispirazioni che vengono da mondi lontani. Benvenuti nella fabbrica dove nasce la luce extra-ordinaria.<\/p>\n<\/div>\n                                                <\/div>\n                                            <\/div>\n                                        <\/div>\n                                    <\/div>\n                                                        <\/div>\n                <\/div>\n            <\/div>\n        <\/div>\n    <\/div>\n<\/section><div class=\"wp-block-columns two_image_join two_image_join_affiancate on_off_block is-layout-flex wp-container-core-columns-is-layout-1 wp-block-columns-is-layout-flex\"><div class=\"wp-block-column is-layout-flow wp-block-column-is-layout-flow\"><div class=\"wp-block-getwid-image-hotspot\" data-appearance-animation=\"none\" data-image-points=\"[{&quot;link&quot;:&quot;&quot;,&quot;icon&quot;:&quot;&quot;,&quot;title&quot;:&quot;acceso&quot;,&quot;color&quot;:&quot;&quot;,&quot;content&quot;:&quot;&quot;,&quot;backgroundColor&quot;:&quot;&quot;,&quot;newTab&quot;:false,&quot;popUpOpen&quot;:false,&quot;popUpWidth&quot;:350,&quot;placement&quot;:&quot;top&quot;,&quot;position&quot;:{&quot;x&quot;:&quot;33.88%&quot;,&quot;y&quot;:&quot;18.42%&quot;}}]\" data-trigger=\"click\" data-theme=\"light\" data-tooltip-animation=\"shift-toward\" data-arrow=\"true\"><div class=\"wp-block-getwid-image-hotspot__wrapper\"><img loading=\"lazy\" decoding=\"async\" width=\"2560\" height=\"1591\" src=\"https:\/\/www.foscarini.us\/wp-content\/uploads\/2024\/03\/4.1_TwiceasTwiggy-scaled.jpg\" alt=\"\" class=\"wp-block-getwid-image-hotspot__image wp-image-130540\" srcset=\"https:\/\/www.foscarini.us\/wp-content\/uploads\/2024\/03\/4.1_TwiceasTwiggy-scaled.jpg 2560w, https:\/\/www.foscarini.us\/wp-content\/uploads\/2024\/03\/4.1_TwiceasTwiggy-300x186.jpg 300w, https:\/\/www.foscarini.us\/wp-content\/uploads\/2024\/03\/4.1_TwiceasTwiggy-1024x636.jpg 1024w, https:\/\/www.foscarini.us\/wp-content\/uploads\/2024\/03\/4.1_TwiceasTwiggy-768x477.jpg 768w, https:\/\/www.foscarini.us\/wp-content\/uploads\/2024\/03\/4.1_TwiceasTwiggy-1536x955.jpg 1536w, https:\/\/www.foscarini.us\/wp-content\/uploads\/2024\/03\/4.1_TwiceasTwiggy-2048x1273.jpg 2048w, https:\/\/www.foscarini.us\/wp-content\/uploads\/2024\/03\/4.1_TwiceasTwiggy-800x497.jpg 800w\" sizes=\"(max-width: 2560px) 100vw, 2560px\" \/><div data-point-id=\"0\" class=\"wp-block-getwid-image-hotspot__dot has-animation-pulse\" style=\"left:33.88%;top:18.42%\"><div class=\"wp-block-getwid-image-hotspot__dot-wrapper\"><div class=\"wp-block-getwid-image-hotspot__dot-content\"><i class=\"fas fa-plus wp-block-getwid-image-hotspot__dot-icon\"><\/i><\/div><\/div><div class=\"wp-block-getwid-image-hotspot__dot-description\"><div class=\"wp-block-getwid-image-hotspot__dot-title\">acceso<\/div><\/div><\/div><\/div><\/div>\n\n<figure class=\"wp-block-image size-large absolute_image\"><img loading=\"lazy\" decoding=\"async\" width=\"1024\" height=\"636\" src=\"https:\/\/www.foscarini.us\/wp-content\/uploads\/2024\/03\/4.2_TwiceasTwiggy-1024x636.jpg\" alt=\"\" class=\"wp-image-130548\" srcset=\"https:\/\/www.foscarini.us\/wp-content\/uploads\/2024\/03\/4.2_TwiceasTwiggy-1024x636.jpg 1024w, https:\/\/www.foscarini.us\/wp-content\/uploads\/2024\/03\/4.2_TwiceasTwiggy-300x186.jpg 300w, https:\/\/www.foscarini.us\/wp-content\/uploads\/2024\/03\/4.2_TwiceasTwiggy-768x477.jpg 768w, https:\/\/www.foscarini.us\/wp-content\/uploads\/2024\/03\/4.2_TwiceasTwiggy-1536x955.jpg 1536w, https:\/\/www.foscarini.us\/wp-content\/uploads\/2024\/03\/4.2_TwiceasTwiggy-2048x1273.jpg 2048w, https:\/\/www.foscarini.us\/wp-content\/uploads\/2024\/03\/4.2_TwiceasTwiggy-800x497.jpg 800w\" sizes=\"(max-width: 1024px) 100vw, 1024px\" \/><\/figure><\/div><\/div>","protected":false},"excerpt":{"rendered":"<p>L\u00e1mpara de pie de gran tama\u00f1o, de luz directa e indirecta hacia arriba. Difusor y poste en material composite sobre base de fibra de vidrio pintado con l\u00edquido. El cuerpo de luz est\u00e1 formado por un gran cono en aluminio pintado. El difusor que cierra el cono, donde se encuentra instalada una de las dos tarjetas de LED, es en PMMA prism\u00e1tico y curvado en los bordes. La tarjeta de LED superior est\u00e1 protegida por un disco con la marca en PMMA. La gran base circular de color es en metal pintado con polvo epox\u00eddico. El transformador de los LED se sit\u00faa en el interior del armaz\u00f3n en metal y acero bajo la base de color. El cable el\u00e9ctrico transparente dispone de un dimmer que hace las veces tanto de regulador de intensidad luminosa gradual como de interruptor on\/off.<\/p>\n","protected":false},"featured_media":449646,"comment_status":"open","ping_status":"closed","template":"","meta":{"_acf_changed":true},"product_cat":[653,719,758,5669,679],"product_tag":[],"materiale":[7941],"altezza":[10704],"larghezza":[10116],"profondita":[7554],"peso":[10662],"designer-prodotto":[7380],"class_list":{"0":"post-193968","1":"product","2":"type-product","3":"status-publish","4":"has-post-thumbnail","6":"product_cat-concetto-es","7":"product_cat-funzione-es","8":"product_cat-terra-es","9":"product_cat-twiggy-famiglia-es","10":"product_cat-twiggy-concetto-es","11":"materiale-fibra-di-carbonio-e-compositi-es","12":"altezza-330-es","13":"larghezza-390-es","14":"profondita-100-es","15":"peso-743-es","16":"designer-prodotto-marc-sadler-es","18":"first","19":"instock","20":"shipping-taxable","21":"purchasable","22":"product-type-variable"},"acf":{"preview_slider":{"titolo":"","testo":"","video_domanda":false,"link_video":""},"prodotto__immagine_preview":{"immagine":226434},"prodotto__slider":{"sottotitolo":"Marc Sadler (2016)","titolo":"El rasgo fino y flexible del icono de dise\u00f1o Twiggy se convierte en extragrande en Twice as Twiggy, una l\u00e1mpara de pie dise\u00f1ada para los grandes espacios. Un sistema de contrapesos permite elegir la altura de la pantalla, equipada con dos tarjetas LED para una luz directa hacia abajo y difusa hacia arriba.","immagini":[{"immagine":306966,"immagine_mobile":""},{"immagine":307206,"immagine_mobile":""},{"immagine":307192,"immagine_mobile":""},{"immagine":307199,"immagine_mobile":""}]},"prodotto__slider_preview":null,"prodotto__specifiche":{"selezione":[{"scheda_tecnica":484213}]}},"yoast_head":"<!-- This site is optimized with the Yoast SEO Premium plugin v22.4 (Yoast SEO v23.7) - https:\/\/yoast.com\/wordpress\/plugins\/seo\/ -->\n<title>Twice as Twiggy - Foscarini<\/title>\n<meta name=\"robots\" content=\"index, follow, max-snippet:-1, max-image-preview:large, max-video-preview:-1\" \/>\n<meta property=\"og:locale\" content=\"es_ES\" \/>\n<meta property=\"og:type\" content=\"article\" \/>\n<meta property=\"og:title\" content=\"Twice as Twiggy\" \/>\n<meta property=\"og:description\" content=\"L\u00e1mpara de pie de gran tama\u00f1o, de luz directa e indirecta hacia arriba. Difusor y poste en material composite sobre base de fibra de vidrio pintado con l\u00edquido. El cuerpo de luz est\u00e1 formado por un gran cono en aluminio pintado. El difusor que cierra el cono, donde se encuentra instalada una de las dos tarjetas de LED, es en PMMA prism\u00e1tico y curvado en los bordes. La tarjeta de LED superior est\u00e1 protegida por un disco con la marca en PMMA. La gran base circular de color es en metal pintado con polvo epox\u00eddico. El transformador de los LED se sit\u00faa en el interior del armaz\u00f3n en metal y acero bajo la base de color. El cable el\u00e9ctrico transparente dispone de un dimmer que hace las veces tanto de regulador de intensidad luminosa gradual como de interruptor on\/off.\" \/>\n<meta property=\"og:url\" content=\"https:\/\/www.foscarini.us\/es\/producto\/twice-as-twiggy-std-f-es\/\" \/>\n<meta property=\"og:site_name\" content=\"Foscarini\" \/>\n<meta property=\"article:modified_time\" content=\"2025-10-17T14:57:20+00:00\" \/>\n<meta property=\"og:image\" content=\"https:\/\/www.foscarini.us\/wp-content\/uploads\/2025\/06\/twice-as-twiggy_f_black_22_786x865-3.jpg\" \/>\n\t<meta property=\"og:image:width\" content=\"786\" \/>\n\t<meta property=\"og:image:height\" content=\"865\" \/>\n\t<meta property=\"og:image:type\" content=\"image\/jpeg\" \/>\n<meta name=\"twitter:card\" content=\"summary_large_image\" \/>\n<meta name=\"twitter:label1\" content=\"Tiempo de lectura\" \/>\n\t<meta name=\"twitter:data1\" content=\"1 minuto\" \/>\n<script type=\"application\/ld+json\" class=\"yoast-schema-graph\">{\"@context\":\"https:\/\/schema.org\",\"@graph\":[{\"@type\":\"WebPage\",\"@id\":\"https:\/\/www.foscarini.us\/es\/producto\/twice-as-twiggy-std-f-es\/\",\"url\":\"https:\/\/www.foscarini.us\/es\/producto\/twice-as-twiggy-std-f-es\/\",\"name\":\"Twice as Twiggy - Foscarini\",\"isPartOf\":{\"@id\":\"https:\/\/www.foscarini.us\/#website\"},\"primaryImageOfPage\":{\"@id\":\"https:\/\/www.foscarini.us\/es\/producto\/twice-as-twiggy-std-f-es\/#primaryimage\"},\"image\":{\"@id\":\"https:\/\/www.foscarini.us\/es\/producto\/twice-as-twiggy-std-f-es\/#primaryimage\"},\"thumbnailUrl\":\"https:\/\/www.foscarini.us\/wp-content\/uploads\/2025\/06\/twice-as-twiggy_f_black_22_786x865-3.jpg\",\"datePublished\":\"2024-03-28T18:21:39+00:00\",\"dateModified\":\"2025-10-17T14:57:20+00:00\",\"breadcrumb\":{\"@id\":\"https:\/\/www.foscarini.us\/es\/producto\/twice-as-twiggy-std-f-es\/#breadcrumb\"},\"inLanguage\":\"es-AR\",\"potentialAction\":[{\"@type\":\"ReadAction\",\"target\":[\"https:\/\/www.foscarini.us\/es\/producto\/twice-as-twiggy-std-f-es\/\"]}]},{\"@type\":\"ImageObject\",\"inLanguage\":\"es-AR\",\"@id\":\"https:\/\/www.foscarini.us\/es\/producto\/twice-as-twiggy-std-f-es\/#primaryimage\",\"url\":\"https:\/\/www.foscarini.us\/wp-content\/uploads\/2025\/06\/twice-as-twiggy_f_black_22_786x865-3.jpg\",\"contentUrl\":\"https:\/\/www.foscarini.us\/wp-content\/uploads\/2025\/06\/twice-as-twiggy_f_black_22_786x865-3.jpg\",\"width\":786,\"height\":865},{\"@type\":\"BreadcrumbList\",\"@id\":\"https:\/\/www.foscarini.us\/es\/producto\/twice-as-twiggy-std-f-es\/#breadcrumb\",\"itemListElement\":[{\"@type\":\"ListItem\",\"position\":1,\"name\":\"Home\",\"item\":\"https:\/\/www.foscarini.us\/es\/\"},{\"@type\":\"ListItem\",\"position\":2,\"name\":\"Tienda\",\"item\":\"https:\/\/www.foscarini.us\/es\/tienda\/\"},{\"@type\":\"ListItem\",\"position\":3,\"name\":\"Twice as Twiggy\"}]},{\"@type\":\"WebSite\",\"@id\":\"https:\/\/www.foscarini.us\/#website\",\"url\":\"https:\/\/www.foscarini.us\/\",\"name\":\"Foscarini\",\"description\":\"\",\"potentialAction\":[{\"@type\":\"SearchAction\",\"target\":{\"@type\":\"EntryPoint\",\"urlTemplate\":\"https:\/\/www.foscarini.us\/?s={search_term_string}\"},\"query-input\":{\"@type\":\"PropertyValueSpecification\",\"valueRequired\":true,\"valueName\":\"search_term_string\"}}],\"inLanguage\":\"es-AR\"}]}<\/script>\n<!-- \/ Yoast SEO Premium plugin. -->","yoast_head_json":{"title":"Twice as Twiggy - Foscarini","robots":{"index":"index","follow":"follow","max-snippet":"max-snippet:-1","max-image-preview":"max-image-preview:large","max-video-preview":"max-video-preview:-1"},"og_locale":"es_ES","og_type":"article","og_title":"Twice as Twiggy","og_description":"L\u00e1mpara de pie de gran tama\u00f1o, de luz directa e indirecta hacia arriba. Difusor y poste en material composite sobre base de fibra de vidrio pintado con l\u00edquido. El cuerpo de luz est\u00e1 formado por un gran cono en aluminio pintado. El difusor que cierra el cono, donde se encuentra instalada una de las dos tarjetas de LED, es en PMMA prism\u00e1tico y curvado en los bordes. La tarjeta de LED superior est\u00e1 protegida por un disco con la marca en PMMA. La gran base circular de color es en metal pintado con polvo epox\u00eddico. El transformador de los LED se sit\u00faa en el interior del armaz\u00f3n en metal y acero bajo la base de color. El cable el\u00e9ctrico transparente dispone de un dimmer que hace las veces tanto de regulador de intensidad luminosa gradual como de interruptor on\/off.","og_url":"https:\/\/www.foscarini.us\/es\/producto\/twice-as-twiggy-std-f-es\/","og_site_name":"Foscarini","article_modified_time":"2025-10-17T14:57:20+00:00","og_image":[{"width":786,"height":865,"url":"https:\/\/www.foscarini.us\/wp-content\/uploads\/2025\/06\/twice-as-twiggy_f_black_22_786x865-3.jpg","type":"image\/jpeg"}],"twitter_card":"summary_large_image","twitter_misc":{"Tiempo de lectura":"1 minuto"},"schema":{"@context":"https:\/\/schema.org","@graph":[{"@type":"WebPage","@id":"https:\/\/www.foscarini.us\/es\/producto\/twice-as-twiggy-std-f-es\/","url":"https:\/\/www.foscarini.us\/es\/producto\/twice-as-twiggy-std-f-es\/","name":"Twice as Twiggy - Foscarini","isPartOf":{"@id":"https:\/\/www.foscarini.us\/#website"},"primaryImageOfPage":{"@id":"https:\/\/www.foscarini.us\/es\/producto\/twice-as-twiggy-std-f-es\/#primaryimage"},"image":{"@id":"https:\/\/www.foscarini.us\/es\/producto\/twice-as-twiggy-std-f-es\/#primaryimage"},"thumbnailUrl":"https:\/\/www.foscarini.us\/wp-content\/uploads\/2025\/06\/twice-as-twiggy_f_black_22_786x865-3.jpg","datePublished":"2024-03-28T18:21:39+00:00","dateModified":"2025-10-17T14:57:20+00:00","breadcrumb":{"@id":"https:\/\/www.foscarini.us\/es\/producto\/twice-as-twiggy-std-f-es\/#breadcrumb"},"inLanguage":"es-AR","potentialAction":[{"@type":"ReadAction","target":["https:\/\/www.foscarini.us\/es\/producto\/twice-as-twiggy-std-f-es\/"]}]},{"@type":"ImageObject","inLanguage":"es-AR","@id":"https:\/\/www.foscarini.us\/es\/producto\/twice-as-twiggy-std-f-es\/#primaryimage","url":"https:\/\/www.foscarini.us\/wp-content\/uploads\/2025\/06\/twice-as-twiggy_f_black_22_786x865-3.jpg","contentUrl":"https:\/\/www.foscarini.us\/wp-content\/uploads\/2025\/06\/twice-as-twiggy_f_black_22_786x865-3.jpg","width":786,"height":865},{"@type":"BreadcrumbList","@id":"https:\/\/www.foscarini.us\/es\/producto\/twice-as-twiggy-std-f-es\/#breadcrumb","itemListElement":[{"@type":"ListItem","position":1,"name":"Home","item":"https:\/\/www.foscarini.us\/es\/"},{"@type":"ListItem","position":2,"name":"Tienda","item":"https:\/\/www.foscarini.us\/es\/tienda\/"},{"@type":"ListItem","position":3,"name":"Twice as Twiggy"}]},{"@type":"WebSite","@id":"https:\/\/www.foscarini.us\/#website","url":"https:\/\/www.foscarini.us\/","name":"Foscarini","description":"","potentialAction":[{"@type":"SearchAction","target":{"@type":"EntryPoint","urlTemplate":"https:\/\/www.foscarini.us\/?s={search_term_string}"},"query-input":{"@type":"PropertyValueSpecification","valueRequired":true,"valueName":"search_term_string"}}],"inLanguage":"es-AR"}]}},"_links":{"self":[{"href":"https:\/\/www.foscarini.us\/es\/wp-json\/wp\/v2\/product\/193968"}],"collection":[{"href":"https:\/\/www.foscarini.us\/es\/wp-json\/wp\/v2\/product"}],"about":[{"href":"https:\/\/www.foscarini.us\/es\/wp-json\/wp\/v2\/types\/product"}],"replies":[{"embeddable":true,"href":"https:\/\/www.foscarini.us\/es\/wp-json\/wp\/v2\/comments?post=193968"}],"wp:featuredmedia":[{"embeddable":true,"href":"https:\/\/www.foscarini.us\/es\/wp-json\/wp\/v2\/media\/449646"}],"wp:attachment":[{"href":"https:\/\/www.foscarini.us\/es\/wp-json\/wp\/v2\/media?parent=193968"}],"wp:term":[{"taxonomy":"product_cat","embeddable":true,"href":"https:\/\/www.foscarini.us\/es\/wp-json\/wp\/v2\/product_cat?post=193968"},{"taxonomy":"product_tag","embeddable":true,"href":"https:\/\/www.foscarini.us\/es\/wp-json\/wp\/v2\/product_tag?post=193968"},{"taxonomy":"materiale","embeddable":true,"href":"https:\/\/www.foscarini.us\/es\/wp-json\/wp\/v2\/materiale?post=193968"},{"taxonomy":"altezza","embeddable":true,"href":"https:\/\/www.foscarini.us\/es\/wp-json\/wp\/v2\/altezza?post=193968"},{"taxonomy":"larghezza","embeddable":true,"href":"https:\/\/www.foscarini.us\/es\/wp-json\/wp\/v2\/larghezza?post=193968"},{"taxonomy":"profondita","embeddable":true,"href":"https:\/\/www.foscarini.us\/es\/wp-json\/wp\/v2\/profondita?post=193968"},{"taxonomy":"peso","embeddable":true,"href":"https:\/\/www.foscarini.us\/es\/wp-json\/wp\/v2\/peso?post=193968"},{"taxonomy":"designer-prodotto","embeddable":true,"href":"https:\/\/www.foscarini.us\/es\/wp-json\/wp\/v2\/designer-prodotto?post=193968"}],"curies":[{"name":"wp","href":"https:\/\/api.w.org\/{rel}","templated":true}]}}