{"id":193913,"date":"2024-03-28T18:21:57","date_gmt":"2024-03-28T18:21:57","guid":{"rendered":"https:\/\/www.foscarini.us\/product\/twice-as-twiggy-std-s\/"},"modified":"2025-10-17T14:57:48","modified_gmt":"2025-10-17T14:57:48","slug":"twice-as-twiggy-std-s-es","status":"publish","type":"product","link":"https:\/\/www.foscarini.us\/es\/producto\/twice-as-twiggy-std-s-es\/","title":{"rendered":"Twice as Twiggy"},"content":{"rendered":"<p>La lampada a sospensione Twice as Twiggy, dalle dimensioni pi\u00f9 che generose, \u00e8 dedicata ai grandi spazi ma mantiene la leggerezza del famoso progetto originale. Dotata di due schede LED illumina l\u2019area sottostante e diffonde verso<br \/>\nl\u2019alto un efficace illuminamento.<\/p><section class=\"pdp__slider full-height-vh\">\n    <div class=\"swiper-container swiper__pdp\">\n        <div class=\"swiper-wrapper full-height\">\n                                <div class=\"swiper-slide\">\n                                                    <img decoding=\"async\" class=\"full-cover\" src=\"https:\/\/www.foscarini.us\/wp-content\/uploads\/2024\/03\/3.1_Twiggy-1-150x150.jpg\" srcset=\"https:\/\/www.foscarini.us\/wp-content\/uploads\/2024\/03\/3.1_Twiggy-1-300x250.jpg 300w, https:\/\/www.foscarini.us\/wp-content\/uploads\/2024\/03\/3.1_Twiggy-1-1024x854.jpg 1024w, https:\/\/www.foscarini.us\/wp-content\/uploads\/2024\/03\/3.1_Twiggy-1-768x641.jpg 768w, https:\/\/www.foscarini.us\/wp-content\/uploads\/2024\/03\/3.1_Twiggy-1-1536x1282.jpg 1536w, https:\/\/www.foscarini.us\/wp-content\/uploads\/2024\/03\/3.1_Twiggy-1-800x668.jpg 800w, https:\/\/www.foscarini.us\/wp-content\/uploads\/2024\/03\/3.1_Twiggy-1.jpg 1776w\" alt=\"\" \/>\n                                                                        <\/div>\n                                        <div class=\"swiper-slide\">\n                                                    <img decoding=\"async\" class=\"full-cover\" src=\"https:\/\/www.foscarini.us\/wp-content\/uploads\/2024\/03\/3.2_Twiggy-1-150x150.jpg\" srcset=\"https:\/\/www.foscarini.us\/wp-content\/uploads\/2024\/03\/3.2_Twiggy-1-300x250.jpg 300w, https:\/\/www.foscarini.us\/wp-content\/uploads\/2024\/03\/3.2_Twiggy-1-1024x854.jpg 1024w, https:\/\/www.foscarini.us\/wp-content\/uploads\/2024\/03\/3.2_Twiggy-1-768x641.jpg 768w, https:\/\/www.foscarini.us\/wp-content\/uploads\/2024\/03\/3.2_Twiggy-1-1536x1282.jpg 1536w, https:\/\/www.foscarini.us\/wp-content\/uploads\/2024\/03\/3.2_Twiggy-1-800x668.jpg 800w, https:\/\/www.foscarini.us\/wp-content\/uploads\/2024\/03\/3.2_Twiggy-1.jpg 1776w\" alt=\"\" \/>\n                                                                        <\/div>\n                            <\/div>\n    <\/div>\n    <div class=\"swiper-scrollbar\"><\/div>\n    <div class=\"ct-arrow\">\n        <div class=\"swiper-button-prev\"><\/div>\n        <div class=\"swiper-button-next\"><\/div>\n    <\/div>\n<\/section><section class=\"concept__project_comunication full-height-vh\">\n    <div class=\"row row-large\">\n        <div class=\"medium-12 small-12 columns full-height no-padding-right-mobile\">\n            <div class=\"ct-image-text-lateral\">\n                <div class=\"ct-arrow\">\n                    <div class=\"swiper-button-prev\" aria-label=\"previous slide\"><\/div>\n                    <div class=\"swiper-button-next\" aria-label=\"next slide\"><\/div>\n                <\/div>\n                <span class=\"section-name-lateral\">Contenidos Editoriales<\/span>\n                <!-- Swiper -->\n                <div class=\"swiper-container swiper__concept__comunication\">\n                    <div class=\"swiper-wrapper\">\n                                                            <div class=\"swiper-slide\">\n                                        <div class=\"ct-slide\">\n                                                                                                <img decoding=\"async\" class=\"full-cover\" src=\"https:\/\/www.foscarini.us\/wp-content\/uploads\/2024\/01\/Modulo1_1-2-150x150.jpg\" srcset=\"https:\/\/www.foscarini.us\/wp-content\/uploads\/2024\/01\/Modulo1_1-2-300x167.jpg 300w, https:\/\/www.foscarini.us\/wp-content\/uploads\/2024\/01\/Modulo1_1-2-scaled-800x444.jpg 800w, https:\/\/www.foscarini.us\/wp-content\/uploads\/2024\/01\/Modulo1_1-2-1024x569.jpg 1024w, https:\/\/www.foscarini.us\/wp-content\/uploads\/2024\/01\/Modulo1_1-2-768x427.jpg 768w, https:\/\/www.foscarini.us\/wp-content\/uploads\/2024\/01\/Modulo1_1-2-1536x853.jpg 1536w, https:\/\/www.foscarini.us\/wp-content\/uploads\/2024\/01\/Modulo1_1-2-2048x1138.jpg 2048w\" alt=\"\" \/>\n                                                                                                <div class=\"ct-col-right\">\n                                                <div class=\"ct-link\">\n                                                    <a class=\"link-arrow\" href=\"https:\/\/www.foscarini.us\/es\/maestrie\/fibras\/\">MAESTRIE: Fibre<\/a>\n                                                    <div class=\"text-1\"><p>Materiali compositi che diventano corpi luminosi. Tessuti tech stesi da mani gentili sulle macchine che daranno loro forma. Ispirazioni che vengono da mondi lontani. Benvenuti nella fabbrica dove nasce la luce extra-ordinaria.<\/p>\n<\/div>\n                                                <\/div>\n                                            <\/div>\n                                        <\/div>\n                                    <\/div>\n                                                        <\/div>\n                <\/div>\n            <\/div>\n        <\/div>\n    <\/div>\n<\/section>","protected":false},"excerpt":{"rendered":"<p>L\u00e1mpara de suspensi\u00f3n de gran tama\u00f1o, de luz directa e indirecta hacia arriba. Difusor en material compuesto sobre base de fibra de vidrio pintado con l\u00edquido. El cuerpo de luz est\u00e1 formado por un gran cono en aluminio pintado. El difusor que cierra el cono, donde se encuentra instalada una de las dos tarjetas de LED, es en PMMA prism\u00e1tico y curvado en los bordes. La tarjeta de LED superior est\u00e1 protegida por un disco con la marca en PMMA. El transformador de luces de LED se sit\u00faa en el interior del flor\u00f3n de metal pintado blanco. Triple cable de acero para colgar el cuerpo de luz y cable el\u00e9ctrico transparente. Puede disponer de regulador de luz en las configuraciones posibles: On-Off \/Push\/DALI.<\/p>\n","protected":false},"featured_media":449674,"comment_status":"open","ping_status":"closed","template":"","meta":{"_acf_changed":true},"product_cat":[653,719,744,5669,679],"product_tag":[],"materiale":[7941],"altezza":[11198],"larghezza":[11481],"profondita":[11370],"peso":[10768],"designer-prodotto":[7380],"class_list":{"0":"post-193913","1":"product","2":"type-product","3":"status-publish","4":"has-post-thumbnail","6":"product_cat-concetto-es","7":"product_cat-funzione-es","8":"product_cat-sospensione-es","9":"product_cat-twiggy-famiglia-es","10":"product_cat-twiggy-concetto-es","11":"materiale-fibra-di-carbonio-e-compositi-es","12":"altezza-44-es","13":"larghezza-80-es","14":"profondita-80-es","15":"peso-84-es","16":"designer-prodotto-marc-sadler-es","18":"first","19":"instock","20":"shipping-taxable","21":"purchasable","22":"product-type-variable"},"acf":{"preview_slider":{"titolo":"","testo":"","video_domanda":false,"link_video":""},"prodotto__immagine_preview":{"immagine":226463},"prodotto__slider":{"sottotitolo":"Marc Sadler (2016)","titolo":"La l\u00e1mpara de suspensi\u00f3n Twice as Twiggy, de tama\u00f1o m\u00e1s que generoso, est\u00e1 dedicada a los grandes espacios pero mantiene la ligereza del famoso proyecto original. Dispone de dos tarjetas LED, ilumina el \u00e1rea inferior y propaga hacia arriba una iluminaci\u00f3n eficaz.","immagini":[{"immagine":307156,"immagine_mobile":null},{"immagine":307177,"immagine_mobile":null},{"immagine":307163,"immagine_mobile":null},{"immagine":307170,"immagine_mobile":null}]},"prodotto__slider_preview":null,"prodotto__specifiche":{"selezione":[{"scheda_tecnica":484221}]}},"yoast_head":"<!-- This site is optimized with the Yoast SEO Premium plugin v22.4 (Yoast SEO v23.7) - https:\/\/yoast.com\/wordpress\/plugins\/seo\/ -->\n<title>Twice as Twiggy - Foscarini<\/title>\n<meta name=\"robots\" content=\"index, follow, max-snippet:-1, max-image-preview:large, max-video-preview:-1\" \/>\n<meta property=\"og:locale\" content=\"es_ES\" \/>\n<meta property=\"og:type\" content=\"article\" \/>\n<meta property=\"og:title\" content=\"Twice as Twiggy\" \/>\n<meta property=\"og:description\" content=\"L\u00e1mpara de suspensi\u00f3n de gran tama\u00f1o, de luz directa e indirecta hacia arriba. Difusor en material compuesto sobre base de fibra de vidrio pintado con l\u00edquido. El cuerpo de luz est\u00e1 formado por un gran cono en aluminio pintado. El difusor que cierra el cono, donde se encuentra instalada una de las dos tarjetas de LED, es en PMMA prism\u00e1tico y curvado en los bordes. La tarjeta de LED superior est\u00e1 protegida por un disco con la marca en PMMA. El transformador de luces de LED se sit\u00faa en el interior del flor\u00f3n de metal pintado blanco. Triple cable de acero para colgar el cuerpo de luz y cable el\u00e9ctrico transparente. Puede disponer de regulador de luz en las configuraciones posibles: On-Off \/Push\/DALI.\" \/>\n<meta property=\"og:url\" content=\"https:\/\/www.foscarini.us\/es\/producto\/twice-as-twiggy-std-s-es\/\" \/>\n<meta property=\"og:site_name\" content=\"Foscarini\" \/>\n<meta property=\"article:modified_time\" content=\"2025-10-17T14:57:48+00:00\" \/>\n<meta property=\"og:image\" content=\"https:\/\/www.foscarini.us\/wp-content\/uploads\/2025\/06\/twice-as-twiggy_s_white_22_786x865-1.jpg\" \/>\n\t<meta property=\"og:image:width\" content=\"786\" \/>\n\t<meta property=\"og:image:height\" content=\"865\" \/>\n\t<meta property=\"og:image:type\" content=\"image\/jpeg\" \/>\n<meta name=\"twitter:card\" content=\"summary_large_image\" \/>\n<meta name=\"twitter:label1\" content=\"Tiempo de lectura\" \/>\n\t<meta name=\"twitter:data1\" content=\"1 minuto\" \/>\n<script type=\"application\/ld+json\" class=\"yoast-schema-graph\">{\"@context\":\"https:\/\/schema.org\",\"@graph\":[{\"@type\":\"WebPage\",\"@id\":\"https:\/\/www.foscarini.us\/es\/producto\/twice-as-twiggy-std-s-es\/\",\"url\":\"https:\/\/www.foscarini.us\/es\/producto\/twice-as-twiggy-std-s-es\/\",\"name\":\"Twice as Twiggy - Foscarini\",\"isPartOf\":{\"@id\":\"https:\/\/www.foscarini.us\/#website\"},\"primaryImageOfPage\":{\"@id\":\"https:\/\/www.foscarini.us\/es\/producto\/twice-as-twiggy-std-s-es\/#primaryimage\"},\"image\":{\"@id\":\"https:\/\/www.foscarini.us\/es\/producto\/twice-as-twiggy-std-s-es\/#primaryimage\"},\"thumbnailUrl\":\"https:\/\/www.foscarini.us\/wp-content\/uploads\/2025\/06\/twice-as-twiggy_s_white_22_786x865-1.jpg\",\"datePublished\":\"2024-03-28T18:21:57+00:00\",\"dateModified\":\"2025-10-17T14:57:48+00:00\",\"breadcrumb\":{\"@id\":\"https:\/\/www.foscarini.us\/es\/producto\/twice-as-twiggy-std-s-es\/#breadcrumb\"},\"inLanguage\":\"es-AR\",\"potentialAction\":[{\"@type\":\"ReadAction\",\"target\":[\"https:\/\/www.foscarini.us\/es\/producto\/twice-as-twiggy-std-s-es\/\"]}]},{\"@type\":\"ImageObject\",\"inLanguage\":\"es-AR\",\"@id\":\"https:\/\/www.foscarini.us\/es\/producto\/twice-as-twiggy-std-s-es\/#primaryimage\",\"url\":\"https:\/\/www.foscarini.us\/wp-content\/uploads\/2025\/06\/twice-as-twiggy_s_white_22_786x865-1.jpg\",\"contentUrl\":\"https:\/\/www.foscarini.us\/wp-content\/uploads\/2025\/06\/twice-as-twiggy_s_white_22_786x865-1.jpg\",\"width\":786,\"height\":865},{\"@type\":\"BreadcrumbList\",\"@id\":\"https:\/\/www.foscarini.us\/es\/producto\/twice-as-twiggy-std-s-es\/#breadcrumb\",\"itemListElement\":[{\"@type\":\"ListItem\",\"position\":1,\"name\":\"Home\",\"item\":\"https:\/\/www.foscarini.us\/es\/\"},{\"@type\":\"ListItem\",\"position\":2,\"name\":\"Tienda\",\"item\":\"https:\/\/www.foscarini.us\/es\/tienda\/\"},{\"@type\":\"ListItem\",\"position\":3,\"name\":\"Twice as Twiggy\"}]},{\"@type\":\"WebSite\",\"@id\":\"https:\/\/www.foscarini.us\/#website\",\"url\":\"https:\/\/www.foscarini.us\/\",\"name\":\"Foscarini\",\"description\":\"\",\"potentialAction\":[{\"@type\":\"SearchAction\",\"target\":{\"@type\":\"EntryPoint\",\"urlTemplate\":\"https:\/\/www.foscarini.us\/?s={search_term_string}\"},\"query-input\":{\"@type\":\"PropertyValueSpecification\",\"valueRequired\":true,\"valueName\":\"search_term_string\"}}],\"inLanguage\":\"es-AR\"}]}<\/script>\n<!-- \/ Yoast SEO Premium plugin. -->","yoast_head_json":{"title":"Twice as Twiggy - Foscarini","robots":{"index":"index","follow":"follow","max-snippet":"max-snippet:-1","max-image-preview":"max-image-preview:large","max-video-preview":"max-video-preview:-1"},"og_locale":"es_ES","og_type":"article","og_title":"Twice as Twiggy","og_description":"L\u00e1mpara de suspensi\u00f3n de gran tama\u00f1o, de luz directa e indirecta hacia arriba. Difusor en material compuesto sobre base de fibra de vidrio pintado con l\u00edquido. El cuerpo de luz est\u00e1 formado por un gran cono en aluminio pintado. El difusor que cierra el cono, donde se encuentra instalada una de las dos tarjetas de LED, es en PMMA prism\u00e1tico y curvado en los bordes. La tarjeta de LED superior est\u00e1 protegida por un disco con la marca en PMMA. El transformador de luces de LED se sit\u00faa en el interior del flor\u00f3n de metal pintado blanco. Triple cable de acero para colgar el cuerpo de luz y cable el\u00e9ctrico transparente. Puede disponer de regulador de luz en las configuraciones posibles: On-Off \/Push\/DALI.","og_url":"https:\/\/www.foscarini.us\/es\/producto\/twice-as-twiggy-std-s-es\/","og_site_name":"Foscarini","article_modified_time":"2025-10-17T14:57:48+00:00","og_image":[{"width":786,"height":865,"url":"https:\/\/www.foscarini.us\/wp-content\/uploads\/2025\/06\/twice-as-twiggy_s_white_22_786x865-1.jpg","type":"image\/jpeg"}],"twitter_card":"summary_large_image","twitter_misc":{"Tiempo de lectura":"1 minuto"},"schema":{"@context":"https:\/\/schema.org","@graph":[{"@type":"WebPage","@id":"https:\/\/www.foscarini.us\/es\/producto\/twice-as-twiggy-std-s-es\/","url":"https:\/\/www.foscarini.us\/es\/producto\/twice-as-twiggy-std-s-es\/","name":"Twice as Twiggy - Foscarini","isPartOf":{"@id":"https:\/\/www.foscarini.us\/#website"},"primaryImageOfPage":{"@id":"https:\/\/www.foscarini.us\/es\/producto\/twice-as-twiggy-std-s-es\/#primaryimage"},"image":{"@id":"https:\/\/www.foscarini.us\/es\/producto\/twice-as-twiggy-std-s-es\/#primaryimage"},"thumbnailUrl":"https:\/\/www.foscarini.us\/wp-content\/uploads\/2025\/06\/twice-as-twiggy_s_white_22_786x865-1.jpg","datePublished":"2024-03-28T18:21:57+00:00","dateModified":"2025-10-17T14:57:48+00:00","breadcrumb":{"@id":"https:\/\/www.foscarini.us\/es\/producto\/twice-as-twiggy-std-s-es\/#breadcrumb"},"inLanguage":"es-AR","potentialAction":[{"@type":"ReadAction","target":["https:\/\/www.foscarini.us\/es\/producto\/twice-as-twiggy-std-s-es\/"]}]},{"@type":"ImageObject","inLanguage":"es-AR","@id":"https:\/\/www.foscarini.us\/es\/producto\/twice-as-twiggy-std-s-es\/#primaryimage","url":"https:\/\/www.foscarini.us\/wp-content\/uploads\/2025\/06\/twice-as-twiggy_s_white_22_786x865-1.jpg","contentUrl":"https:\/\/www.foscarini.us\/wp-content\/uploads\/2025\/06\/twice-as-twiggy_s_white_22_786x865-1.jpg","width":786,"height":865},{"@type":"BreadcrumbList","@id":"https:\/\/www.foscarini.us\/es\/producto\/twice-as-twiggy-std-s-es\/#breadcrumb","itemListElement":[{"@type":"ListItem","position":1,"name":"Home","item":"https:\/\/www.foscarini.us\/es\/"},{"@type":"ListItem","position":2,"name":"Tienda","item":"https:\/\/www.foscarini.us\/es\/tienda\/"},{"@type":"ListItem","position":3,"name":"Twice as Twiggy"}]},{"@type":"WebSite","@id":"https:\/\/www.foscarini.us\/#website","url":"https:\/\/www.foscarini.us\/","name":"Foscarini","description":"","potentialAction":[{"@type":"SearchAction","target":{"@type":"EntryPoint","urlTemplate":"https:\/\/www.foscarini.us\/?s={search_term_string}"},"query-input":{"@type":"PropertyValueSpecification","valueRequired":true,"valueName":"search_term_string"}}],"inLanguage":"es-AR"}]}},"_links":{"self":[{"href":"https:\/\/www.foscarini.us\/es\/wp-json\/wp\/v2\/product\/193913"}],"collection":[{"href":"https:\/\/www.foscarini.us\/es\/wp-json\/wp\/v2\/product"}],"about":[{"href":"https:\/\/www.foscarini.us\/es\/wp-json\/wp\/v2\/types\/product"}],"replies":[{"embeddable":true,"href":"https:\/\/www.foscarini.us\/es\/wp-json\/wp\/v2\/comments?post=193913"}],"wp:featuredmedia":[{"embeddable":true,"href":"https:\/\/www.foscarini.us\/es\/wp-json\/wp\/v2\/media\/449674"}],"wp:attachment":[{"href":"https:\/\/www.foscarini.us\/es\/wp-json\/wp\/v2\/media?parent=193913"}],"wp:term":[{"taxonomy":"product_cat","embeddable":true,"href":"https:\/\/www.foscarini.us\/es\/wp-json\/wp\/v2\/product_cat?post=193913"},{"taxonomy":"product_tag","embeddable":true,"href":"https:\/\/www.foscarini.us\/es\/wp-json\/wp\/v2\/product_tag?post=193913"},{"taxonomy":"materiale","embeddable":true,"href":"https:\/\/www.foscarini.us\/es\/wp-json\/wp\/v2\/materiale?post=193913"},{"taxonomy":"altezza","embeddable":true,"href":"https:\/\/www.foscarini.us\/es\/wp-json\/wp\/v2\/altezza?post=193913"},{"taxonomy":"larghezza","embeddable":true,"href":"https:\/\/www.foscarini.us\/es\/wp-json\/wp\/v2\/larghezza?post=193913"},{"taxonomy":"profondita","embeddable":true,"href":"https:\/\/www.foscarini.us\/es\/wp-json\/wp\/v2\/profondita?post=193913"},{"taxonomy":"peso","embeddable":true,"href":"https:\/\/www.foscarini.us\/es\/wp-json\/wp\/v2\/peso?post=193913"},{"taxonomy":"designer-prodotto","embeddable":true,"href":"https:\/\/www.foscarini.us\/es\/wp-json\/wp\/v2\/designer-prodotto?post=193913"}],"curies":[{"name":"wp","href":"https:\/\/api.w.org\/{rel}","templated":true}]}}