{"id":193875,"date":"2024-03-28T18:24:45","date_gmt":"2024-03-28T18:24:45","guid":{"rendered":"https:\/\/www.foscarini.us\/product\/twiggy-std-s\/"},"modified":"2025-10-17T15:05:29","modified_gmt":"2025-10-17T15:05:29","slug":"twiggy-std-s-es","status":"publish","type":"product","link":"https:\/\/www.foscarini.us\/es\/producto\/twiggy-std-s-es\/","title":{"rendered":"Twiggy"},"content":{"rendered":"<section class=\"concept__project_comunication full-height-vh\">\n    <div class=\"row row-large\">\n        <div class=\"medium-12 small-12 columns full-height no-padding-right-mobile\">\n            <div class=\"ct-image-text-lateral\">\n                <div class=\"ct-arrow\">\n                    <div class=\"swiper-button-prev\" aria-label=\"previous slide\"><\/div>\n                    <div class=\"swiper-button-next\" aria-label=\"next slide\"><\/div>\n                <\/div>\n                <span class=\"section-name-lateral\">Contenidos Editoriales<\/span>\n                <!-- Swiper -->\n                <div class=\"swiper-container swiper__concept__comunication\">\n                    <div class=\"swiper-wrapper\">\n                                                            <div class=\"swiper-slide\">\n                                        <div class=\"ct-slide\">\n                                                                                                <img decoding=\"async\" class=\"full-cover\" src=\"https:\/\/www.foscarini.us\/wp-content\/uploads\/2025\/03\/BANNER_NEWS_ERY-BURNS-150x150.jpg\" srcset=\"https:\/\/www.foscarini.us\/wp-content\/uploads\/2025\/03\/BANNER_NEWS_ERY-BURNS-300x220.jpg 300w, https:\/\/www.foscarini.us\/wp-content\/uploads\/2025\/03\/BANNER_NEWS_ERY-BURNS-1024x752.jpg 1024w, https:\/\/www.foscarini.us\/wp-content\/uploads\/2025\/03\/BANNER_NEWS_ERY-BURNS-768x564.jpg 768w, https:\/\/www.foscarini.us\/wp-content\/uploads\/2025\/03\/BANNER_NEWS_ERY-BURNS-1536x1128.jpg 1536w, https:\/\/www.foscarini.us\/wp-content\/uploads\/2025\/03\/BANNER_NEWS_ERY-BURNS-800x587.jpg 800w, https:\/\/www.foscarini.us\/wp-content\/uploads\/2025\/03\/BANNER_NEWS_ERY-BURNS.jpg 1640w\" alt=\"\" \/>\n                                                                                                <div class=\"ct-col-right\">\n                                                <div class=\"ct-link\">\n                                                    <a class=\"link-arrow\" href=\"https:\/\/www.foscarini.us\/es\/ery-burns\/\">Cada detalle es una historia: la magia de los doodles de Ery Burns<\/a>\n                                                    <div class=\"text-1\"><p>Ery Burns porta la libera spontaneit\u00e0 dei doodle nel progetto What&#8217;s in a Lamp? di Foscarini. In ogni disegno la luce diventa espressione immediata e immaginifica, dando vita a storie inaspettate, ricche di dettagli, colori vivaci e un tocco di umorismo.<\/p>\n<\/div>\n                                                <\/div>\n                                            <\/div>\n                                        <\/div>\n                                    <\/div>\n                                                                        <div class=\"swiper-slide\">\n                                        <div class=\"ct-slide\">\n                                                                                                <img decoding=\"async\" class=\"full-cover\" src=\"https:\/\/www.foscarini.us\/wp-content\/uploads\/2024\/10\/pimpinella-BANNER_NEWSbennet-150x150.jpg\" srcset=\"https:\/\/www.foscarini.us\/wp-content\/uploads\/2024\/10\/pimpinella-BANNER_NEWSbennet-300x220.jpg 300w, https:\/\/www.foscarini.us\/wp-content\/uploads\/2024\/10\/pimpinella-BANNER_NEWSbennet-1024x752.jpg 1024w, https:\/\/www.foscarini.us\/wp-content\/uploads\/2024\/10\/pimpinella-BANNER_NEWSbennet-768x564.jpg 768w, https:\/\/www.foscarini.us\/wp-content\/uploads\/2024\/10\/pimpinella-BANNER_NEWSbennet-1536x1128.jpg 1536w, https:\/\/www.foscarini.us\/wp-content\/uploads\/2024\/10\/pimpinella-BANNER_NEWSbennet-800x587.jpg 800w, https:\/\/www.foscarini.us\/wp-content\/uploads\/2024\/10\/pimpinella-BANNER_NEWSbennet.jpg 1640w\" alt=\"\" \/>\n                                                                                                <div class=\"ct-col-right\">\n                                                <div class=\"ct-link\">\n                                                    <a class=\"link-arrow\" href=\"https:\/\/www.foscarini.us\/es\/bennet-pimpinella\/\">Ara\u00f1azos de Luz: el videoarte de Bennet Pimpinella para What&#8217;s in a Lamp?<\/a>\n                                                    <div class=\"text-1\"><p>Bennet Pimpinella lleva su arte cinematogr\u00e1fico al proyecto What&#8217;s in a Lamp? y, utilizando la t\u00e9cnica del ara\u00f1ado sobre la pel\u00edcula, convierte las l\u00e1mparas de Foscarini en s\u00edmbolos de emociones y recuerdos, en escenas \u00edntimas con una atm\u00f3sfera surrealista y underground.<\/p>\n<\/div>\n                                                <\/div>\n                                            <\/div>\n                                        <\/div>\n                                    <\/div>\n                                                                        <div class=\"swiper-slide\">\n                                        <div class=\"ct-slide\">\n                                                                                                <img decoding=\"async\" class=\"full-cover\" src=\"https:\/\/www.foscarini.us\/wp-content\/uploads\/2024\/01\/Modulo1_1-2-150x150.jpg\" srcset=\"https:\/\/www.foscarini.us\/wp-content\/uploads\/2024\/01\/Modulo1_1-2-300x167.jpg 300w, https:\/\/www.foscarini.us\/wp-content\/uploads\/2024\/01\/Modulo1_1-2-scaled-800x444.jpg 800w, https:\/\/www.foscarini.us\/wp-content\/uploads\/2024\/01\/Modulo1_1-2-1024x569.jpg 1024w, https:\/\/www.foscarini.us\/wp-content\/uploads\/2024\/01\/Modulo1_1-2-768x427.jpg 768w, https:\/\/www.foscarini.us\/wp-content\/uploads\/2024\/01\/Modulo1_1-2-1536x853.jpg 1536w, https:\/\/www.foscarini.us\/wp-content\/uploads\/2024\/01\/Modulo1_1-2-2048x1138.jpg 2048w\" alt=\"\" \/>\n                                                                                                <div class=\"ct-col-right\">\n                                                <div class=\"ct-link\">\n                                                    <a class=\"link-arrow\" href=\"https:\/\/www.foscarini.us\/es\/maestrie\/fibras\/\">MAESTRIE: Fibre<\/a>\n                                                    <div class=\"text-1\"><p>Materiali compositi che diventano corpi luminosi. Tessuti tech stesi da mani gentili sulle macchine che daranno loro forma. Ispirazioni che vengono da mondi lontani. Benvenuti nella fabbrica dove nasce la luce extra-ordinaria.<\/p>\n<\/div>\n                                                <\/div>\n                                            <\/div>\n                                        <\/div>\n                                    <\/div>\n                                                        <\/div>\n                <\/div>\n            <\/div>\n        <\/div>\n    <\/div>\n<\/section>","protected":false},"excerpt":{"rendered":"<p>L\u00e1mpara de suspensi\u00f3n de luz directa e indirecta. Difusor coloreado en material diverso sobre base de fibra de vidrio pintado con l\u00edquido. Disco difusor superior en policarbonato transl\u00facido, disco difusor inferior en polimetilmetacrilato con superficie interna poliprism\u00e1tica. Cable el\u00e9ctrico transparente, flor\u00f3n de techo con estribo de metal cincado y cobertura en ABS coloreado en el compuesto de moldeo blanco mate. Se entrega de serie fuste decorativo con cobertura parcial del cable el\u00e9ctrico del mismo color del difusor. Disponible kit para la descentralizaci\u00f3n del flor\u00f3n.<\/p>\n","protected":false},"featured_media":449933,"comment_status":"open","ping_status":"closed","template":"","meta":{"_acf_changed":true},"product_cat":[653,719,744,5669,679],"product_tag":[],"materiale":[7941],"altezza":[12026],"larghezza":[10354],"profondita":[10367],"peso":[7691],"designer-prodotto":[7380],"class_list":{"0":"post-193875","1":"product","2":"type-product","3":"status-publish","4":"has-post-thumbnail","6":"product_cat-concetto-es","7":"product_cat-funzione-es","8":"product_cat-sospensione-es","9":"product_cat-twiggy-famiglia-es","10":"product_cat-twiggy-concetto-es","11":"materiale-fibra-di-carbonio-e-compositi-es","12":"altezza-74-es","13":"larghezza-46-es","14":"profondita-46-es","15":"peso-14-es","16":"designer-prodotto-marc-sadler-es","18":"first","19":"instock","20":"shipping-taxable","21":"purchasable","22":"product-type-variable"},"acf":{"preview_slider":{"titolo":"","testo":"","video_domanda":false,"link_video":""},"prodotto__immagine_preview":{"immagine":124714},"prodotto__slider":{"sottotitolo":"Marc Sadler (2007)","titolo":"El dise\u00f1o lineal e inconfundible de la l\u00e1mpara Twiggy, encuentra en la versi\u00f3n de suspensi\u00f3n ulteriores posibilidades de utilizaci\u00f3n. Ilumina el \u00e1rea inferior y propaga hacia arriba una iluminaci\u00f3n eficaz por reflexi\u00f3n, gracias a la transparencia del disco superior.","immagini":[{"immagine":307348,"immagine_mobile":""},{"immagine":307362,"immagine_mobile":""},{"immagine":307355,"immagine_mobile":""}]},"prodotto__slider_preview":null,"prodotto__specifiche":{"selezione":[{"scheda_tecnica":484290}]}},"yoast_head":"<!-- This site is optimized with the Yoast SEO Premium plugin v22.4 (Yoast SEO v23.7) - https:\/\/yoast.com\/wordpress\/plugins\/seo\/ -->\n<title>Twiggy - Foscarini<\/title>\n<meta name=\"robots\" content=\"index, follow, max-snippet:-1, max-image-preview:large, max-video-preview:-1\" \/>\n<meta property=\"og:locale\" content=\"es_ES\" \/>\n<meta property=\"og:type\" content=\"article\" \/>\n<meta property=\"og:title\" content=\"Twiggy\" \/>\n<meta property=\"og:description\" content=\"L\u00e1mpara de suspensi\u00f3n de luz directa e indirecta. Difusor coloreado en material diverso sobre base de fibra de vidrio pintado con l\u00edquido. Disco difusor superior en policarbonato transl\u00facido, disco difusor inferior en polimetilmetacrilato con superficie interna poliprism\u00e1tica. Cable el\u00e9ctrico transparente, flor\u00f3n de techo con estribo de metal cincado y cobertura en ABS coloreado en el compuesto de moldeo blanco mate. Se entrega de serie fuste decorativo con cobertura parcial del cable el\u00e9ctrico del mismo color del difusor. Disponible kit para la descentralizaci\u00f3n del flor\u00f3n.\" \/>\n<meta property=\"og:url\" content=\"https:\/\/www.foscarini.us\/es\/producto\/twiggy-std-s-es\/\" \/>\n<meta property=\"og:site_name\" content=\"Foscarini\" \/>\n<meta property=\"article:modified_time\" content=\"2025-10-17T15:05:29+00:00\" \/>\n<meta property=\"og:image\" content=\"https:\/\/www.foscarini.us\/wp-content\/uploads\/2025\/06\/twiggy_s_burgundy_22_786x865-3.jpg\" \/>\n\t<meta property=\"og:image:width\" content=\"786\" \/>\n\t<meta property=\"og:image:height\" content=\"865\" \/>\n\t<meta property=\"og:image:type\" content=\"image\/jpeg\" \/>\n<meta name=\"twitter:card\" content=\"summary_large_image\" \/>\n<meta name=\"twitter:label1\" content=\"Tiempo de lectura\" \/>\n\t<meta name=\"twitter:data1\" content=\"1 minuto\" \/>\n<script type=\"application\/ld+json\" class=\"yoast-schema-graph\">{\"@context\":\"https:\/\/schema.org\",\"@graph\":[{\"@type\":\"WebPage\",\"@id\":\"https:\/\/www.foscarini.us\/es\/producto\/twiggy-std-s-es\/\",\"url\":\"https:\/\/www.foscarini.us\/es\/producto\/twiggy-std-s-es\/\",\"name\":\"Twiggy - Foscarini\",\"isPartOf\":{\"@id\":\"https:\/\/www.foscarini.us\/#website\"},\"primaryImageOfPage\":{\"@id\":\"https:\/\/www.foscarini.us\/es\/producto\/twiggy-std-s-es\/#primaryimage\"},\"image\":{\"@id\":\"https:\/\/www.foscarini.us\/es\/producto\/twiggy-std-s-es\/#primaryimage\"},\"thumbnailUrl\":\"https:\/\/www.foscarini.us\/wp-content\/uploads\/2025\/06\/twiggy_s_burgundy_22_786x865-3.jpg\",\"datePublished\":\"2024-03-28T18:24:45+00:00\",\"dateModified\":\"2025-10-17T15:05:29+00:00\",\"breadcrumb\":{\"@id\":\"https:\/\/www.foscarini.us\/es\/producto\/twiggy-std-s-es\/#breadcrumb\"},\"inLanguage\":\"es-AR\",\"potentialAction\":[{\"@type\":\"ReadAction\",\"target\":[\"https:\/\/www.foscarini.us\/es\/producto\/twiggy-std-s-es\/\"]}]},{\"@type\":\"ImageObject\",\"inLanguage\":\"es-AR\",\"@id\":\"https:\/\/www.foscarini.us\/es\/producto\/twiggy-std-s-es\/#primaryimage\",\"url\":\"https:\/\/www.foscarini.us\/wp-content\/uploads\/2025\/06\/twiggy_s_burgundy_22_786x865-3.jpg\",\"contentUrl\":\"https:\/\/www.foscarini.us\/wp-content\/uploads\/2025\/06\/twiggy_s_burgundy_22_786x865-3.jpg\",\"width\":786,\"height\":865},{\"@type\":\"BreadcrumbList\",\"@id\":\"https:\/\/www.foscarini.us\/es\/producto\/twiggy-std-s-es\/#breadcrumb\",\"itemListElement\":[{\"@type\":\"ListItem\",\"position\":1,\"name\":\"Home\",\"item\":\"https:\/\/www.foscarini.us\/es\/\"},{\"@type\":\"ListItem\",\"position\":2,\"name\":\"Tienda\",\"item\":\"https:\/\/www.foscarini.us\/es\/tienda\/\"},{\"@type\":\"ListItem\",\"position\":3,\"name\":\"Twiggy\"}]},{\"@type\":\"WebSite\",\"@id\":\"https:\/\/www.foscarini.us\/#website\",\"url\":\"https:\/\/www.foscarini.us\/\",\"name\":\"Foscarini\",\"description\":\"\",\"potentialAction\":[{\"@type\":\"SearchAction\",\"target\":{\"@type\":\"EntryPoint\",\"urlTemplate\":\"https:\/\/www.foscarini.us\/?s={search_term_string}\"},\"query-input\":{\"@type\":\"PropertyValueSpecification\",\"valueRequired\":true,\"valueName\":\"search_term_string\"}}],\"inLanguage\":\"es-AR\"}]}<\/script>\n<!-- \/ Yoast SEO Premium plugin. -->","yoast_head_json":{"title":"Twiggy - Foscarini","robots":{"index":"index","follow":"follow","max-snippet":"max-snippet:-1","max-image-preview":"max-image-preview:large","max-video-preview":"max-video-preview:-1"},"og_locale":"es_ES","og_type":"article","og_title":"Twiggy","og_description":"L\u00e1mpara de suspensi\u00f3n de luz directa e indirecta. Difusor coloreado en material diverso sobre base de fibra de vidrio pintado con l\u00edquido. Disco difusor superior en policarbonato transl\u00facido, disco difusor inferior en polimetilmetacrilato con superficie interna poliprism\u00e1tica. Cable el\u00e9ctrico transparente, flor\u00f3n de techo con estribo de metal cincado y cobertura en ABS coloreado en el compuesto de moldeo blanco mate. Se entrega de serie fuste decorativo con cobertura parcial del cable el\u00e9ctrico del mismo color del difusor. Disponible kit para la descentralizaci\u00f3n del flor\u00f3n.","og_url":"https:\/\/www.foscarini.us\/es\/producto\/twiggy-std-s-es\/","og_site_name":"Foscarini","article_modified_time":"2025-10-17T15:05:29+00:00","og_image":[{"width":786,"height":865,"url":"https:\/\/www.foscarini.us\/wp-content\/uploads\/2025\/06\/twiggy_s_burgundy_22_786x865-3.jpg","type":"image\/jpeg"}],"twitter_card":"summary_large_image","twitter_misc":{"Tiempo de lectura":"1 minuto"},"schema":{"@context":"https:\/\/schema.org","@graph":[{"@type":"WebPage","@id":"https:\/\/www.foscarini.us\/es\/producto\/twiggy-std-s-es\/","url":"https:\/\/www.foscarini.us\/es\/producto\/twiggy-std-s-es\/","name":"Twiggy - Foscarini","isPartOf":{"@id":"https:\/\/www.foscarini.us\/#website"},"primaryImageOfPage":{"@id":"https:\/\/www.foscarini.us\/es\/producto\/twiggy-std-s-es\/#primaryimage"},"image":{"@id":"https:\/\/www.foscarini.us\/es\/producto\/twiggy-std-s-es\/#primaryimage"},"thumbnailUrl":"https:\/\/www.foscarini.us\/wp-content\/uploads\/2025\/06\/twiggy_s_burgundy_22_786x865-3.jpg","datePublished":"2024-03-28T18:24:45+00:00","dateModified":"2025-10-17T15:05:29+00:00","breadcrumb":{"@id":"https:\/\/www.foscarini.us\/es\/producto\/twiggy-std-s-es\/#breadcrumb"},"inLanguage":"es-AR","potentialAction":[{"@type":"ReadAction","target":["https:\/\/www.foscarini.us\/es\/producto\/twiggy-std-s-es\/"]}]},{"@type":"ImageObject","inLanguage":"es-AR","@id":"https:\/\/www.foscarini.us\/es\/producto\/twiggy-std-s-es\/#primaryimage","url":"https:\/\/www.foscarini.us\/wp-content\/uploads\/2025\/06\/twiggy_s_burgundy_22_786x865-3.jpg","contentUrl":"https:\/\/www.foscarini.us\/wp-content\/uploads\/2025\/06\/twiggy_s_burgundy_22_786x865-3.jpg","width":786,"height":865},{"@type":"BreadcrumbList","@id":"https:\/\/www.foscarini.us\/es\/producto\/twiggy-std-s-es\/#breadcrumb","itemListElement":[{"@type":"ListItem","position":1,"name":"Home","item":"https:\/\/www.foscarini.us\/es\/"},{"@type":"ListItem","position":2,"name":"Tienda","item":"https:\/\/www.foscarini.us\/es\/tienda\/"},{"@type":"ListItem","position":3,"name":"Twiggy"}]},{"@type":"WebSite","@id":"https:\/\/www.foscarini.us\/#website","url":"https:\/\/www.foscarini.us\/","name":"Foscarini","description":"","potentialAction":[{"@type":"SearchAction","target":{"@type":"EntryPoint","urlTemplate":"https:\/\/www.foscarini.us\/?s={search_term_string}"},"query-input":{"@type":"PropertyValueSpecification","valueRequired":true,"valueName":"search_term_string"}}],"inLanguage":"es-AR"}]}},"_links":{"self":[{"href":"https:\/\/www.foscarini.us\/es\/wp-json\/wp\/v2\/product\/193875"}],"collection":[{"href":"https:\/\/www.foscarini.us\/es\/wp-json\/wp\/v2\/product"}],"about":[{"href":"https:\/\/www.foscarini.us\/es\/wp-json\/wp\/v2\/types\/product"}],"replies":[{"embeddable":true,"href":"https:\/\/www.foscarini.us\/es\/wp-json\/wp\/v2\/comments?post=193875"}],"wp:featuredmedia":[{"embeddable":true,"href":"https:\/\/www.foscarini.us\/es\/wp-json\/wp\/v2\/media\/449933"}],"wp:attachment":[{"href":"https:\/\/www.foscarini.us\/es\/wp-json\/wp\/v2\/media?parent=193875"}],"wp:term":[{"taxonomy":"product_cat","embeddable":true,"href":"https:\/\/www.foscarini.us\/es\/wp-json\/wp\/v2\/product_cat?post=193875"},{"taxonomy":"product_tag","embeddable":true,"href":"https:\/\/www.foscarini.us\/es\/wp-json\/wp\/v2\/product_tag?post=193875"},{"taxonomy":"materiale","embeddable":true,"href":"https:\/\/www.foscarini.us\/es\/wp-json\/wp\/v2\/materiale?post=193875"},{"taxonomy":"altezza","embeddable":true,"href":"https:\/\/www.foscarini.us\/es\/wp-json\/wp\/v2\/altezza?post=193875"},{"taxonomy":"larghezza","embeddable":true,"href":"https:\/\/www.foscarini.us\/es\/wp-json\/wp\/v2\/larghezza?post=193875"},{"taxonomy":"profondita","embeddable":true,"href":"https:\/\/www.foscarini.us\/es\/wp-json\/wp\/v2\/profondita?post=193875"},{"taxonomy":"peso","embeddable":true,"href":"https:\/\/www.foscarini.us\/es\/wp-json\/wp\/v2\/peso?post=193875"},{"taxonomy":"designer-prodotto","embeddable":true,"href":"https:\/\/www.foscarini.us\/es\/wp-json\/wp\/v2\/designer-prodotto?post=193875"}],"curies":[{"name":"wp","href":"https:\/\/api.w.org\/{rel}","templated":true}]}}