{"id":193852,"date":"2024-03-28T18:24:32","date_gmt":"2024-03-28T18:24:32","guid":{"rendered":"https:\/\/www.foscarini.us\/product\/twiggy-std-c\/"},"modified":"2025-10-17T15:03:43","modified_gmt":"2025-10-17T15:03:43","slug":"twiggy-std-c-es","status":"publish","type":"product","link":"https:\/\/www.foscarini.us\/es\/producto\/twiggy-std-c-es\/","title":{"rendered":"Twiggy"},"content":{"rendered":"<p>Un segno arcuato sottile e flessibile, un ampio ed essenziale paralume: due temi di design che richiamano la versione da terra, trasferiti nella lampada da soffitto Twiggy, con un risultato altrettanto elegante. Massima flessibilit\u00e0 nel decentrare il punto luce: il braccio pu\u00f2 rotare a 330\u00b0.<\/p><section class=\"pdp__slider full-height-vh\">\n    <div class=\"swiper-container swiper__pdp\">\n        <div class=\"swiper-wrapper full-height\">\n                                <div class=\"swiper-slide\">\n                                                    <img decoding=\"async\" class=\"full-cover\" src=\"https:\/\/www.foscarini.us\/wp-content\/uploads\/2024\/03\/3.1_Twiggy-2-150x150.jpg\" srcset=\"https:\/\/www.foscarini.us\/wp-content\/uploads\/2024\/03\/3.1_Twiggy-2-300x250.jpg 300w, https:\/\/www.foscarini.us\/wp-content\/uploads\/2024\/03\/3.1_Twiggy-2-1024x854.jpg 1024w, https:\/\/www.foscarini.us\/wp-content\/uploads\/2024\/03\/3.1_Twiggy-2-768x641.jpg 768w, https:\/\/www.foscarini.us\/wp-content\/uploads\/2024\/03\/3.1_Twiggy-2-1536x1282.jpg 1536w, https:\/\/www.foscarini.us\/wp-content\/uploads\/2024\/03\/3.1_Twiggy-2-800x668.jpg 800w, https:\/\/www.foscarini.us\/wp-content\/uploads\/2024\/03\/3.1_Twiggy-2.jpg 1776w\" alt=\"\" \/>\n                                                                        <\/div>\n                                        <div class=\"swiper-slide\">\n                                                    <img decoding=\"async\" class=\"full-cover\" src=\"https:\/\/www.foscarini.us\/wp-content\/uploads\/2024\/03\/3.2_Twiggy-3-150x150.jpg\" srcset=\"https:\/\/www.foscarini.us\/wp-content\/uploads\/2024\/03\/3.2_Twiggy-3-194x300.jpg 194w, https:\/\/www.foscarini.us\/wp-content\/uploads\/2024\/03\/3.2_Twiggy-3-663x1024.jpg 663w, https:\/\/www.foscarini.us\/wp-content\/uploads\/2024\/03\/3.2_Twiggy-3-768x1186.jpg 768w, https:\/\/www.foscarini.us\/wp-content\/uploads\/2024\/03\/3.2_Twiggy-3-800x1235.jpg 800w, https:\/\/www.foscarini.us\/wp-content\/uploads\/2024\/03\/3.2_Twiggy-3.jpg 960w\" alt=\"\" \/>\n                                                                        <\/div>\n                                        <div class=\"swiper-slide\">\n                                                    <img decoding=\"async\" class=\"full-cover\" src=\"https:\/\/www.foscarini.us\/wp-content\/uploads\/2024\/03\/3.3_Twiggy-2-150x150.jpg\" srcset=\"https:\/\/www.foscarini.us\/wp-content\/uploads\/2024\/03\/3.3_Twiggy-2-300x250.jpg 300w, https:\/\/www.foscarini.us\/wp-content\/uploads\/2024\/03\/3.3_Twiggy-2-1024x854.jpg 1024w, https:\/\/www.foscarini.us\/wp-content\/uploads\/2024\/03\/3.3_Twiggy-2-768x641.jpg 768w, https:\/\/www.foscarini.us\/wp-content\/uploads\/2024\/03\/3.3_Twiggy-2-1536x1282.jpg 1536w, https:\/\/www.foscarini.us\/wp-content\/uploads\/2024\/03\/3.3_Twiggy-2-800x668.jpg 800w, https:\/\/www.foscarini.us\/wp-content\/uploads\/2024\/03\/3.3_Twiggy-2.jpg 1776w\" alt=\"\" \/>\n                                                                        <\/div>\n                                        <div class=\"swiper-slide\">\n                                                    <img decoding=\"async\" class=\"full-cover\" src=\"https:\/\/www.foscarini.us\/wp-content\/uploads\/2024\/03\/3.5_Twiggy-1-150x150.jpg\" srcset=\"https:\/\/www.foscarini.us\/wp-content\/uploads\/2024\/03\/3.5_Twiggy-1-194x300.jpg 194w, https:\/\/www.foscarini.us\/wp-content\/uploads\/2024\/03\/3.5_Twiggy-1-663x1024.jpg 663w, https:\/\/www.foscarini.us\/wp-content\/uploads\/2024\/03\/3.5_Twiggy-1-768x1186.jpg 768w, https:\/\/www.foscarini.us\/wp-content\/uploads\/2024\/03\/3.5_Twiggy-1-800x1235.jpg 800w, https:\/\/www.foscarini.us\/wp-content\/uploads\/2024\/03\/3.5_Twiggy-1.jpg 960w\" alt=\"\" \/>\n                                                                        <\/div>\n                                        <div class=\"swiper-slide\">\n                                                    <img decoding=\"async\" class=\"full-cover\" src=\"https:\/\/www.foscarini.us\/wp-content\/uploads\/2024\/03\/3.7_Twiggy-1-150x150.jpg\" srcset=\"https:\/\/www.foscarini.us\/wp-content\/uploads\/2024\/03\/3.7_Twiggy-1-300x250.jpg 300w, https:\/\/www.foscarini.us\/wp-content\/uploads\/2024\/03\/3.7_Twiggy-1-1024x854.jpg 1024w, https:\/\/www.foscarini.us\/wp-content\/uploads\/2024\/03\/3.7_Twiggy-1-768x641.jpg 768w, https:\/\/www.foscarini.us\/wp-content\/uploads\/2024\/03\/3.7_Twiggy-1-1536x1282.jpg 1536w, https:\/\/www.foscarini.us\/wp-content\/uploads\/2024\/03\/3.7_Twiggy-1-800x668.jpg 800w, https:\/\/www.foscarini.us\/wp-content\/uploads\/2024\/03\/3.7_Twiggy-1.jpg 1776w\" alt=\"\" \/>\n                                                                        <\/div>\n                            <\/div>\n    <\/div>\n    <div class=\"swiper-scrollbar\"><\/div>\n    <div class=\"ct-arrow\">\n        <div class=\"swiper-button-prev\"><\/div>\n        <div class=\"swiper-button-next\"><\/div>\n    <\/div>\n<\/section><section class=\"concept__project_comunication full-height-vh\">\n    <div class=\"row row-large\">\n        <div class=\"medium-12 small-12 columns full-height no-padding-right-mobile\">\n            <div class=\"ct-image-text-lateral\">\n                <div class=\"ct-arrow\">\n                    <div class=\"swiper-button-prev\" aria-label=\"previous slide\"><\/div>\n                    <div class=\"swiper-button-next\" aria-label=\"next slide\"><\/div>\n                <\/div>\n                <span class=\"section-name-lateral\">Contenidos Editoriales<\/span>\n                <!-- Swiper -->\n                <div class=\"swiper-container swiper__concept__comunication\">\n                    <div class=\"swiper-wrapper\">\n                                                            <div class=\"swiper-slide\">\n                                        <div class=\"ct-slide\">\n                                                                                                <img decoding=\"async\" class=\"full-cover\" src=\"https:\/\/www.foscarini.us\/wp-content\/uploads\/2024\/01\/Modulo1_1-2-150x150.jpg\" srcset=\"https:\/\/www.foscarini.us\/wp-content\/uploads\/2024\/01\/Modulo1_1-2-300x167.jpg 300w, https:\/\/www.foscarini.us\/wp-content\/uploads\/2024\/01\/Modulo1_1-2-scaled-800x444.jpg 800w, https:\/\/www.foscarini.us\/wp-content\/uploads\/2024\/01\/Modulo1_1-2-1024x569.jpg 1024w, https:\/\/www.foscarini.us\/wp-content\/uploads\/2024\/01\/Modulo1_1-2-768x427.jpg 768w, https:\/\/www.foscarini.us\/wp-content\/uploads\/2024\/01\/Modulo1_1-2-1536x853.jpg 1536w, https:\/\/www.foscarini.us\/wp-content\/uploads\/2024\/01\/Modulo1_1-2-2048x1138.jpg 2048w\" alt=\"\" \/>\n                                                                                                <div class=\"ct-col-right\">\n                                                <div class=\"ct-link\">\n                                                    <a class=\"link-arrow\" href=\"https:\/\/www.foscarini.us\/es\/maestrie\/fibras\/\">MAESTRIE: Fibre<\/a>\n                                                    <div class=\"text-1\"><p>Materiali compositi che diventano corpi luminosi. Tessuti tech stesi da mani gentili sulle macchine che daranno loro forma. Ispirazioni che vengono da mondi lontani. Benvenuti nella fabbrica dove nasce la luce extra-ordinaria.<\/p>\n<\/div>\n                                                <\/div>\n                                            <\/div>\n                                        <\/div>\n                                    <\/div>\n                                                        <\/div>\n                <\/div>\n            <\/div>\n        <\/div>\n    <\/div>\n<\/section><div class=\"wp-block-columns two_image_join two_image_join_affiancate on_off_block is-layout-flex wp-container-core-columns-is-layout-1 wp-block-columns-is-layout-flex\"><div class=\"wp-block-column is-layout-flow wp-block-column-is-layout-flow\"><div class=\"wp-block-getwid-image-hotspot\" data-appearance-animation=\"none\" data-image-points=\"[{&quot;link&quot;:&quot;&quot;,&quot;icon&quot;:&quot;&quot;,&quot;title&quot;:&quot;acceso&quot;,&quot;color&quot;:&quot;&quot;,&quot;content&quot;:&quot;&quot;,&quot;backgroundColor&quot;:&quot;&quot;,&quot;newTab&quot;:false,&quot;popUpOpen&quot;:false,&quot;popUpWidth&quot;:350,&quot;placement&quot;:&quot;top&quot;,&quot;position&quot;:{&quot;x&quot;:&quot;40.89%&quot;,&quot;y&quot;:&quot;25.99%&quot;}}]\" data-trigger=\"click\" data-theme=\"light\" data-tooltip-animation=\"shift-toward\" data-arrow=\"true\"><div class=\"wp-block-getwid-image-hotspot__wrapper\"><img loading=\"lazy\" decoding=\"async\" width=\"2560\" height=\"1591\" src=\"https:\/\/www.foscarini.us\/wp-content\/uploads\/2024\/03\/4.1-OFF_Twiggy-1-scaled.jpg\" alt=\"\" class=\"wp-block-getwid-image-hotspot__image wp-image-131423\" srcset=\"https:\/\/www.foscarini.us\/wp-content\/uploads\/2024\/03\/4.1-OFF_Twiggy-1-scaled.jpg 2560w, https:\/\/www.foscarini.us\/wp-content\/uploads\/2024\/03\/4.1-OFF_Twiggy-1-300x186.jpg 300w, https:\/\/www.foscarini.us\/wp-content\/uploads\/2024\/03\/4.1-OFF_Twiggy-1-1024x636.jpg 1024w, https:\/\/www.foscarini.us\/wp-content\/uploads\/2024\/03\/4.1-OFF_Twiggy-1-768x477.jpg 768w, https:\/\/www.foscarini.us\/wp-content\/uploads\/2024\/03\/4.1-OFF_Twiggy-1-1536x955.jpg 1536w, https:\/\/www.foscarini.us\/wp-content\/uploads\/2024\/03\/4.1-OFF_Twiggy-1-2048x1273.jpg 2048w, https:\/\/www.foscarini.us\/wp-content\/uploads\/2024\/03\/4.1-OFF_Twiggy-1-800x497.jpg 800w\" sizes=\"(max-width: 2560px) 100vw, 2560px\" \/><div data-point-id=\"0\" class=\"wp-block-getwid-image-hotspot__dot has-animation-pulse\" style=\"left:40.89%;top:25.99%\"><div class=\"wp-block-getwid-image-hotspot__dot-wrapper\"><div class=\"wp-block-getwid-image-hotspot__dot-content\"><i class=\"fas fa-plus wp-block-getwid-image-hotspot__dot-icon\"><\/i><\/div><\/div><div class=\"wp-block-getwid-image-hotspot__dot-description\"><div class=\"wp-block-getwid-image-hotspot__dot-title\">acceso<\/div><\/div><\/div><\/div><\/div>\n\n<figure class=\"wp-block-image size-large absolute_image\"><img loading=\"lazy\" decoding=\"async\" width=\"1024\" height=\"636\" src=\"https:\/\/www.foscarini.us\/wp-content\/uploads\/2024\/03\/4.2-ON_Twiggy-1-1024x636.jpg\" alt=\"\" class=\"wp-image-131430\" srcset=\"https:\/\/www.foscarini.us\/wp-content\/uploads\/2024\/03\/4.2-ON_Twiggy-1-1024x636.jpg 1024w, https:\/\/www.foscarini.us\/wp-content\/uploads\/2024\/03\/4.2-ON_Twiggy-1-300x186.jpg 300w, https:\/\/www.foscarini.us\/wp-content\/uploads\/2024\/03\/4.2-ON_Twiggy-1-768x477.jpg 768w, https:\/\/www.foscarini.us\/wp-content\/uploads\/2024\/03\/4.2-ON_Twiggy-1-1536x955.jpg 1536w, https:\/\/www.foscarini.us\/wp-content\/uploads\/2024\/03\/4.2-ON_Twiggy-1-2048x1273.jpg 2048w, https:\/\/www.foscarini.us\/wp-content\/uploads\/2024\/03\/4.2-ON_Twiggy-1-800x497.jpg 800w\" sizes=\"(max-width: 1024px) 100vw, 1024px\" \/><\/figure><\/div><\/div>","protected":false},"excerpt":{"rendered":"<p>L\u00e1mpara con brazo de techo de luz directa e indirecta. Difusor y v\u00e1stago en material compuesto sobre base de fibra de vidrio pintado con l\u00edquido. Disco difusor superior in policarbonato transl\u00facido, disco difusor inferior en polimetilmetacrilato con superficie interna poliprism\u00e1tica. Flor\u00f3n en metal pintado con polvos epox\u00eddicos. Se entregan de serie 4 contrapesos para introducir en el alojamiento correspondiente encima del difusor para regular la altura. El brazo es giratorio a 360\u00b0, la longitud del v\u00e1stago no se puede modificar.<\/p>\n","protected":false},"featured_media":449905,"comment_status":"open","ping_status":"closed","template":"","meta":{"_acf_changed":true},"product_cat":[653,719,738,5669,679],"product_tag":[],"materiale":[7941],"altezza":[12079],"larghezza":[8674],"profondita":[10367],"peso":[10051],"designer-prodotto":[7380],"class_list":{"0":"post-193852","1":"product","2":"type-product","3":"status-publish","4":"has-post-thumbnail","6":"product_cat-concetto-es","7":"product_cat-funzione-es","8":"product_cat-soffitto-es","9":"product_cat-twiggy-famiglia-es","10":"product_cat-twiggy-concetto-es","11":"materiale-fibra-di-carbonio-e-compositi-es","12":"altezza-78-es","13":"larghezza-180-es","14":"profondita-46-es","15":"peso-46-es","16":"designer-prodotto-marc-sadler-es","18":"first","19":"instock","20":"shipping-taxable","21":"purchasable","22":"product-type-variable"},"acf":{"preview_slider":{"titolo":"","testo":"","video_domanda":false,"link_video":""},"prodotto__immagine_preview":{"immagine":226786},"prodotto__slider":{"sottotitolo":"Marc Sadler (2007)","titolo":"Un rasgo arqueado fino y flexible, una pantalla amplia y esencial; dos temas de dise\u00f1o que recuerdan la versi\u00f3n de pie, trasladados a la l\u00e1mpara de techo Twiggy, con un resultado igualmente elegante. M\u00e1xima flexibilidad al descentrar el punto de luz que permite rotar el brazo a 330\u00b0.","immagini":[{"immagine":415639,"immagine_mobile":""},{"immagine":415491,"immagine_mobile":""}]},"prodotto__slider_preview":null,"prodotto__specifiche":{"selezione":[{"scheda_tecnica":484285}]}},"yoast_head":"<!-- This site is optimized with the Yoast SEO Premium plugin v22.4 (Yoast SEO v23.7) - https:\/\/yoast.com\/wordpress\/plugins\/seo\/ -->\n<title>Twiggy - Foscarini<\/title>\n<meta name=\"robots\" content=\"index, follow, max-snippet:-1, max-image-preview:large, max-video-preview:-1\" \/>\n<meta property=\"og:locale\" content=\"es_ES\" \/>\n<meta property=\"og:type\" content=\"article\" \/>\n<meta property=\"og:title\" content=\"Twiggy\" \/>\n<meta property=\"og:description\" content=\"L\u00e1mpara con brazo de techo de luz directa e indirecta. Difusor y v\u00e1stago en material compuesto sobre base de fibra de vidrio pintado con l\u00edquido. Disco difusor superior in policarbonato transl\u00facido, disco difusor inferior en polimetilmetacrilato con superficie interna poliprism\u00e1tica. Flor\u00f3n en metal pintado con polvos epox\u00eddicos. Se entregan de serie 4 contrapesos para introducir en el alojamiento correspondiente encima del difusor para regular la altura. El brazo es giratorio a 360\u00b0, la longitud del v\u00e1stago no se puede modificar.\" \/>\n<meta property=\"og:url\" content=\"https:\/\/www.foscarini.us\/es\/producto\/twiggy-std-c-es\/\" \/>\n<meta property=\"og:site_name\" content=\"Foscarini\" \/>\n<meta property=\"article:modified_time\" content=\"2025-10-17T15:03:43+00:00\" \/>\n<meta property=\"og:image\" content=\"https:\/\/www.foscarini.us\/wp-content\/uploads\/2025\/06\/twiggy_c_black_22_786x865-1.jpg\" \/>\n\t<meta property=\"og:image:width\" content=\"786\" \/>\n\t<meta property=\"og:image:height\" content=\"865\" \/>\n\t<meta property=\"og:image:type\" content=\"image\/jpeg\" \/>\n<meta name=\"twitter:card\" content=\"summary_large_image\" \/>\n<meta name=\"twitter:label1\" content=\"Tiempo de lectura\" \/>\n\t<meta name=\"twitter:data1\" content=\"1 minuto\" \/>\n<script type=\"application\/ld+json\" class=\"yoast-schema-graph\">{\"@context\":\"https:\/\/schema.org\",\"@graph\":[{\"@type\":\"WebPage\",\"@id\":\"https:\/\/www.foscarini.us\/es\/producto\/twiggy-std-c-es\/\",\"url\":\"https:\/\/www.foscarini.us\/es\/producto\/twiggy-std-c-es\/\",\"name\":\"Twiggy - Foscarini\",\"isPartOf\":{\"@id\":\"https:\/\/www.foscarini.us\/#website\"},\"primaryImageOfPage\":{\"@id\":\"https:\/\/www.foscarini.us\/es\/producto\/twiggy-std-c-es\/#primaryimage\"},\"image\":{\"@id\":\"https:\/\/www.foscarini.us\/es\/producto\/twiggy-std-c-es\/#primaryimage\"},\"thumbnailUrl\":\"https:\/\/www.foscarini.us\/wp-content\/uploads\/2025\/06\/twiggy_c_black_22_786x865-1.jpg\",\"datePublished\":\"2024-03-28T18:24:32+00:00\",\"dateModified\":\"2025-10-17T15:03:43+00:00\",\"breadcrumb\":{\"@id\":\"https:\/\/www.foscarini.us\/es\/producto\/twiggy-std-c-es\/#breadcrumb\"},\"inLanguage\":\"es-AR\",\"potentialAction\":[{\"@type\":\"ReadAction\",\"target\":[\"https:\/\/www.foscarini.us\/es\/producto\/twiggy-std-c-es\/\"]}]},{\"@type\":\"ImageObject\",\"inLanguage\":\"es-AR\",\"@id\":\"https:\/\/www.foscarini.us\/es\/producto\/twiggy-std-c-es\/#primaryimage\",\"url\":\"https:\/\/www.foscarini.us\/wp-content\/uploads\/2025\/06\/twiggy_c_black_22_786x865-1.jpg\",\"contentUrl\":\"https:\/\/www.foscarini.us\/wp-content\/uploads\/2025\/06\/twiggy_c_black_22_786x865-1.jpg\",\"width\":786,\"height\":865},{\"@type\":\"BreadcrumbList\",\"@id\":\"https:\/\/www.foscarini.us\/es\/producto\/twiggy-std-c-es\/#breadcrumb\",\"itemListElement\":[{\"@type\":\"ListItem\",\"position\":1,\"name\":\"Home\",\"item\":\"https:\/\/www.foscarini.us\/es\/\"},{\"@type\":\"ListItem\",\"position\":2,\"name\":\"Tienda\",\"item\":\"https:\/\/www.foscarini.us\/es\/tienda\/\"},{\"@type\":\"ListItem\",\"position\":3,\"name\":\"Twiggy\"}]},{\"@type\":\"WebSite\",\"@id\":\"https:\/\/www.foscarini.us\/#website\",\"url\":\"https:\/\/www.foscarini.us\/\",\"name\":\"Foscarini\",\"description\":\"\",\"potentialAction\":[{\"@type\":\"SearchAction\",\"target\":{\"@type\":\"EntryPoint\",\"urlTemplate\":\"https:\/\/www.foscarini.us\/?s={search_term_string}\"},\"query-input\":{\"@type\":\"PropertyValueSpecification\",\"valueRequired\":true,\"valueName\":\"search_term_string\"}}],\"inLanguage\":\"es-AR\"}]}<\/script>\n<!-- \/ Yoast SEO Premium plugin. -->","yoast_head_json":{"title":"Twiggy - Foscarini","robots":{"index":"index","follow":"follow","max-snippet":"max-snippet:-1","max-image-preview":"max-image-preview:large","max-video-preview":"max-video-preview:-1"},"og_locale":"es_ES","og_type":"article","og_title":"Twiggy","og_description":"L\u00e1mpara con brazo de techo de luz directa e indirecta. Difusor y v\u00e1stago en material compuesto sobre base de fibra de vidrio pintado con l\u00edquido. Disco difusor superior in policarbonato transl\u00facido, disco difusor inferior en polimetilmetacrilato con superficie interna poliprism\u00e1tica. Flor\u00f3n en metal pintado con polvos epox\u00eddicos. Se entregan de serie 4 contrapesos para introducir en el alojamiento correspondiente encima del difusor para regular la altura. El brazo es giratorio a 360\u00b0, la longitud del v\u00e1stago no se puede modificar.","og_url":"https:\/\/www.foscarini.us\/es\/producto\/twiggy-std-c-es\/","og_site_name":"Foscarini","article_modified_time":"2025-10-17T15:03:43+00:00","og_image":[{"width":786,"height":865,"url":"https:\/\/www.foscarini.us\/wp-content\/uploads\/2025\/06\/twiggy_c_black_22_786x865-1.jpg","type":"image\/jpeg"}],"twitter_card":"summary_large_image","twitter_misc":{"Tiempo de lectura":"1 minuto"},"schema":{"@context":"https:\/\/schema.org","@graph":[{"@type":"WebPage","@id":"https:\/\/www.foscarini.us\/es\/producto\/twiggy-std-c-es\/","url":"https:\/\/www.foscarini.us\/es\/producto\/twiggy-std-c-es\/","name":"Twiggy - Foscarini","isPartOf":{"@id":"https:\/\/www.foscarini.us\/#website"},"primaryImageOfPage":{"@id":"https:\/\/www.foscarini.us\/es\/producto\/twiggy-std-c-es\/#primaryimage"},"image":{"@id":"https:\/\/www.foscarini.us\/es\/producto\/twiggy-std-c-es\/#primaryimage"},"thumbnailUrl":"https:\/\/www.foscarini.us\/wp-content\/uploads\/2025\/06\/twiggy_c_black_22_786x865-1.jpg","datePublished":"2024-03-28T18:24:32+00:00","dateModified":"2025-10-17T15:03:43+00:00","breadcrumb":{"@id":"https:\/\/www.foscarini.us\/es\/producto\/twiggy-std-c-es\/#breadcrumb"},"inLanguage":"es-AR","potentialAction":[{"@type":"ReadAction","target":["https:\/\/www.foscarini.us\/es\/producto\/twiggy-std-c-es\/"]}]},{"@type":"ImageObject","inLanguage":"es-AR","@id":"https:\/\/www.foscarini.us\/es\/producto\/twiggy-std-c-es\/#primaryimage","url":"https:\/\/www.foscarini.us\/wp-content\/uploads\/2025\/06\/twiggy_c_black_22_786x865-1.jpg","contentUrl":"https:\/\/www.foscarini.us\/wp-content\/uploads\/2025\/06\/twiggy_c_black_22_786x865-1.jpg","width":786,"height":865},{"@type":"BreadcrumbList","@id":"https:\/\/www.foscarini.us\/es\/producto\/twiggy-std-c-es\/#breadcrumb","itemListElement":[{"@type":"ListItem","position":1,"name":"Home","item":"https:\/\/www.foscarini.us\/es\/"},{"@type":"ListItem","position":2,"name":"Tienda","item":"https:\/\/www.foscarini.us\/es\/tienda\/"},{"@type":"ListItem","position":3,"name":"Twiggy"}]},{"@type":"WebSite","@id":"https:\/\/www.foscarini.us\/#website","url":"https:\/\/www.foscarini.us\/","name":"Foscarini","description":"","potentialAction":[{"@type":"SearchAction","target":{"@type":"EntryPoint","urlTemplate":"https:\/\/www.foscarini.us\/?s={search_term_string}"},"query-input":{"@type":"PropertyValueSpecification","valueRequired":true,"valueName":"search_term_string"}}],"inLanguage":"es-AR"}]}},"_links":{"self":[{"href":"https:\/\/www.foscarini.us\/es\/wp-json\/wp\/v2\/product\/193852"}],"collection":[{"href":"https:\/\/www.foscarini.us\/es\/wp-json\/wp\/v2\/product"}],"about":[{"href":"https:\/\/www.foscarini.us\/es\/wp-json\/wp\/v2\/types\/product"}],"replies":[{"embeddable":true,"href":"https:\/\/www.foscarini.us\/es\/wp-json\/wp\/v2\/comments?post=193852"}],"wp:featuredmedia":[{"embeddable":true,"href":"https:\/\/www.foscarini.us\/es\/wp-json\/wp\/v2\/media\/449905"}],"wp:attachment":[{"href":"https:\/\/www.foscarini.us\/es\/wp-json\/wp\/v2\/media?parent=193852"}],"wp:term":[{"taxonomy":"product_cat","embeddable":true,"href":"https:\/\/www.foscarini.us\/es\/wp-json\/wp\/v2\/product_cat?post=193852"},{"taxonomy":"product_tag","embeddable":true,"href":"https:\/\/www.foscarini.us\/es\/wp-json\/wp\/v2\/product_tag?post=193852"},{"taxonomy":"materiale","embeddable":true,"href":"https:\/\/www.foscarini.us\/es\/wp-json\/wp\/v2\/materiale?post=193852"},{"taxonomy":"altezza","embeddable":true,"href":"https:\/\/www.foscarini.us\/es\/wp-json\/wp\/v2\/altezza?post=193852"},{"taxonomy":"larghezza","embeddable":true,"href":"https:\/\/www.foscarini.us\/es\/wp-json\/wp\/v2\/larghezza?post=193852"},{"taxonomy":"profondita","embeddable":true,"href":"https:\/\/www.foscarini.us\/es\/wp-json\/wp\/v2\/profondita?post=193852"},{"taxonomy":"peso","embeddable":true,"href":"https:\/\/www.foscarini.us\/es\/wp-json\/wp\/v2\/peso?post=193852"},{"taxonomy":"designer-prodotto","embeddable":true,"href":"https:\/\/www.foscarini.us\/es\/wp-json\/wp\/v2\/designer-prodotto?post=193852"}],"curies":[{"name":"wp","href":"https:\/\/api.w.org\/{rel}","templated":true}]}}