{"id":193822,"date":"2024-03-28T18:23:11","date_gmt":"2024-03-28T18:23:11","guid":{"rendered":"https:\/\/www.foscarini.us\/product\/twiggy-grid-outdoor-std-ot\/"},"modified":"2025-10-17T15:08:22","modified_gmt":"2025-10-17T15:08:22","slug":"twiggy-grid-outdoor-std-ot-es","status":"publish","type":"product","link":"https:\/\/www.foscarini.us\/es\/producto\/twiggy-grid-outdoor-std-ot-es\/","title":{"rendered":"Twiggy Grid Outdoor Tavolo"},"content":{"rendered":"<p>Con il suo caratteristico paralume intrecciato, la lampada da tavolo Twiggy Grid XL \u00e8 perfetta per ambienti interni ed esterni. Una lampada da tavolo di design capace di traformare anche uno spazio all&#8217;aperto in un accogliente ambiente living.<\/p><section class=\"pdp__slider full-height-vh\">\n    <div class=\"swiper-container swiper__pdp\">\n        <div class=\"swiper-wrapper full-height\">\n                                <div class=\"swiper-slide\">\n                                                    <img decoding=\"async\" class=\"full-cover\" src=\"https:\/\/www.foscarini.us\/wp-content\/uploads\/2024\/03\/3.4_Twiggy-Grid-1-150x150.jpg\" srcset=\"https:\/\/www.foscarini.us\/wp-content\/uploads\/2024\/03\/3.4_Twiggy-Grid-1-199x300.jpg 199w, https:\/\/www.foscarini.us\/wp-content\/uploads\/2024\/03\/3.4_Twiggy-Grid-1-678x1024.jpg 678w, https:\/\/www.foscarini.us\/wp-content\/uploads\/2024\/03\/3.4_Twiggy-Grid-1-768x1160.jpg 768w, https:\/\/www.foscarini.us\/wp-content\/uploads\/2024\/03\/3.4_Twiggy-Grid-1-800x1208.jpg 800w, https:\/\/www.foscarini.us\/wp-content\/uploads\/2024\/03\/3.4_Twiggy-Grid-1.jpg 980w\" alt=\"\" \/>\n                                                                        <\/div>\n                                        <div class=\"swiper-slide\">\n                                                    <img decoding=\"async\" class=\"full-cover\" src=\"https:\/\/www.foscarini.us\/wp-content\/uploads\/2024\/03\/3.10_Twiggy-Grid-1-150x150.jpg\" srcset=\"https:\/\/www.foscarini.us\/wp-content\/uploads\/2024\/03\/3.10_Twiggy-Grid-1-199x300.jpg 199w, https:\/\/www.foscarini.us\/wp-content\/uploads\/2024\/03\/3.10_Twiggy-Grid-1-678x1024.jpg 678w, https:\/\/www.foscarini.us\/wp-content\/uploads\/2024\/03\/3.10_Twiggy-Grid-1-768x1160.jpg 768w, https:\/\/www.foscarini.us\/wp-content\/uploads\/2024\/03\/3.10_Twiggy-Grid-1-800x1208.jpg 800w, https:\/\/www.foscarini.us\/wp-content\/uploads\/2024\/03\/3.10_Twiggy-Grid-1.jpg 980w\" alt=\"\" \/>\n                                                                        <\/div>\n                                        <div class=\"swiper-slide\">\n                                                    <img decoding=\"async\" class=\"full-cover\" src=\"https:\/\/www.foscarini.us\/wp-content\/uploads\/2024\/03\/3.1_TwiggyGrid-150x150.jpg\" srcset=\"https:\/\/www.foscarini.us\/wp-content\/uploads\/2024\/03\/3.1_TwiggyGrid-194x300.jpg 194w, https:\/\/www.foscarini.us\/wp-content\/uploads\/2024\/03\/3.1_TwiggyGrid-663x1024.jpg 663w, https:\/\/www.foscarini.us\/wp-content\/uploads\/2024\/03\/3.1_TwiggyGrid-768x1186.jpg 768w, https:\/\/www.foscarini.us\/wp-content\/uploads\/2024\/03\/3.1_TwiggyGrid-800x1235.jpg 800w, https:\/\/www.foscarini.us\/wp-content\/uploads\/2024\/03\/3.1_TwiggyGrid.jpg 960w\" alt=\"\" \/>\n                                                                        <\/div>\n                                        <div class=\"swiper-slide\">\n                                                    <img decoding=\"async\" class=\"full-cover\" src=\"https:\/\/www.foscarini.us\/wp-content\/uploads\/2024\/03\/3.9_Twiggy-Grid-1-150x150.jpg\" srcset=\"https:\/\/www.foscarini.us\/wp-content\/uploads\/2024\/03\/3.9_Twiggy-Grid-1-199x300.jpg 199w, https:\/\/www.foscarini.us\/wp-content\/uploads\/2024\/03\/3.9_Twiggy-Grid-1-678x1024.jpg 678w, https:\/\/www.foscarini.us\/wp-content\/uploads\/2024\/03\/3.9_Twiggy-Grid-1-768x1160.jpg 768w, https:\/\/www.foscarini.us\/wp-content\/uploads\/2024\/03\/3.9_Twiggy-Grid-1-800x1208.jpg 800w, https:\/\/www.foscarini.us\/wp-content\/uploads\/2024\/03\/3.9_Twiggy-Grid-1.jpg 980w\" alt=\"\" \/>\n                                                                        <\/div>\n                            <\/div>\n    <\/div>\n    <div class=\"swiper-scrollbar\"><\/div>\n    <div class=\"ct-arrow\">\n        <div class=\"swiper-button-prev\"><\/div>\n        <div class=\"swiper-button-next\"><\/div>\n    <\/div>\n<\/section>","protected":false},"excerpt":{"rendered":"<p>L\u00e1mpara de mesa de exterior de luz directa hacia abajo. Difusor y poste en material composite sobre base de fibra de vidrio pintado con l\u00edquido. El difusor est\u00e1 hecho de tiras de material compuesto modeladas manualmente sobre el molde, las cintas superpuestas crean la superficie trenzada que sucesivamente se pinta a mano. Los bordes inferiores y superiores cuentan con una vuelta de cinta m\u00e1s para completar el difusor. En el centro, una placa en PMMA transparente con incisiones en l\u00e1ser, captura y difunde la luz que proviene de los LED multi chip que se encuentran instalados en el per\u00edmetro de la estructura en aluminio que hace las veces de disipador. La luz est\u00e1 protegida por un ulterior disco en PMMA opalino. Base circular en metal pintado con polvo poli\u00e9ster que garantiza una \u00f3ptima resistencia a los rayos UV, a los agentes atmosf\u00e9ricos y a los agentes qu\u00edmicos. Cable el\u00e9ctrico forrado en neopreno negro para uso externo sin panel de mandos, transformador en el cable, clavija Schuko y terminal de conexiones.<\/p>\n","protected":false},"featured_media":449814,"comment_status":"open","ping_status":"closed","template":"","meta":{"_acf_changed":true},"product_cat":[653,719,721,679,13633],"product_tag":[],"materiale":[7941],"altezza":[11838],"larghezza":[10354],"profondita":[10367],"peso":[8385],"designer-prodotto":[7380],"class_list":{"0":"post-193822","1":"product","2":"type-product","3":"status-publish","4":"has-post-thumbnail","6":"product_cat-concetto-es","7":"product_cat-funzione-es","8":"product_cat-outdoor-es","9":"product_cat-twiggy-concetto-es","10":"product_cat-twiggy-grid-outdoor-tavolo-famiglia-es","11":"materiale-fibra-di-carbonio-e-compositi-es","12":"altezza-67-es","13":"larghezza-46-es","14":"profondita-46-es","15":"peso-126-es","16":"designer-prodotto-marc-sadler-es","18":"first","19":"instock","20":"shipping-taxable","21":"purchasable","22":"product-type-variable"},"acf":{"preview_slider":{"titolo":"","testo":"","video_domanda":false,"link_video":""},"prodotto__immagine_preview":{"immagine":226618},"prodotto__slider":{"sottotitolo":"Marc Sadler (2018)","titolo":"Con su caracter\u00edstica pantalla entrelazada, la l\u00e1mpara de mesa Twiggy Grid XL es perfecta para ambientes interiores y exteriores. Una l\u00e1mpara de mesa de dise\u00f1o capaz de transformar incluso un espacio al aire libre en un acogedor ambiente de d\u00eda.","immagini":[{"immagine":307449,"immagine_mobile":""},{"immagine":307456,"immagine_mobile":""}]},"prodotto__slider_preview":null,"prodotto__specifiche":{"selezione":[{"scheda_tecnica":484333}]}},"yoast_head":"<!-- This site is optimized with the Yoast SEO Premium plugin v22.4 (Yoast SEO v23.7) - https:\/\/yoast.com\/wordpress\/plugins\/seo\/ -->\n<title>Twiggy Grid Outdoor Tavolo - Foscarini<\/title>\n<meta name=\"robots\" content=\"index, follow, max-snippet:-1, max-image-preview:large, max-video-preview:-1\" \/>\n<meta property=\"og:locale\" content=\"es_ES\" \/>\n<meta property=\"og:type\" content=\"article\" \/>\n<meta property=\"og:title\" content=\"Twiggy Grid Outdoor Tavolo\" \/>\n<meta property=\"og:description\" content=\"L\u00e1mpara de mesa de exterior de luz directa hacia abajo. Difusor y poste en material composite sobre base de fibra de vidrio pintado con l\u00edquido. El difusor est\u00e1 hecho de tiras de material compuesto modeladas manualmente sobre el molde, las cintas superpuestas crean la superficie trenzada que sucesivamente se pinta a mano. Los bordes inferiores y superiores cuentan con una vuelta de cinta m\u00e1s para completar el difusor. En el centro, una placa en PMMA transparente con incisiones en l\u00e1ser, captura y difunde la luz que proviene de los LED multi chip que se encuentran instalados en el per\u00edmetro de la estructura en aluminio que hace las veces de disipador. La luz est\u00e1 protegida por un ulterior disco en PMMA opalino. Base circular en metal pintado con polvo poli\u00e9ster que garantiza una \u00f3ptima resistencia a los rayos UV, a los agentes atmosf\u00e9ricos y a los agentes qu\u00edmicos. Cable el\u00e9ctrico forrado en neopreno negro para uso externo sin panel de mandos, transformador en el cable, clavija Schuko y terminal de conexiones.\" \/>\n<meta property=\"og:url\" content=\"https:\/\/www.foscarini.us\/es\/producto\/twiggy-grid-outdoor-std-ot-es\/\" \/>\n<meta property=\"og:site_name\" content=\"Foscarini\" \/>\n<meta property=\"article:modified_time\" content=\"2025-10-17T15:08:22+00:00\" \/>\n<meta property=\"og:image\" content=\"https:\/\/www.foscarini.us\/wp-content\/uploads\/2025\/06\/twiggy-grid_ot_carmine_22_786x865-1.jpg\" \/>\n\t<meta property=\"og:image:width\" content=\"786\" \/>\n\t<meta property=\"og:image:height\" content=\"865\" \/>\n\t<meta property=\"og:image:type\" content=\"image\/jpeg\" \/>\n<meta name=\"twitter:card\" content=\"summary_large_image\" \/>\n<meta name=\"twitter:label1\" content=\"Tiempo de lectura\" \/>\n\t<meta name=\"twitter:data1\" content=\"1 minuto\" \/>\n<script type=\"application\/ld+json\" class=\"yoast-schema-graph\">{\"@context\":\"https:\/\/schema.org\",\"@graph\":[{\"@type\":\"WebPage\",\"@id\":\"https:\/\/www.foscarini.us\/es\/producto\/twiggy-grid-outdoor-std-ot-es\/\",\"url\":\"https:\/\/www.foscarini.us\/es\/producto\/twiggy-grid-outdoor-std-ot-es\/\",\"name\":\"Twiggy Grid Outdoor Tavolo - Foscarini\",\"isPartOf\":{\"@id\":\"https:\/\/www.foscarini.us\/#website\"},\"primaryImageOfPage\":{\"@id\":\"https:\/\/www.foscarini.us\/es\/producto\/twiggy-grid-outdoor-std-ot-es\/#primaryimage\"},\"image\":{\"@id\":\"https:\/\/www.foscarini.us\/es\/producto\/twiggy-grid-outdoor-std-ot-es\/#primaryimage\"},\"thumbnailUrl\":\"https:\/\/www.foscarini.us\/wp-content\/uploads\/2025\/06\/twiggy-grid_ot_carmine_22_786x865-1.jpg\",\"datePublished\":\"2024-03-28T18:23:11+00:00\",\"dateModified\":\"2025-10-17T15:08:22+00:00\",\"breadcrumb\":{\"@id\":\"https:\/\/www.foscarini.us\/es\/producto\/twiggy-grid-outdoor-std-ot-es\/#breadcrumb\"},\"inLanguage\":\"es-AR\",\"potentialAction\":[{\"@type\":\"ReadAction\",\"target\":[\"https:\/\/www.foscarini.us\/es\/producto\/twiggy-grid-outdoor-std-ot-es\/\"]}]},{\"@type\":\"ImageObject\",\"inLanguage\":\"es-AR\",\"@id\":\"https:\/\/www.foscarini.us\/es\/producto\/twiggy-grid-outdoor-std-ot-es\/#primaryimage\",\"url\":\"https:\/\/www.foscarini.us\/wp-content\/uploads\/2025\/06\/twiggy-grid_ot_carmine_22_786x865-1.jpg\",\"contentUrl\":\"https:\/\/www.foscarini.us\/wp-content\/uploads\/2025\/06\/twiggy-grid_ot_carmine_22_786x865-1.jpg\",\"width\":786,\"height\":865},{\"@type\":\"BreadcrumbList\",\"@id\":\"https:\/\/www.foscarini.us\/es\/producto\/twiggy-grid-outdoor-std-ot-es\/#breadcrumb\",\"itemListElement\":[{\"@type\":\"ListItem\",\"position\":1,\"name\":\"Home\",\"item\":\"https:\/\/www.foscarini.us\/es\/\"},{\"@type\":\"ListItem\",\"position\":2,\"name\":\"Tienda\",\"item\":\"https:\/\/www.foscarini.us\/es\/tienda\/\"},{\"@type\":\"ListItem\",\"position\":3,\"name\":\"Twiggy Grid Outdoor Tavolo\"}]},{\"@type\":\"WebSite\",\"@id\":\"https:\/\/www.foscarini.us\/#website\",\"url\":\"https:\/\/www.foscarini.us\/\",\"name\":\"Foscarini\",\"description\":\"\",\"potentialAction\":[{\"@type\":\"SearchAction\",\"target\":{\"@type\":\"EntryPoint\",\"urlTemplate\":\"https:\/\/www.foscarini.us\/?s={search_term_string}\"},\"query-input\":{\"@type\":\"PropertyValueSpecification\",\"valueRequired\":true,\"valueName\":\"search_term_string\"}}],\"inLanguage\":\"es-AR\"}]}<\/script>\n<!-- \/ Yoast SEO Premium plugin. -->","yoast_head_json":{"title":"Twiggy Grid Outdoor Tavolo - Foscarini","robots":{"index":"index","follow":"follow","max-snippet":"max-snippet:-1","max-image-preview":"max-image-preview:large","max-video-preview":"max-video-preview:-1"},"og_locale":"es_ES","og_type":"article","og_title":"Twiggy Grid Outdoor Tavolo","og_description":"L\u00e1mpara de mesa de exterior de luz directa hacia abajo. Difusor y poste en material composite sobre base de fibra de vidrio pintado con l\u00edquido. El difusor est\u00e1 hecho de tiras de material compuesto modeladas manualmente sobre el molde, las cintas superpuestas crean la superficie trenzada que sucesivamente se pinta a mano. Los bordes inferiores y superiores cuentan con una vuelta de cinta m\u00e1s para completar el difusor. En el centro, una placa en PMMA transparente con incisiones en l\u00e1ser, captura y difunde la luz que proviene de los LED multi chip que se encuentran instalados en el per\u00edmetro de la estructura en aluminio que hace las veces de disipador. La luz est\u00e1 protegida por un ulterior disco en PMMA opalino. Base circular en metal pintado con polvo poli\u00e9ster que garantiza una \u00f3ptima resistencia a los rayos UV, a los agentes atmosf\u00e9ricos y a los agentes qu\u00edmicos. Cable el\u00e9ctrico forrado en neopreno negro para uso externo sin panel de mandos, transformador en el cable, clavija Schuko y terminal de conexiones.","og_url":"https:\/\/www.foscarini.us\/es\/producto\/twiggy-grid-outdoor-std-ot-es\/","og_site_name":"Foscarini","article_modified_time":"2025-10-17T15:08:22+00:00","og_image":[{"width":786,"height":865,"url":"https:\/\/www.foscarini.us\/wp-content\/uploads\/2025\/06\/twiggy-grid_ot_carmine_22_786x865-1.jpg","type":"image\/jpeg"}],"twitter_card":"summary_large_image","twitter_misc":{"Tiempo de lectura":"1 minuto"},"schema":{"@context":"https:\/\/schema.org","@graph":[{"@type":"WebPage","@id":"https:\/\/www.foscarini.us\/es\/producto\/twiggy-grid-outdoor-std-ot-es\/","url":"https:\/\/www.foscarini.us\/es\/producto\/twiggy-grid-outdoor-std-ot-es\/","name":"Twiggy Grid Outdoor Tavolo - Foscarini","isPartOf":{"@id":"https:\/\/www.foscarini.us\/#website"},"primaryImageOfPage":{"@id":"https:\/\/www.foscarini.us\/es\/producto\/twiggy-grid-outdoor-std-ot-es\/#primaryimage"},"image":{"@id":"https:\/\/www.foscarini.us\/es\/producto\/twiggy-grid-outdoor-std-ot-es\/#primaryimage"},"thumbnailUrl":"https:\/\/www.foscarini.us\/wp-content\/uploads\/2025\/06\/twiggy-grid_ot_carmine_22_786x865-1.jpg","datePublished":"2024-03-28T18:23:11+00:00","dateModified":"2025-10-17T15:08:22+00:00","breadcrumb":{"@id":"https:\/\/www.foscarini.us\/es\/producto\/twiggy-grid-outdoor-std-ot-es\/#breadcrumb"},"inLanguage":"es-AR","potentialAction":[{"@type":"ReadAction","target":["https:\/\/www.foscarini.us\/es\/producto\/twiggy-grid-outdoor-std-ot-es\/"]}]},{"@type":"ImageObject","inLanguage":"es-AR","@id":"https:\/\/www.foscarini.us\/es\/producto\/twiggy-grid-outdoor-std-ot-es\/#primaryimage","url":"https:\/\/www.foscarini.us\/wp-content\/uploads\/2025\/06\/twiggy-grid_ot_carmine_22_786x865-1.jpg","contentUrl":"https:\/\/www.foscarini.us\/wp-content\/uploads\/2025\/06\/twiggy-grid_ot_carmine_22_786x865-1.jpg","width":786,"height":865},{"@type":"BreadcrumbList","@id":"https:\/\/www.foscarini.us\/es\/producto\/twiggy-grid-outdoor-std-ot-es\/#breadcrumb","itemListElement":[{"@type":"ListItem","position":1,"name":"Home","item":"https:\/\/www.foscarini.us\/es\/"},{"@type":"ListItem","position":2,"name":"Tienda","item":"https:\/\/www.foscarini.us\/es\/tienda\/"},{"@type":"ListItem","position":3,"name":"Twiggy Grid Outdoor Tavolo"}]},{"@type":"WebSite","@id":"https:\/\/www.foscarini.us\/#website","url":"https:\/\/www.foscarini.us\/","name":"Foscarini","description":"","potentialAction":[{"@type":"SearchAction","target":{"@type":"EntryPoint","urlTemplate":"https:\/\/www.foscarini.us\/?s={search_term_string}"},"query-input":{"@type":"PropertyValueSpecification","valueRequired":true,"valueName":"search_term_string"}}],"inLanguage":"es-AR"}]}},"_links":{"self":[{"href":"https:\/\/www.foscarini.us\/es\/wp-json\/wp\/v2\/product\/193822"}],"collection":[{"href":"https:\/\/www.foscarini.us\/es\/wp-json\/wp\/v2\/product"}],"about":[{"href":"https:\/\/www.foscarini.us\/es\/wp-json\/wp\/v2\/types\/product"}],"replies":[{"embeddable":true,"href":"https:\/\/www.foscarini.us\/es\/wp-json\/wp\/v2\/comments?post=193822"}],"wp:featuredmedia":[{"embeddable":true,"href":"https:\/\/www.foscarini.us\/es\/wp-json\/wp\/v2\/media\/449814"}],"wp:attachment":[{"href":"https:\/\/www.foscarini.us\/es\/wp-json\/wp\/v2\/media?parent=193822"}],"wp:term":[{"taxonomy":"product_cat","embeddable":true,"href":"https:\/\/www.foscarini.us\/es\/wp-json\/wp\/v2\/product_cat?post=193822"},{"taxonomy":"product_tag","embeddable":true,"href":"https:\/\/www.foscarini.us\/es\/wp-json\/wp\/v2\/product_tag?post=193822"},{"taxonomy":"materiale","embeddable":true,"href":"https:\/\/www.foscarini.us\/es\/wp-json\/wp\/v2\/materiale?post=193822"},{"taxonomy":"altezza","embeddable":true,"href":"https:\/\/www.foscarini.us\/es\/wp-json\/wp\/v2\/altezza?post=193822"},{"taxonomy":"larghezza","embeddable":true,"href":"https:\/\/www.foscarini.us\/es\/wp-json\/wp\/v2\/larghezza?post=193822"},{"taxonomy":"profondita","embeddable":true,"href":"https:\/\/www.foscarini.us\/es\/wp-json\/wp\/v2\/profondita?post=193822"},{"taxonomy":"peso","embeddable":true,"href":"https:\/\/www.foscarini.us\/es\/wp-json\/wp\/v2\/peso?post=193822"},{"taxonomy":"designer-prodotto","embeddable":true,"href":"https:\/\/www.foscarini.us\/es\/wp-json\/wp\/v2\/designer-prodotto?post=193822"}],"curies":[{"name":"wp","href":"https:\/\/api.w.org\/{rel}","templated":true}]}}