{"id":192960,"date":"2024-03-28T18:07:29","date_gmt":"2024-03-28T18:07:29","guid":{"rendered":"https:\/\/www.foscarini.us\/product\/madre-std-t\/"},"modified":"2025-10-17T14:07:25","modified_gmt":"2025-10-17T14:07:25","slug":"madre-std-t-es","status":"publish","type":"product","link":"https:\/\/www.foscarini.us\/es\/producto\/madre-std-t-es\/","title":{"rendered":"Madre"},"content":{"rendered":"<p>La lampada da tavolo Madre \u00e8 un oggetto poetico e inaspettato. Il foro che interrompe il grande corpo luminoso al centro crea una visione magica e una luce unica. L&#8217;incavo superiore contiene un piccolo vaso dove \u00e8 possibile inserire dei rami per creare una elegante composizione.<\/p><section class=\"pdp__slider full-height-vh\">\n    <div class=\"swiper-container swiper__pdp\">\n        <div class=\"swiper-wrapper full-height\">\n                                <div class=\"swiper-slide\">\n                                                    <img decoding=\"async\" class=\"full-cover\" src=\"https:\/\/www.foscarini.us\/wp-content\/uploads\/2024\/03\/3.1_Madre-150x150.jpg\" srcset=\"https:\/\/www.foscarini.us\/wp-content\/uploads\/2024\/03\/3.1_Madre-300x200.jpg 300w, https:\/\/www.foscarini.us\/wp-content\/uploads\/2024\/03\/3.1_Madre-1024x683.jpg 1024w, https:\/\/www.foscarini.us\/wp-content\/uploads\/2024\/03\/3.1_Madre-768x512.jpg 768w, https:\/\/www.foscarini.us\/wp-content\/uploads\/2024\/03\/3.1_Madre-1536x1024.jpg 1536w, https:\/\/www.foscarini.us\/wp-content\/uploads\/2024\/03\/3.1_Madre-2048x1365.jpg 2048w, https:\/\/www.foscarini.us\/wp-content\/uploads\/2024\/03\/3.1_Madre-800x533.jpg 800w\" alt=\"\" \/>\n                                                                        <\/div>\n                                        <div class=\"swiper-slide\">\n                                                    <img decoding=\"async\" class=\"full-cover\" src=\"https:\/\/www.foscarini.us\/wp-content\/uploads\/2024\/03\/3.2_Madre-150x150.jpg\" srcset=\"https:\/\/www.foscarini.us\/wp-content\/uploads\/2024\/03\/3.2_Madre-300x200.jpg 300w, https:\/\/www.foscarini.us\/wp-content\/uploads\/2024\/03\/3.2_Madre-1024x683.jpg 1024w, https:\/\/www.foscarini.us\/wp-content\/uploads\/2024\/03\/3.2_Madre-768x512.jpg 768w, https:\/\/www.foscarini.us\/wp-content\/uploads\/2024\/03\/3.2_Madre-1536x1024.jpg 1536w, https:\/\/www.foscarini.us\/wp-content\/uploads\/2024\/03\/3.2_Madre-2048x1365.jpg 2048w, https:\/\/www.foscarini.us\/wp-content\/uploads\/2024\/03\/3.2_Madre-800x533.jpg 800w\" alt=\"\" \/>\n                                                                        <\/div>\n                                        <div class=\"swiper-slide\">\n                                                    <img decoding=\"async\" class=\"full-cover\" src=\"https:\/\/www.foscarini.us\/wp-content\/uploads\/2024\/03\/3.3_Madre-150x150.jpg\" srcset=\"https:\/\/www.foscarini.us\/wp-content\/uploads\/2024\/03\/3.3_Madre-199x300.jpg 199w, https:\/\/www.foscarini.us\/wp-content\/uploads\/2024\/03\/3.3_Madre-678x1024.jpg 678w, https:\/\/www.foscarini.us\/wp-content\/uploads\/2024\/03\/3.3_Madre-768x1160.jpg 768w, https:\/\/www.foscarini.us\/wp-content\/uploads\/2024\/03\/3.3_Madre-800x1208.jpg 800w, https:\/\/www.foscarini.us\/wp-content\/uploads\/2024\/03\/3.3_Madre.jpg 980w\" alt=\"\" \/>\n                                                                        <\/div>\n                                        <div class=\"swiper-slide\">\n                                                    <img decoding=\"async\" class=\"full-cover\" src=\"https:\/\/www.foscarini.us\/wp-content\/uploads\/2024\/03\/3.4_Madre-150x150.jpg\" srcset=\"https:\/\/www.foscarini.us\/wp-content\/uploads\/2024\/03\/3.4_Madre-300x200.jpg 300w, https:\/\/www.foscarini.us\/wp-content\/uploads\/2024\/03\/3.4_Madre-1024x683.jpg 1024w, https:\/\/www.foscarini.us\/wp-content\/uploads\/2024\/03\/3.4_Madre-768x512.jpg 768w, https:\/\/www.foscarini.us\/wp-content\/uploads\/2024\/03\/3.4_Madre-1536x1024.jpg 1536w, https:\/\/www.foscarini.us\/wp-content\/uploads\/2024\/03\/3.4_Madre-2048x1365.jpg 2048w, https:\/\/www.foscarini.us\/wp-content\/uploads\/2024\/03\/3.4_Madre-800x533.jpg 800w\" alt=\"\" \/>\n                                                                        <\/div>\n                                        <div class=\"swiper-slide\">\n                                                    <img decoding=\"async\" class=\"full-cover\" src=\"https:\/\/www.foscarini.us\/wp-content\/uploads\/2024\/03\/3.5_Madre-150x150.jpg\" srcset=\"https:\/\/www.foscarini.us\/wp-content\/uploads\/2024\/03\/3.5_Madre-199x300.jpg 199w, https:\/\/www.foscarini.us\/wp-content\/uploads\/2024\/03\/3.5_Madre-678x1024.jpg 678w, https:\/\/www.foscarini.us\/wp-content\/uploads\/2024\/03\/3.5_Madre-768x1160.jpg 768w, https:\/\/www.foscarini.us\/wp-content\/uploads\/2024\/03\/3.5_Madre-800x1208.jpg 800w, https:\/\/www.foscarini.us\/wp-content\/uploads\/2024\/03\/3.5_Madre.jpg 980w\" alt=\"\" \/>\n                                                                        <\/div>\n                                        <div class=\"swiper-slide\">\n                                                    <img decoding=\"async\" class=\"full-cover\" src=\"https:\/\/www.foscarini.us\/wp-content\/uploads\/2024\/03\/3.6_Madre-150x150.jpg\" srcset=\"https:\/\/www.foscarini.us\/wp-content\/uploads\/2024\/03\/3.6_Madre-199x300.jpg 199w, https:\/\/www.foscarini.us\/wp-content\/uploads\/2024\/03\/3.6_Madre-678x1024.jpg 678w, https:\/\/www.foscarini.us\/wp-content\/uploads\/2024\/03\/3.6_Madre-768x1160.jpg 768w, https:\/\/www.foscarini.us\/wp-content\/uploads\/2024\/03\/3.6_Madre-800x1208.jpg 800w, https:\/\/www.foscarini.us\/wp-content\/uploads\/2024\/03\/3.6_Madre.jpg 980w\" alt=\"\" \/>\n                                                                        <\/div>\n                                        <div class=\"swiper-slide\">\n                                                    <img decoding=\"async\" class=\"full-cover\" src=\"https:\/\/www.foscarini.us\/wp-content\/uploads\/2024\/03\/3.7_Madre-150x150.jpg\" srcset=\"https:\/\/www.foscarini.us\/wp-content\/uploads\/2024\/03\/3.7_Madre-300x200.jpg 300w, https:\/\/www.foscarini.us\/wp-content\/uploads\/2024\/03\/3.7_Madre-1024x683.jpg 1024w, https:\/\/www.foscarini.us\/wp-content\/uploads\/2024\/03\/3.7_Madre-768x512.jpg 768w, https:\/\/www.foscarini.us\/wp-content\/uploads\/2024\/03\/3.7_Madre-1536x1024.jpg 1536w, https:\/\/www.foscarini.us\/wp-content\/uploads\/2024\/03\/3.7_Madre-2048x1365.jpg 2048w, https:\/\/www.foscarini.us\/wp-content\/uploads\/2024\/03\/3.7_Madre-800x533.jpg 800w\" alt=\"\" \/>\n                                                                        <\/div>\n                                        <div class=\"swiper-slide\">\n                                                    <img decoding=\"async\" class=\"full-cover\" src=\"https:\/\/www.foscarini.us\/wp-content\/uploads\/2024\/03\/3.9_Madre-150x150.jpg\" srcset=\"https:\/\/www.foscarini.us\/wp-content\/uploads\/2024\/03\/3.9_Madre-199x300.jpg 199w, https:\/\/www.foscarini.us\/wp-content\/uploads\/2024\/03\/3.9_Madre-678x1024.jpg 678w, https:\/\/www.foscarini.us\/wp-content\/uploads\/2024\/03\/3.9_Madre-768x1160.jpg 768w, https:\/\/www.foscarini.us\/wp-content\/uploads\/2024\/03\/3.9_Madre-800x1208.jpg 800w, https:\/\/www.foscarini.us\/wp-content\/uploads\/2024\/03\/3.9_Madre.jpg 980w\" alt=\"\" \/>\n                                                                        <\/div>\n                                        <div class=\"swiper-slide\">\n                                                    <img decoding=\"async\" class=\"full-cover\" src=\"https:\/\/www.foscarini.us\/wp-content\/uploads\/2024\/03\/3.10_Madre-150x150.jpg\" srcset=\"https:\/\/www.foscarini.us\/wp-content\/uploads\/2024\/03\/3.10_Madre-199x300.jpg 199w, https:\/\/www.foscarini.us\/wp-content\/uploads\/2024\/03\/3.10_Madre-678x1024.jpg 678w, https:\/\/www.foscarini.us\/wp-content\/uploads\/2024\/03\/3.10_Madre-768x1160.jpg 768w, https:\/\/www.foscarini.us\/wp-content\/uploads\/2024\/03\/3.10_Madre-800x1208.jpg 800w, https:\/\/www.foscarini.us\/wp-content\/uploads\/2024\/03\/3.10_Madre.jpg 980w\" alt=\"\" \/>\n                                                                        <\/div>\n                            <\/div>\n    <\/div>\n    <div class=\"swiper-scrollbar\"><\/div>\n    <div class=\"ct-arrow\">\n        <div class=\"swiper-button-prev\"><\/div>\n        <div class=\"swiper-button-next\"><\/div>\n    <\/div>\n<\/section><section class=\"concept__project_comunication full-height-vh\">\n    <div class=\"row row-large\">\n        <div class=\"medium-12 small-12 columns full-height no-padding-right-mobile\">\n            <div class=\"ct-image-text-lateral\">\n                <div class=\"ct-arrow\">\n                    <div class=\"swiper-button-prev\" aria-label=\"previous slide\"><\/div>\n                    <div class=\"swiper-button-next\" aria-label=\"next slide\"><\/div>\n                <\/div>\n                <span class=\"section-name-lateral\">Contenidos Editoriales<\/span>\n                <!-- Swiper -->\n                <div class=\"swiper-container swiper__concept__comunication\">\n                    <div class=\"swiper-wrapper\">\n                                                            <div class=\"swiper-slide\">\n                                        <div class=\"ct-slide\">\n                                                                                                <img decoding=\"async\" class=\"full-cover\" src=\"https:\/\/www.foscarini.us\/wp-content\/uploads\/2023\/12\/Inventario16-150x150.jpeg\" srcset=\"https:\/\/www.foscarini.us\/wp-content\/uploads\/2023\/12\/Inventario16-232x300.jpeg 232w, https:\/\/www.foscarini.us\/wp-content\/uploads\/2023\/12\/Inventario16-768x992.jpeg 768w, https:\/\/www.foscarini.us\/wp-content\/uploads\/2023\/12\/Inventario16-600x775.jpeg 600w, https:\/\/www.foscarini.us\/wp-content\/uploads\/2023\/12\/Inventario16.jpeg 776w\" alt=\"\" \/>\n                                                                                                <div class=\"ct-col-right\">\n                                                <div class=\"ct-link\">\n                                                    <a class=\"link-arrow\" href=\"https:\/\/www.foscarini.us\/es\/inventario\/inventario-16\/\">Inventario \u00b016<\/a>\n                                                    <div class=\"text-1\"><p>Cada nuevo n\u00famero de Inventario es alimento para la mente con las inesperadas asociaciones de ideas que unen proyectos, obras, objetos, autores, invit\u00e1ndonos a observar la realidad con una curiosidad aut\u00e9ntica. Porque, como escribe Stefano Salis, \u00abcada cosa contiene siempre m\u00e1s de lo que muestra\u00bb.<\/p>\n<\/div>\n                                                <\/div>\n                                            <\/div>\n                                        <\/div>\n                                    <\/div>\n                                                        <\/div>\n                <\/div>\n            <\/div>\n        <\/div>\n    <\/div>\n<\/section><section class=\"bg__subtitle_and_link_and_text bg-full\" style=\"background-image: url(https:\/\/www.foscarini.us\/wp-content\/uploads\/2024\/03\/4.1_Madre-scaled.jpg);\">\n    <div class=\"row full-height-vh\">\n        <div class=\"medium-6 medium-offset-6 small-12 columns\">\n            <span class=\"subtitle\">VISUALIZA ENCENDIDA Y APAGADA<\/span>\n        <\/div>\n        <div class=\"medium-6 medium-offset-6 small-12 columns align-self-bottom\">\n            <div class=\"ct-text\">\n                <a class=\"link-arrow title-little no-link\" href=\"\"><\/a>\n                <div class=\"text-2 js-heading\"><\/div>\n            <\/div>\n        <\/div>\n    <\/div>\n<\/section>","protected":false},"excerpt":{"rendered":"<p>L\u00e1mpara de mesa y de apoyo de luz difusa con LED integrado. Su forma hace alusi\u00f3n a las caderas anchas de las diosas de la fertilidad. El cuerpo de luz est\u00e1 formado por un vidrio soplado a boca y sucesivamente acidificado. El agujero central est\u00e1 cortado con un chorro de agua fino de alta presi\u00f3n que permite un nivel de precisi\u00f3n elevado sin alterar la temperatura del vidrio. La ranura superior, donde se pueden colocar ramas decorativas secas (el uso de l\u00edquidos est\u00e1 prohibido) es en un vidrio opal de borosilicato. La parte iluminot\u00e9cnica, formada por una tarjeta LED multichip, est\u00e1 protegida por un disco de policarbonato opal. Dispone de regulador de luz en el cable el\u00e9ctrico de color gris claro.<\/p>\n","protected":false},"featured_media":447560,"comment_status":"open","ping_status":"closed","template":"","meta":{"_acf_changed":true},"product_cat":[653,719,886,5513,753],"product_tag":[],"materiale":[8157],"altezza":[10784],"larghezza":[9969],"profondita":[9885],"peso":[10132],"designer-prodotto":[8580],"class_list":{"0":"post-192960","1":"product","2":"type-product","3":"status-publish","4":"has-post-thumbnail","6":"product_cat-concetto-es","7":"product_cat-funzione-es","8":"product_cat-madre-concetto-es","9":"product_cat-madre-famiglia-es","10":"product_cat-tavolo-es","11":"materiale-vetro-e-vetro-soffiato-es","12":"altezza-36-es","13":"larghezza-35-es","14":"profondita-35-es","15":"peso-49-es","16":"designer-prodotto-andrea-anastasio-es","18":"first","19":"instock","20":"shipping-taxable","21":"purchasable","22":"product-type-variable"},"acf":{"preview_slider":{"titolo":"","testo":"","video_domanda":false,"link_video":""},"prodotto__immagine_preview":{"immagine":224535},"prodotto__slider":{"sottotitolo":"Andrea Anastasio (2019)","titolo":"La l\u00e1mpara de mesa Madre es un objeto po\u00e9tico e inesperado. El agujero que interrumpe el gran cuerpo luminoso en el centro crea una visi\u00f3n m\u00e1gica y una luz \u00fanica. La ranura superior contiene una peque\u00f1a maceta donde es posible introducir ramas para crear una elegante composici\u00f3n.","immagini":[{"immagine":309490,"immagine_mobile":""}]},"prodotto__slider_preview":null,"prodotto__specifiche":{"selezione":[{"scheda_tecnica":483501}]}},"yoast_head":"<!-- This site is optimized with the Yoast SEO Premium plugin v22.4 (Yoast SEO v23.7) - https:\/\/yoast.com\/wordpress\/plugins\/seo\/ -->\n<title>Madre - Foscarini<\/title>\n<meta name=\"robots\" content=\"index, follow, max-snippet:-1, max-image-preview:large, max-video-preview:-1\" \/>\n<meta property=\"og:locale\" content=\"es_ES\" \/>\n<meta property=\"og:type\" content=\"article\" \/>\n<meta property=\"og:title\" content=\"Madre\" \/>\n<meta property=\"og:description\" content=\"L\u00e1mpara de mesa y de apoyo de luz difusa con LED integrado. Su forma hace alusi\u00f3n a las caderas anchas de las diosas de la fertilidad. El cuerpo de luz est\u00e1 formado por un vidrio soplado a boca y sucesivamente acidificado. El agujero central est\u00e1 cortado con un chorro de agua fino de alta presi\u00f3n que permite un nivel de precisi\u00f3n elevado sin alterar la temperatura del vidrio. La ranura superior, donde se pueden colocar ramas decorativas secas (el uso de l\u00edquidos est\u00e1 prohibido) es en un vidrio opal de borosilicato. La parte iluminot\u00e9cnica, formada por una tarjeta LED multichip, est\u00e1 protegida por un disco de policarbonato opal. Dispone de regulador de luz en el cable el\u00e9ctrico de color gris claro.\" \/>\n<meta property=\"og:url\" content=\"https:\/\/www.foscarini.us\/es\/producto\/madre-std-t-es\/\" \/>\n<meta property=\"og:site_name\" content=\"Foscarini\" \/>\n<meta property=\"article:modified_time\" content=\"2025-10-17T14:07:25+00:00\" \/>\n<meta property=\"og:image\" content=\"https:\/\/www.foscarini.us\/wp-content\/uploads\/2025\/06\/madre_t_white_22_786x865-1.jpg\" \/>\n\t<meta property=\"og:image:width\" content=\"786\" \/>\n\t<meta property=\"og:image:height\" content=\"865\" \/>\n\t<meta property=\"og:image:type\" content=\"image\/jpeg\" \/>\n<meta name=\"twitter:card\" content=\"summary_large_image\" \/>\n<meta name=\"twitter:label1\" content=\"Tiempo de lectura\" \/>\n\t<meta name=\"twitter:data1\" content=\"1 minuto\" \/>\n<script type=\"application\/ld+json\" class=\"yoast-schema-graph\">{\"@context\":\"https:\/\/schema.org\",\"@graph\":[{\"@type\":\"WebPage\",\"@id\":\"https:\/\/www.foscarini.us\/es\/producto\/madre-std-t-es\/\",\"url\":\"https:\/\/www.foscarini.us\/es\/producto\/madre-std-t-es\/\",\"name\":\"Madre - Foscarini\",\"isPartOf\":{\"@id\":\"https:\/\/www.foscarini.us\/#website\"},\"primaryImageOfPage\":{\"@id\":\"https:\/\/www.foscarini.us\/es\/producto\/madre-std-t-es\/#primaryimage\"},\"image\":{\"@id\":\"https:\/\/www.foscarini.us\/es\/producto\/madre-std-t-es\/#primaryimage\"},\"thumbnailUrl\":\"https:\/\/www.foscarini.us\/wp-content\/uploads\/2025\/06\/madre_t_white_22_786x865-1.jpg\",\"datePublished\":\"2024-03-28T18:07:29+00:00\",\"dateModified\":\"2025-10-17T14:07:25+00:00\",\"breadcrumb\":{\"@id\":\"https:\/\/www.foscarini.us\/es\/producto\/madre-std-t-es\/#breadcrumb\"},\"inLanguage\":\"es-AR\",\"potentialAction\":[{\"@type\":\"ReadAction\",\"target\":[\"https:\/\/www.foscarini.us\/es\/producto\/madre-std-t-es\/\"]}]},{\"@type\":\"ImageObject\",\"inLanguage\":\"es-AR\",\"@id\":\"https:\/\/www.foscarini.us\/es\/producto\/madre-std-t-es\/#primaryimage\",\"url\":\"https:\/\/www.foscarini.us\/wp-content\/uploads\/2025\/06\/madre_t_white_22_786x865-1.jpg\",\"contentUrl\":\"https:\/\/www.foscarini.us\/wp-content\/uploads\/2025\/06\/madre_t_white_22_786x865-1.jpg\",\"width\":786,\"height\":865},{\"@type\":\"BreadcrumbList\",\"@id\":\"https:\/\/www.foscarini.us\/es\/producto\/madre-std-t-es\/#breadcrumb\",\"itemListElement\":[{\"@type\":\"ListItem\",\"position\":1,\"name\":\"Home\",\"item\":\"https:\/\/www.foscarini.us\/es\/\"},{\"@type\":\"ListItem\",\"position\":2,\"name\":\"Tienda\",\"item\":\"https:\/\/www.foscarini.us\/es\/tienda\/\"},{\"@type\":\"ListItem\",\"position\":3,\"name\":\"Madre\"}]},{\"@type\":\"WebSite\",\"@id\":\"https:\/\/www.foscarini.us\/#website\",\"url\":\"https:\/\/www.foscarini.us\/\",\"name\":\"Foscarini\",\"description\":\"\",\"potentialAction\":[{\"@type\":\"SearchAction\",\"target\":{\"@type\":\"EntryPoint\",\"urlTemplate\":\"https:\/\/www.foscarini.us\/?s={search_term_string}\"},\"query-input\":{\"@type\":\"PropertyValueSpecification\",\"valueRequired\":true,\"valueName\":\"search_term_string\"}}],\"inLanguage\":\"es-AR\"}]}<\/script>\n<!-- \/ Yoast SEO Premium plugin. -->","yoast_head_json":{"title":"Madre - Foscarini","robots":{"index":"index","follow":"follow","max-snippet":"max-snippet:-1","max-image-preview":"max-image-preview:large","max-video-preview":"max-video-preview:-1"},"og_locale":"es_ES","og_type":"article","og_title":"Madre","og_description":"L\u00e1mpara de mesa y de apoyo de luz difusa con LED integrado. Su forma hace alusi\u00f3n a las caderas anchas de las diosas de la fertilidad. El cuerpo de luz est\u00e1 formado por un vidrio soplado a boca y sucesivamente acidificado. El agujero central est\u00e1 cortado con un chorro de agua fino de alta presi\u00f3n que permite un nivel de precisi\u00f3n elevado sin alterar la temperatura del vidrio. La ranura superior, donde se pueden colocar ramas decorativas secas (el uso de l\u00edquidos est\u00e1 prohibido) es en un vidrio opal de borosilicato. La parte iluminot\u00e9cnica, formada por una tarjeta LED multichip, est\u00e1 protegida por un disco de policarbonato opal. Dispone de regulador de luz en el cable el\u00e9ctrico de color gris claro.","og_url":"https:\/\/www.foscarini.us\/es\/producto\/madre-std-t-es\/","og_site_name":"Foscarini","article_modified_time":"2025-10-17T14:07:25+00:00","og_image":[{"width":786,"height":865,"url":"https:\/\/www.foscarini.us\/wp-content\/uploads\/2025\/06\/madre_t_white_22_786x865-1.jpg","type":"image\/jpeg"}],"twitter_card":"summary_large_image","twitter_misc":{"Tiempo de lectura":"1 minuto"},"schema":{"@context":"https:\/\/schema.org","@graph":[{"@type":"WebPage","@id":"https:\/\/www.foscarini.us\/es\/producto\/madre-std-t-es\/","url":"https:\/\/www.foscarini.us\/es\/producto\/madre-std-t-es\/","name":"Madre - Foscarini","isPartOf":{"@id":"https:\/\/www.foscarini.us\/#website"},"primaryImageOfPage":{"@id":"https:\/\/www.foscarini.us\/es\/producto\/madre-std-t-es\/#primaryimage"},"image":{"@id":"https:\/\/www.foscarini.us\/es\/producto\/madre-std-t-es\/#primaryimage"},"thumbnailUrl":"https:\/\/www.foscarini.us\/wp-content\/uploads\/2025\/06\/madre_t_white_22_786x865-1.jpg","datePublished":"2024-03-28T18:07:29+00:00","dateModified":"2025-10-17T14:07:25+00:00","breadcrumb":{"@id":"https:\/\/www.foscarini.us\/es\/producto\/madre-std-t-es\/#breadcrumb"},"inLanguage":"es-AR","potentialAction":[{"@type":"ReadAction","target":["https:\/\/www.foscarini.us\/es\/producto\/madre-std-t-es\/"]}]},{"@type":"ImageObject","inLanguage":"es-AR","@id":"https:\/\/www.foscarini.us\/es\/producto\/madre-std-t-es\/#primaryimage","url":"https:\/\/www.foscarini.us\/wp-content\/uploads\/2025\/06\/madre_t_white_22_786x865-1.jpg","contentUrl":"https:\/\/www.foscarini.us\/wp-content\/uploads\/2025\/06\/madre_t_white_22_786x865-1.jpg","width":786,"height":865},{"@type":"BreadcrumbList","@id":"https:\/\/www.foscarini.us\/es\/producto\/madre-std-t-es\/#breadcrumb","itemListElement":[{"@type":"ListItem","position":1,"name":"Home","item":"https:\/\/www.foscarini.us\/es\/"},{"@type":"ListItem","position":2,"name":"Tienda","item":"https:\/\/www.foscarini.us\/es\/tienda\/"},{"@type":"ListItem","position":3,"name":"Madre"}]},{"@type":"WebSite","@id":"https:\/\/www.foscarini.us\/#website","url":"https:\/\/www.foscarini.us\/","name":"Foscarini","description":"","potentialAction":[{"@type":"SearchAction","target":{"@type":"EntryPoint","urlTemplate":"https:\/\/www.foscarini.us\/?s={search_term_string}"},"query-input":{"@type":"PropertyValueSpecification","valueRequired":true,"valueName":"search_term_string"}}],"inLanguage":"es-AR"}]}},"_links":{"self":[{"href":"https:\/\/www.foscarini.us\/es\/wp-json\/wp\/v2\/product\/192960"}],"collection":[{"href":"https:\/\/www.foscarini.us\/es\/wp-json\/wp\/v2\/product"}],"about":[{"href":"https:\/\/www.foscarini.us\/es\/wp-json\/wp\/v2\/types\/product"}],"replies":[{"embeddable":true,"href":"https:\/\/www.foscarini.us\/es\/wp-json\/wp\/v2\/comments?post=192960"}],"wp:featuredmedia":[{"embeddable":true,"href":"https:\/\/www.foscarini.us\/es\/wp-json\/wp\/v2\/media\/447560"}],"wp:attachment":[{"href":"https:\/\/www.foscarini.us\/es\/wp-json\/wp\/v2\/media?parent=192960"}],"wp:term":[{"taxonomy":"product_cat","embeddable":true,"href":"https:\/\/www.foscarini.us\/es\/wp-json\/wp\/v2\/product_cat?post=192960"},{"taxonomy":"product_tag","embeddable":true,"href":"https:\/\/www.foscarini.us\/es\/wp-json\/wp\/v2\/product_tag?post=192960"},{"taxonomy":"materiale","embeddable":true,"href":"https:\/\/www.foscarini.us\/es\/wp-json\/wp\/v2\/materiale?post=192960"},{"taxonomy":"altezza","embeddable":true,"href":"https:\/\/www.foscarini.us\/es\/wp-json\/wp\/v2\/altezza?post=192960"},{"taxonomy":"larghezza","embeddable":true,"href":"https:\/\/www.foscarini.us\/es\/wp-json\/wp\/v2\/larghezza?post=192960"},{"taxonomy":"profondita","embeddable":true,"href":"https:\/\/www.foscarini.us\/es\/wp-json\/wp\/v2\/profondita?post=192960"},{"taxonomy":"peso","embeddable":true,"href":"https:\/\/www.foscarini.us\/es\/wp-json\/wp\/v2\/peso?post=192960"},{"taxonomy":"designer-prodotto","embeddable":true,"href":"https:\/\/www.foscarini.us\/es\/wp-json\/wp\/v2\/designer-prodotto?post=192960"}],"curies":[{"name":"wp","href":"https:\/\/api.w.org\/{rel}","templated":true}]}}