{"id":192646,"date":"2024-03-28T18:04:53","date_gmt":"2024-03-28T18:04:53","guid":{"rendered":"https:\/\/www.foscarini.us\/product\/le-soleil-std-s\/"},"modified":"2025-10-17T13:57:28","modified_gmt":"2025-10-17T13:57:28","slug":"le-soleil-std-s-es","status":"publish","type":"product","link":"https:\/\/www.foscarini.us\/es\/producto\/le-soleil-std-s-es\/","title":{"rendered":"Le Soleil"},"content":{"rendered":"<p>Vero centro di attrazione visivo, la lampada a sospensione Le Soleil \u00e8 composta da fasce irregolari che creano un affascinante gioco di luce riflessa e diffusa. Un&#8217;architettura sospesa che richiama il profilo del Guggenheim Museum di New York.<\/p><section class=\"pdp__slider full-height-vh\">\n    <div class=\"swiper-container swiper__pdp\">\n        <div class=\"swiper-wrapper full-height\">\n                                <div class=\"swiper-slide\">\n                                                    <img decoding=\"async\" class=\"full-cover\" src=\"https:\/\/www.foscarini.us\/wp-content\/uploads\/2024\/03\/3.1_Soleil-150x150.jpg\" srcset=\"https:\/\/www.foscarini.us\/wp-content\/uploads\/2024\/03\/3.1_Soleil-300x200.jpg 300w, https:\/\/www.foscarini.us\/wp-content\/uploads\/2024\/03\/3.1_Soleil-1024x683.jpg 1024w, https:\/\/www.foscarini.us\/wp-content\/uploads\/2024\/03\/3.1_Soleil-768x512.jpg 768w, https:\/\/www.foscarini.us\/wp-content\/uploads\/2024\/03\/3.1_Soleil-1536x1024.jpg 1536w, https:\/\/www.foscarini.us\/wp-content\/uploads\/2024\/03\/3.1_Soleil-2048x1365.jpg 2048w, https:\/\/www.foscarini.us\/wp-content\/uploads\/2024\/03\/3.1_Soleil-800x533.jpg 800w\" alt=\"\" \/>\n                                                                        <\/div>\n                                        <div class=\"swiper-slide\">\n                                                    <img decoding=\"async\" class=\"full-cover\" src=\"https:\/\/www.foscarini.us\/wp-content\/uploads\/2024\/03\/3.2_Soleil-150x150.jpg\" srcset=\"https:\/\/www.foscarini.us\/wp-content\/uploads\/2024\/03\/3.2_Soleil-300x200.jpg 300w, https:\/\/www.foscarini.us\/wp-content\/uploads\/2024\/03\/3.2_Soleil-1024x683.jpg 1024w, https:\/\/www.foscarini.us\/wp-content\/uploads\/2024\/03\/3.2_Soleil-768x512.jpg 768w, https:\/\/www.foscarini.us\/wp-content\/uploads\/2024\/03\/3.2_Soleil-1536x1024.jpg 1536w, https:\/\/www.foscarini.us\/wp-content\/uploads\/2024\/03\/3.2_Soleil-2048x1365.jpg 2048w, https:\/\/www.foscarini.us\/wp-content\/uploads\/2024\/03\/3.2_Soleil-800x533.jpg 800w\" alt=\"\" \/>\n                                                                        <\/div>\n                                        <div class=\"swiper-slide\">\n                                                    <img decoding=\"async\" class=\"full-cover\" src=\"https:\/\/www.foscarini.us\/wp-content\/uploads\/2024\/03\/3.4_Soleil-150x150.jpg\" srcset=\"https:\/\/www.foscarini.us\/wp-content\/uploads\/2024\/03\/3.4_Soleil-199x300.jpg 199w, https:\/\/www.foscarini.us\/wp-content\/uploads\/2024\/03\/3.4_Soleil-678x1024.jpg 678w, https:\/\/www.foscarini.us\/wp-content\/uploads\/2024\/03\/3.4_Soleil-768x1160.jpg 768w, https:\/\/www.foscarini.us\/wp-content\/uploads\/2024\/03\/3.4_Soleil-800x1208.jpg 800w, https:\/\/www.foscarini.us\/wp-content\/uploads\/2024\/03\/3.4_Soleil.jpg 980w\" alt=\"\" \/>\n                                                                        <\/div>\n                                        <div class=\"swiper-slide\">\n                                                    <img decoding=\"async\" class=\"full-cover\" src=\"https:\/\/www.foscarini.us\/wp-content\/uploads\/2024\/03\/3.5_Soleil-150x150.jpg\" srcset=\"https:\/\/www.foscarini.us\/wp-content\/uploads\/2024\/03\/3.5_Soleil-199x300.jpg 199w, https:\/\/www.foscarini.us\/wp-content\/uploads\/2024\/03\/3.5_Soleil-678x1024.jpg 678w, https:\/\/www.foscarini.us\/wp-content\/uploads\/2024\/03\/3.5_Soleil-768x1160.jpg 768w, https:\/\/www.foscarini.us\/wp-content\/uploads\/2024\/03\/3.5_Soleil-800x1208.jpg 800w, https:\/\/www.foscarini.us\/wp-content\/uploads\/2024\/03\/3.5_Soleil.jpg 980w\" alt=\"\" \/>\n                                                                        <\/div>\n                                        <div class=\"swiper-slide\">\n                                                    <img decoding=\"async\" class=\"full-cover\" src=\"https:\/\/www.foscarini.us\/wp-content\/uploads\/2024\/03\/3.6_Soleil-150x150.jpg\" srcset=\"https:\/\/www.foscarini.us\/wp-content\/uploads\/2024\/03\/3.6_Soleil-199x300.jpg 199w, https:\/\/www.foscarini.us\/wp-content\/uploads\/2024\/03\/3.6_Soleil-678x1024.jpg 678w, https:\/\/www.foscarini.us\/wp-content\/uploads\/2024\/03\/3.6_Soleil-768x1160.jpg 768w, https:\/\/www.foscarini.us\/wp-content\/uploads\/2024\/03\/3.6_Soleil-800x1208.jpg 800w, https:\/\/www.foscarini.us\/wp-content\/uploads\/2024\/03\/3.6_Soleil.jpg 980w\" alt=\"\" \/>\n                                                                        <\/div>\n                                        <div class=\"swiper-slide\">\n                                                    <img decoding=\"async\" class=\"full-cover\" src=\"https:\/\/www.foscarini.us\/wp-content\/uploads\/2024\/03\/3.9_Soleil-150x150.jpg\" srcset=\"https:\/\/www.foscarini.us\/wp-content\/uploads\/2024\/03\/3.9_Soleil-199x300.jpg 199w, https:\/\/www.foscarini.us\/wp-content\/uploads\/2024\/03\/3.9_Soleil-678x1024.jpg 678w, https:\/\/www.foscarini.us\/wp-content\/uploads\/2024\/03\/3.9_Soleil-768x1160.jpg 768w, https:\/\/www.foscarini.us\/wp-content\/uploads\/2024\/03\/3.9_Soleil-800x1208.jpg 800w, https:\/\/www.foscarini.us\/wp-content\/uploads\/2024\/03\/3.9_Soleil.jpg 980w\" alt=\"\" \/>\n                                                                        <\/div>\n                            <\/div>\n    <\/div>\n    <div class=\"swiper-scrollbar\"><\/div>\n    <div class=\"ct-arrow\">\n        <div class=\"swiper-button-prev\"><\/div>\n        <div class=\"swiper-button-next\"><\/div>\n    <\/div>\n<\/section><section class=\"concept__project_comunication full-height-vh\">\n    <div class=\"row row-large\">\n        <div class=\"medium-12 small-12 columns full-height no-padding-right-mobile\">\n            <div class=\"ct-image-text-lateral\">\n                <div class=\"ct-arrow\">\n                    <div class=\"swiper-button-prev\" aria-label=\"previous slide\"><\/div>\n                    <div class=\"swiper-button-next\" aria-label=\"next slide\"><\/div>\n                <\/div>\n                <span class=\"section-name-lateral\">Contenidos Editoriales<\/span>\n                <!-- Swiper -->\n                <div class=\"swiper-container swiper__concept__comunication\">\n                    <div class=\"swiper-wrapper\">\n                                                            <div class=\"swiper-slide\">\n                                        <div class=\"ct-slide\">\n                                                                                                <img decoding=\"async\" class=\"full-cover\" src=\"https:\/\/www.foscarini.us\/wp-content\/uploads\/2024\/09\/BANNER-NEWS-RIAMI-150x150.jpg\" srcset=\"https:\/\/www.foscarini.us\/wp-content\/uploads\/2024\/09\/BANNER-NEWS-RIAMI-300x220.jpg 300w, https:\/\/www.foscarini.us\/wp-content\/uploads\/2024\/09\/BANNER-NEWS-RIAMI-1024x752.jpg 1024w, https:\/\/www.foscarini.us\/wp-content\/uploads\/2024\/09\/BANNER-NEWS-RIAMI-768x564.jpg 768w, https:\/\/www.foscarini.us\/wp-content\/uploads\/2024\/09\/BANNER-NEWS-RIAMI-1536x1128.jpg 1536w, https:\/\/www.foscarini.us\/wp-content\/uploads\/2024\/09\/BANNER-NEWS-RIAMI-800x587.jpg 800w, https:\/\/www.foscarini.us\/wp-content\/uploads\/2024\/09\/BANNER-NEWS-RIAMI.jpg 1640w\" alt=\"\" \/>\n                                                                                                <div class=\"ct-col-right\">\n                                                <div class=\"ct-link\">\n                                                    <a class=\"link-arrow\" href=\"https:\/\/www.foscarini.us\/es\/mattia-riami-foscarini\/\">Sue\u00f1os diurnos y magia cotidiana: Mattia Riami para \u201cWhat\u2019s in a Lamp?\u201d<\/a>\n                                                    <div class=\"text-1\"><p>La serie de ilustraciones de Mattia Riami para el proyecto \u201cWhat\u2019s in a Lamp?\u201d transforma las l\u00e1mparas Foscarini en objetos m\u00e1gicos, utilizando un toque de surrealismo y fantas\u00eda para cambiar las perspectivas y aportar una sensaci\u00f3n de asombro a la vida cotidiana.<\/p>\n<\/div>\n                                                <\/div>\n                                            <\/div>\n                                        <\/div>\n                                    <\/div>\n                                                                        <div class=\"swiper-slide\">\n                                        <div class=\"ct-slide\">\n                                                                                                <img decoding=\"async\" class=\"full-cover\" src=\"https:\/\/www.foscarini.us\/wp-content\/uploads\/2023\/05\/Modulo1_Petterson-150x150.jpg\" srcset=\"https:\/\/www.foscarini.us\/wp-content\/uploads\/2023\/05\/Modulo1_Petterson-300x194.jpg 300w, https:\/\/www.foscarini.us\/wp-content\/uploads\/2023\/05\/Modulo1_Petterson-800x518.jpg 800w, https:\/\/www.foscarini.us\/wp-content\/uploads\/2023\/05\/Modulo1_Petterson-1024x663.jpg 1024w, https:\/\/www.foscarini.us\/wp-content\/uploads\/2023\/05\/Modulo1_Petterson-768x498.jpg 768w, https:\/\/www.foscarini.us\/wp-content\/uploads\/2023\/05\/Modulo1_Petterson-1536x995.jpg 1536w, https:\/\/www.foscarini.us\/wp-content\/uploads\/2023\/05\/Modulo1_Petterson-2048x1327.jpg 2048w\" alt=\"\" \/>\n                                                                                                <div class=\"ct-col-right\">\n                                                <div class=\"ct-link\">\n                                                    <a class=\"link-arrow\" href=\"https:\/\/www.foscarini.us\/es\/la-creatividad-es-encontrar-soluciones-interesantes-a-problemas-interesantes\/\">\u00bfLa creatividad? Es encontrar soluciones interesantes a problemas interesantes. <\/a>\n                                                    <div class=\"text-1\"><p>Animaciones hipn\u00f3ticas en el l\u00edmite entre realidad y fantas\u00eda. Una entrevista con Oscar Pettersson.<\/p>\n<\/div>\n                                                <\/div>\n                                            <\/div>\n                                        <\/div>\n                                    <\/div>\n                                                                        <div class=\"swiper-slide\">\n                                        <div class=\"ct-slide\">\n                                                                                                <img decoding=\"async\" class=\"full-cover\" src=\"https:\/\/www.foscarini.us\/wp-content\/uploads\/2023\/12\/monumental_main_banner-150x150.jpg\" srcset=\"https:\/\/www.foscarini.us\/wp-content\/uploads\/2023\/12\/monumental_main_banner-300x194.jpg 300w, https:\/\/www.foscarini.us\/wp-content\/uploads\/2023\/12\/monumental_main_banner-800x518.jpg 800w, https:\/\/www.foscarini.us\/wp-content\/uploads\/2023\/12\/monumental_main_banner-1024x663.jpg 1024w, https:\/\/www.foscarini.us\/wp-content\/uploads\/2023\/12\/monumental_main_banner-768x498.jpg 768w, https:\/\/www.foscarini.us\/wp-content\/uploads\/2023\/12\/monumental_main_banner-1536x995.jpg 1536w, https:\/\/www.foscarini.us\/wp-content\/uploads\/2023\/12\/monumental_main_banner-2048x1327.jpg 2048w\" alt=\"\" \/>\n                                                                                                <div class=\"ct-col-right\">\n                                                <div class=\"ct-link\">\n                                                    <a class=\"link-arrow\" href=\"https:\/\/www.foscarini.us\/it\/monumental-lampade-come-architetture-monumentali\/\">Monumental<\/a>\n                                                    <div class=\"text-1\"><p>Lampade trasformate in grandi strutture architettoniche proiettate in universi alternativi, in un\u2019inedita mostra fotografica di Massimo Gardone.<\/p>\n<\/div>\n                                                <\/div>\n                                            <\/div>\n                                        <\/div>\n                                    <\/div>\n                                                                        <div class=\"swiper-slide\">\n                                        <div class=\"ct-slide\">\n                                                                                                <img decoding=\"async\" class=\"full-cover\" src=\"https:\/\/www.foscarini.us\/wp-content\/uploads\/2023\/12\/Inventario01-150x150.jpeg\" srcset=\"https:\/\/www.foscarini.us\/wp-content\/uploads\/2023\/12\/Inventario01-232x300.jpeg 232w, https:\/\/www.foscarini.us\/wp-content\/uploads\/2023\/12\/Inventario01-768x992.jpeg 768w, https:\/\/www.foscarini.us\/wp-content\/uploads\/2023\/12\/Inventario01-600x775.jpeg 600w, https:\/\/www.foscarini.us\/wp-content\/uploads\/2023\/12\/Inventario01.jpeg 776w\" alt=\"\" \/>\n                                                                                                <div class=\"ct-col-right\">\n                                                <div class=\"ct-link\">\n                                                    <a class=\"link-arrow\" href=\"https:\/\/www.foscarini.us\/es\/inventario\/inventario-01\/\">Inventario \u00b001<\/a>\n                                                    <div class=\"text-1\"><p>Todo es proyecto. Cada gesto, incluso el m\u00e1s sencillo, es un proyecto. Cualquier acci\u00f3n, sin el quiz\u00e1s, es un proyecto.<\/p>\n<\/div>\n                                                <\/div>\n                                            <\/div>\n                                        <\/div>\n                                    <\/div>\n                                                        <\/div>\n                <\/div>\n            <\/div>\n        <\/div>\n    <\/div>\n<\/section><section class=\"bg__subtitle_and_link_and_text bg-full\" style=\"background-image: url(https:\/\/www.foscarini.us\/wp-content\/uploads\/2024\/03\/4.1_Soleil-1-scaled.jpg);\">\n    <div class=\"row full-height-vh\">\n        <div class=\"medium-6 medium-offset-6 small-12 columns\">\n            <span class=\"subtitle\">VISUALIZA ENCENDIDA Y APAGADA<\/span>\n        <\/div>\n        <div class=\"medium-6 medium-offset-6 small-12 columns align-self-bottom\">\n            <div class=\"ct-text\">\n                <a class=\"link-arrow title-little no-link\" href=\"\"><\/a>\n                <div class=\"text-2 js-heading\"><\/div>\n            <\/div>\n        <\/div>\n    <\/div>\n<\/section>","protected":false},"excerpt":{"rendered":"<p>Las bandas irregulares animan el volumen y hacen que se vea distinta seg\u00fan el punto de vista, creando un especial juego de luz reflejada y difusa. Difusor compuesto por 6 anillos de di\u00e1metro y forma diversa de corte oblicuo, realizados en policarbonato con moldeado por inyecci\u00f3n y acabado mate, fijados a la estructura interna en metal pintado con polvo epox\u00eddico mediante 3 cables de acero inoxidable. Flor\u00f3n de techo con estribo de metal cincado y cobertura enABS coloreado en el compuesto de moldeo blanco brillante. Tres cables de suspensi\u00f3n en acero inoxidable y cable el\u00e9ctrico transparente. Disponible kit para la descentralizaci\u00f3n del flor\u00f3n.<\/p>\n","protected":false},"featured_media":447217,"comment_status":"open","ping_status":"closed","template":"","meta":{"_acf_changed":true},"product_cat":[653,719,914,5482,744],"product_tag":[],"materiale":[8316],"altezza":[11116],"larghezza":[10973],"profondita":[10817],"peso":[10236],"designer-prodotto":[7598],"class_list":{"0":"post-192646","1":"product","2":"type-product","3":"status-publish","4":"has-post-thumbnail","6":"product_cat-concetto-es","7":"product_cat-funzione-es","8":"product_cat-le-soleil-concetto-es","9":"product_cat-le-soleil-famiglia-es","10":"product_cat-sospensione-es","11":"materiale-materiale-plastico-es","12":"altezza-43-es","13":"larghezza-61-es","14":"profondita-61-es","15":"peso-53-es","16":"designer-prodotto-vicente-garcia-jimenez-es","18":"first","19":"instock","20":"shipping-taxable","21":"purchasable","22":"product-type-variable"},"acf":{"preview_slider":{"titolo":"","testo":"","video_domanda":false,"link_video":""},"prodotto__immagine_preview":{"immagine":224192},"prodotto__slider":{"sottotitolo":"Vicente Garcia Jimenez (2009)","titolo":"Aut\u00e9ntico centro de atracci\u00f3n visual, la l\u00e1mpara de suspensi\u00f3n Le Soleil est\u00e1 formada por bandas irregulares que crean un fascinante juego de luz reflejada y difusa. Una arquitectura suspendida que evoca el perfil del Guggenheim Museum de Nueva York.","immagini":[{"immagine":127495,"immagine_mobile":""}]},"prodotto__slider_preview":null,"prodotto__specifiche":{"selezione":[{"scheda_tecnica":483365}]}},"yoast_head":"<!-- This site is optimized with the Yoast SEO Premium plugin v22.4 (Yoast SEO v23.7) - https:\/\/yoast.com\/wordpress\/plugins\/seo\/ -->\n<title>Le Soleil - Foscarini<\/title>\n<meta name=\"robots\" content=\"index, follow, max-snippet:-1, max-image-preview:large, max-video-preview:-1\" \/>\n<meta property=\"og:locale\" content=\"es_ES\" \/>\n<meta property=\"og:type\" content=\"article\" \/>\n<meta property=\"og:title\" content=\"Le Soleil\" \/>\n<meta property=\"og:description\" content=\"Las bandas irregulares animan el volumen y hacen que se vea distinta seg\u00fan el punto de vista, creando un especial juego de luz reflejada y difusa. Difusor compuesto por 6 anillos de di\u00e1metro y forma diversa de corte oblicuo, realizados en policarbonato con moldeado por inyecci\u00f3n y acabado mate, fijados a la estructura interna en metal pintado con polvo epox\u00eddico mediante 3 cables de acero inoxidable. Flor\u00f3n de techo con estribo de metal cincado y cobertura enABS coloreado en el compuesto de moldeo blanco brillante. Tres cables de suspensi\u00f3n en acero inoxidable y cable el\u00e9ctrico transparente. Disponible kit para la descentralizaci\u00f3n del flor\u00f3n.\" \/>\n<meta property=\"og:url\" content=\"https:\/\/www.foscarini.us\/es\/producto\/le-soleil-std-s-es\/\" \/>\n<meta property=\"og:site_name\" content=\"Foscarini\" \/>\n<meta property=\"article:modified_time\" content=\"2025-10-17T13:57:28+00:00\" \/>\n<meta property=\"og:image\" content=\"https:\/\/www.foscarini.us\/wp-content\/uploads\/2025\/06\/le-soleil_s_white_22_786x865-1.jpg\" \/>\n\t<meta property=\"og:image:width\" content=\"786\" \/>\n\t<meta property=\"og:image:height\" content=\"865\" \/>\n\t<meta property=\"og:image:type\" content=\"image\/jpeg\" \/>\n<meta name=\"twitter:card\" content=\"summary_large_image\" \/>\n<meta name=\"twitter:label1\" content=\"Tiempo de lectura\" \/>\n\t<meta name=\"twitter:data1\" content=\"1 minuto\" \/>\n<script type=\"application\/ld+json\" class=\"yoast-schema-graph\">{\"@context\":\"https:\/\/schema.org\",\"@graph\":[{\"@type\":\"WebPage\",\"@id\":\"https:\/\/www.foscarini.us\/es\/producto\/le-soleil-std-s-es\/\",\"url\":\"https:\/\/www.foscarini.us\/es\/producto\/le-soleil-std-s-es\/\",\"name\":\"Le Soleil - Foscarini\",\"isPartOf\":{\"@id\":\"https:\/\/www.foscarini.us\/#website\"},\"primaryImageOfPage\":{\"@id\":\"https:\/\/www.foscarini.us\/es\/producto\/le-soleil-std-s-es\/#primaryimage\"},\"image\":{\"@id\":\"https:\/\/www.foscarini.us\/es\/producto\/le-soleil-std-s-es\/#primaryimage\"},\"thumbnailUrl\":\"https:\/\/www.foscarini.us\/wp-content\/uploads\/2025\/06\/le-soleil_s_white_22_786x865-1.jpg\",\"datePublished\":\"2024-03-28T18:04:53+00:00\",\"dateModified\":\"2025-10-17T13:57:28+00:00\",\"breadcrumb\":{\"@id\":\"https:\/\/www.foscarini.us\/es\/producto\/le-soleil-std-s-es\/#breadcrumb\"},\"inLanguage\":\"es-AR\",\"potentialAction\":[{\"@type\":\"ReadAction\",\"target\":[\"https:\/\/www.foscarini.us\/es\/producto\/le-soleil-std-s-es\/\"]}]},{\"@type\":\"ImageObject\",\"inLanguage\":\"es-AR\",\"@id\":\"https:\/\/www.foscarini.us\/es\/producto\/le-soleil-std-s-es\/#primaryimage\",\"url\":\"https:\/\/www.foscarini.us\/wp-content\/uploads\/2025\/06\/le-soleil_s_white_22_786x865-1.jpg\",\"contentUrl\":\"https:\/\/www.foscarini.us\/wp-content\/uploads\/2025\/06\/le-soleil_s_white_22_786x865-1.jpg\",\"width\":786,\"height\":865},{\"@type\":\"BreadcrumbList\",\"@id\":\"https:\/\/www.foscarini.us\/es\/producto\/le-soleil-std-s-es\/#breadcrumb\",\"itemListElement\":[{\"@type\":\"ListItem\",\"position\":1,\"name\":\"Home\",\"item\":\"https:\/\/www.foscarini.us\/es\/\"},{\"@type\":\"ListItem\",\"position\":2,\"name\":\"Tienda\",\"item\":\"https:\/\/www.foscarini.us\/es\/tienda\/\"},{\"@type\":\"ListItem\",\"position\":3,\"name\":\"Le Soleil\"}]},{\"@type\":\"WebSite\",\"@id\":\"https:\/\/www.foscarini.us\/#website\",\"url\":\"https:\/\/www.foscarini.us\/\",\"name\":\"Foscarini\",\"description\":\"\",\"potentialAction\":[{\"@type\":\"SearchAction\",\"target\":{\"@type\":\"EntryPoint\",\"urlTemplate\":\"https:\/\/www.foscarini.us\/?s={search_term_string}\"},\"query-input\":{\"@type\":\"PropertyValueSpecification\",\"valueRequired\":true,\"valueName\":\"search_term_string\"}}],\"inLanguage\":\"es-AR\"}]}<\/script>\n<!-- \/ Yoast SEO Premium plugin. -->","yoast_head_json":{"title":"Le Soleil - Foscarini","robots":{"index":"index","follow":"follow","max-snippet":"max-snippet:-1","max-image-preview":"max-image-preview:large","max-video-preview":"max-video-preview:-1"},"og_locale":"es_ES","og_type":"article","og_title":"Le Soleil","og_description":"Las bandas irregulares animan el volumen y hacen que se vea distinta seg\u00fan el punto de vista, creando un especial juego de luz reflejada y difusa. Difusor compuesto por 6 anillos de di\u00e1metro y forma diversa de corte oblicuo, realizados en policarbonato con moldeado por inyecci\u00f3n y acabado mate, fijados a la estructura interna en metal pintado con polvo epox\u00eddico mediante 3 cables de acero inoxidable. Flor\u00f3n de techo con estribo de metal cincado y cobertura enABS coloreado en el compuesto de moldeo blanco brillante. Tres cables de suspensi\u00f3n en acero inoxidable y cable el\u00e9ctrico transparente. Disponible kit para la descentralizaci\u00f3n del flor\u00f3n.","og_url":"https:\/\/www.foscarini.us\/es\/producto\/le-soleil-std-s-es\/","og_site_name":"Foscarini","article_modified_time":"2025-10-17T13:57:28+00:00","og_image":[{"width":786,"height":865,"url":"https:\/\/www.foscarini.us\/wp-content\/uploads\/2025\/06\/le-soleil_s_white_22_786x865-1.jpg","type":"image\/jpeg"}],"twitter_card":"summary_large_image","twitter_misc":{"Tiempo de lectura":"1 minuto"},"schema":{"@context":"https:\/\/schema.org","@graph":[{"@type":"WebPage","@id":"https:\/\/www.foscarini.us\/es\/producto\/le-soleil-std-s-es\/","url":"https:\/\/www.foscarini.us\/es\/producto\/le-soleil-std-s-es\/","name":"Le Soleil - Foscarini","isPartOf":{"@id":"https:\/\/www.foscarini.us\/#website"},"primaryImageOfPage":{"@id":"https:\/\/www.foscarini.us\/es\/producto\/le-soleil-std-s-es\/#primaryimage"},"image":{"@id":"https:\/\/www.foscarini.us\/es\/producto\/le-soleil-std-s-es\/#primaryimage"},"thumbnailUrl":"https:\/\/www.foscarini.us\/wp-content\/uploads\/2025\/06\/le-soleil_s_white_22_786x865-1.jpg","datePublished":"2024-03-28T18:04:53+00:00","dateModified":"2025-10-17T13:57:28+00:00","breadcrumb":{"@id":"https:\/\/www.foscarini.us\/es\/producto\/le-soleil-std-s-es\/#breadcrumb"},"inLanguage":"es-AR","potentialAction":[{"@type":"ReadAction","target":["https:\/\/www.foscarini.us\/es\/producto\/le-soleil-std-s-es\/"]}]},{"@type":"ImageObject","inLanguage":"es-AR","@id":"https:\/\/www.foscarini.us\/es\/producto\/le-soleil-std-s-es\/#primaryimage","url":"https:\/\/www.foscarini.us\/wp-content\/uploads\/2025\/06\/le-soleil_s_white_22_786x865-1.jpg","contentUrl":"https:\/\/www.foscarini.us\/wp-content\/uploads\/2025\/06\/le-soleil_s_white_22_786x865-1.jpg","width":786,"height":865},{"@type":"BreadcrumbList","@id":"https:\/\/www.foscarini.us\/es\/producto\/le-soleil-std-s-es\/#breadcrumb","itemListElement":[{"@type":"ListItem","position":1,"name":"Home","item":"https:\/\/www.foscarini.us\/es\/"},{"@type":"ListItem","position":2,"name":"Tienda","item":"https:\/\/www.foscarini.us\/es\/tienda\/"},{"@type":"ListItem","position":3,"name":"Le Soleil"}]},{"@type":"WebSite","@id":"https:\/\/www.foscarini.us\/#website","url":"https:\/\/www.foscarini.us\/","name":"Foscarini","description":"","potentialAction":[{"@type":"SearchAction","target":{"@type":"EntryPoint","urlTemplate":"https:\/\/www.foscarini.us\/?s={search_term_string}"},"query-input":{"@type":"PropertyValueSpecification","valueRequired":true,"valueName":"search_term_string"}}],"inLanguage":"es-AR"}]}},"_links":{"self":[{"href":"https:\/\/www.foscarini.us\/es\/wp-json\/wp\/v2\/product\/192646"}],"collection":[{"href":"https:\/\/www.foscarini.us\/es\/wp-json\/wp\/v2\/product"}],"about":[{"href":"https:\/\/www.foscarini.us\/es\/wp-json\/wp\/v2\/types\/product"}],"replies":[{"embeddable":true,"href":"https:\/\/www.foscarini.us\/es\/wp-json\/wp\/v2\/comments?post=192646"}],"wp:featuredmedia":[{"embeddable":true,"href":"https:\/\/www.foscarini.us\/es\/wp-json\/wp\/v2\/media\/447217"}],"wp:attachment":[{"href":"https:\/\/www.foscarini.us\/es\/wp-json\/wp\/v2\/media?parent=192646"}],"wp:term":[{"taxonomy":"product_cat","embeddable":true,"href":"https:\/\/www.foscarini.us\/es\/wp-json\/wp\/v2\/product_cat?post=192646"},{"taxonomy":"product_tag","embeddable":true,"href":"https:\/\/www.foscarini.us\/es\/wp-json\/wp\/v2\/product_tag?post=192646"},{"taxonomy":"materiale","embeddable":true,"href":"https:\/\/www.foscarini.us\/es\/wp-json\/wp\/v2\/materiale?post=192646"},{"taxonomy":"altezza","embeddable":true,"href":"https:\/\/www.foscarini.us\/es\/wp-json\/wp\/v2\/altezza?post=192646"},{"taxonomy":"larghezza","embeddable":true,"href":"https:\/\/www.foscarini.us\/es\/wp-json\/wp\/v2\/larghezza?post=192646"},{"taxonomy":"profondita","embeddable":true,"href":"https:\/\/www.foscarini.us\/es\/wp-json\/wp\/v2\/profondita?post=192646"},{"taxonomy":"peso","embeddable":true,"href":"https:\/\/www.foscarini.us\/es\/wp-json\/wp\/v2\/peso?post=192646"},{"taxonomy":"designer-prodotto","embeddable":true,"href":"https:\/\/www.foscarini.us\/es\/wp-json\/wp\/v2\/designer-prodotto?post=192646"}],"curies":[{"name":"wp","href":"https:\/\/api.w.org\/{rel}","templated":true}]}}