{"id":192181,"date":"2024-03-28T18:12:52","date_gmt":"2024-03-28T18:12:52","guid":{"rendered":"https:\/\/www.foscarini.us\/product\/rituals-2-rituals-wc\/"},"modified":"2025-10-17T14:27:10","modified_gmt":"2025-10-17T14:27:10","slug":"rituals-2-rituals-wc-es","status":"publish","type":"product","link":"https:\/\/www.foscarini.us\/es\/producto\/rituals-2-rituals-wc-es\/","title":{"rendered":"Rituals 2"},"content":{"rendered":"<section class=\"pdp__slider full-height-vh\">\n    <div class=\"swiper-container swiper__pdp\">\n        <div class=\"swiper-wrapper full-height\">\n                                <div class=\"swiper-slide\">\n                                                    <img decoding=\"async\" class=\"full-cover\" src=\"https:\/\/www.foscarini.us\/wp-content\/uploads\/2024\/03\/3.3_Rituals-2-150x150.jpg\" srcset=\"https:\/\/www.foscarini.us\/wp-content\/uploads\/2024\/03\/3.3_Rituals-2-300x200.jpg 300w, https:\/\/www.foscarini.us\/wp-content\/uploads\/2024\/03\/3.3_Rituals-2-1024x683.jpg 1024w, https:\/\/www.foscarini.us\/wp-content\/uploads\/2024\/03\/3.3_Rituals-2-768x512.jpg 768w, https:\/\/www.foscarini.us\/wp-content\/uploads\/2024\/03\/3.3_Rituals-2-1536x1024.jpg 1536w, https:\/\/www.foscarini.us\/wp-content\/uploads\/2024\/03\/3.3_Rituals-2-2048x1365.jpg 2048w, https:\/\/www.foscarini.us\/wp-content\/uploads\/2024\/03\/3.3_Rituals-2-800x533.jpg 800w\" alt=\"\" \/>\n                                                                        <\/div>\n                                        <div class=\"swiper-slide\">\n                                                    <img decoding=\"async\" class=\"full-cover\" src=\"https:\/\/www.foscarini.us\/wp-content\/uploads\/2024\/03\/3.4_Rituals-2-150x150.jpg\" srcset=\"https:\/\/www.foscarini.us\/wp-content\/uploads\/2024\/03\/3.4_Rituals-2-199x300.jpg 199w, https:\/\/www.foscarini.us\/wp-content\/uploads\/2024\/03\/3.4_Rituals-2-678x1024.jpg 678w, https:\/\/www.foscarini.us\/wp-content\/uploads\/2024\/03\/3.4_Rituals-2-768x1160.jpg 768w, https:\/\/www.foscarini.us\/wp-content\/uploads\/2024\/03\/3.4_Rituals-2-800x1208.jpg 800w, https:\/\/www.foscarini.us\/wp-content\/uploads\/2024\/03\/3.4_Rituals-2.jpg 980w\" alt=\"\" \/>\n                                                                        <\/div>\n                                        <div class=\"swiper-slide\">\n                                                    <img decoding=\"async\" class=\"full-cover\" src=\"https:\/\/www.foscarini.us\/wp-content\/uploads\/2024\/03\/3.9_Rituals-2-150x150.jpg\" srcset=\"https:\/\/www.foscarini.us\/wp-content\/uploads\/2024\/03\/3.9_Rituals-2-300x300.jpg 300w, https:\/\/www.foscarini.us\/wp-content\/uploads\/2024\/03\/3.9_Rituals-2-1024x1024.jpg 1024w, https:\/\/www.foscarini.us\/wp-content\/uploads\/2024\/03\/3.9_Rituals-2-150x150.jpg 150w, https:\/\/www.foscarini.us\/wp-content\/uploads\/2024\/03\/3.9_Rituals-2-768x768.jpg 768w, https:\/\/www.foscarini.us\/wp-content\/uploads\/2024\/03\/3.9_Rituals-2-400x400.jpg 400w, https:\/\/www.foscarini.us\/wp-content\/uploads\/2024\/03\/3.9_Rituals-2-800x800.jpg 800w, https:\/\/www.foscarini.us\/wp-content\/uploads\/2024\/03\/3.9_Rituals-2-100x100.jpg 100w, https:\/\/www.foscarini.us\/wp-content\/uploads\/2024\/03\/3.9_Rituals-2.jpg 1480w\" alt=\"\" \/>\n                                                                        <\/div>\n                                        <div class=\"swiper-slide\">\n                                                    <img decoding=\"async\" class=\"full-cover\" src=\"https:\/\/www.foscarini.us\/wp-content\/uploads\/2024\/03\/3.10_Rituals-2-150x150.jpg\" srcset=\"https:\/\/www.foscarini.us\/wp-content\/uploads\/2024\/03\/3.10_Rituals-2-225x300.jpg 225w, https:\/\/www.foscarini.us\/wp-content\/uploads\/2024\/03\/3.10_Rituals-2-767x1024.jpg 767w, https:\/\/www.foscarini.us\/wp-content\/uploads\/2024\/03\/3.10_Rituals-2-768x1025.jpg 768w, https:\/\/www.foscarini.us\/wp-content\/uploads\/2024\/03\/3.10_Rituals-2-800x1068.jpg 800w, https:\/\/www.foscarini.us\/wp-content\/uploads\/2024\/03\/3.10_Rituals-2.jpg 1109w\" alt=\"\" \/>\n                                                                        <\/div>\n                            <\/div>\n    <\/div>\n    <div class=\"swiper-scrollbar\"><\/div>\n    <div class=\"ct-arrow\">\n        <div class=\"swiper-button-prev\"><\/div>\n        <div class=\"swiper-button-next\"><\/div>\n    <\/div>\n<\/section><div class=\"wp-block-columns two_image_join two_image_join_affiancate on_off_block is-layout-flex wp-container-core-columns-is-layout-1 wp-block-columns-is-layout-flex\"><div class=\"wp-block-column is-layout-flow wp-block-column-is-layout-flow\"><div class=\"wp-block-getwid-image-hotspot\" data-appearance-animation=\"none\" data-image-points=\"[{&quot;link&quot;:&quot;&quot;,&quot;icon&quot;:&quot;&quot;,&quot;title&quot;:&quot;acceso&quot;,&quot;color&quot;:&quot;&quot;,&quot;content&quot;:&quot;&quot;,&quot;backgroundColor&quot;:&quot;&quot;,&quot;newTab&quot;:false,&quot;popUpOpen&quot;:false,&quot;popUpWidth&quot;:350,&quot;placement&quot;:&quot;top&quot;,&quot;position&quot;:{&quot;x&quot;:&quot;25.54%&quot;,&quot;y&quot;:&quot;20.49%&quot;}}]\" data-trigger=\"click\" data-theme=\"light\" data-tooltip-animation=\"shift-toward\" data-arrow=\"true\"><div class=\"wp-block-getwid-image-hotspot__wrapper\"><img loading=\"lazy\" decoding=\"async\" width=\"2560\" height=\"1591\" src=\"https:\/\/www.foscarini.us\/wp-content\/uploads\/2024\/03\/4.1-OFF_Rituals2-scaled.jpg\" alt=\"\" class=\"wp-block-getwid-image-hotspot__image wp-image-396277\" srcset=\"https:\/\/www.foscarini.us\/wp-content\/uploads\/2024\/03\/4.1-OFF_Rituals2-scaled.jpg 2560w, https:\/\/www.foscarini.us\/wp-content\/uploads\/2024\/03\/4.1-OFF_Rituals2-300x186.jpg 300w, https:\/\/www.foscarini.us\/wp-content\/uploads\/2024\/03\/4.1-OFF_Rituals2-1024x636.jpg 1024w, https:\/\/www.foscarini.us\/wp-content\/uploads\/2024\/03\/4.1-OFF_Rituals2-768x477.jpg 768w, https:\/\/www.foscarini.us\/wp-content\/uploads\/2024\/03\/4.1-OFF_Rituals2-1536x955.jpg 1536w, https:\/\/www.foscarini.us\/wp-content\/uploads\/2024\/03\/4.1-OFF_Rituals2-2048x1273.jpg 2048w, https:\/\/www.foscarini.us\/wp-content\/uploads\/2024\/03\/4.1-OFF_Rituals2-800x497.jpg 800w\" sizes=\"(max-width: 2560px) 100vw, 2560px\" \/><div data-point-id=\"0\" class=\"wp-block-getwid-image-hotspot__dot has-animation-pulse\" style=\"left:25.54%;top:20.49%\"><div class=\"wp-block-getwid-image-hotspot__dot-wrapper\"><div class=\"wp-block-getwid-image-hotspot__dot-content\"><i class=\"fas fa-plus wp-block-getwid-image-hotspot__dot-icon\"><\/i><\/div><\/div><div class=\"wp-block-getwid-image-hotspot__dot-description\"><div class=\"wp-block-getwid-image-hotspot__dot-title\">acceso<\/div><\/div><\/div><\/div><\/div>\n\n<figure class=\"wp-block-image size-large absolute_image\"><img loading=\"lazy\" decoding=\"async\" width=\"1024\" height=\"636\" src=\"https:\/\/www.foscarini.us\/wp-content\/uploads\/2024\/03\/4.2-ON_Rituals2-1024x636.jpg\" alt=\"\" class=\"wp-image-396284\" srcset=\"https:\/\/www.foscarini.us\/wp-content\/uploads\/2024\/03\/4.2-ON_Rituals2-1024x636.jpg 1024w, https:\/\/www.foscarini.us\/wp-content\/uploads\/2024\/03\/4.2-ON_Rituals2-300x186.jpg 300w, https:\/\/www.foscarini.us\/wp-content\/uploads\/2024\/03\/4.2-ON_Rituals2-768x477.jpg 768w, https:\/\/www.foscarini.us\/wp-content\/uploads\/2024\/03\/4.2-ON_Rituals2-1536x955.jpg 1536w, https:\/\/www.foscarini.us\/wp-content\/uploads\/2024\/03\/4.2-ON_Rituals2-2048x1273.jpg 2048w, https:\/\/www.foscarini.us\/wp-content\/uploads\/2024\/03\/4.2-ON_Rituals2-800x497.jpg 800w\" sizes=\"(max-width: 1024px) 100vw, 1024px\" \/><\/figure><\/div><\/div>","protected":false},"excerpt":{"rendered":"<p>Colecci\u00f3n de plafones de luz difusa. Tres formas de difusor en vidrio soplado a boca con procedimiento de soplado del vidrio sin girar en el molde (\u201cparado\u201d), el efecto a rayas se obtiene con un molde con decoraciones en negativo que se repiten en la superficie del vidrio, a continuaci\u00f3n el vidrio se esmerila manualmente \u201ccon cinta\u201d y se somete a un procedimiento de inmersi\u00f3n en \u00e1cido para marcar el efecto yesoso. En la versi\u00f3n Rituals 2, el montaje especial, en metal pintado con polvos epox\u00eddicos, permite su instalaci\u00f3n tanto en el techo como en la pared.<\/p>\n","protected":false},"featured_media":448360,"comment_status":"open","ping_status":"closed","template":"","meta":{"_acf_changed":false},"product_cat":[653,719,708,837,5573],"product_tag":[],"materiale":[8157],"altezza":[9659],"larghezza":[9938],"profondita":[9855],"peso":[9809],"designer-prodotto":[7884],"class_list":{"0":"post-192181","1":"product","2":"type-product","3":"status-publish","4":"has-post-thumbnail","6":"product_cat-concetto-es","7":"product_cat-funzione-es","8":"product_cat-parete-es","9":"product_cat-rituals-concetto-es","10":"product_cat-rituals-famiglia-es","11":"materiale-vetro-e-vetro-soffiato-es","12":"altezza-21-es","13":"larghezza-34-es","14":"profondita-34-es","15":"peso-4-es","16":"designer-prodotto-ludovica-e-roberto-palomba-es","18":"first","19":"instock","20":"shipping-taxable","21":"purchasable","22":"product-type-variable"},"acf":{"preview_slider":{"titolo":"","testo":"","video_domanda":false,"link_video":""},"prodotto__immagine_preview":{"immagine":123146},"prodotto__slider":{"sottotitolo":"Ludovica+Roberto Palomba (2015)","titolo":"Las l\u00e1mparas Rituals traducen el resplandor m\u00e1gico de las linternas de papel de arroz orientales en formas de dise\u00f1o contempor\u00e1neo hechas de vidrio soplado con un tratamiento especial en la superficie. La l\u00e1mpara de techo y pared Rituals 2 tiene una presencia importante y una luminosidad c\u00e1lida y vibrante.","immagini":[{"immagine":424391,"immagine_mobile":""}]},"prodotto__slider_preview":null,"prodotto__specifiche":{"selezione":[{"scheda_tecnica":483730}]}},"yoast_head":"<!-- This site is optimized with the Yoast SEO Premium plugin v22.4 (Yoast SEO v23.7) - https:\/\/yoast.com\/wordpress\/plugins\/seo\/ -->\n<title>Rituals 2 - Foscarini<\/title>\n<meta name=\"robots\" content=\"index, follow, max-snippet:-1, max-image-preview:large, max-video-preview:-1\" \/>\n<meta property=\"og:locale\" content=\"es_ES\" \/>\n<meta property=\"og:type\" content=\"article\" \/>\n<meta property=\"og:title\" content=\"Rituals 2\" \/>\n<meta property=\"og:description\" content=\"Colecci\u00f3n de plafones de luz difusa. Tres formas de difusor en vidrio soplado a boca con procedimiento de soplado del vidrio sin girar en el molde (\u201cparado\u201d), el efecto a rayas se obtiene con un molde con decoraciones en negativo que se repiten en la superficie del vidrio, a continuaci\u00f3n el vidrio se esmerila manualmente \u201ccon cinta\u201d y se somete a un procedimiento de inmersi\u00f3n en \u00e1cido para marcar el efecto yesoso. En la versi\u00f3n Rituals 2, el montaje especial, en metal pintado con polvos epox\u00eddicos, permite su instalaci\u00f3n tanto en el techo como en la pared.\" \/>\n<meta property=\"og:url\" content=\"https:\/\/www.foscarini.us\/es\/producto\/rituals-2-rituals-wc-es\/\" \/>\n<meta property=\"og:site_name\" content=\"Foscarini\" \/>\n<meta property=\"article:modified_time\" content=\"2025-10-17T14:27:10+00:00\" \/>\n<meta property=\"og:image\" content=\"https:\/\/www.foscarini.us\/wp-content\/uploads\/2025\/06\/rituals-2_w_white_22_786x865-3.jpg\" \/>\n\t<meta property=\"og:image:width\" content=\"786\" \/>\n\t<meta property=\"og:image:height\" content=\"865\" \/>\n\t<meta property=\"og:image:type\" content=\"image\/jpeg\" \/>\n<meta name=\"twitter:card\" content=\"summary_large_image\" \/>\n<meta name=\"twitter:label1\" content=\"Tiempo de lectura\" \/>\n\t<meta name=\"twitter:data1\" content=\"1 minuto\" \/>\n<script type=\"application\/ld+json\" class=\"yoast-schema-graph\">{\"@context\":\"https:\/\/schema.org\",\"@graph\":[{\"@type\":\"WebPage\",\"@id\":\"https:\/\/www.foscarini.us\/es\/producto\/rituals-2-rituals-wc-es\/\",\"url\":\"https:\/\/www.foscarini.us\/es\/producto\/rituals-2-rituals-wc-es\/\",\"name\":\"Rituals 2 - Foscarini\",\"isPartOf\":{\"@id\":\"https:\/\/www.foscarini.us\/#website\"},\"primaryImageOfPage\":{\"@id\":\"https:\/\/www.foscarini.us\/es\/producto\/rituals-2-rituals-wc-es\/#primaryimage\"},\"image\":{\"@id\":\"https:\/\/www.foscarini.us\/es\/producto\/rituals-2-rituals-wc-es\/#primaryimage\"},\"thumbnailUrl\":\"https:\/\/www.foscarini.us\/wp-content\/uploads\/2025\/06\/rituals-2_w_white_22_786x865-3.jpg\",\"datePublished\":\"2024-03-28T18:12:52+00:00\",\"dateModified\":\"2025-10-17T14:27:10+00:00\",\"breadcrumb\":{\"@id\":\"https:\/\/www.foscarini.us\/es\/producto\/rituals-2-rituals-wc-es\/#breadcrumb\"},\"inLanguage\":\"es-AR\",\"potentialAction\":[{\"@type\":\"ReadAction\",\"target\":[\"https:\/\/www.foscarini.us\/es\/producto\/rituals-2-rituals-wc-es\/\"]}]},{\"@type\":\"ImageObject\",\"inLanguage\":\"es-AR\",\"@id\":\"https:\/\/www.foscarini.us\/es\/producto\/rituals-2-rituals-wc-es\/#primaryimage\",\"url\":\"https:\/\/www.foscarini.us\/wp-content\/uploads\/2025\/06\/rituals-2_w_white_22_786x865-3.jpg\",\"contentUrl\":\"https:\/\/www.foscarini.us\/wp-content\/uploads\/2025\/06\/rituals-2_w_white_22_786x865-3.jpg\",\"width\":786,\"height\":865},{\"@type\":\"BreadcrumbList\",\"@id\":\"https:\/\/www.foscarini.us\/es\/producto\/rituals-2-rituals-wc-es\/#breadcrumb\",\"itemListElement\":[{\"@type\":\"ListItem\",\"position\":1,\"name\":\"Home\",\"item\":\"https:\/\/www.foscarini.us\/es\/\"},{\"@type\":\"ListItem\",\"position\":2,\"name\":\"Tienda\",\"item\":\"https:\/\/www.foscarini.us\/es\/tienda\/\"},{\"@type\":\"ListItem\",\"position\":3,\"name\":\"Rituals 2\"}]},{\"@type\":\"WebSite\",\"@id\":\"https:\/\/www.foscarini.us\/#website\",\"url\":\"https:\/\/www.foscarini.us\/\",\"name\":\"Foscarini\",\"description\":\"\",\"potentialAction\":[{\"@type\":\"SearchAction\",\"target\":{\"@type\":\"EntryPoint\",\"urlTemplate\":\"https:\/\/www.foscarini.us\/?s={search_term_string}\"},\"query-input\":{\"@type\":\"PropertyValueSpecification\",\"valueRequired\":true,\"valueName\":\"search_term_string\"}}],\"inLanguage\":\"es-AR\"}]}<\/script>\n<!-- \/ Yoast SEO Premium plugin. -->","yoast_head_json":{"title":"Rituals 2 - Foscarini","robots":{"index":"index","follow":"follow","max-snippet":"max-snippet:-1","max-image-preview":"max-image-preview:large","max-video-preview":"max-video-preview:-1"},"og_locale":"es_ES","og_type":"article","og_title":"Rituals 2","og_description":"Colecci\u00f3n de plafones de luz difusa. Tres formas de difusor en vidrio soplado a boca con procedimiento de soplado del vidrio sin girar en el molde (\u201cparado\u201d), el efecto a rayas se obtiene con un molde con decoraciones en negativo que se repiten en la superficie del vidrio, a continuaci\u00f3n el vidrio se esmerila manualmente \u201ccon cinta\u201d y se somete a un procedimiento de inmersi\u00f3n en \u00e1cido para marcar el efecto yesoso. En la versi\u00f3n Rituals 2, el montaje especial, en metal pintado con polvos epox\u00eddicos, permite su instalaci\u00f3n tanto en el techo como en la pared.","og_url":"https:\/\/www.foscarini.us\/es\/producto\/rituals-2-rituals-wc-es\/","og_site_name":"Foscarini","article_modified_time":"2025-10-17T14:27:10+00:00","og_image":[{"width":786,"height":865,"url":"https:\/\/www.foscarini.us\/wp-content\/uploads\/2025\/06\/rituals-2_w_white_22_786x865-3.jpg","type":"image\/jpeg"}],"twitter_card":"summary_large_image","twitter_misc":{"Tiempo de lectura":"1 minuto"},"schema":{"@context":"https:\/\/schema.org","@graph":[{"@type":"WebPage","@id":"https:\/\/www.foscarini.us\/es\/producto\/rituals-2-rituals-wc-es\/","url":"https:\/\/www.foscarini.us\/es\/producto\/rituals-2-rituals-wc-es\/","name":"Rituals 2 - Foscarini","isPartOf":{"@id":"https:\/\/www.foscarini.us\/#website"},"primaryImageOfPage":{"@id":"https:\/\/www.foscarini.us\/es\/producto\/rituals-2-rituals-wc-es\/#primaryimage"},"image":{"@id":"https:\/\/www.foscarini.us\/es\/producto\/rituals-2-rituals-wc-es\/#primaryimage"},"thumbnailUrl":"https:\/\/www.foscarini.us\/wp-content\/uploads\/2025\/06\/rituals-2_w_white_22_786x865-3.jpg","datePublished":"2024-03-28T18:12:52+00:00","dateModified":"2025-10-17T14:27:10+00:00","breadcrumb":{"@id":"https:\/\/www.foscarini.us\/es\/producto\/rituals-2-rituals-wc-es\/#breadcrumb"},"inLanguage":"es-AR","potentialAction":[{"@type":"ReadAction","target":["https:\/\/www.foscarini.us\/es\/producto\/rituals-2-rituals-wc-es\/"]}]},{"@type":"ImageObject","inLanguage":"es-AR","@id":"https:\/\/www.foscarini.us\/es\/producto\/rituals-2-rituals-wc-es\/#primaryimage","url":"https:\/\/www.foscarini.us\/wp-content\/uploads\/2025\/06\/rituals-2_w_white_22_786x865-3.jpg","contentUrl":"https:\/\/www.foscarini.us\/wp-content\/uploads\/2025\/06\/rituals-2_w_white_22_786x865-3.jpg","width":786,"height":865},{"@type":"BreadcrumbList","@id":"https:\/\/www.foscarini.us\/es\/producto\/rituals-2-rituals-wc-es\/#breadcrumb","itemListElement":[{"@type":"ListItem","position":1,"name":"Home","item":"https:\/\/www.foscarini.us\/es\/"},{"@type":"ListItem","position":2,"name":"Tienda","item":"https:\/\/www.foscarini.us\/es\/tienda\/"},{"@type":"ListItem","position":3,"name":"Rituals 2"}]},{"@type":"WebSite","@id":"https:\/\/www.foscarini.us\/#website","url":"https:\/\/www.foscarini.us\/","name":"Foscarini","description":"","potentialAction":[{"@type":"SearchAction","target":{"@type":"EntryPoint","urlTemplate":"https:\/\/www.foscarini.us\/?s={search_term_string}"},"query-input":{"@type":"PropertyValueSpecification","valueRequired":true,"valueName":"search_term_string"}}],"inLanguage":"es-AR"}]}},"_links":{"self":[{"href":"https:\/\/www.foscarini.us\/es\/wp-json\/wp\/v2\/product\/192181"}],"collection":[{"href":"https:\/\/www.foscarini.us\/es\/wp-json\/wp\/v2\/product"}],"about":[{"href":"https:\/\/www.foscarini.us\/es\/wp-json\/wp\/v2\/types\/product"}],"replies":[{"embeddable":true,"href":"https:\/\/www.foscarini.us\/es\/wp-json\/wp\/v2\/comments?post=192181"}],"wp:featuredmedia":[{"embeddable":true,"href":"https:\/\/www.foscarini.us\/es\/wp-json\/wp\/v2\/media\/448360"}],"wp:attachment":[{"href":"https:\/\/www.foscarini.us\/es\/wp-json\/wp\/v2\/media?parent=192181"}],"wp:term":[{"taxonomy":"product_cat","embeddable":true,"href":"https:\/\/www.foscarini.us\/es\/wp-json\/wp\/v2\/product_cat?post=192181"},{"taxonomy":"product_tag","embeddable":true,"href":"https:\/\/www.foscarini.us\/es\/wp-json\/wp\/v2\/product_tag?post=192181"},{"taxonomy":"materiale","embeddable":true,"href":"https:\/\/www.foscarini.us\/es\/wp-json\/wp\/v2\/materiale?post=192181"},{"taxonomy":"altezza","embeddable":true,"href":"https:\/\/www.foscarini.us\/es\/wp-json\/wp\/v2\/altezza?post=192181"},{"taxonomy":"larghezza","embeddable":true,"href":"https:\/\/www.foscarini.us\/es\/wp-json\/wp\/v2\/larghezza?post=192181"},{"taxonomy":"profondita","embeddable":true,"href":"https:\/\/www.foscarini.us\/es\/wp-json\/wp\/v2\/profondita?post=192181"},{"taxonomy":"peso","embeddable":true,"href":"https:\/\/www.foscarini.us\/es\/wp-json\/wp\/v2\/peso?post=192181"},{"taxonomy":"designer-prodotto","embeddable":true,"href":"https:\/\/www.foscarini.us\/es\/wp-json\/wp\/v2\/designer-prodotto?post=192181"}],"curies":[{"name":"wp","href":"https:\/\/api.w.org\/{rel}","templated":true}]}}