{"id":192168,"date":"2024-03-28T18:03:23","date_gmt":"2024-03-28T18:03:23","guid":{"rendered":"https:\/\/www.foscarini.us\/product\/havana-std-f\/"},"modified":"2025-10-17T13:48:13","modified_gmt":"2025-10-17T13:48:13","slug":"havana-std-f-es","status":"publish","type":"product","link":"https:\/\/www.foscarini.us\/es\/producto\/havana-std-f-es\/","title":{"rendered":"Havana"},"content":{"rendered":"<section class=\"pdp__slider full-height-vh\">\n    <div class=\"swiper-container swiper__pdp\">\n        <div class=\"swiper-wrapper full-height\">\n                                <div class=\"swiper-slide\">\n                                                    <img decoding=\"async\" class=\"full-cover\" src=\"https:\/\/www.foscarini.us\/wp-content\/uploads\/2024\/03\/3.4_Havana-3-150x150.jpg\" srcset=\"https:\/\/www.foscarini.us\/wp-content\/uploads\/2024\/03\/3.4_Havana-3-199x300.jpg 199w, https:\/\/www.foscarini.us\/wp-content\/uploads\/2024\/03\/3.4_Havana-3-678x1024.jpg 678w, https:\/\/www.foscarini.us\/wp-content\/uploads\/2024\/03\/3.4_Havana-3-768x1160.jpg 768w, https:\/\/www.foscarini.us\/wp-content\/uploads\/2024\/03\/3.4_Havana-3-800x1208.jpg 800w, https:\/\/www.foscarini.us\/wp-content\/uploads\/2024\/03\/3.4_Havana-3.jpg 980w\" alt=\"\" \/>\n                                                                        <\/div>\n                                        <div class=\"swiper-slide\">\n                                                    <img decoding=\"async\" class=\"full-cover\" src=\"https:\/\/www.foscarini.us\/wp-content\/uploads\/2024\/03\/3.3_Havana-2-150x150.jpg\" srcset=\"https:\/\/www.foscarini.us\/wp-content\/uploads\/2024\/03\/3.3_Havana-2-300x200.jpg 300w, https:\/\/www.foscarini.us\/wp-content\/uploads\/2024\/03\/3.3_Havana-2-1024x683.jpg 1024w, https:\/\/www.foscarini.us\/wp-content\/uploads\/2024\/03\/3.3_Havana-2-768x512.jpg 768w, https:\/\/www.foscarini.us\/wp-content\/uploads\/2024\/03\/3.3_Havana-2-1536x1024.jpg 1536w, https:\/\/www.foscarini.us\/wp-content\/uploads\/2024\/03\/3.3_Havana-2-2048x1365.jpg 2048w, https:\/\/www.foscarini.us\/wp-content\/uploads\/2024\/03\/3.3_Havana-2-800x533.jpg 800w\" alt=\"\" \/>\n                                                                        <\/div>\n                                        <div class=\"swiper-slide\">\n                                                    <img decoding=\"async\" class=\"full-cover\" src=\"https:\/\/www.foscarini.us\/wp-content\/uploads\/2024\/03\/3.5_Havana-3-150x150.jpg\" srcset=\"https:\/\/www.foscarini.us\/wp-content\/uploads\/2024\/03\/3.5_Havana-3-199x300.jpg 199w, https:\/\/www.foscarini.us\/wp-content\/uploads\/2024\/03\/3.5_Havana-3-678x1024.jpg 678w, https:\/\/www.foscarini.us\/wp-content\/uploads\/2024\/03\/3.5_Havana-3-768x1160.jpg 768w, https:\/\/www.foscarini.us\/wp-content\/uploads\/2024\/03\/3.5_Havana-3-800x1208.jpg 800w, https:\/\/www.foscarini.us\/wp-content\/uploads\/2024\/03\/3.5_Havana-3.jpg 980w\" alt=\"\" \/>\n                                                                        <\/div>\n                                        <div class=\"swiper-slide\">\n                                                    <img decoding=\"async\" class=\"full-cover\" src=\"https:\/\/www.foscarini.us\/wp-content\/uploads\/2024\/03\/3.6_Havana-1-150x150.jpg\" srcset=\"https:\/\/www.foscarini.us\/wp-content\/uploads\/2024\/03\/3.6_Havana-1-199x300.jpg 199w, https:\/\/www.foscarini.us\/wp-content\/uploads\/2024\/03\/3.6_Havana-1-678x1024.jpg 678w, https:\/\/www.foscarini.us\/wp-content\/uploads\/2024\/03\/3.6_Havana-1-768x1160.jpg 768w, https:\/\/www.foscarini.us\/wp-content\/uploads\/2024\/03\/3.6_Havana-1-800x1208.jpg 800w, https:\/\/www.foscarini.us\/wp-content\/uploads\/2024\/03\/3.6_Havana-1.jpg 980w\" alt=\"\" \/>\n                                                                        <\/div>\n                                        <div class=\"swiper-slide\">\n                                                    <img decoding=\"async\" class=\"full-cover\" src=\"https:\/\/www.foscarini.us\/wp-content\/uploads\/2024\/03\/3.9_Havana-2-150x150.jpg\" srcset=\"https:\/\/www.foscarini.us\/wp-content\/uploads\/2024\/03\/3.9_Havana-2-199x300.jpg 199w, https:\/\/www.foscarini.us\/wp-content\/uploads\/2024\/03\/3.9_Havana-2-678x1024.jpg 678w, https:\/\/www.foscarini.us\/wp-content\/uploads\/2024\/03\/3.9_Havana-2-768x1160.jpg 768w, https:\/\/www.foscarini.us\/wp-content\/uploads\/2024\/03\/3.9_Havana-2-800x1208.jpg 800w, https:\/\/www.foscarini.us\/wp-content\/uploads\/2024\/03\/3.9_Havana-2.jpg 980w\" alt=\"\" \/>\n                                                                        <\/div>\n                                        <div class=\"swiper-slide\">\n                                                    <img decoding=\"async\" class=\"full-cover\" src=\"https:\/\/www.foscarini.us\/wp-content\/uploads\/2024\/03\/3.10_Havana-2-150x150.jpg\" srcset=\"https:\/\/www.foscarini.us\/wp-content\/uploads\/2024\/03\/3.10_Havana-2-199x300.jpg 199w, https:\/\/www.foscarini.us\/wp-content\/uploads\/2024\/03\/3.10_Havana-2-678x1024.jpg 678w, https:\/\/www.foscarini.us\/wp-content\/uploads\/2024\/03\/3.10_Havana-2-768x1160.jpg 768w, https:\/\/www.foscarini.us\/wp-content\/uploads\/2024\/03\/3.10_Havana-2-800x1208.jpg 800w, https:\/\/www.foscarini.us\/wp-content\/uploads\/2024\/03\/3.10_Havana-2.jpg 980w\" alt=\"\" \/>\n                                                                        <\/div>\n                            <\/div>\n    <\/div>\n    <div class=\"swiper-scrollbar\"><\/div>\n    <div class=\"ct-arrow\">\n        <div class=\"swiper-button-prev\"><\/div>\n        <div class=\"swiper-button-next\"><\/div>\n    <\/div>\n<\/section><section class=\"concept__project_comunication full-height-vh\">\n    <div class=\"row row-large\">\n        <div class=\"medium-12 small-12 columns full-height no-padding-right-mobile\">\n            <div class=\"ct-image-text-lateral\">\n                <div class=\"ct-arrow\">\n                    <div class=\"swiper-button-prev\" aria-label=\"previous slide\"><\/div>\n                    <div class=\"swiper-button-next\" aria-label=\"next slide\"><\/div>\n                <\/div>\n                <span class=\"section-name-lateral\">Contenidos editoriales<\/span>\n                <!-- Swiper -->\n                <div class=\"swiper-container swiper__concept__comunication\">\n                    <div class=\"swiper-wrapper\">\n                                                            <div class=\"swiper-slide\">\n                                        <div class=\"ct-slide\">\n                                                                                                <img decoding=\"async\" class=\"full-cover\" src=\"https:\/\/www.foscarini.us\/wp-content\/uploads\/2024\/01\/Modulo1_30Havana-1-150x150.jpg\" srcset=\"https:\/\/www.foscarini.us\/wp-content\/uploads\/2024\/01\/Modulo1_30Havana-1-300x194.jpg 300w, https:\/\/www.foscarini.us\/wp-content\/uploads\/2024\/01\/Modulo1_30Havana-1-800x518.jpg 800w, https:\/\/www.foscarini.us\/wp-content\/uploads\/2024\/01\/Modulo1_30Havana-1-1024x664.jpg 1024w, https:\/\/www.foscarini.us\/wp-content\/uploads\/2024\/01\/Modulo1_30Havana-1-768x498.jpg 768w, https:\/\/www.foscarini.us\/wp-content\/uploads\/2024\/01\/Modulo1_30Havana-1-1536x995.jpg 1536w, https:\/\/www.foscarini.us\/wp-content\/uploads\/2024\/01\/Modulo1_30Havana-1.jpg 2048w\" alt=\"\" \/>\n                                                                                                <div class=\"ct-col-right\">\n                                                <div class=\"ct-link\">\n                                                    <a class=\"link-arrow\" href=\"https:\/\/www.foscarini.us\/es\/30-anos-de-havana-de-jozeph-forakis\/\">30 a\u00f1os de Havana de Jozeph Forakis<\/a>\n                                                    <div class=\"text-1\"><p>Una l\u00e1mpara ic\u00f3nica que ha sido capaz de entrar en las casas y en el imaginario colectivo, convirti\u00e9ndose en un nuevo arquetipo de l\u00e1mpara.<\/p>\n<\/div>\n                                                <\/div>\n                                            <\/div>\n                                        <\/div>\n                                    <\/div>\n                                                                        <div class=\"swiper-slide\">\n                                        <div class=\"ct-slide\">\n                                                                                                <img decoding=\"async\" class=\"full-cover\" src=\"https:\/\/www.foscarini.us\/wp-content\/uploads\/2024\/08\/BANNER_NEWSinventario-150x150.jpg\" srcset=\"https:\/\/www.foscarini.us\/wp-content\/uploads\/2024\/08\/BANNER_NEWSinventario-300x220.jpg 300w, https:\/\/www.foscarini.us\/wp-content\/uploads\/2024\/08\/BANNER_NEWSinventario-1024x752.jpg 1024w, https:\/\/www.foscarini.us\/wp-content\/uploads\/2024\/08\/BANNER_NEWSinventario-768x564.jpg 768w, https:\/\/www.foscarini.us\/wp-content\/uploads\/2024\/08\/BANNER_NEWSinventario-1536x1128.jpg 1536w, https:\/\/www.foscarini.us\/wp-content\/uploads\/2024\/08\/BANNER_NEWSinventario-800x587.jpg 800w, https:\/\/www.foscarini.us\/wp-content\/uploads\/2024\/08\/BANNER_NEWSinventario.jpg 1640w\" alt=\"\" \/>\n                                                                                                <div class=\"ct-col-right\">\n                                                <div class=\"ct-link\">\n                                                    <a class=\"link-arrow\" href=\"https:\/\/www.foscarini.us\/es\/dioramas-antje-damm-foscarini\/\">Peque\u00f1as historias iluminadas<\/a>\n                                                    <div class=\"text-1\"><p>Antje Damm enriquece el proyecto &#8220;What&#8217;s in a Lamp?&#8221; con encantadores dioramas en los que las l\u00e1mparas son protagonistas de narraciones sugerentes, que cobran vida dentro de cajas de cerillas.<\/p>\n<\/div>\n                                                <\/div>\n                                            <\/div>\n                                        <\/div>\n                                    <\/div>\n                                                                        <div class=\"swiper-slide\">\n                                        <div class=\"ct-slide\">\n                                                                                                <img decoding=\"async\" class=\"full-cover\" src=\"https:\/\/www.foscarini.us\/wp-content\/uploads\/2023\/07\/Modulo1_Wronska-150x150.jpg\" srcset=\"https:\/\/www.foscarini.us\/wp-content\/uploads\/2023\/07\/Modulo1_Wronska-300x194.jpg 300w, https:\/\/www.foscarini.us\/wp-content\/uploads\/2023\/07\/Modulo1_Wronska-800x518.jpg 800w, https:\/\/www.foscarini.us\/wp-content\/uploads\/2023\/07\/Modulo1_Wronska-1024x663.jpg 1024w, https:\/\/www.foscarini.us\/wp-content\/uploads\/2023\/07\/Modulo1_Wronska-768x498.jpg 768w, https:\/\/www.foscarini.us\/wp-content\/uploads\/2023\/07\/Modulo1_Wronska-1536x995.jpg 1536w, https:\/\/www.foscarini.us\/wp-content\/uploads\/2023\/07\/Modulo1_Wronska-2048x1327.jpg 2048w\" alt=\"\" \/>\n                                                                                                <div class=\"ct-col-right\">\n                                                <div class=\"ct-link\">\n                                                    <a class=\"link-arrow\" href=\"https:\/\/www.foscarini.us\/es\/la-arquitectura-cobra-vida-con-maja-wronska-y-las-lamparas-foscarini\/\">La arquitectura cobra vida con  Maja Wro\u0144ska y las l\u00e1mparas Foscarini<\/a>\n                                                    <div class=\"text-1\"><p>Pinturas en acuarela animadas que sorprenden y consiguen captar la vida, el paso del tiempo en la arquitectura urbana, y en las que las l\u00e1mparas se convierten en un punto focal.<\/p>\n<\/div>\n                                                <\/div>\n                                            <\/div>\n                                        <\/div>\n                                    <\/div>\n                                                                        <div class=\"swiper-slide\">\n                                        <div class=\"ct-slide\">\n                                                                                                <img decoding=\"async\" class=\"full-cover\" src=\"https:\/\/www.foscarini.us\/wp-content\/uploads\/2023\/03\/Modulo1_Noma-150x150.jpg\" srcset=\"https:\/\/www.foscarini.us\/wp-content\/uploads\/2023\/03\/Modulo1_Noma-300x194.jpg 300w, https:\/\/www.foscarini.us\/wp-content\/uploads\/2023\/03\/Modulo1_Noma-800x518.jpg 800w, https:\/\/www.foscarini.us\/wp-content\/uploads\/2023\/03\/Modulo1_Noma-1024x663.jpg 1024w, https:\/\/www.foscarini.us\/wp-content\/uploads\/2023\/03\/Modulo1_Noma-768x498.jpg 768w, https:\/\/www.foscarini.us\/wp-content\/uploads\/2023\/03\/Modulo1_Noma-1536x995.jpg 1536w, https:\/\/www.foscarini.us\/wp-content\/uploads\/2023\/03\/Modulo1_Noma-2048x1327.jpg 2048w\" alt=\"\" \/>\n                                                                                                <div class=\"ct-col-right\">\n                                                <div class=\"ct-link\">\n                                                    <a class=\"link-arrow\" href=\"https:\/\/www.foscarini.us\/es\/la-clave-esta-en-ver-lo-que-los-demas-no-ven\/\">La clave est\u00e1 en ver lo que los dem\u00e1s no ven<\/a>\n                                                    <div class=\"text-1\"><p>Una charla con Noma Bar. En esta serie para el proyecto \u00abWhat&#8217;s in a lamp?\u00bb las l\u00e1mparas son las protagonistas en im\u00e1genes minimalistas que esconden m\u00faltiples niveles de interpretaci\u00f3n.<\/p>\n<\/div>\n                                                <\/div>\n                                            <\/div>\n                                        <\/div>\n                                    <\/div>\n                                                                        <div class=\"swiper-slide\">\n                                        <div class=\"ct-slide\">\n                                                                                                <img decoding=\"async\" class=\"full-cover\" src=\"https:\/\/www.foscarini.us\/wp-content\/uploads\/2023\/11\/main_banner_postcard-of-light-150x150.jpeg\" srcset=\"https:\/\/www.foscarini.us\/wp-content\/uploads\/2023\/11\/main_banner_postcard-of-light-300x194.jpeg 300w, https:\/\/www.foscarini.us\/wp-content\/uploads\/2023\/11\/main_banner_postcard-of-light-800x518.jpeg 800w, https:\/\/www.foscarini.us\/wp-content\/uploads\/2023\/11\/main_banner_postcard-of-light-1024x663.jpeg 1024w, https:\/\/www.foscarini.us\/wp-content\/uploads\/2023\/11\/main_banner_postcard-of-light-768x498.jpeg 768w, https:\/\/www.foscarini.us\/wp-content\/uploads\/2023\/11\/main_banner_postcard-of-light-1536x995.jpeg 1536w, https:\/\/www.foscarini.us\/wp-content\/uploads\/2023\/11\/main_banner_postcard-of-light-2048x1327.jpeg 2048w\" alt=\"\" \/>\n                                                                                                <div class=\"ct-col-right\">\n                                                <div class=\"ct-link\">\n                                                    <a class=\"link-arrow\" href=\"https:\/\/www.foscarini.us\/es\/postcards-of-light\/\">Postcards of Light<\/a>\n                                                    <div class=\"text-1\"><p>Las l\u00e1mparas, llevadas por las calles del mundo, se convierten en protagonistas y testimonios de fragmentos de vida.<\/p>\n<\/div>\n                                                <\/div>\n                                            <\/div>\n                                        <\/div>\n                                    <\/div>\n                                                        <\/div>\n                <\/div>\n            <\/div>\n        <\/div>\n    <\/div>\n<\/section><section class=\"bg__subtitle_and_link_and_text bg-full\" style=\"background-image: url(https:\/\/www.foscarini.us\/wp-content\/uploads\/2024\/03\/4.1_Havana-scaled.jpg);\">\n    <div class=\"row full-height-vh\">\n        <div class=\"medium-6 medium-offset-6 small-12 columns\">\n            <span class=\"subtitle\">VISUALIZA ENCENDIDA Y APAGADA<\/span>\n        <\/div>\n        <div class=\"medium-6 medium-offset-6 small-12 columns align-self-bottom\">\n            <div class=\"ct-text\">\n                <a class=\"link-arrow title-little no-link\" href=\"\"><\/a>\n                <div class=\"text-2 js-heading\"><\/div>\n            <\/div>\n        <\/div>\n    <\/div>\n<\/section>","protected":false},"excerpt":{"rendered":"<p>L\u00e1mpara de pie de luz difusa. Modelo de gran \u00e9xito, con su inconfundible forma de puro, del que ir\u00f3nicamente toma su nombre, forma parte de la colecci\u00f3n permanente del MoMa de Nueva York. Difusor formado por cuatro elementos en polietileno moldeado por inyecci\u00f3n unidos con ganchos de metal cromado. Base, soporte del difusor y poste en metal pintado con polvos epox\u00eddicos o cromado brillante. Opci\u00f3n de interruptor on\/off o regulador de luz gradual en el cable transparente.<\/p>\n","protected":false},"featured_media":446937,"comment_status":"open","ping_status":"closed","template":"","meta":{"_acf_changed":true},"product_cat":[653,719,947,5459,758],"product_tag":[],"materiale":[8316],"altezza":[8912],"larghezza":[9969],"profondita":[9885],"peso":[9509],"designer-prodotto":[10879],"class_list":{"0":"post-192168","1":"product","2":"type-product","3":"status-publish","4":"has-post-thumbnail","6":"product_cat-concetto-es","7":"product_cat-funzione-es","8":"product_cat-havana-concetto-es","9":"product_cat-havana-famiglia-es","10":"product_cat-terra-es","11":"materiale-materiale-plastico-es","12":"altezza-173-es","13":"larghezza-35-es","14":"profondita-35-es","15":"peso-33-es","16":"designer-prodotto-jozeph-forakis-es","18":"first","19":"instock","20":"shipping-taxable","21":"purchasable","22":"product-type-variable"},"acf":{"preview_slider":{"titolo":"","testo":"","video_domanda":false,"link_video":""},"prodotto__immagine_preview":{"immagine":223967},"prodotto__slider":{"sottotitolo":"Jozeph Forakis (1993)","titolo":"Delgada como un puro, la l\u00e1mpara Havana de pie tiene un estilo sin edad y se encuentra a su gusto en cualquier ambiente, difundiendo a su alrededor una luminosidad c\u00e1lida y suave que caracteriza ulteriormente su famoso e inimitable dise\u00f1o.","immagini":[{"immagine":308637,"immagine_mobile":""}]},"prodotto__slider_preview":[{"immagine":446917},{"immagine":446924},{"immagine":121928}],"prodotto__specifiche":{"selezione":[{"scheda_tecnica":483200}]}},"yoast_head":"<!-- This site is optimized with the Yoast SEO Premium plugin v22.4 (Yoast SEO v23.7) - https:\/\/yoast.com\/wordpress\/plugins\/seo\/ -->\n<title>Havana - Foscarini<\/title>\n<meta name=\"robots\" content=\"index, follow, max-snippet:-1, max-image-preview:large, max-video-preview:-1\" \/>\n<meta property=\"og:locale\" content=\"es_ES\" \/>\n<meta property=\"og:type\" content=\"article\" \/>\n<meta property=\"og:title\" content=\"Havana\" \/>\n<meta property=\"og:description\" content=\"L\u00e1mpara de pie de luz difusa. Modelo de gran \u00e9xito, con su inconfundible forma de puro, del que ir\u00f3nicamente toma su nombre, forma parte de la colecci\u00f3n permanente del MoMa de Nueva York. Difusor formado por cuatro elementos en polietileno moldeado por inyecci\u00f3n unidos con ganchos de metal cromado. Base, soporte del difusor y poste en metal pintado con polvos epox\u00eddicos o cromado brillante. Opci\u00f3n de interruptor on\/off o regulador de luz gradual en el cable transparente.\" \/>\n<meta property=\"og:url\" content=\"https:\/\/www.foscarini.us\/es\/producto\/havana-std-f-es\/\" \/>\n<meta property=\"og:site_name\" content=\"Foscarini\" \/>\n<meta property=\"article:modified_time\" content=\"2025-10-17T13:48:13+00:00\" \/>\n<meta property=\"og:image\" content=\"https:\/\/www.foscarini.us\/wp-content\/uploads\/2025\/06\/havana_f_white_22_786x865-1.jpg\" \/>\n\t<meta property=\"og:image:width\" content=\"786\" \/>\n\t<meta property=\"og:image:height\" content=\"865\" \/>\n\t<meta property=\"og:image:type\" content=\"image\/jpeg\" \/>\n<meta name=\"twitter:card\" content=\"summary_large_image\" \/>\n<meta name=\"twitter:label1\" content=\"Tiempo de lectura\" \/>\n\t<meta name=\"twitter:data1\" content=\"1 minuto\" \/>\n<script type=\"application\/ld+json\" class=\"yoast-schema-graph\">{\"@context\":\"https:\/\/schema.org\",\"@graph\":[{\"@type\":\"WebPage\",\"@id\":\"https:\/\/www.foscarini.us\/es\/producto\/havana-std-f-es\/\",\"url\":\"https:\/\/www.foscarini.us\/es\/producto\/havana-std-f-es\/\",\"name\":\"Havana - Foscarini\",\"isPartOf\":{\"@id\":\"https:\/\/www.foscarini.us\/#website\"},\"primaryImageOfPage\":{\"@id\":\"https:\/\/www.foscarini.us\/es\/producto\/havana-std-f-es\/#primaryimage\"},\"image\":{\"@id\":\"https:\/\/www.foscarini.us\/es\/producto\/havana-std-f-es\/#primaryimage\"},\"thumbnailUrl\":\"https:\/\/www.foscarini.us\/wp-content\/uploads\/2025\/06\/havana_f_white_22_786x865-1.jpg\",\"datePublished\":\"2024-03-28T18:03:23+00:00\",\"dateModified\":\"2025-10-17T13:48:13+00:00\",\"breadcrumb\":{\"@id\":\"https:\/\/www.foscarini.us\/es\/producto\/havana-std-f-es\/#breadcrumb\"},\"inLanguage\":\"es-AR\",\"potentialAction\":[{\"@type\":\"ReadAction\",\"target\":[\"https:\/\/www.foscarini.us\/es\/producto\/havana-std-f-es\/\"]}]},{\"@type\":\"ImageObject\",\"inLanguage\":\"es-AR\",\"@id\":\"https:\/\/www.foscarini.us\/es\/producto\/havana-std-f-es\/#primaryimage\",\"url\":\"https:\/\/www.foscarini.us\/wp-content\/uploads\/2025\/06\/havana_f_white_22_786x865-1.jpg\",\"contentUrl\":\"https:\/\/www.foscarini.us\/wp-content\/uploads\/2025\/06\/havana_f_white_22_786x865-1.jpg\",\"width\":786,\"height\":865},{\"@type\":\"BreadcrumbList\",\"@id\":\"https:\/\/www.foscarini.us\/es\/producto\/havana-std-f-es\/#breadcrumb\",\"itemListElement\":[{\"@type\":\"ListItem\",\"position\":1,\"name\":\"Home\",\"item\":\"https:\/\/www.foscarini.us\/es\/\"},{\"@type\":\"ListItem\",\"position\":2,\"name\":\"Tienda\",\"item\":\"https:\/\/www.foscarini.us\/es\/tienda\/\"},{\"@type\":\"ListItem\",\"position\":3,\"name\":\"Havana\"}]},{\"@type\":\"WebSite\",\"@id\":\"https:\/\/www.foscarini.us\/#website\",\"url\":\"https:\/\/www.foscarini.us\/\",\"name\":\"Foscarini\",\"description\":\"\",\"potentialAction\":[{\"@type\":\"SearchAction\",\"target\":{\"@type\":\"EntryPoint\",\"urlTemplate\":\"https:\/\/www.foscarini.us\/?s={search_term_string}\"},\"query-input\":{\"@type\":\"PropertyValueSpecification\",\"valueRequired\":true,\"valueName\":\"search_term_string\"}}],\"inLanguage\":\"es-AR\"}]}<\/script>\n<!-- \/ Yoast SEO Premium plugin. -->","yoast_head_json":{"title":"Havana - Foscarini","robots":{"index":"index","follow":"follow","max-snippet":"max-snippet:-1","max-image-preview":"max-image-preview:large","max-video-preview":"max-video-preview:-1"},"og_locale":"es_ES","og_type":"article","og_title":"Havana","og_description":"L\u00e1mpara de pie de luz difusa. Modelo de gran \u00e9xito, con su inconfundible forma de puro, del que ir\u00f3nicamente toma su nombre, forma parte de la colecci\u00f3n permanente del MoMa de Nueva York. Difusor formado por cuatro elementos en polietileno moldeado por inyecci\u00f3n unidos con ganchos de metal cromado. Base, soporte del difusor y poste en metal pintado con polvos epox\u00eddicos o cromado brillante. Opci\u00f3n de interruptor on\/off o regulador de luz gradual en el cable transparente.","og_url":"https:\/\/www.foscarini.us\/es\/producto\/havana-std-f-es\/","og_site_name":"Foscarini","article_modified_time":"2025-10-17T13:48:13+00:00","og_image":[{"width":786,"height":865,"url":"https:\/\/www.foscarini.us\/wp-content\/uploads\/2025\/06\/havana_f_white_22_786x865-1.jpg","type":"image\/jpeg"}],"twitter_card":"summary_large_image","twitter_misc":{"Tiempo de lectura":"1 minuto"},"schema":{"@context":"https:\/\/schema.org","@graph":[{"@type":"WebPage","@id":"https:\/\/www.foscarini.us\/es\/producto\/havana-std-f-es\/","url":"https:\/\/www.foscarini.us\/es\/producto\/havana-std-f-es\/","name":"Havana - Foscarini","isPartOf":{"@id":"https:\/\/www.foscarini.us\/#website"},"primaryImageOfPage":{"@id":"https:\/\/www.foscarini.us\/es\/producto\/havana-std-f-es\/#primaryimage"},"image":{"@id":"https:\/\/www.foscarini.us\/es\/producto\/havana-std-f-es\/#primaryimage"},"thumbnailUrl":"https:\/\/www.foscarini.us\/wp-content\/uploads\/2025\/06\/havana_f_white_22_786x865-1.jpg","datePublished":"2024-03-28T18:03:23+00:00","dateModified":"2025-10-17T13:48:13+00:00","breadcrumb":{"@id":"https:\/\/www.foscarini.us\/es\/producto\/havana-std-f-es\/#breadcrumb"},"inLanguage":"es-AR","potentialAction":[{"@type":"ReadAction","target":["https:\/\/www.foscarini.us\/es\/producto\/havana-std-f-es\/"]}]},{"@type":"ImageObject","inLanguage":"es-AR","@id":"https:\/\/www.foscarini.us\/es\/producto\/havana-std-f-es\/#primaryimage","url":"https:\/\/www.foscarini.us\/wp-content\/uploads\/2025\/06\/havana_f_white_22_786x865-1.jpg","contentUrl":"https:\/\/www.foscarini.us\/wp-content\/uploads\/2025\/06\/havana_f_white_22_786x865-1.jpg","width":786,"height":865},{"@type":"BreadcrumbList","@id":"https:\/\/www.foscarini.us\/es\/producto\/havana-std-f-es\/#breadcrumb","itemListElement":[{"@type":"ListItem","position":1,"name":"Home","item":"https:\/\/www.foscarini.us\/es\/"},{"@type":"ListItem","position":2,"name":"Tienda","item":"https:\/\/www.foscarini.us\/es\/tienda\/"},{"@type":"ListItem","position":3,"name":"Havana"}]},{"@type":"WebSite","@id":"https:\/\/www.foscarini.us\/#website","url":"https:\/\/www.foscarini.us\/","name":"Foscarini","description":"","potentialAction":[{"@type":"SearchAction","target":{"@type":"EntryPoint","urlTemplate":"https:\/\/www.foscarini.us\/?s={search_term_string}"},"query-input":{"@type":"PropertyValueSpecification","valueRequired":true,"valueName":"search_term_string"}}],"inLanguage":"es-AR"}]}},"_links":{"self":[{"href":"https:\/\/www.foscarini.us\/es\/wp-json\/wp\/v2\/product\/192168"}],"collection":[{"href":"https:\/\/www.foscarini.us\/es\/wp-json\/wp\/v2\/product"}],"about":[{"href":"https:\/\/www.foscarini.us\/es\/wp-json\/wp\/v2\/types\/product"}],"replies":[{"embeddable":true,"href":"https:\/\/www.foscarini.us\/es\/wp-json\/wp\/v2\/comments?post=192168"}],"wp:featuredmedia":[{"embeddable":true,"href":"https:\/\/www.foscarini.us\/es\/wp-json\/wp\/v2\/media\/446937"}],"wp:attachment":[{"href":"https:\/\/www.foscarini.us\/es\/wp-json\/wp\/v2\/media?parent=192168"}],"wp:term":[{"taxonomy":"product_cat","embeddable":true,"href":"https:\/\/www.foscarini.us\/es\/wp-json\/wp\/v2\/product_cat?post=192168"},{"taxonomy":"product_tag","embeddable":true,"href":"https:\/\/www.foscarini.us\/es\/wp-json\/wp\/v2\/product_tag?post=192168"},{"taxonomy":"materiale","embeddable":true,"href":"https:\/\/www.foscarini.us\/es\/wp-json\/wp\/v2\/materiale?post=192168"},{"taxonomy":"altezza","embeddable":true,"href":"https:\/\/www.foscarini.us\/es\/wp-json\/wp\/v2\/altezza?post=192168"},{"taxonomy":"larghezza","embeddable":true,"href":"https:\/\/www.foscarini.us\/es\/wp-json\/wp\/v2\/larghezza?post=192168"},{"taxonomy":"profondita","embeddable":true,"href":"https:\/\/www.foscarini.us\/es\/wp-json\/wp\/v2\/profondita?post=192168"},{"taxonomy":"peso","embeddable":true,"href":"https:\/\/www.foscarini.us\/es\/wp-json\/wp\/v2\/peso?post=192168"},{"taxonomy":"designer-prodotto","embeddable":true,"href":"https:\/\/www.foscarini.us\/es\/wp-json\/wp\/v2\/designer-prodotto?post=192168"}],"curies":[{"name":"wp","href":"https:\/\/api.w.org\/{rel}","templated":true}]}}