{"id":192130,"date":"2024-03-28T18:15:08","date_gmt":"2024-03-28T18:15:08","guid":{"rendered":"https:\/\/www.foscarini.us\/product\/rituals-xl-rituals-s\/"},"modified":"2025-10-17T14:32:48","modified_gmt":"2025-10-17T14:32:48","slug":"rituals-xl-rituals-s-es","status":"publish","type":"product","link":"https:\/\/www.foscarini.us\/es\/producto\/rituals-xl-rituals-s-es\/","title":{"rendered":"Rituals XL"},"content":{"rendered":"","protected":false},"excerpt":{"rendered":"<p>L\u00e1mpara de suspensi\u00f3n de luz difusa. Vidrio soplado fijo, con efecto ranurado, obtenido con un molde con decoraciones en negativo que se repiten en la superficie del vidrio. Luego el vidrio se esmerila manualmente con cinta y se sumerge en \u00e1cido para obtener el efecto yesoso. En el vidrio se ha incorporado una abrazadera en policarbonato transparente mate moldeado por inyecci\u00f3n. Soporte del portal\u00e1mpara en policarbonato transparente mate moldeado por inyecci\u00f3n. Cable de suspensi\u00f3n en acero inoxidable. Cable el\u00e9ctrico transparente. Flor\u00f3n de techo con estribo de metal galvanizado y cubierta en ABS coloreada en el compuesto de moldeo blanco mate.<\/p>\n","protected":false},"featured_media":448687,"comment_status":"open","ping_status":"closed","template":"","meta":{"_acf_changed":false},"product_cat":[653,719,837,5573,744],"product_tag":[],"materiale":[8157],"altezza":[11035],"larghezza":[10186],"profondita":[10192],"peso":[10499],"designer-prodotto":[7884],"class_list":{"0":"post-192130","1":"product","2":"type-product","3":"status-publish","4":"has-post-thumbnail","6":"product_cat-concetto-es","7":"product_cat-funzione-es","8":"product_cat-rituals-concetto-es","9":"product_cat-rituals-famiglia-es","10":"product_cat-sospensione-es","11":"materiale-vetro-e-vetro-soffiato-es","12":"altezza-40-es","13":"larghezza-40-es","14":"profondita-40-es","15":"peso-68-es","16":"designer-prodotto-ludovica-e-roberto-palomba-es","18":"first","19":"instock","20":"shipping-taxable","21":"purchasable","22":"product-type-variable"},"acf":{"preview_slider":{"titolo":"","testo":"","video_domanda":false,"link_video":""},"prodotto__immagine_preview":{"immagine":225559},"prodotto__slider":{"sottotitolo":"Ludovica+Roberto Palomba (2014)","titolo":"Repleta de incisiones superficiales, la l\u00e1mpara de suspensi\u00f3n en vidrio soplado Rituals XL destaca por su amplio tama\u00f1o y su luminosidad c\u00e1lida y delicada. Las l\u00edneas horizontales que se persiguen sobre la superficie modulan la luz creando un especial efecto de claroscuro.","immagini":[{"immagine":308054,"immagine_mobile":""}]},"prodotto__slider_preview":null,"prodotto__specifiche":{"selezione":[{"scheda_tecnica":483820},{"scheda_tecnica":483821}]}},"yoast_head":"<!-- This site is optimized with the Yoast SEO Premium plugin v22.4 (Yoast SEO v23.7) - https:\/\/yoast.com\/wordpress\/plugins\/seo\/ -->\n<title>Rituals XL - Foscarini<\/title>\n<meta name=\"robots\" content=\"index, follow, max-snippet:-1, max-image-preview:large, max-video-preview:-1\" \/>\n<meta property=\"og:locale\" content=\"es_ES\" \/>\n<meta property=\"og:type\" content=\"article\" \/>\n<meta property=\"og:title\" content=\"Rituals XL\" \/>\n<meta property=\"og:description\" content=\"L\u00e1mpara de suspensi\u00f3n de luz difusa. Vidrio soplado fijo, con efecto ranurado, obtenido con un molde con decoraciones en negativo que se repiten en la superficie del vidrio. Luego el vidrio se esmerila manualmente con cinta y se sumerge en \u00e1cido para obtener el efecto yesoso. En el vidrio se ha incorporado una abrazadera en policarbonato transparente mate moldeado por inyecci\u00f3n. Soporte del portal\u00e1mpara en policarbonato transparente mate moldeado por inyecci\u00f3n. Cable de suspensi\u00f3n en acero inoxidable. Cable el\u00e9ctrico transparente. Flor\u00f3n de techo con estribo de metal galvanizado y cubierta en ABS coloreada en el compuesto de moldeo blanco mate.\" \/>\n<meta property=\"og:url\" content=\"https:\/\/www.foscarini.us\/es\/producto\/rituals-xl-rituals-s-es\/\" \/>\n<meta property=\"og:site_name\" content=\"Foscarini\" \/>\n<meta property=\"article:modified_time\" content=\"2025-10-17T14:32:48+00:00\" \/>\n<meta property=\"og:image\" content=\"https:\/\/www.foscarini.us\/wp-content\/uploads\/2025\/06\/rituals-xl_s_white_22_786x865-1.jpg\" \/>\n\t<meta property=\"og:image:width\" content=\"786\" \/>\n\t<meta property=\"og:image:height\" content=\"865\" \/>\n\t<meta property=\"og:image:type\" content=\"image\/jpeg\" \/>\n<meta name=\"twitter:card\" content=\"summary_large_image\" \/>\n<meta name=\"twitter:label1\" content=\"Tiempo de lectura\" \/>\n\t<meta name=\"twitter:data1\" content=\"1 minuto\" \/>\n<script type=\"application\/ld+json\" class=\"yoast-schema-graph\">{\"@context\":\"https:\/\/schema.org\",\"@graph\":[{\"@type\":\"WebPage\",\"@id\":\"https:\/\/www.foscarini.us\/es\/producto\/rituals-xl-rituals-s-es\/\",\"url\":\"https:\/\/www.foscarini.us\/es\/producto\/rituals-xl-rituals-s-es\/\",\"name\":\"Rituals XL - Foscarini\",\"isPartOf\":{\"@id\":\"https:\/\/www.foscarini.us\/#website\"},\"primaryImageOfPage\":{\"@id\":\"https:\/\/www.foscarini.us\/es\/producto\/rituals-xl-rituals-s-es\/#primaryimage\"},\"image\":{\"@id\":\"https:\/\/www.foscarini.us\/es\/producto\/rituals-xl-rituals-s-es\/#primaryimage\"},\"thumbnailUrl\":\"https:\/\/www.foscarini.us\/wp-content\/uploads\/2025\/06\/rituals-xl_s_white_22_786x865-1.jpg\",\"datePublished\":\"2024-03-28T18:15:08+00:00\",\"dateModified\":\"2025-10-17T14:32:48+00:00\",\"breadcrumb\":{\"@id\":\"https:\/\/www.foscarini.us\/es\/producto\/rituals-xl-rituals-s-es\/#breadcrumb\"},\"inLanguage\":\"es-AR\",\"potentialAction\":[{\"@type\":\"ReadAction\",\"target\":[\"https:\/\/www.foscarini.us\/es\/producto\/rituals-xl-rituals-s-es\/\"]}]},{\"@type\":\"ImageObject\",\"inLanguage\":\"es-AR\",\"@id\":\"https:\/\/www.foscarini.us\/es\/producto\/rituals-xl-rituals-s-es\/#primaryimage\",\"url\":\"https:\/\/www.foscarini.us\/wp-content\/uploads\/2025\/06\/rituals-xl_s_white_22_786x865-1.jpg\",\"contentUrl\":\"https:\/\/www.foscarini.us\/wp-content\/uploads\/2025\/06\/rituals-xl_s_white_22_786x865-1.jpg\",\"width\":786,\"height\":865},{\"@type\":\"BreadcrumbList\",\"@id\":\"https:\/\/www.foscarini.us\/es\/producto\/rituals-xl-rituals-s-es\/#breadcrumb\",\"itemListElement\":[{\"@type\":\"ListItem\",\"position\":1,\"name\":\"Home\",\"item\":\"https:\/\/www.foscarini.us\/es\/\"},{\"@type\":\"ListItem\",\"position\":2,\"name\":\"Tienda\",\"item\":\"https:\/\/www.foscarini.us\/es\/tienda\/\"},{\"@type\":\"ListItem\",\"position\":3,\"name\":\"Rituals XL\"}]},{\"@type\":\"WebSite\",\"@id\":\"https:\/\/www.foscarini.us\/#website\",\"url\":\"https:\/\/www.foscarini.us\/\",\"name\":\"Foscarini\",\"description\":\"\",\"potentialAction\":[{\"@type\":\"SearchAction\",\"target\":{\"@type\":\"EntryPoint\",\"urlTemplate\":\"https:\/\/www.foscarini.us\/?s={search_term_string}\"},\"query-input\":{\"@type\":\"PropertyValueSpecification\",\"valueRequired\":true,\"valueName\":\"search_term_string\"}}],\"inLanguage\":\"es-AR\"}]}<\/script>\n<!-- \/ Yoast SEO Premium plugin. -->","yoast_head_json":{"title":"Rituals XL - Foscarini","robots":{"index":"index","follow":"follow","max-snippet":"max-snippet:-1","max-image-preview":"max-image-preview:large","max-video-preview":"max-video-preview:-1"},"og_locale":"es_ES","og_type":"article","og_title":"Rituals XL","og_description":"L\u00e1mpara de suspensi\u00f3n de luz difusa. Vidrio soplado fijo, con efecto ranurado, obtenido con un molde con decoraciones en negativo que se repiten en la superficie del vidrio. Luego el vidrio se esmerila manualmente con cinta y se sumerge en \u00e1cido para obtener el efecto yesoso. En el vidrio se ha incorporado una abrazadera en policarbonato transparente mate moldeado por inyecci\u00f3n. Soporte del portal\u00e1mpara en policarbonato transparente mate moldeado por inyecci\u00f3n. Cable de suspensi\u00f3n en acero inoxidable. Cable el\u00e9ctrico transparente. Flor\u00f3n de techo con estribo de metal galvanizado y cubierta en ABS coloreada en el compuesto de moldeo blanco mate.","og_url":"https:\/\/www.foscarini.us\/es\/producto\/rituals-xl-rituals-s-es\/","og_site_name":"Foscarini","article_modified_time":"2025-10-17T14:32:48+00:00","og_image":[{"width":786,"height":865,"url":"https:\/\/www.foscarini.us\/wp-content\/uploads\/2025\/06\/rituals-xl_s_white_22_786x865-1.jpg","type":"image\/jpeg"}],"twitter_card":"summary_large_image","twitter_misc":{"Tiempo de lectura":"1 minuto"},"schema":{"@context":"https:\/\/schema.org","@graph":[{"@type":"WebPage","@id":"https:\/\/www.foscarini.us\/es\/producto\/rituals-xl-rituals-s-es\/","url":"https:\/\/www.foscarini.us\/es\/producto\/rituals-xl-rituals-s-es\/","name":"Rituals XL - Foscarini","isPartOf":{"@id":"https:\/\/www.foscarini.us\/#website"},"primaryImageOfPage":{"@id":"https:\/\/www.foscarini.us\/es\/producto\/rituals-xl-rituals-s-es\/#primaryimage"},"image":{"@id":"https:\/\/www.foscarini.us\/es\/producto\/rituals-xl-rituals-s-es\/#primaryimage"},"thumbnailUrl":"https:\/\/www.foscarini.us\/wp-content\/uploads\/2025\/06\/rituals-xl_s_white_22_786x865-1.jpg","datePublished":"2024-03-28T18:15:08+00:00","dateModified":"2025-10-17T14:32:48+00:00","breadcrumb":{"@id":"https:\/\/www.foscarini.us\/es\/producto\/rituals-xl-rituals-s-es\/#breadcrumb"},"inLanguage":"es-AR","potentialAction":[{"@type":"ReadAction","target":["https:\/\/www.foscarini.us\/es\/producto\/rituals-xl-rituals-s-es\/"]}]},{"@type":"ImageObject","inLanguage":"es-AR","@id":"https:\/\/www.foscarini.us\/es\/producto\/rituals-xl-rituals-s-es\/#primaryimage","url":"https:\/\/www.foscarini.us\/wp-content\/uploads\/2025\/06\/rituals-xl_s_white_22_786x865-1.jpg","contentUrl":"https:\/\/www.foscarini.us\/wp-content\/uploads\/2025\/06\/rituals-xl_s_white_22_786x865-1.jpg","width":786,"height":865},{"@type":"BreadcrumbList","@id":"https:\/\/www.foscarini.us\/es\/producto\/rituals-xl-rituals-s-es\/#breadcrumb","itemListElement":[{"@type":"ListItem","position":1,"name":"Home","item":"https:\/\/www.foscarini.us\/es\/"},{"@type":"ListItem","position":2,"name":"Tienda","item":"https:\/\/www.foscarini.us\/es\/tienda\/"},{"@type":"ListItem","position":3,"name":"Rituals XL"}]},{"@type":"WebSite","@id":"https:\/\/www.foscarini.us\/#website","url":"https:\/\/www.foscarini.us\/","name":"Foscarini","description":"","potentialAction":[{"@type":"SearchAction","target":{"@type":"EntryPoint","urlTemplate":"https:\/\/www.foscarini.us\/?s={search_term_string}"},"query-input":{"@type":"PropertyValueSpecification","valueRequired":true,"valueName":"search_term_string"}}],"inLanguage":"es-AR"}]}},"_links":{"self":[{"href":"https:\/\/www.foscarini.us\/es\/wp-json\/wp\/v2\/product\/192130"}],"collection":[{"href":"https:\/\/www.foscarini.us\/es\/wp-json\/wp\/v2\/product"}],"about":[{"href":"https:\/\/www.foscarini.us\/es\/wp-json\/wp\/v2\/types\/product"}],"replies":[{"embeddable":true,"href":"https:\/\/www.foscarini.us\/es\/wp-json\/wp\/v2\/comments?post=192130"}],"wp:featuredmedia":[{"embeddable":true,"href":"https:\/\/www.foscarini.us\/es\/wp-json\/wp\/v2\/media\/448687"}],"wp:attachment":[{"href":"https:\/\/www.foscarini.us\/es\/wp-json\/wp\/v2\/media?parent=192130"}],"wp:term":[{"taxonomy":"product_cat","embeddable":true,"href":"https:\/\/www.foscarini.us\/es\/wp-json\/wp\/v2\/product_cat?post=192130"},{"taxonomy":"product_tag","embeddable":true,"href":"https:\/\/www.foscarini.us\/es\/wp-json\/wp\/v2\/product_tag?post=192130"},{"taxonomy":"materiale","embeddable":true,"href":"https:\/\/www.foscarini.us\/es\/wp-json\/wp\/v2\/materiale?post=192130"},{"taxonomy":"altezza","embeddable":true,"href":"https:\/\/www.foscarini.us\/es\/wp-json\/wp\/v2\/altezza?post=192130"},{"taxonomy":"larghezza","embeddable":true,"href":"https:\/\/www.foscarini.us\/es\/wp-json\/wp\/v2\/larghezza?post=192130"},{"taxonomy":"profondita","embeddable":true,"href":"https:\/\/www.foscarini.us\/es\/wp-json\/wp\/v2\/profondita?post=192130"},{"taxonomy":"peso","embeddable":true,"href":"https:\/\/www.foscarini.us\/es\/wp-json\/wp\/v2\/peso?post=192130"},{"taxonomy":"designer-prodotto","embeddable":true,"href":"https:\/\/www.foscarini.us\/es\/wp-json\/wp\/v2\/designer-prodotto?post=192130"}],"curies":[{"name":"wp","href":"https:\/\/api.w.org\/{rel}","templated":true}]}}