{"id":190828,"date":"2024-03-28T17:46:10","date_gmt":"2024-03-28T17:46:10","guid":{"rendered":"https:\/\/www.foscarini.us\/product\/big-bang-std-wc\/"},"modified":"2025-10-17T12:39:27","modified_gmt":"2025-10-17T12:39:27","slug":"big-bang-std-wc-es","status":"publish","type":"product","link":"https:\/\/www.foscarini.us\/es\/producto\/big-bang-std-wc-es\/","title":{"rendered":"Big Bang"},"content":{"rendered":"<p>Un&#8217;esplosione di piani e ombre incrociate, da cui si genera un&#8217;illuminazione diffusa e riflessa allo stesso tempo: da questa idea estrema e scenografica nasce la lampada da parete e soffitto Big Bang.<\/p><section class=\"pdp__slider full-height-vh\">\n    <div class=\"swiper-container swiper__pdp\">\n        <div class=\"swiper-wrapper full-height\">\n                                <div class=\"swiper-slide\">\n                                                    <img decoding=\"async\" class=\"full-cover\" src=\"https:\/\/www.foscarini.us\/wp-content\/uploads\/2024\/03\/3.1_BigBang-4-150x150.jpg\" srcset=\"https:\/\/www.foscarini.us\/wp-content\/uploads\/2024\/03\/3.1_BigBang-4-214x300.jpg 214w, https:\/\/www.foscarini.us\/wp-content\/uploads\/2024\/03\/3.1_BigBang-4-732x1024.jpg 732w, https:\/\/www.foscarini.us\/wp-content\/uploads\/2024\/03\/3.1_BigBang-4-768x1075.jpg 768w, https:\/\/www.foscarini.us\/wp-content\/uploads\/2024\/03\/3.1_BigBang-4-800x1120.jpg 800w, https:\/\/www.foscarini.us\/wp-content\/uploads\/2024\/03\/3.1_BigBang-4.jpg 1059w\" alt=\"\" \/>\n                                                                        <\/div>\n                                        <div class=\"swiper-slide\">\n                                                    <img decoding=\"async\" class=\"full-cover\" src=\"https:\/\/www.foscarini.us\/wp-content\/uploads\/2024\/03\/3.2_BigBang-4-150x150.jpg\" srcset=\"https:\/\/www.foscarini.us\/wp-content\/uploads\/2024\/03\/3.2_BigBang-4-214x300.jpg 214w, https:\/\/www.foscarini.us\/wp-content\/uploads\/2024\/03\/3.2_BigBang-4-732x1024.jpg 732w, https:\/\/www.foscarini.us\/wp-content\/uploads\/2024\/03\/3.2_BigBang-4-768x1075.jpg 768w, https:\/\/www.foscarini.us\/wp-content\/uploads\/2024\/03\/3.2_BigBang-4-800x1120.jpg 800w, https:\/\/www.foscarini.us\/wp-content\/uploads\/2024\/03\/3.2_BigBang-4.jpg 1059w\" alt=\"\" \/>\n                                                                        <\/div>\n                                        <div class=\"swiper-slide\">\n                                                    <img decoding=\"async\" class=\"full-cover\" src=\"https:\/\/www.foscarini.us\/wp-content\/uploads\/2024\/03\/3.3_BigBang-4-150x150.jpg\" srcset=\"https:\/\/www.foscarini.us\/wp-content\/uploads\/2024\/03\/3.3_BigBang-4-214x300.jpg 214w, https:\/\/www.foscarini.us\/wp-content\/uploads\/2024\/03\/3.3_BigBang-4-732x1024.jpg 732w, https:\/\/www.foscarini.us\/wp-content\/uploads\/2024\/03\/3.3_BigBang-4-768x1075.jpg 768w, https:\/\/www.foscarini.us\/wp-content\/uploads\/2024\/03\/3.3_BigBang-4-800x1120.jpg 800w, https:\/\/www.foscarini.us\/wp-content\/uploads\/2024\/03\/3.3_BigBang-4.jpg 1059w\" alt=\"\" \/>\n                                                                        <\/div>\n                            <\/div>\n    <\/div>\n    <div class=\"swiper-scrollbar\"><\/div>\n    <div class=\"ct-arrow\">\n        <div class=\"swiper-button-prev\"><\/div>\n        <div class=\"swiper-button-next\"><\/div>\n    <\/div>\n<\/section>","protected":false},"excerpt":{"rendered":"<p>L\u00e1mpara de pared y techo con luz reflejada y difusa de gran valor espacial y car\u00e1cter, ideal para personalizar entornos de diversos estilos. La l\u00e1mpara est\u00e1 compuesta por 6 placas de metacrilato transl\u00facido blanco o de colores, de formas diferentes, fijadas al soporte por dos peque\u00f1as varillas de metal. Placa de montaje en pared y soporte, que alberga la parte tecnol\u00f3gica de iluminaci\u00f3n, de fundici\u00f3n a presi\u00f3n de zinc pintada con polvo epoxi de color aluminio.<\/p>\n","protected":false},"featured_media":444557,"comment_status":"open","ping_status":"closed","template":"","meta":{"_acf_changed":true},"product_cat":[1066,5321,653,719,708,738],"product_tag":[],"materiale":[8316],"altezza":[9749],"larghezza":[11306],"profondita":[10876],"peso":[9413],"designer-prodotto":[11134],"class_list":{"0":"post-190828","1":"product","2":"type-product","3":"status-publish","4":"has-post-thumbnail","6":"product_cat-big-bang-concetto-es","7":"product_cat-big-bang-famiglia-es","8":"product_cat-concetto-es","9":"product_cat-funzione-es","10":"product_cat-parete-es","11":"product_cat-soffitto-es","12":"materiale-materiale-plastico-es","13":"altezza-22-es","14":"larghezza-79-es","15":"profondita-67-es","16":"peso-3-es","17":"designer-prodotto-enrico-franzolini-vicente-garcia-jimenez-es","19":"first","20":"instock","21":"shipping-taxable","22":"purchasable","23":"product-type-variable"},"acf":{"preview_slider":{"titolo":"","testo":"","video_domanda":false,"link_video":""},"prodotto__immagine_preview":{"immagine":221584},"prodotto__slider":{"sottotitolo":"Vicente Garcia Jimenez, Enrico Franzolini (2005)","titolo":"Una explosi\u00f3n de planos y sombras que se entrecruzan, de la que se genera una iluminaci\u00f3n difusa y reflejada al mismo tiempo: a partir de esta idea extrema y escenogr\u00e1fica nace la l\u00e1mpara de pared y techo Big Bang.","immagini":[{"immagine":415286,"immagine_mobile":""}]},"prodotto__slider_preview":null,"prodotto__specifiche":{"selezione":[{"scheda_tecnica":482095}]}},"yoast_head":"<!-- This site is optimized with the Yoast SEO Premium plugin v22.4 (Yoast SEO v23.7) - https:\/\/yoast.com\/wordpress\/plugins\/seo\/ -->\n<title>Big Bang - Foscarini<\/title>\n<meta name=\"robots\" content=\"index, follow, max-snippet:-1, max-image-preview:large, max-video-preview:-1\" \/>\n<meta property=\"og:locale\" content=\"es_ES\" \/>\n<meta property=\"og:type\" content=\"article\" \/>\n<meta property=\"og:title\" content=\"Big Bang\" \/>\n<meta property=\"og:description\" content=\"L\u00e1mpara de pared y techo con luz reflejada y difusa de gran valor espacial y car\u00e1cter, ideal para personalizar entornos de diversos estilos. La l\u00e1mpara est\u00e1 compuesta por 6 placas de metacrilato transl\u00facido blanco o de colores, de formas diferentes, fijadas al soporte por dos peque\u00f1as varillas de metal. Placa de montaje en pared y soporte, que alberga la parte tecnol\u00f3gica de iluminaci\u00f3n, de fundici\u00f3n a presi\u00f3n de zinc pintada con polvo epoxi de color aluminio.\" \/>\n<meta property=\"og:url\" content=\"https:\/\/www.foscarini.us\/es\/producto\/big-bang-std-wc-es\/\" \/>\n<meta property=\"og:site_name\" content=\"Foscarini\" \/>\n<meta property=\"article:modified_time\" content=\"2025-10-17T12:39:27+00:00\" \/>\n<meta property=\"og:image\" content=\"https:\/\/www.foscarini.us\/wp-content\/uploads\/2025\/06\/big-bang_w_white_22_786x865-1.jpg\" \/>\n\t<meta property=\"og:image:width\" content=\"786\" \/>\n\t<meta property=\"og:image:height\" content=\"865\" \/>\n\t<meta property=\"og:image:type\" content=\"image\/jpeg\" \/>\n<meta name=\"twitter:card\" content=\"summary_large_image\" \/>\n<meta name=\"twitter:label1\" content=\"Tiempo de lectura\" \/>\n\t<meta name=\"twitter:data1\" content=\"1 minuto\" \/>\n<script type=\"application\/ld+json\" class=\"yoast-schema-graph\">{\"@context\":\"https:\/\/schema.org\",\"@graph\":[{\"@type\":\"WebPage\",\"@id\":\"https:\/\/www.foscarini.us\/es\/producto\/big-bang-std-wc-es\/\",\"url\":\"https:\/\/www.foscarini.us\/es\/producto\/big-bang-std-wc-es\/\",\"name\":\"Big Bang - Foscarini\",\"isPartOf\":{\"@id\":\"https:\/\/www.foscarini.us\/#website\"},\"primaryImageOfPage\":{\"@id\":\"https:\/\/www.foscarini.us\/es\/producto\/big-bang-std-wc-es\/#primaryimage\"},\"image\":{\"@id\":\"https:\/\/www.foscarini.us\/es\/producto\/big-bang-std-wc-es\/#primaryimage\"},\"thumbnailUrl\":\"https:\/\/www.foscarini.us\/wp-content\/uploads\/2025\/06\/big-bang_w_white_22_786x865-1.jpg\",\"datePublished\":\"2024-03-28T17:46:10+00:00\",\"dateModified\":\"2025-10-17T12:39:27+00:00\",\"breadcrumb\":{\"@id\":\"https:\/\/www.foscarini.us\/es\/producto\/big-bang-std-wc-es\/#breadcrumb\"},\"inLanguage\":\"es-AR\",\"potentialAction\":[{\"@type\":\"ReadAction\",\"target\":[\"https:\/\/www.foscarini.us\/es\/producto\/big-bang-std-wc-es\/\"]}]},{\"@type\":\"ImageObject\",\"inLanguage\":\"es-AR\",\"@id\":\"https:\/\/www.foscarini.us\/es\/producto\/big-bang-std-wc-es\/#primaryimage\",\"url\":\"https:\/\/www.foscarini.us\/wp-content\/uploads\/2025\/06\/big-bang_w_white_22_786x865-1.jpg\",\"contentUrl\":\"https:\/\/www.foscarini.us\/wp-content\/uploads\/2025\/06\/big-bang_w_white_22_786x865-1.jpg\",\"width\":786,\"height\":865},{\"@type\":\"BreadcrumbList\",\"@id\":\"https:\/\/www.foscarini.us\/es\/producto\/big-bang-std-wc-es\/#breadcrumb\",\"itemListElement\":[{\"@type\":\"ListItem\",\"position\":1,\"name\":\"Home\",\"item\":\"https:\/\/www.foscarini.us\/es\/\"},{\"@type\":\"ListItem\",\"position\":2,\"name\":\"Tienda\",\"item\":\"https:\/\/www.foscarini.us\/es\/tienda\/\"},{\"@type\":\"ListItem\",\"position\":3,\"name\":\"Big Bang\"}]},{\"@type\":\"WebSite\",\"@id\":\"https:\/\/www.foscarini.us\/#website\",\"url\":\"https:\/\/www.foscarini.us\/\",\"name\":\"Foscarini\",\"description\":\"\",\"potentialAction\":[{\"@type\":\"SearchAction\",\"target\":{\"@type\":\"EntryPoint\",\"urlTemplate\":\"https:\/\/www.foscarini.us\/?s={search_term_string}\"},\"query-input\":{\"@type\":\"PropertyValueSpecification\",\"valueRequired\":true,\"valueName\":\"search_term_string\"}}],\"inLanguage\":\"es-AR\"}]}<\/script>\n<!-- \/ Yoast SEO Premium plugin. -->","yoast_head_json":{"title":"Big Bang - Foscarini","robots":{"index":"index","follow":"follow","max-snippet":"max-snippet:-1","max-image-preview":"max-image-preview:large","max-video-preview":"max-video-preview:-1"},"og_locale":"es_ES","og_type":"article","og_title":"Big Bang","og_description":"L\u00e1mpara de pared y techo con luz reflejada y difusa de gran valor espacial y car\u00e1cter, ideal para personalizar entornos de diversos estilos. La l\u00e1mpara est\u00e1 compuesta por 6 placas de metacrilato transl\u00facido blanco o de colores, de formas diferentes, fijadas al soporte por dos peque\u00f1as varillas de metal. Placa de montaje en pared y soporte, que alberga la parte tecnol\u00f3gica de iluminaci\u00f3n, de fundici\u00f3n a presi\u00f3n de zinc pintada con polvo epoxi de color aluminio.","og_url":"https:\/\/www.foscarini.us\/es\/producto\/big-bang-std-wc-es\/","og_site_name":"Foscarini","article_modified_time":"2025-10-17T12:39:27+00:00","og_image":[{"width":786,"height":865,"url":"https:\/\/www.foscarini.us\/wp-content\/uploads\/2025\/06\/big-bang_w_white_22_786x865-1.jpg","type":"image\/jpeg"}],"twitter_card":"summary_large_image","twitter_misc":{"Tiempo de lectura":"1 minuto"},"schema":{"@context":"https:\/\/schema.org","@graph":[{"@type":"WebPage","@id":"https:\/\/www.foscarini.us\/es\/producto\/big-bang-std-wc-es\/","url":"https:\/\/www.foscarini.us\/es\/producto\/big-bang-std-wc-es\/","name":"Big Bang - Foscarini","isPartOf":{"@id":"https:\/\/www.foscarini.us\/#website"},"primaryImageOfPage":{"@id":"https:\/\/www.foscarini.us\/es\/producto\/big-bang-std-wc-es\/#primaryimage"},"image":{"@id":"https:\/\/www.foscarini.us\/es\/producto\/big-bang-std-wc-es\/#primaryimage"},"thumbnailUrl":"https:\/\/www.foscarini.us\/wp-content\/uploads\/2025\/06\/big-bang_w_white_22_786x865-1.jpg","datePublished":"2024-03-28T17:46:10+00:00","dateModified":"2025-10-17T12:39:27+00:00","breadcrumb":{"@id":"https:\/\/www.foscarini.us\/es\/producto\/big-bang-std-wc-es\/#breadcrumb"},"inLanguage":"es-AR","potentialAction":[{"@type":"ReadAction","target":["https:\/\/www.foscarini.us\/es\/producto\/big-bang-std-wc-es\/"]}]},{"@type":"ImageObject","inLanguage":"es-AR","@id":"https:\/\/www.foscarini.us\/es\/producto\/big-bang-std-wc-es\/#primaryimage","url":"https:\/\/www.foscarini.us\/wp-content\/uploads\/2025\/06\/big-bang_w_white_22_786x865-1.jpg","contentUrl":"https:\/\/www.foscarini.us\/wp-content\/uploads\/2025\/06\/big-bang_w_white_22_786x865-1.jpg","width":786,"height":865},{"@type":"BreadcrumbList","@id":"https:\/\/www.foscarini.us\/es\/producto\/big-bang-std-wc-es\/#breadcrumb","itemListElement":[{"@type":"ListItem","position":1,"name":"Home","item":"https:\/\/www.foscarini.us\/es\/"},{"@type":"ListItem","position":2,"name":"Tienda","item":"https:\/\/www.foscarini.us\/es\/tienda\/"},{"@type":"ListItem","position":3,"name":"Big Bang"}]},{"@type":"WebSite","@id":"https:\/\/www.foscarini.us\/#website","url":"https:\/\/www.foscarini.us\/","name":"Foscarini","description":"","potentialAction":[{"@type":"SearchAction","target":{"@type":"EntryPoint","urlTemplate":"https:\/\/www.foscarini.us\/?s={search_term_string}"},"query-input":{"@type":"PropertyValueSpecification","valueRequired":true,"valueName":"search_term_string"}}],"inLanguage":"es-AR"}]}},"_links":{"self":[{"href":"https:\/\/www.foscarini.us\/es\/wp-json\/wp\/v2\/product\/190828"}],"collection":[{"href":"https:\/\/www.foscarini.us\/es\/wp-json\/wp\/v2\/product"}],"about":[{"href":"https:\/\/www.foscarini.us\/es\/wp-json\/wp\/v2\/types\/product"}],"replies":[{"embeddable":true,"href":"https:\/\/www.foscarini.us\/es\/wp-json\/wp\/v2\/comments?post=190828"}],"wp:featuredmedia":[{"embeddable":true,"href":"https:\/\/www.foscarini.us\/es\/wp-json\/wp\/v2\/media\/444557"}],"wp:attachment":[{"href":"https:\/\/www.foscarini.us\/es\/wp-json\/wp\/v2\/media?parent=190828"}],"wp:term":[{"taxonomy":"product_cat","embeddable":true,"href":"https:\/\/www.foscarini.us\/es\/wp-json\/wp\/v2\/product_cat?post=190828"},{"taxonomy":"product_tag","embeddable":true,"href":"https:\/\/www.foscarini.us\/es\/wp-json\/wp\/v2\/product_tag?post=190828"},{"taxonomy":"materiale","embeddable":true,"href":"https:\/\/www.foscarini.us\/es\/wp-json\/wp\/v2\/materiale?post=190828"},{"taxonomy":"altezza","embeddable":true,"href":"https:\/\/www.foscarini.us\/es\/wp-json\/wp\/v2\/altezza?post=190828"},{"taxonomy":"larghezza","embeddable":true,"href":"https:\/\/www.foscarini.us\/es\/wp-json\/wp\/v2\/larghezza?post=190828"},{"taxonomy":"profondita","embeddable":true,"href":"https:\/\/www.foscarini.us\/es\/wp-json\/wp\/v2\/profondita?post=190828"},{"taxonomy":"peso","embeddable":true,"href":"https:\/\/www.foscarini.us\/es\/wp-json\/wp\/v2\/peso?post=190828"},{"taxonomy":"designer-prodotto","embeddable":true,"href":"https:\/\/www.foscarini.us\/es\/wp-json\/wp\/v2\/designer-prodotto?post=190828"}],"curies":[{"name":"wp","href":"https:\/\/api.w.org\/{rel}","templated":true}]}}