{"id":190779,"date":"2024-03-28T17:43:28","date_gmt":"2024-03-28T17:43:28","guid":{"rendered":"https:\/\/www.foscarini.us\/product\/allegro-ritmico-allegro-s\/"},"modified":"2025-10-17T12:25:47","modified_gmt":"2025-10-17T12:25:47","slug":"allegro-ritmico-allegro-s-es","status":"publish","type":"product","link":"https:\/\/www.foscarini.us\/es\/producto\/allegro-ritmico-allegro-s-es\/","title":{"rendered":"Allegro Ritmico"},"content":{"rendered":"<p>Dall&#8217;intersezione di due forme diverse nasce la lampada a sospensione Allegro Ritmico. Un modo del tutto speciale di caratterizzare e illuminare uno spazio, fondendo effetto luminoso e design grafico.<\/p><section class=\"pdp__slider full-height-vh\">\n    <div class=\"swiper-container swiper__pdp\">\n        <div class=\"swiper-wrapper full-height\">\n                                <div class=\"swiper-slide\">\n                                                    <img decoding=\"async\" class=\"full-cover\" src=\"https:\/\/www.foscarini.us\/wp-content\/uploads\/2024\/03\/3.1_Allegro-Ritmico-1-150x150.jpg\" srcset=\"https:\/\/www.foscarini.us\/wp-content\/uploads\/2024\/03\/3.1_Allegro-Ritmico-1-300x250.jpg 300w, https:\/\/www.foscarini.us\/wp-content\/uploads\/2024\/03\/3.1_Allegro-Ritmico-1-1024x854.jpg 1024w, https:\/\/www.foscarini.us\/wp-content\/uploads\/2024\/03\/3.1_Allegro-Ritmico-1-768x641.jpg 768w, https:\/\/www.foscarini.us\/wp-content\/uploads\/2024\/03\/3.1_Allegro-Ritmico-1-1536x1282.jpg 1536w, https:\/\/www.foscarini.us\/wp-content\/uploads\/2024\/03\/3.1_Allegro-Ritmico-1-800x668.jpg 800w, https:\/\/www.foscarini.us\/wp-content\/uploads\/2024\/03\/3.1_Allegro-Ritmico-1.jpg 1776w\" alt=\"\" \/>\n                                                                        <\/div>\n                                        <div class=\"swiper-slide\">\n                                                    <img decoding=\"async\" class=\"full-cover\" src=\"https:\/\/www.foscarini.us\/wp-content\/uploads\/2024\/03\/3.2_Allegro-Ritmico-1-150x150.jpg\" srcset=\"https:\/\/www.foscarini.us\/wp-content\/uploads\/2024\/03\/3.2_Allegro-Ritmico-1-194x300.jpg 194w, https:\/\/www.foscarini.us\/wp-content\/uploads\/2024\/03\/3.2_Allegro-Ritmico-1-663x1024.jpg 663w, https:\/\/www.foscarini.us\/wp-content\/uploads\/2024\/03\/3.2_Allegro-Ritmico-1-768x1186.jpg 768w, https:\/\/www.foscarini.us\/wp-content\/uploads\/2024\/03\/3.2_Allegro-Ritmico-1-800x1235.jpg 800w, https:\/\/www.foscarini.us\/wp-content\/uploads\/2024\/03\/3.2_Allegro-Ritmico-1.jpg 960w\" alt=\"\" \/>\n                                                                        <\/div>\n                                        <div class=\"swiper-slide\">\n                                                    <img decoding=\"async\" class=\"full-cover\" src=\"https:\/\/www.foscarini.us\/wp-content\/uploads\/2024\/03\/3.3_Allegro-Ritmico-1-150x150.jpg\" srcset=\"https:\/\/www.foscarini.us\/wp-content\/uploads\/2024\/03\/3.3_Allegro-Ritmico-1-194x300.jpg 194w, https:\/\/www.foscarini.us\/wp-content\/uploads\/2024\/03\/3.3_Allegro-Ritmico-1-663x1024.jpg 663w, https:\/\/www.foscarini.us\/wp-content\/uploads\/2024\/03\/3.3_Allegro-Ritmico-1-768x1186.jpg 768w, https:\/\/www.foscarini.us\/wp-content\/uploads\/2024\/03\/3.3_Allegro-Ritmico-1-800x1235.jpg 800w, https:\/\/www.foscarini.us\/wp-content\/uploads\/2024\/03\/3.3_Allegro-Ritmico-1.jpg 960w\" alt=\"\" \/>\n                                                                        <\/div>\n                                        <div class=\"swiper-slide\">\n                                                    <img decoding=\"async\" class=\"full-cover\" src=\"https:\/\/www.foscarini.us\/wp-content\/uploads\/2024\/03\/3.4_Allegro-Ritmico-1-150x150.jpg\" srcset=\"https:\/\/www.foscarini.us\/wp-content\/uploads\/2024\/03\/3.4_Allegro-Ritmico-1-194x300.jpg 194w, https:\/\/www.foscarini.us\/wp-content\/uploads\/2024\/03\/3.4_Allegro-Ritmico-1-663x1024.jpg 663w, https:\/\/www.foscarini.us\/wp-content\/uploads\/2024\/03\/3.4_Allegro-Ritmico-1-768x1186.jpg 768w, https:\/\/www.foscarini.us\/wp-content\/uploads\/2024\/03\/3.4_Allegro-Ritmico-1-800x1235.jpg 800w, https:\/\/www.foscarini.us\/wp-content\/uploads\/2024\/03\/3.4_Allegro-Ritmico-1.jpg 960w\" alt=\"\" \/>\n                                                                        <\/div>\n                            <\/div>\n    <\/div>\n    <div class=\"swiper-scrollbar\"><\/div>\n    <div class=\"ct-arrow\">\n        <div class=\"swiper-button-prev\"><\/div>\n        <div class=\"swiper-button-next\"><\/div>\n    <\/div>\n<\/section>","protected":false},"excerpt":{"rendered":"<p>Una l\u00e1mpara de suspensi\u00f3n que nace de la intersecci\u00f3n de dos formas distintas que se compenetran. Caracteriza el espacio con su dise\u00f1o gr\u00e1fico que destaca por el color grafito. Ofrece una iluminaci\u00f3n difusa, directa hacia abajo y reflejada en el techo. El cuerpo de luz est\u00e1 formado por una estructura en metal cromado y varillas redondas macizas de aluminio pintadas con polvos epox\u00eddicos. Las varillas est\u00e1n unidas a la estructura mediante peque\u00f1os anillos en metal. Dispone de tres cables de suspensi\u00f3n en acero inoxidable y cable el\u00e9ctrico transparente. Flor\u00f3n de techo con estribo de metal zincado y cubierta en metal cromado brillante. Preparado para el encendido separado de las dos fuentes luminosas. Disponible kit para la descentralizaci\u00f3n del flor\u00f3n.<\/p>\n","protected":false},"featured_media":444095,"comment_status":"open","ping_status":"closed","template":"","meta":{"_acf_changed":true},"product_cat":[5284,659,653,719,744],"product_tag":[],"materiale":[8428],"altezza":[12167],"larghezza":[11252],"profondita":[11167],"peso":[8454],"designer-prodotto":[7457],"class_list":{"0":"post-190779","1":"product","2":"type-product","3":"status-publish","4":"has-post-thumbnail","6":"product_cat-allegro-famiglia-es","7":"product_cat-allegro-concetto-es","8":"product_cat-concetto-es","9":"product_cat-funzione-es","10":"product_cat-sospensione-es","11":"materiale-acciaio-e-metallo-es","12":"altezza-81-es","13":"larghezza-75-es","14":"profondita-75-es","15":"peso-15-2-es","16":"designer-prodotto-atelier-oi-es","18":"first","19":"instock","20":"shipping-taxable","21":"purchasable","22":"product-type-variable"},"acf":{"preview_slider":{"titolo":"","testo":"","video_domanda":false,"link_video":""},"prodotto__immagine_preview":{"immagine":221136},"prodotto__slider":{"sottotitolo":"Atelier O\u00ef (2007)","titolo":"De la intersecci\u00f3n de dos formas distintas nace la l\u00e1mpara de suspensi\u00f3n Allegro Ritmico. Una forma muy especial de caracterizar e iluminar un espacio, uniendo efecto luminoso y dise\u00f1o gr\u00e1fico.","immagini":[{"immagine":308321,"immagine_mobile":null}]},"prodotto__slider_preview":null,"prodotto__specifiche":{"selezione":[{"scheda_tecnica":481791},{"scheda_tecnica":481792}]}},"yoast_head":"<!-- This site is optimized with the Yoast SEO Premium plugin v22.4 (Yoast SEO v23.7) - https:\/\/yoast.com\/wordpress\/plugins\/seo\/ -->\n<title>Allegro Ritmico - Foscarini<\/title>\n<meta name=\"robots\" content=\"index, follow, max-snippet:-1, max-image-preview:large, max-video-preview:-1\" \/>\n<meta property=\"og:locale\" content=\"es_ES\" \/>\n<meta property=\"og:type\" content=\"article\" \/>\n<meta property=\"og:title\" content=\"Allegro Ritmico\" \/>\n<meta property=\"og:description\" content=\"Una l\u00e1mpara de suspensi\u00f3n que nace de la intersecci\u00f3n de dos formas distintas que se compenetran. Caracteriza el espacio con su dise\u00f1o gr\u00e1fico que destaca por el color grafito. Ofrece una iluminaci\u00f3n difusa, directa hacia abajo y reflejada en el techo. El cuerpo de luz est\u00e1 formado por una estructura en metal cromado y varillas redondas macizas de aluminio pintadas con polvos epox\u00eddicos. Las varillas est\u00e1n unidas a la estructura mediante peque\u00f1os anillos en metal. Dispone de tres cables de suspensi\u00f3n en acero inoxidable y cable el\u00e9ctrico transparente. Flor\u00f3n de techo con estribo de metal zincado y cubierta en metal cromado brillante. Preparado para el encendido separado de las dos fuentes luminosas. Disponible kit para la descentralizaci\u00f3n del flor\u00f3n.\" \/>\n<meta property=\"og:url\" content=\"https:\/\/www.foscarini.us\/es\/producto\/allegro-ritmico-allegro-s-es\/\" \/>\n<meta property=\"og:site_name\" content=\"Foscarini\" \/>\n<meta property=\"article:modified_time\" content=\"2025-10-17T12:25:47+00:00\" \/>\n<meta property=\"og:image\" content=\"https:\/\/www.foscarini.us\/wp-content\/uploads\/2025\/06\/allegro-ritmico_s_graphite_22_786x865-3.jpg\" \/>\n\t<meta property=\"og:image:width\" content=\"786\" \/>\n\t<meta property=\"og:image:height\" content=\"865\" \/>\n\t<meta property=\"og:image:type\" content=\"image\/jpeg\" \/>\n<meta name=\"twitter:card\" content=\"summary_large_image\" \/>\n<meta name=\"twitter:label1\" content=\"Tiempo de lectura\" \/>\n\t<meta name=\"twitter:data1\" content=\"1 minuto\" \/>\n<script type=\"application\/ld+json\" class=\"yoast-schema-graph\">{\"@context\":\"https:\/\/schema.org\",\"@graph\":[{\"@type\":\"WebPage\",\"@id\":\"https:\/\/www.foscarini.us\/es\/producto\/allegro-ritmico-allegro-s-es\/\",\"url\":\"https:\/\/www.foscarini.us\/es\/producto\/allegro-ritmico-allegro-s-es\/\",\"name\":\"Allegro Ritmico - Foscarini\",\"isPartOf\":{\"@id\":\"https:\/\/www.foscarini.us\/#website\"},\"primaryImageOfPage\":{\"@id\":\"https:\/\/www.foscarini.us\/es\/producto\/allegro-ritmico-allegro-s-es\/#primaryimage\"},\"image\":{\"@id\":\"https:\/\/www.foscarini.us\/es\/producto\/allegro-ritmico-allegro-s-es\/#primaryimage\"},\"thumbnailUrl\":\"https:\/\/www.foscarini.us\/wp-content\/uploads\/2025\/06\/allegro-ritmico_s_graphite_22_786x865-3.jpg\",\"datePublished\":\"2024-03-28T17:43:28+00:00\",\"dateModified\":\"2025-10-17T12:25:47+00:00\",\"breadcrumb\":{\"@id\":\"https:\/\/www.foscarini.us\/es\/producto\/allegro-ritmico-allegro-s-es\/#breadcrumb\"},\"inLanguage\":\"es-AR\",\"potentialAction\":[{\"@type\":\"ReadAction\",\"target\":[\"https:\/\/www.foscarini.us\/es\/producto\/allegro-ritmico-allegro-s-es\/\"]}]},{\"@type\":\"ImageObject\",\"inLanguage\":\"es-AR\",\"@id\":\"https:\/\/www.foscarini.us\/es\/producto\/allegro-ritmico-allegro-s-es\/#primaryimage\",\"url\":\"https:\/\/www.foscarini.us\/wp-content\/uploads\/2025\/06\/allegro-ritmico_s_graphite_22_786x865-3.jpg\",\"contentUrl\":\"https:\/\/www.foscarini.us\/wp-content\/uploads\/2025\/06\/allegro-ritmico_s_graphite_22_786x865-3.jpg\",\"width\":786,\"height\":865},{\"@type\":\"BreadcrumbList\",\"@id\":\"https:\/\/www.foscarini.us\/es\/producto\/allegro-ritmico-allegro-s-es\/#breadcrumb\",\"itemListElement\":[{\"@type\":\"ListItem\",\"position\":1,\"name\":\"Home\",\"item\":\"https:\/\/www.foscarini.us\/es\/\"},{\"@type\":\"ListItem\",\"position\":2,\"name\":\"Tienda\",\"item\":\"https:\/\/www.foscarini.us\/es\/tienda\/\"},{\"@type\":\"ListItem\",\"position\":3,\"name\":\"Allegro Ritmico\"}]},{\"@type\":\"WebSite\",\"@id\":\"https:\/\/www.foscarini.us\/#website\",\"url\":\"https:\/\/www.foscarini.us\/\",\"name\":\"Foscarini\",\"description\":\"\",\"potentialAction\":[{\"@type\":\"SearchAction\",\"target\":{\"@type\":\"EntryPoint\",\"urlTemplate\":\"https:\/\/www.foscarini.us\/?s={search_term_string}\"},\"query-input\":{\"@type\":\"PropertyValueSpecification\",\"valueRequired\":true,\"valueName\":\"search_term_string\"}}],\"inLanguage\":\"es-AR\"}]}<\/script>\n<!-- \/ Yoast SEO Premium plugin. -->","yoast_head_json":{"title":"Allegro Ritmico - Foscarini","robots":{"index":"index","follow":"follow","max-snippet":"max-snippet:-1","max-image-preview":"max-image-preview:large","max-video-preview":"max-video-preview:-1"},"og_locale":"es_ES","og_type":"article","og_title":"Allegro Ritmico","og_description":"Una l\u00e1mpara de suspensi\u00f3n que nace de la intersecci\u00f3n de dos formas distintas que se compenetran. Caracteriza el espacio con su dise\u00f1o gr\u00e1fico que destaca por el color grafito. Ofrece una iluminaci\u00f3n difusa, directa hacia abajo y reflejada en el techo. El cuerpo de luz est\u00e1 formado por una estructura en metal cromado y varillas redondas macizas de aluminio pintadas con polvos epox\u00eddicos. Las varillas est\u00e1n unidas a la estructura mediante peque\u00f1os anillos en metal. Dispone de tres cables de suspensi\u00f3n en acero inoxidable y cable el\u00e9ctrico transparente. Flor\u00f3n de techo con estribo de metal zincado y cubierta en metal cromado brillante. Preparado para el encendido separado de las dos fuentes luminosas. Disponible kit para la descentralizaci\u00f3n del flor\u00f3n.","og_url":"https:\/\/www.foscarini.us\/es\/producto\/allegro-ritmico-allegro-s-es\/","og_site_name":"Foscarini","article_modified_time":"2025-10-17T12:25:47+00:00","og_image":[{"width":786,"height":865,"url":"https:\/\/www.foscarini.us\/wp-content\/uploads\/2025\/06\/allegro-ritmico_s_graphite_22_786x865-3.jpg","type":"image\/jpeg"}],"twitter_card":"summary_large_image","twitter_misc":{"Tiempo de lectura":"1 minuto"},"schema":{"@context":"https:\/\/schema.org","@graph":[{"@type":"WebPage","@id":"https:\/\/www.foscarini.us\/es\/producto\/allegro-ritmico-allegro-s-es\/","url":"https:\/\/www.foscarini.us\/es\/producto\/allegro-ritmico-allegro-s-es\/","name":"Allegro Ritmico - Foscarini","isPartOf":{"@id":"https:\/\/www.foscarini.us\/#website"},"primaryImageOfPage":{"@id":"https:\/\/www.foscarini.us\/es\/producto\/allegro-ritmico-allegro-s-es\/#primaryimage"},"image":{"@id":"https:\/\/www.foscarini.us\/es\/producto\/allegro-ritmico-allegro-s-es\/#primaryimage"},"thumbnailUrl":"https:\/\/www.foscarini.us\/wp-content\/uploads\/2025\/06\/allegro-ritmico_s_graphite_22_786x865-3.jpg","datePublished":"2024-03-28T17:43:28+00:00","dateModified":"2025-10-17T12:25:47+00:00","breadcrumb":{"@id":"https:\/\/www.foscarini.us\/es\/producto\/allegro-ritmico-allegro-s-es\/#breadcrumb"},"inLanguage":"es-AR","potentialAction":[{"@type":"ReadAction","target":["https:\/\/www.foscarini.us\/es\/producto\/allegro-ritmico-allegro-s-es\/"]}]},{"@type":"ImageObject","inLanguage":"es-AR","@id":"https:\/\/www.foscarini.us\/es\/producto\/allegro-ritmico-allegro-s-es\/#primaryimage","url":"https:\/\/www.foscarini.us\/wp-content\/uploads\/2025\/06\/allegro-ritmico_s_graphite_22_786x865-3.jpg","contentUrl":"https:\/\/www.foscarini.us\/wp-content\/uploads\/2025\/06\/allegro-ritmico_s_graphite_22_786x865-3.jpg","width":786,"height":865},{"@type":"BreadcrumbList","@id":"https:\/\/www.foscarini.us\/es\/producto\/allegro-ritmico-allegro-s-es\/#breadcrumb","itemListElement":[{"@type":"ListItem","position":1,"name":"Home","item":"https:\/\/www.foscarini.us\/es\/"},{"@type":"ListItem","position":2,"name":"Tienda","item":"https:\/\/www.foscarini.us\/es\/tienda\/"},{"@type":"ListItem","position":3,"name":"Allegro Ritmico"}]},{"@type":"WebSite","@id":"https:\/\/www.foscarini.us\/#website","url":"https:\/\/www.foscarini.us\/","name":"Foscarini","description":"","potentialAction":[{"@type":"SearchAction","target":{"@type":"EntryPoint","urlTemplate":"https:\/\/www.foscarini.us\/?s={search_term_string}"},"query-input":{"@type":"PropertyValueSpecification","valueRequired":true,"valueName":"search_term_string"}}],"inLanguage":"es-AR"}]}},"_links":{"self":[{"href":"https:\/\/www.foscarini.us\/es\/wp-json\/wp\/v2\/product\/190779"}],"collection":[{"href":"https:\/\/www.foscarini.us\/es\/wp-json\/wp\/v2\/product"}],"about":[{"href":"https:\/\/www.foscarini.us\/es\/wp-json\/wp\/v2\/types\/product"}],"replies":[{"embeddable":true,"href":"https:\/\/www.foscarini.us\/es\/wp-json\/wp\/v2\/comments?post=190779"}],"wp:featuredmedia":[{"embeddable":true,"href":"https:\/\/www.foscarini.us\/es\/wp-json\/wp\/v2\/media\/444095"}],"wp:attachment":[{"href":"https:\/\/www.foscarini.us\/es\/wp-json\/wp\/v2\/media?parent=190779"}],"wp:term":[{"taxonomy":"product_cat","embeddable":true,"href":"https:\/\/www.foscarini.us\/es\/wp-json\/wp\/v2\/product_cat?post=190779"},{"taxonomy":"product_tag","embeddable":true,"href":"https:\/\/www.foscarini.us\/es\/wp-json\/wp\/v2\/product_tag?post=190779"},{"taxonomy":"materiale","embeddable":true,"href":"https:\/\/www.foscarini.us\/es\/wp-json\/wp\/v2\/materiale?post=190779"},{"taxonomy":"altezza","embeddable":true,"href":"https:\/\/www.foscarini.us\/es\/wp-json\/wp\/v2\/altezza?post=190779"},{"taxonomy":"larghezza","embeddable":true,"href":"https:\/\/www.foscarini.us\/es\/wp-json\/wp\/v2\/larghezza?post=190779"},{"taxonomy":"profondita","embeddable":true,"href":"https:\/\/www.foscarini.us\/es\/wp-json\/wp\/v2\/profondita?post=190779"},{"taxonomy":"peso","embeddable":true,"href":"https:\/\/www.foscarini.us\/es\/wp-json\/wp\/v2\/peso?post=190779"},{"taxonomy":"designer-prodotto","embeddable":true,"href":"https:\/\/www.foscarini.us\/es\/wp-json\/wp\/v2\/designer-prodotto?post=190779"}],"curies":[{"name":"wp","href":"https:\/\/api.w.org\/{rel}","templated":true}]}}