{"id":386031,"date":"2025-03-31T14:49:03","date_gmt":"2025-03-31T14:49:03","guid":{"rendered":"https:\/\/www.foscarini.us\/mdw25-etoile\/"},"modified":"2025-04-09T10:30:59","modified_gmt":"2025-04-09T10:30:59","slug":"mdw25-etoile","status":"publish","type":"page","link":"https:\/\/www.foscarini.us\/es\/mdw25-etoile\/","title":{"rendered":"MDW25-Etoile"},"content":{"rendered":"<section class=\"two_cols__link_and_image full-height-vh \">\n    <div class=\"row row-large \">\n        <div class=\"medium-4 small-12 columns full-height relative col-1\">\n            <div class=\"ct-text\">\n                <span class=\"subtitle js-heading\">NOVIT\u00e0 2025<\/span>\n                <div class=\"ct-link\">\n                                        <a class=\"link-arrow title-medium js-heading no-link\" href=\"\"><p>Etoile<\/p>\n<\/a>\n                    <div class=\"text-1 js-heading\"><p>\/ Dordoni Studio<\/p>\n<\/div>\n                                    <\/div>\n                            <\/div>\n        <\/div>\n        <div class=\"medium-8 small-12 columns full-height col-2 no-padding-right-mobile\">\n                                                    <img decoding=\"async\" class=\"full-cover\" src=\"https:\/\/www.foscarini.us\/wp-content\/uploads\/2025\/03\/GRANDE-ETOILE-PREVIEW-150x150.png\" srcset=\"https:\/\/www.foscarini.us\/wp-content\/uploads\/2025\/03\/GRANDE-ETOILE-PREVIEW-300x240.png 300w, https:\/\/www.foscarini.us\/wp-content\/uploads\/2025\/03\/GRANDE-ETOILE-PREVIEW-1024x819.png 1024w, https:\/\/www.foscarini.us\/wp-content\/uploads\/2025\/03\/GRANDE-ETOILE-PREVIEW-768x614.png 768w, https:\/\/www.foscarini.us\/wp-content\/uploads\/2025\/03\/GRANDE-ETOILE-PREVIEW-800x640.png 800w, https:\/\/www.foscarini.us\/wp-content\/uploads\/2025\/03\/GRANDE-ETOILE-PREVIEW.png 1200w\" alt=\"\" \/>\n                                            <\/div>\n    <\/div>\n<\/section><section class=\"articolo-titolo reading-time\">\n    <div class=\"ct-block\">\n        <div class=\"text\"><p>Trasparenze e volumi per uno stile senza tempo: Etoile \u00e8 uno <em>chandelier<\/em> che unisce rigore e raffinatezza, in cui i volumi cilindrici \u2013 realizzati in vetro soffiato acidato e Pyrex \u2013 si dispongono in composizioni che sostituiscono al decoro tradizionale una pi\u00f9 sobria eleganza.<\/p>\n<\/div>\n            <\/div>\n<\/section><section class=\"articolo-testo reading-time\">\n    <div class=\"ct-block\">\n        <div class=\"text\"><p>La progettazione di Etoile \u00e8 partita dall\u2019archetipo del lampadario muranese, reinterpretandolo attraverso la sottrazione. In Etoile, l<strong>a ricchezza dei decori dello <em>chandelier<\/em> tradizionale lascia spazio a un raffinato gioco di volumi<\/strong>, mentre il contrasto tra la trasparenza del corpo centrale cilindrico in Pyrex e la texture del vetro acidato dei diffusori \u2013 anch\u2019essi costruiti sulla forma cilindrica \u2013 genera un affascinante equilibrio di opposti: un lampadario raffinato ma imponente, una luce intensa ma gradevole, un\u2019eleganza sobria e allo stesso tempo estremamente sofisticata.<\/p>\n<p>Al centro non c\u2019\u00e8 un elemento strutturale visibile: a fungere da supporto per i moduli luminosi \u00e8 un cilindro in Pyrex trasparente, visivamente quasi impercettibile, ancor pi\u00f9 a chandelier acceso. Un\u2019estetica, nella visione progettuale dello Studio, in cui il supporto \u00e8 trasparente e scompare alla vista, in continuit\u00e0 con altre creazioni per Foscarini come <a href=\"https:\/\/www.foscarini.us\/concetto\/fleur\/\">Fleur<\/a> e <a href=\"https:\/\/www.foscarini.us\/concetto\/chapeaux\/\">Chapeaux<\/a>, o prima ancora <a href=\"https:\/\/www.foscarini.us\/concetto\/buds\/\">Buds<\/a>, di Rodolfo Dordoni.<\/p>\n<p>Al centro di ogni diffusore sono ancorate lampadine con finitura argentata frontale, che orienta la luce verso il vetro, permettendo al diffusore acidato di assorbirla e redistribuirla delicatamente. Il vetro non si limita a schermare la luce, ma ne diventa protagonista, evocando un bagliore morbido e avvolgente, emanando una luce indiretta, diffusa e d\u2019atmosfera.<\/p>\n<p>Etoile \u00e8 proposta in due versioni: <strong>Grande Etoile<\/strong> con una configurazione a tre livelli ed <strong>Etoile Ronde<\/strong> ad un unico livello.<\/p>\n<\/div>\n    <\/div>\n<\/section><section class=\"ambient_single__img_lateral full-height-vh \">\n    <div class=\"row row-large\">\n        <div class=\"small-12 medium-10 medium-offset-2  columns full-height no-padding-right-mobile\">\n            <div class=\"ct-image js-img\">\n                                    <img decoding=\"async\" src=\"https:\/\/www.foscarini.us\/wp-content\/uploads\/2025\/03\/Banner-txt-imgMDW25-etoile-150x150.png\" srcset=\"https:\/\/www.foscarini.us\/wp-content\/uploads\/2025\/03\/Banner-txt-imgMDW25-etoile-300x240.png 300w, https:\/\/www.foscarini.us\/wp-content\/uploads\/2025\/03\/Banner-txt-imgMDW25-etoile-1024x819.png 1024w, https:\/\/www.foscarini.us\/wp-content\/uploads\/2025\/03\/Banner-txt-imgMDW25-etoile-768x614.png 768w, https:\/\/www.foscarini.us\/wp-content\/uploads\/2025\/03\/Banner-txt-imgMDW25-etoile-800x640.png 800w, https:\/\/www.foscarini.us\/wp-content\/uploads\/2025\/03\/Banner-txt-imgMDW25-etoile.png 1200w\" alt=\"\" \/>\n                    \n                            <\/div>\n        <\/div>\n    <\/div>\n<\/section><section class=\"concept__designer full-height-vh bg-beige\">\n    <div class=\"row\">\n        <div class=\"medium-6 small-12 columns\">\n            <div class=\"info-designer\">\n                <span class=\"subtitle js-heading\">DESIGNER<\/span>\n                <div class=\"title-little js-heading\"><p>Dordoni Studio<\/p>\n<\/div>\n                                    <img decoding=\"async\" class=\"photo-designer\" src=\"https:\/\/www.foscarini.us\/wp-content\/uploads\/2025\/03\/designer-faceMDW25-etoile.jpg\" alt=\"\" \/>\n                                <\/div>\n        <\/div>\n        <div class=\"medium-6 small-12 columns no-padding padding-mobile\">\n            <div class=\"text-4 js-heading\"><p>Dordoni Studio prosegue il percorso tracciato da Rodolfo Dordoni, portando avanti un metodo e una visione progettuale fondati su coerenza formale, equilibrio delle proporzioni, attenzione al dettaglio e studio delle finiture. Sotto la guida di Mattia Cimadoro e Giuseppe Mauro, lo studio sviluppa un linguaggio chiaro ed essenziale, capace di intrecciare continuit\u00e0 e contemporaneit\u00e0 in progetti dal carattere definito, espressione di un\u2019estetica sobria e misurata.<\/p>\n<\/div>\n        <\/div>\n    <\/div>\n\n    <div class=\"swiper-container swiper__from_cols\">\n        <div class=\"swiper-wrapper col-2\">\n            <div class=\"swiper-slide\">\n                                    <img decoding=\"async\" class=\"full-cover\" src=\"https:\/\/www.foscarini.us\/wp-content\/uploads\/2025\/03\/design-01MDW25-etoile-150x150.jpg\" srcset=\"https:\/\/www.foscarini.us\/wp-content\/uploads\/2025\/03\/design-01MDW25-etoile-285x300.jpg 285w, https:\/\/www.foscarini.us\/wp-content\/uploads\/2025\/03\/design-01MDW25-etoile-768x808.jpg 768w, https:\/\/www.foscarini.us\/wp-content\/uploads\/2025\/03\/design-01MDW25-etoile.jpg 781w\" alt=\"\" \/>\n                                <\/div>\n            <div class=\"swiper-slide\">\n                <div class=\"ct-img\">\n                                            <img decoding=\"async\" src=\"https:\/\/www.foscarini.us\/wp-content\/uploads\/2025\/03\/design-02MDW25-etoile-150x150.jpg\" srcset=\"https:\/\/www.foscarini.us\/wp-content\/uploads\/2025\/03\/design-02MDW25-etoile-300x291.jpg 300w, https:\/\/www.foscarini.us\/wp-content\/uploads\/2025\/03\/design-02MDW25-etoile.jpg 679w\" alt=\"\" \/>\n                                                                        <a class=\"link-arrow show-desktop\" href=\"https:\/\/www.foscarini.us\/dentro-il-progetto-dordoni-studio-racconta-la-sua-proposta-di-chandelier\/\">Leggi l&#8217;intervista<\/a>\n                                            <\/div>\n            <\/div>\n        <\/div>\n    <\/div>\n\n    <div class=\"show-mobile\">\n        <div class=\"row\">\n            <div class=\"small-12 columns\">\n                                        <a class=\"link-arrow\" href=\"https:\/\/www.foscarini.us\/dentro-il-progetto-dordoni-studio-racconta-la-sua-proposta-di-chandelier\/\">Leggi l&#8217;intervista<\/a>\n                                    <\/div>\n        <\/div>\n    <\/div>\n<\/section><section class=\"articolo-citazione reading-time\">\n    <div class=\"ct-block\">\n        <div class=\"text\"><p>&#8220;Abbiamo eliminato lo scheletro centrale, i bracci, ogni decorazione superflua. L\u2019obiettivo era mantenere la ricchezza di questa tipologia di lampada, esprimendola per\u00f2 con un linguaggio contemporaneo, costruito attraverso il gioco dei volumi. Abbiamo voluto creare uno <em>chandelier<\/em> che galleggia nello spazio, dal carattere discreto e trasversale.&#8221;<\/p>\n<\/div>\n        <div class=\"cit\"><p>Giuseppe Mauro e Mattia Cimadoro<br \/>\n\/ Designer<\/p>\n<\/div>\n    <\/div>\n<\/section><section class=\"pdp__slider full-height-vh\">\n    <div class=\"swiper-container swiper__pdp\">\n        <div class=\"swiper-wrapper full-height\">\n                                <div class=\"swiper-slide\">\n                                                    <img decoding=\"async\" class=\"full-cover\" src=\"https:\/\/www.foscarini.us\/wp-content\/uploads\/2025\/04\/slider-etoile-01-150x150.jpg\" srcset=\"https:\/\/www.foscarini.us\/wp-content\/uploads\/2025\/04\/slider-etoile-01-300x200.jpg 300w, https:\/\/www.foscarini.us\/wp-content\/uploads\/2025\/04\/slider-etoile-01-1024x683.jpg 1024w, https:\/\/www.foscarini.us\/wp-content\/uploads\/2025\/04\/slider-etoile-01-768x512.jpg 768w, https:\/\/www.foscarini.us\/wp-content\/uploads\/2025\/04\/slider-etoile-01-1536x1025.jpg 1536w, https:\/\/www.foscarini.us\/wp-content\/uploads\/2025\/04\/slider-etoile-01-800x534.jpg 800w, https:\/\/www.foscarini.us\/wp-content\/uploads\/2025\/04\/slider-etoile-01.jpg 1805w\" alt=\"\" \/>\n                                                                        <\/div>\n                                        <div class=\"swiper-slide\">\n                                                    <img decoding=\"async\" class=\"full-cover\" src=\"https:\/\/www.foscarini.us\/wp-content\/uploads\/2025\/04\/slider-etoile-02-150x150.jpg\" srcset=\"https:\/\/www.foscarini.us\/wp-content\/uploads\/2025\/04\/slider-etoile-02-200x300.jpg 200w, https:\/\/www.foscarini.us\/wp-content\/uploads\/2025\/04\/slider-etoile-02-683x1024.jpg 683w, https:\/\/www.foscarini.us\/wp-content\/uploads\/2025\/04\/slider-etoile-02-768x1152.jpg 768w, https:\/\/www.foscarini.us\/wp-content\/uploads\/2025\/04\/slider-etoile-02-800x1200.jpg 800w, https:\/\/www.foscarini.us\/wp-content\/uploads\/2025\/04\/slider-etoile-02.jpg 803w\" alt=\"\" \/>\n                                                                        <\/div>\n                                        <div class=\"swiper-slide\">\n                                                    <img decoding=\"async\" class=\"full-cover\" src=\"https:\/\/www.foscarini.us\/wp-content\/uploads\/2025\/04\/slider-etoile-03-150x150.jpg\" srcset=\"https:\/\/www.foscarini.us\/wp-content\/uploads\/2025\/04\/slider-etoile-03-300x200.jpg 300w, https:\/\/www.foscarini.us\/wp-content\/uploads\/2025\/04\/slider-etoile-03-1024x683.jpg 1024w, https:\/\/www.foscarini.us\/wp-content\/uploads\/2025\/04\/slider-etoile-03-768x512.jpg 768w, https:\/\/www.foscarini.us\/wp-content\/uploads\/2025\/04\/slider-etoile-03-1536x1025.jpg 1536w, https:\/\/www.foscarini.us\/wp-content\/uploads\/2025\/04\/slider-etoile-03-800x534.jpg 800w, https:\/\/www.foscarini.us\/wp-content\/uploads\/2025\/04\/slider-etoile-03.jpg 1805w\" alt=\"\" \/>\n                                                                        <\/div>\n                                        <div class=\"swiper-slide\">\n                                                    <img decoding=\"async\" class=\"full-cover\" src=\"https:\/\/www.foscarini.us\/wp-content\/uploads\/2025\/04\/slider-etoile-04-150x150.jpg\" srcset=\"https:\/\/www.foscarini.us\/wp-content\/uploads\/2025\/04\/slider-etoile-04-200x300.jpg 200w, https:\/\/www.foscarini.us\/wp-content\/uploads\/2025\/04\/slider-etoile-04-683x1024.jpg 683w, https:\/\/www.foscarini.us\/wp-content\/uploads\/2025\/04\/slider-etoile-04-768x1152.jpg 768w, https:\/\/www.foscarini.us\/wp-content\/uploads\/2025\/04\/slider-etoile-04-800x1200.jpg 800w, https:\/\/www.foscarini.us\/wp-content\/uploads\/2025\/04\/slider-etoile-04.jpg 803w\" alt=\"\" \/>\n                                                                        <\/div>\n                            <\/div>\n    <\/div>\n    <div class=\"swiper-scrollbar\"><\/div>\n    <div class=\"ct-arrow\">\n        <div class=\"swiper-button-prev\"><\/div>\n        <div class=\"swiper-button-next\"><\/div>\n    <\/div>\n<\/section><section class=\"world__menu_image\">\n\n    <div class=\"designer-desc-container\">\n                            <div class=\"title-medium js-heading\"><p>Nuove idee di luce<\/p>\n<\/div>\n                       \n            <div class=\"text-2 js-heading\"><p>Al centro, una rilettura contemporanea di un grande archetipo: lo chandelier, reinventato con visioni progettuali forti e distintive. L\u2019innovazione passa anche attraverso la sperimentazione di materiali inediti e accostamenti inattesi, come la lava riciclata o i ricami realizzati in perline di vetro in dialogo con la luce.<\/p>\n<\/div>\n                <\/div>\n\n    \n    <div class=\"inner--stories menu \">\n                                <a href=\"https:\/\/www.foscarini.us\/mdw25-allumette\/\" class=\"menu__item\" data-image=\"https:\/\/www.foscarini.us\/wp-content\/uploads\/2025\/03\/ALLUMETTE-PREVIEW.png\">\n                            <span class=\"menu__item-text\"><span class=\"menu__item-textinner\">ALLUMETTE<\/span><\/span>\n                            <span class=\"menu__item-sub\">Francesca Lanzavecchia<\/span>\n                        <\/a>\n                                                <a href=\"https:\/\/www.foscarini.us\/mdw25-asteria\/\" class=\"menu__item\" data-image=\"https:\/\/www.foscarini.us\/wp-content\/uploads\/2025\/03\/ASTERIA-MULTI-PREVIEW.png\">\n                            <span class=\"menu__item-text\"><span class=\"menu__item-textinner\">ASTERIA<\/span><\/span>\n                            <span class=\"menu__item-sub\">Alberto + Francesco Meda<\/span>\n                        <\/a>\n                                                <a href=\"https:\/\/www.foscarini.us\/mdw25-tilia\/\" class=\"menu__item\" data-image=\"https:\/\/www.foscarini.us\/wp-content\/uploads\/2025\/03\/TILIA-PREVIEW.png\">\n                            <span class=\"menu__item-text\"><span class=\"menu__item-textinner\">TILIA<\/span><\/span>\n                            <span class=\"menu__item-sub\">Francesca Lanzavecchia<\/span>\n                        <\/a>\n                                                <a href=\"https:\/\/www.foscarini.us\/mdw25-etoile\/\" class=\"menu__item\" data-image=\"https:\/\/www.foscarini.us\/wp-content\/uploads\/2025\/03\/GRANDE-ETOILE-PREVIEW.png\">\n                            <span class=\"menu__item-text\"><span class=\"menu__item-textinner\">ETOILE<\/span><\/span>\n                            <span class=\"menu__item-sub\">Dordoni Studio<\/span>\n                        <\/a>\n                                                <a href=\"https:\/\/www.foscarini.us\/mdw25-eolie\/\" class=\"menu__item\" data-image=\"https:\/\/www.foscarini.us\/wp-content\/uploads\/2025\/03\/EOLIE-PREVIEW.png\">\n                            <span class=\"menu__item-text\"><span class=\"menu__item-textinner\">EOLIE<\/span><\/span>\n                            <span class=\"menu__item-sub\">Alberto +  Francesco Meda<\/span>\n                        <\/a>\n                                                <a href=\"https:\/\/www.foscarini.us\/mdw25-torche\/\" class=\"menu__item\" data-image=\"https:\/\/www.foscarini.us\/wp-content\/uploads\/2025\/03\/TORCHE-PREVIEW.png\">\n                            <span class=\"menu__item-text\"><span class=\"menu__item-textinner\">TORCHE<\/span><\/span>\n                            <span class=\"menu__item-sub\">Dordoni Studio<\/span>\n                        <\/a>\n                                                <a href=\"https:\/\/www.foscarini.us\/mdw25-habitus\/\" class=\"menu__item\" data-image=\"https:\/\/www.foscarini.us\/wp-content\/uploads\/2025\/03\/HABITUS-PREVIEW.png\">\n                            <span class=\"menu__item-text\"><span class=\"menu__item-textinner\">HABITUS<\/span><\/span>\n                            <span class=\"menu__item-sub\">Andrea Anastasio<\/span>\n                        <\/a>\n                                                <a href=\"https:\/\/www.foscarini.us\/mdw25-aplomb-wall\/\" class=\"menu__item\" data-image=\"https:\/\/www.foscarini.us\/wp-content\/uploads\/2025\/03\/APLOMB-PREVIEW.png\">\n                            <span class=\"menu__item-text\"><span class=\"menu__item-textinner\">APLOMB <\/span><\/span>\n                            <span class=\"menu__item-sub\">Lucidi Pevere<\/span>\n                        <\/a>\n                                                <a href=\"https:\/\/www.foscarini.us\/mdw25-fields\/\" class=\"menu__item\" data-image=\"https:\/\/www.foscarini.us\/wp-content\/uploads\/2025\/03\/FIELDS-PREVIEW-1.png\">\n                            <span class=\"menu__item-text\"><span class=\"menu__item-textinner\">FIELDS<\/span><\/span>\n                            <span class=\"menu__item-sub\">Garcia Cumini<\/span>\n                        <\/a>\n                            <\/div>\n<\/section><section class=\"world__book bg-beige\">\n    <div class=\"row\">\n        <div class=\"medium-8 small-12 columns\">\n            <div class=\"ct-text\">\n                <p class=\"subtitle js-heading\">BOOKLET NEWS 2025<\/p>\n                <div class=\"title-medium js-heading\"><p>7 nuove famiglie di prodotto, 2 versioni aggiornate, 21 modelli diversi, 6 designer, 1 nuova collaborazione, 2 materiali inediti.<\/p>\n<\/div>\n                <div class=\"text-2 js-heading\"><\/div>\n                                    <div class=\"center-mobile\">\n                        <a class=\"link-bg \" href=\"https:\/\/cdn1.foscarini.com\/Catalogues\/Brochure-News-2025_Foscarini.pdf\" data-name=\"Brochure-News-2025_Foscarini.pdf\" download=\"\" target=\"_blank\">Scarica la brochure<\/a>\n                    <\/div>\n                            <\/div>\n        <\/div>\n        <div class=\"medium-4 small-12 columns\">\n            <div class=\"ct-text-right\">\n                                    <img decoding=\"async\" src=\"https:\/\/www.foscarini.us\/wp-content\/uploads\/2025\/03\/Brochure-news-salone-150x150.png\" srcset=\"https:\/\/www.foscarini.us\/wp-content\/uploads\/2025\/03\/Brochure-news-salone-257x300.png 257w, https:\/\/www.foscarini.us\/wp-content\/uploads\/2025\/03\/Brochure-news-salone.png 740w\" alt=\"\" \/>\n                                    <div class=\"text-2\"><\/div>\n\n                            <\/div>\n        <\/div>\n    <\/div>\n<\/section>","protected":false},"excerpt":{"rendered":"","protected":false},"author":10,"featured_media":0,"parent":0,"menu_order":0,"comment_status":"closed","ping_status":"closed","template":"","meta":{"_acf_changed":false,"footnotes":""},"class_list":["post-386031","page","type-page","status-publish","hentry"],"acf":{"preview_slider":{"titolo":"","testo":"","video_domanda":false,"link_video":""}},"yoast_head":"<!-- This site is optimized with the Yoast SEO Premium plugin v22.4 (Yoast SEO v23.7) - https:\/\/yoast.com\/wordpress\/plugins\/seo\/ -->\n<title>MDW25-Etoile - Foscarini<\/title>\n<meta name=\"robots\" content=\"index, follow, max-snippet:-1, max-image-preview:large, max-video-preview:-1\" \/>\n<meta property=\"og:locale\" content=\"es_ES\" \/>\n<meta property=\"og:type\" content=\"article\" \/>\n<meta property=\"og:title\" content=\"MDW25-Etoile\" \/>\n<meta property=\"og:url\" content=\"https:\/\/www.foscarini.us\/es\/mdw25-etoile\/\" \/>\n<meta property=\"og:site_name\" content=\"Foscarini\" \/>\n<meta property=\"article:modified_time\" content=\"2025-04-09T10:30:59+00:00\" \/>\n<meta name=\"twitter:card\" content=\"summary_large_image\" \/>\n<script type=\"application\/ld+json\" class=\"yoast-schema-graph\">{\"@context\":\"https:\/\/schema.org\",\"@graph\":[{\"@type\":\"WebPage\",\"@id\":\"https:\/\/www.foscarini.us\/es\/mdw25-etoile\/\",\"url\":\"https:\/\/www.foscarini.us\/es\/mdw25-etoile\/\",\"name\":\"MDW25-Etoile - Foscarini\",\"isPartOf\":{\"@id\":\"https:\/\/www.foscarini.us\/#website\"},\"datePublished\":\"2025-03-31T14:49:03+00:00\",\"dateModified\":\"2025-04-09T10:30:59+00:00\",\"breadcrumb\":{\"@id\":\"https:\/\/www.foscarini.us\/es\/mdw25-etoile\/#breadcrumb\"},\"inLanguage\":\"es-AR\",\"potentialAction\":[{\"@type\":\"ReadAction\",\"target\":[\"https:\/\/www.foscarini.us\/es\/mdw25-etoile\/\"]}]},{\"@type\":\"BreadcrumbList\",\"@id\":\"https:\/\/www.foscarini.us\/es\/mdw25-etoile\/#breadcrumb\",\"itemListElement\":[{\"@type\":\"ListItem\",\"position\":1,\"name\":\"Home\",\"item\":\"https:\/\/www.foscarini.us\/es\/\"},{\"@type\":\"ListItem\",\"position\":2,\"name\":\"MDW25-Etoile\"}]},{\"@type\":\"WebSite\",\"@id\":\"https:\/\/www.foscarini.us\/#website\",\"url\":\"https:\/\/www.foscarini.us\/\",\"name\":\"Foscarini\",\"description\":\"\",\"potentialAction\":[{\"@type\":\"SearchAction\",\"target\":{\"@type\":\"EntryPoint\",\"urlTemplate\":\"https:\/\/www.foscarini.us\/?s={search_term_string}\"},\"query-input\":{\"@type\":\"PropertyValueSpecification\",\"valueRequired\":true,\"valueName\":\"search_term_string\"}}],\"inLanguage\":\"es-AR\"}]}<\/script>\n<!-- \/ Yoast SEO Premium plugin. -->","yoast_head_json":{"title":"MDW25-Etoile - Foscarini","robots":{"index":"index","follow":"follow","max-snippet":"max-snippet:-1","max-image-preview":"max-image-preview:large","max-video-preview":"max-video-preview:-1"},"og_locale":"es_ES","og_type":"article","og_title":"MDW25-Etoile","og_url":"https:\/\/www.foscarini.us\/es\/mdw25-etoile\/","og_site_name":"Foscarini","article_modified_time":"2025-04-09T10:30:59+00:00","twitter_card":"summary_large_image","schema":{"@context":"https:\/\/schema.org","@graph":[{"@type":"WebPage","@id":"https:\/\/www.foscarini.us\/es\/mdw25-etoile\/","url":"https:\/\/www.foscarini.us\/es\/mdw25-etoile\/","name":"MDW25-Etoile - Foscarini","isPartOf":{"@id":"https:\/\/www.foscarini.us\/#website"},"datePublished":"2025-03-31T14:49:03+00:00","dateModified":"2025-04-09T10:30:59+00:00","breadcrumb":{"@id":"https:\/\/www.foscarini.us\/es\/mdw25-etoile\/#breadcrumb"},"inLanguage":"es-AR","potentialAction":[{"@type":"ReadAction","target":["https:\/\/www.foscarini.us\/es\/mdw25-etoile\/"]}]},{"@type":"BreadcrumbList","@id":"https:\/\/www.foscarini.us\/es\/mdw25-etoile\/#breadcrumb","itemListElement":[{"@type":"ListItem","position":1,"name":"Home","item":"https:\/\/www.foscarini.us\/es\/"},{"@type":"ListItem","position":2,"name":"MDW25-Etoile"}]},{"@type":"WebSite","@id":"https:\/\/www.foscarini.us\/#website","url":"https:\/\/www.foscarini.us\/","name":"Foscarini","description":"","potentialAction":[{"@type":"SearchAction","target":{"@type":"EntryPoint","urlTemplate":"https:\/\/www.foscarini.us\/?s={search_term_string}"},"query-input":{"@type":"PropertyValueSpecification","valueRequired":true,"valueName":"search_term_string"}}],"inLanguage":"es-AR"}]}},"_links":{"self":[{"href":"https:\/\/www.foscarini.us\/es\/wp-json\/wp\/v2\/pages\/386031"}],"collection":[{"href":"https:\/\/www.foscarini.us\/es\/wp-json\/wp\/v2\/pages"}],"about":[{"href":"https:\/\/www.foscarini.us\/es\/wp-json\/wp\/v2\/types\/page"}],"author":[{"embeddable":true,"href":"https:\/\/www.foscarini.us\/es\/wp-json\/wp\/v2\/users\/10"}],"replies":[{"embeddable":true,"href":"https:\/\/www.foscarini.us\/es\/wp-json\/wp\/v2\/comments?post=386031"}],"version-history":[{"count":1,"href":"https:\/\/www.foscarini.us\/es\/wp-json\/wp\/v2\/pages\/386031\/revisions"}],"predecessor-version":[{"id":386272,"href":"https:\/\/www.foscarini.us\/es\/wp-json\/wp\/v2\/pages\/386031\/revisions\/386272"}],"wp:attachment":[{"href":"https:\/\/www.foscarini.us\/es\/wp-json\/wp\/v2\/media?parent=386031"}],"curies":[{"name":"wp","href":"https:\/\/api.w.org\/{rel}","templated":true}]}}