{"id":28276,"date":"2024-01-17T11:31:04","date_gmt":"2024-01-17T11:31:04","guid":{"rendered":"https:\/\/www.foscarini.us\/non-si-puo-fare\/"},"modified":"2024-02-23T11:43:23","modified_gmt":"2024-02-23T11:43:23","slug":"no-se-puede-hacer","status":"publish","type":"page","link":"https:\/\/www.foscarini.us\/es\/no-se-puede-hacer\/","title":{"rendered":"No se puede hacer"},"content":{"rendered":"<section class=\"two_cols__link_and_image full-height-vh \">\n    <div class=\"row row-large \">\n        <div class=\"medium-4 small-12 columns full-height relative col-1\">\n            <div class=\"ct-text\">\n                <span class=\"subtitle js-heading\"><\/span>\n                <div class=\"ct-link\">\n                                        <a class=\"link-arrow title-big js-heading no-link\" href=\"\"><h1>No se puede hacer<\/h1>\n<\/a>\n                    <div class=\"text-1 js-heading\"><p>de: Carlo Urbinati<\/p>\n<\/div>\n                                    <\/div>\n                <div class=\"join-line\"><\/div>            <\/div>\n        <\/div>\n        <div class=\"medium-8 small-12 columns full-height col-2 no-padding-right-mobile\">\n                                                    <img decoding=\"async\" class=\"full-cover\" src=\"https:\/\/www.foscarini.us\/wp-content\/uploads\/2024\/01\/Modulo1_Non-si-puo-fare-Urbinati-150x150.jpg\" srcset=\"https:\/\/www.foscarini.us\/wp-content\/uploads\/2024\/01\/Modulo1_Non-si-puo-fare-Urbinati-300x224.jpg 300w, https:\/\/www.foscarini.us\/wp-content\/uploads\/2024\/01\/Modulo1_Non-si-puo-fare-Urbinati-800x597.jpg 800w, https:\/\/www.foscarini.us\/wp-content\/uploads\/2024\/01\/Modulo1_Non-si-puo-fare-Urbinati-1024x765.jpg 1024w, https:\/\/www.foscarini.us\/wp-content\/uploads\/2024\/01\/Modulo1_Non-si-puo-fare-Urbinati-768x573.jpg 768w, https:\/\/www.foscarini.us\/wp-content\/uploads\/2024\/01\/Modulo1_Non-si-puo-fare-Urbinati-1536x1147.jpg 1536w, https:\/\/www.foscarini.us\/wp-content\/uploads\/2024\/01\/Modulo1_Non-si-puo-fare-Urbinati.jpg 1776w\" alt=\"\" \/>\n                                            <\/div>\n    <\/div>\n<\/section><section class=\"world__menu_image world_text\">\n    <div class=\"designer-desc-container\">\n        <span class=\"subtitle js-heading\"><\/span>\n        <div class=\"title-medium js-heading\"><h2>Foscarini crea ideas de dise\u00f1o y de luz, que nacen de la libertad de investigaci\u00f3n, expresi\u00f3n y desarrollo, sin ning\u00fan v\u00ednculo productivo.<\/h2>\n<\/div>\n        <div class=\"text-2 js-heading\"><p>Foscarini es en efecto, desde su fundaci\u00f3n, una empresa sin f\u00e1brica y libre de explorar materiales y t\u00e9cnicas productivas adecuadas para desarrollar cada nueva idea, confiando en las excelencias artesanales que expresa su territorio. A veces sucede que la presentaci\u00f3n de uno de nuestros proyectos obtiene un perentorio \u201cno se puede hacer\u201d. Para nosotros de Foscarini esta respuesta nos confirma que estamos siguiendo el camino justo, porque hemos aprendido que a menudo significa, en realidad, \u201cno lo hemos hecho nunca\u201d. Con la ventaja de no conocer el porqu\u00e9, empezamos a experimentar juntos las oportunidades, los secretos y las trampas de tecnolog\u00edas antiguas o recientes. Este libro explica c\u00f3mo se han convertido, algunas de estas ideas, en productos de \u00e9xito, y lo hace a trav\u00e9s del proyecto fotogr\u00e1fico de Gianluca Vassallo y las contribuciones cr\u00edticas de dos expertos, Stefano Micelli, economista y Manolo de Giorgi, cr\u00edtico de dise\u00f1o. A ellos les hemos pedido que representen el encuentro entre Foscarini, los dise\u00f1adores y las excelencias artesanales, la aut\u00e9ntica riqueza del dise\u00f1o italiano \u201cMade in Italy\u201d. Nos fascinan desde siempre las cosas extraordinarias que se pueden hacer con las manos y por el hecho que demasiado a menudo.<\/p>\n<\/div>\n    <\/div>\n<\/section><div class=\"wp-block-group two_cols_image two_cols_image_reverse\"><div class=\"wp-block-group__inner-container is-layout-constrained wp-block-group-is-layout-constrained\"><div class=\"wp-block-columns is-layout-flex wp-container-core-columns-is-layout-1 wp-block-columns-is-layout-flex\"><div class=\"wp-block-column second_column is-layout-flow wp-block-column-is-layout-flow\"><div class=\"wp-block-getwid-image-hotspot\" data-appearance-animation=\"none\" data-image-points=\"[]\" data-trigger=\"click\" data-theme=\"light\" data-tooltip-animation=\"shift-toward\" data-arrow=\"true\"><div class=\"wp-block-getwid-image-hotspot__wrapper\"><img loading=\"lazy\" decoding=\"async\" width=\"864\" height=\"922\" src=\"https:\/\/www.foscarini.us\/wp-content\/uploads\/2024\/01\/Foto_2_Non-si-puo-fare-Urbinati-2.jpg\" alt=\"\" class=\"wp-block-getwid-image-hotspot__image wp-image-12199\" srcset=\"https:\/\/www.foscarini.us\/wp-content\/uploads\/2024\/01\/Foto_2_Non-si-puo-fare-Urbinati-2.jpg 864w, https:\/\/www.foscarini.us\/wp-content\/uploads\/2024\/01\/Foto_2_Non-si-puo-fare-Urbinati-2-800x854.jpg 800w, https:\/\/www.foscarini.us\/wp-content\/uploads\/2024\/01\/Foto_2_Non-si-puo-fare-Urbinati-2-281x300.jpg 281w, https:\/\/www.foscarini.us\/wp-content\/uploads\/2024\/01\/Foto_2_Non-si-puo-fare-Urbinati-2-768x820.jpg 768w\" sizes=\"(max-width: 864px) 100vw, 864px\" \/><\/div><\/div><\/div>\n\n<div class=\"wp-block-column is-layout-flow wp-block-column-is-layout-flow\"><div class=\"wp-block-getwid-image-hotspot\" data-appearance-animation=\"none\" data-image-points=\"[]\" data-trigger=\"click\" data-theme=\"light\" data-tooltip-animation=\"shift-toward\" data-arrow=\"true\"><div class=\"wp-block-getwid-image-hotspot__wrapper\"><img loading=\"lazy\" decoding=\"async\" width=\"1440\" height=\"1600\" src=\"https:\/\/www.foscarini.us\/wp-content\/uploads\/2024\/01\/Foto_3_Non-si-puo-fare-Urbinati.jpg\" alt=\"\" class=\"wp-block-getwid-image-hotspot__image wp-image-12206\" srcset=\"https:\/\/www.foscarini.us\/wp-content\/uploads\/2024\/01\/Foto_3_Non-si-puo-fare-Urbinati.jpg 1440w, https:\/\/www.foscarini.us\/wp-content\/uploads\/2024\/01\/Foto_3_Non-si-puo-fare-Urbinati-800x889.jpg 800w, https:\/\/www.foscarini.us\/wp-content\/uploads\/2024\/01\/Foto_3_Non-si-puo-fare-Urbinati-270x300.jpg 270w, https:\/\/www.foscarini.us\/wp-content\/uploads\/2024\/01\/Foto_3_Non-si-puo-fare-Urbinati-922x1024.jpg 922w, https:\/\/www.foscarini.us\/wp-content\/uploads\/2024\/01\/Foto_3_Non-si-puo-fare-Urbinati-768x853.jpg 768w, https:\/\/www.foscarini.us\/wp-content\/uploads\/2024\/01\/Foto_3_Non-si-puo-fare-Urbinati-1382x1536.jpg 1382w\" sizes=\"(max-width: 1440px) 100vw, 1440px\" \/><\/div><\/div><\/div><\/div><\/div><\/div><section class=\"world__menu_image\">\n\n    <div class=\"designer-desc-container\">\n                            <div class=\"title-medium js-heading\"><p>Informaci\u00f3n detallada<\/p>\n<\/div>\n                        <\/div>\n\n    \n    <div class=\"inner--stories menu \">\n                                <a href=\"https:\/\/www.foscarini.us\/es\/non-si-puo-fare\/\" class=\"menu__item\" data-image=\"https:\/\/www.foscarini.us\/wp-content\/uploads\/2024\/01\/Modulo1_Non-si-puo-fare-Urbinati.jpg\">\n                            <span class=\"menu__item-text\"><span class=\"menu__item-textinner\">No se puede hacer<\/span><\/span>\n                            <span class=\"menu__item-sub\">De carlo urbinati<\/span>\n                        <\/a>\n                                                <a href=\"https:\/\/www.foscarini.us\/es\/fare-design\/\" class=\"menu__item\" data-image=\"https:\/\/www.foscarini.us\/wp-content\/uploads\/2024\/01\/Modulo_1_fare-design-micelli.jpg\">\n                            <span class=\"menu__item-text\"><span class=\"menu__item-textinner\">Crear dise\u00f1o<\/span><\/span>\n                            <span class=\"menu__item-sub\">De Stefano Micelli<\/span>\n                        <\/a>\n                                                <a href=\"https:\/\/www.foscarini.us\/es\/la-dimensione-nascosta\/\" class=\"menu__item\" data-image=\"https:\/\/www.foscarini.us\/wp-content\/uploads\/2024\/01\/Modulo_1_la-dimensione-nascosta-de-giorgi.jpg\">\n                            <span class=\"menu__item-text\"><span class=\"menu__item-textinner\">La dimensi\u00f3n oculta<\/span><\/span>\n                            <span class=\"menu__item-sub\">De Manolo De Giorgi<\/span>\n                        <\/a>\n                                                <a href=\"https:\/\/www.foscarini.us\/es\/mani-nere\/\" class=\"menu__item\" data-image=\"https:\/\/www.foscarini.us\/wp-content\/uploads\/2024\/01\/MODULO1_MANI-NERE-VASSALLO.jpg\">\n                            <span class=\"menu__item-text\"><span class=\"menu__item-textinner\">Manos negras<\/span><\/span>\n                            <span class=\"menu__item-sub\">De Gianluca Vassallo<\/span>\n                        <\/a>\n                                                <a href=\"https:\/\/www.foscarini.us\/es\/visioni-istantanee\/\" class=\"menu__item\" data-image=\"https:\/\/www.foscarini.us\/wp-content\/uploads\/2024\/01\/1_2_Mite.jpg\">\n                            <span class=\"menu__item-text\"><span class=\"menu__item-textinner\">Visiones instant\u00e1neas<\/span><\/span>\n                            <span class=\"menu__item-sub\">De Massimo Gardone<\/span>\n                        <\/a>\n                            <\/div>\n<\/section>","protected":false},"excerpt":{"rendered":"","protected":false},"author":1,"featured_media":12198,"parent":0,"menu_order":0,"comment_status":"closed","ping_status":"closed","template":"","meta":{"_acf_changed":false,"footnotes":""},"class_list":["post-28276","page","type-page","status-publish","has-post-thumbnail","hentry"],"acf":{"preview_slider":{"titolo":"No se puede hacer","testo":"Foscarini crea ideas de dise\u00f1o y de luz, que nacen de la libertad de investigaci\u00f3n, expresi\u00f3n y desarrollo, sin ning\u00fan v\u00ednculo productivo.","video_domanda":false,"link_video":""}},"yoast_head":"<!-- This site is optimized with the Yoast SEO Premium plugin v22.4 (Yoast SEO v23.7) - https:\/\/yoast.com\/wordpress\/plugins\/seo\/ -->\n<title>No se puede hacer - Foscarini<\/title>\n<meta name=\"robots\" content=\"index, follow, max-snippet:-1, max-image-preview:large, max-video-preview:-1\" \/>\n<meta property=\"og:locale\" content=\"es_ES\" \/>\n<meta property=\"og:type\" content=\"article\" \/>\n<meta property=\"og:title\" content=\"No se puede hacer\" \/>\n<meta property=\"og:url\" content=\"https:\/\/www.foscarini.us\/non-si-puo-fare\/\" \/>\n<meta property=\"og:site_name\" content=\"Foscarini\" \/>\n<meta property=\"article:modified_time\" content=\"2024-02-23T11:43:23+00:00\" \/>\n<meta property=\"og:image\" content=\"https:\/\/www.foscarini.us\/wp-content\/uploads\/2024\/01\/Modulo1_Non-si-puo-fare-Urbinati.jpg\" \/>\n\t<meta property=\"og:image:width\" content=\"1776\" \/>\n\t<meta property=\"og:image:height\" content=\"1326\" \/>\n\t<meta property=\"og:image:type\" content=\"image\/jpeg\" \/>\n<meta name=\"twitter:card\" content=\"summary_large_image\" \/>\n<meta name=\"twitter:label1\" content=\"Tiempo de lectura\" \/>\n\t<meta name=\"twitter:data1\" content=\"1 minuto\" \/>\n<script type=\"application\/ld+json\" class=\"yoast-schema-graph\">{\"@context\":\"https:\/\/schema.org\",\"@graph\":[{\"@type\":\"WebPage\",\"@id\":\"https:\/\/www.foscarini.us\/non-si-puo-fare\/\",\"url\":\"https:\/\/www.foscarini.us\/non-si-puo-fare\/\",\"name\":\"No se puede hacer - Foscarini\",\"isPartOf\":{\"@id\":\"https:\/\/www.foscarini.us\/#website\"},\"primaryImageOfPage\":{\"@id\":\"https:\/\/www.foscarini.us\/non-si-puo-fare\/#primaryimage\"},\"image\":{\"@id\":\"https:\/\/www.foscarini.us\/non-si-puo-fare\/#primaryimage\"},\"thumbnailUrl\":\"https:\/\/www.foscarini.us\/wp-content\/uploads\/2024\/01\/Modulo1_Non-si-puo-fare-Urbinati.jpg\",\"datePublished\":\"2024-01-17T11:31:04+00:00\",\"dateModified\":\"2024-02-23T11:43:23+00:00\",\"breadcrumb\":{\"@id\":\"https:\/\/www.foscarini.us\/non-si-puo-fare\/#breadcrumb\"},\"inLanguage\":\"es-AR\",\"potentialAction\":[{\"@type\":\"ReadAction\",\"target\":[\"https:\/\/www.foscarini.us\/non-si-puo-fare\/\"]}]},{\"@type\":\"ImageObject\",\"inLanguage\":\"es-AR\",\"@id\":\"https:\/\/www.foscarini.us\/non-si-puo-fare\/#primaryimage\",\"url\":\"https:\/\/www.foscarini.us\/wp-content\/uploads\/2024\/01\/Modulo1_Non-si-puo-fare-Urbinati.jpg\",\"contentUrl\":\"https:\/\/www.foscarini.us\/wp-content\/uploads\/2024\/01\/Modulo1_Non-si-puo-fare-Urbinati.jpg\",\"width\":1776,\"height\":1326},{\"@type\":\"BreadcrumbList\",\"@id\":\"https:\/\/www.foscarini.us\/non-si-puo-fare\/#breadcrumb\",\"itemListElement\":[{\"@type\":\"ListItem\",\"position\":1,\"name\":\"Home\",\"item\":\"https:\/\/www.foscarini.us\/es\/\"},{\"@type\":\"ListItem\",\"position\":2,\"name\":\"No se puede hacer\"}]},{\"@type\":\"WebSite\",\"@id\":\"https:\/\/www.foscarini.us\/#website\",\"url\":\"https:\/\/www.foscarini.us\/\",\"name\":\"Foscarini\",\"description\":\"\",\"potentialAction\":[{\"@type\":\"SearchAction\",\"target\":{\"@type\":\"EntryPoint\",\"urlTemplate\":\"https:\/\/www.foscarini.us\/?s={search_term_string}\"},\"query-input\":{\"@type\":\"PropertyValueSpecification\",\"valueRequired\":true,\"valueName\":\"search_term_string\"}}],\"inLanguage\":\"es-AR\"}]}<\/script>\n<!-- \/ Yoast SEO Premium plugin. -->","yoast_head_json":{"title":"No se puede hacer - Foscarini","robots":{"index":"index","follow":"follow","max-snippet":"max-snippet:-1","max-image-preview":"max-image-preview:large","max-video-preview":"max-video-preview:-1"},"og_locale":"es_ES","og_type":"article","og_title":"No se puede hacer","og_url":"https:\/\/www.foscarini.us\/non-si-puo-fare\/","og_site_name":"Foscarini","article_modified_time":"2024-02-23T11:43:23+00:00","og_image":[{"width":1776,"height":1326,"url":"https:\/\/www.foscarini.us\/wp-content\/uploads\/2024\/01\/Modulo1_Non-si-puo-fare-Urbinati.jpg","type":"image\/jpeg"}],"twitter_card":"summary_large_image","twitter_misc":{"Tiempo de lectura":"1 minuto"},"schema":{"@context":"https:\/\/schema.org","@graph":[{"@type":"WebPage","@id":"https:\/\/www.foscarini.us\/non-si-puo-fare\/","url":"https:\/\/www.foscarini.us\/non-si-puo-fare\/","name":"No se puede hacer - Foscarini","isPartOf":{"@id":"https:\/\/www.foscarini.us\/#website"},"primaryImageOfPage":{"@id":"https:\/\/www.foscarini.us\/non-si-puo-fare\/#primaryimage"},"image":{"@id":"https:\/\/www.foscarini.us\/non-si-puo-fare\/#primaryimage"},"thumbnailUrl":"https:\/\/www.foscarini.us\/wp-content\/uploads\/2024\/01\/Modulo1_Non-si-puo-fare-Urbinati.jpg","datePublished":"2024-01-17T11:31:04+00:00","dateModified":"2024-02-23T11:43:23+00:00","breadcrumb":{"@id":"https:\/\/www.foscarini.us\/non-si-puo-fare\/#breadcrumb"},"inLanguage":"es-AR","potentialAction":[{"@type":"ReadAction","target":["https:\/\/www.foscarini.us\/non-si-puo-fare\/"]}]},{"@type":"ImageObject","inLanguage":"es-AR","@id":"https:\/\/www.foscarini.us\/non-si-puo-fare\/#primaryimage","url":"https:\/\/www.foscarini.us\/wp-content\/uploads\/2024\/01\/Modulo1_Non-si-puo-fare-Urbinati.jpg","contentUrl":"https:\/\/www.foscarini.us\/wp-content\/uploads\/2024\/01\/Modulo1_Non-si-puo-fare-Urbinati.jpg","width":1776,"height":1326},{"@type":"BreadcrumbList","@id":"https:\/\/www.foscarini.us\/non-si-puo-fare\/#breadcrumb","itemListElement":[{"@type":"ListItem","position":1,"name":"Home","item":"https:\/\/www.foscarini.us\/es\/"},{"@type":"ListItem","position":2,"name":"No se puede hacer"}]},{"@type":"WebSite","@id":"https:\/\/www.foscarini.us\/#website","url":"https:\/\/www.foscarini.us\/","name":"Foscarini","description":"","potentialAction":[{"@type":"SearchAction","target":{"@type":"EntryPoint","urlTemplate":"https:\/\/www.foscarini.us\/?s={search_term_string}"},"query-input":{"@type":"PropertyValueSpecification","valueRequired":true,"valueName":"search_term_string"}}],"inLanguage":"es-AR"}]}},"_links":{"self":[{"href":"https:\/\/www.foscarini.us\/es\/wp-json\/wp\/v2\/pages\/28276"}],"collection":[{"href":"https:\/\/www.foscarini.us\/es\/wp-json\/wp\/v2\/pages"}],"about":[{"href":"https:\/\/www.foscarini.us\/es\/wp-json\/wp\/v2\/types\/page"}],"author":[{"embeddable":true,"href":"https:\/\/www.foscarini.us\/es\/wp-json\/wp\/v2\/users\/1"}],"replies":[{"embeddable":true,"href":"https:\/\/www.foscarini.us\/es\/wp-json\/wp\/v2\/comments?post=28276"}],"version-history":[{"count":4,"href":"https:\/\/www.foscarini.us\/es\/wp-json\/wp\/v2\/pages\/28276\/revisions"}],"predecessor-version":[{"id":29330,"href":"https:\/\/www.foscarini.us\/es\/wp-json\/wp\/v2\/pages\/28276\/revisions\/29330"}],"wp:featuredmedia":[{"embeddable":true,"href":"https:\/\/www.foscarini.us\/es\/wp-json\/wp\/v2\/media\/12198"}],"wp:attachment":[{"href":"https:\/\/www.foscarini.us\/es\/wp-json\/wp\/v2\/media?parent=28276"}],"curies":[{"name":"wp","href":"https:\/\/api.w.org\/{rel}","templated":true}]}}